{"id":14277,"date":"2025-11-14T10:53:21","date_gmt":"2025-11-14T13:53:21","guid":{"rendered":"https:\/\/ambrosioeletro.com.br\/v20\/?post_type=product&#038;p=14277"},"modified":"2026-04-06T10:23:01","modified_gmt":"2026-04-06T13:23:01","slug":"centro-de-mesa-giratorio-50cm-sem-fixacao-laca-off-white-com-vidro-fixo","status":"publish","type":"product","link":"https:\/\/ambrosioeletro.com.br\/v20\/produto\/centro-de-mesa-giratorio-50cm-sem-fixacao-laca-off-white-com-vidro-fixo\/","title":{"rendered":"Centro De Mesa Giratorio 50cm Sem Fixa\u00e7\u00e3o Laca Off White COM VIDRO FIXO"},"content":{"rendered":"<h2 class=\"ui-pdp-description__title\" data-testid=\"title\">Descri\u00e7\u00e3o<\/h2>\n<p class=\"ui-pdp-description__content\" data-testid=\"content\">BANDEJA GIRAT\u00d3RIA 50CM DE LARGURA PARA MESA LACA OFFWHITE COM VIDRO.<\/p>\n<p>UM ACESS\u00d3RIO QUE TORNAR\u00c1 SUA MESA MAIS ACESS\u00cdVEL A TODOS, PROPORCIONANDO INTERATIVIDADE NA HORA DA REFEI\u00c7\u00c3O.<\/p>\n<p>PRODUZIDO EM MDF COM ACABAMENTO LACA BRILHO DE ALTA RESIST\u00caNCIA E VIDRO FIXO NO TAMPO.<\/p>\n<p>O DIFERENCIAL DESTE PRODUTO \u00c9 A ADI\u00c7\u00c3O DO VIDRO 4 MM FIXADO NA PARTE SUPERIOR DO PRATO GIRAT\u00d3RIO, QUE AL\u00c9M DE DEIXAR O PRODUTO MAIS BONITO, TAMB\u00c9M AUMENTA SIGNIFICATIVAMENTE A HIGIENE.<\/p>\n<p>ESTE PRODUTO REQUER OS MESMOS CUIDADOS QUE SUA MESA. PARA RECIPIENTES QUENTES, \u00c9 ACONSELH\u00c1VEL O USO DE UM AFASTADOR (UM DESCANSO DE PANELAS). EXISTEM NO MERCADO V\u00c1RIOS TIPOS E FORMAS DE DIVERSOS MATERIAIS.<\/p>\n<p>SUPORTA UMA CARGA DE 10 QUILOS.<\/p>\n<p>VOC\u00ca RECEBE A BANDEJA GIRAT\u00d3RIA 50CM LACA OFFWHITE COM VIDRO 4MM, MONTADA E PRONTA PARA USO. BASTA TIRAR DA CAIXA, COLOCAR SOBRE A MESA E USAR \u00c0 VONTADE.<\/p>\n<p>MEDIDAS:<br \/>\n50CM DE LARGURA.<br \/>\n3CM DE ALTURA.<br \/>\nPESO DO PRODUTO 3 QUILOS.<\/p>\n<p>ACABAMENTO LACA OFFWHITE COM VIDRO.<\/p>\n<p>TEMOS OUTRAS CORES E TAMANHOS DISPON\u00cdVEIS.<\/p>\n<div class=\"ui-pdp-container__row ui-pdp-container__row--highlighted-specs-title\">\n<h2 class=\"ui-vpp-text-alignment--left ui-pdp-color--BLACK ui-pdp-size--XLARGE ui-pdp-family--REGULAR highlighted-specs-title\">Caracter\u00edsticas do produto<\/h2>\n<\/div>\n<div class=\"ui-pdp-container__row ui-pdp-container__row--technical-specifications\">\n<div class=\"ui-pdp-collapsable ui-vpp-highlighted-specs__striped-collapsed__action\">\n<div class=\"ui-pdp-collapsable__container\">\n<div class=\"ui-vpp-highlighted-specs__striped-specs\">\n<div class=\"ui-vpp-striped-specs\">\n<div class=\"ui-vpp-striped-specs__table\">\n<h3 class=\"ui-vpp-striped-specs__header\">Caracter\u00edsticas principais<\/h3>\n<table class=\"andes-table\">\n<tbody class=\"andes-table__body\">\n<tr class=\"andes-table__row ui-vpp-striped-specs__row\">\n<th class=\"andes-table__header andes-table__header--left ui-vpp-striped-specs__row__column ui-vpp-striped-specs__row__column--id\" scope=\"row\">\n<div class=\"andes-table__header__container\">Marca<\/div>\n<\/th>\n<td id=\":Rkjqlpakp7te:\" class=\"andes-table__column andes-table__column--left andes-table__column--vertical-align-center ui-vpp-striped-specs__row__column\"><span id=\":Rkjqlpakp7te:-value\" class=\"andes-table__column--value\">BANDEJA GIRAT\u00d3RIO DE SOBREPOR<\/span><\/td>\n<\/tr>\n<tr class=\"andes-table__row ui-vpp-striped-specs__row\">\n<th class=\"andes-table__header andes-table__header--left ui-vpp-striped-specs__row__column ui-vpp-striped-specs__row__column--id\" scope=\"row\">\n<div class=\"andes-table__header__container\">Modelo<\/div>\n<\/th>\n<td id=\":Rklqlpakp7te:\" class=\"andes-table__column andes-table__column--left andes-table__column--vertical-align-center ui-vpp-striped-specs__row__column\"><span id=\":Rklqlpakp7te:-value\" class=\"andes-table__column--value\">OFFWHITE 50CM<\/span><\/td>\n<\/tr>\n<tr class=\"andes-table__row ui-vpp-striped-specs__row\">\n<th class=\"andes-table__header andes-table__header--left ui-vpp-striped-specs__row__column ui-vpp-striped-specs__row__column--id\" scope=\"row\">\n<div class=\"andes-table__header__container\">Material<\/div>\n<\/th>\n<td id=\":Rknqlpakp7te:\" class=\"andes-table__column andes-table__column--left andes-table__column--vertical-align-center ui-vpp-striped-specs__row__column\"><span id=\":Rknqlpakp7te:-value\" class=\"andes-table__column--value\">MDF\/Vidro<\/span><\/td>\n<\/tr>\n<tr class=\"andes-table__row ui-vpp-striped-specs__row\">\n<th class=\"andes-table__header andes-table__header--left ui-vpp-striped-specs__row__column ui-vpp-striped-specs__row__column--id\" scope=\"row\">\n<div class=\"andes-table__header__container\">Cor<\/div>\n<\/th>\n<td id=\":Rkpqlpakp7te:\" class=\"andes-table__column andes-table__column--left andes-table__column--vertical-align-center ui-vpp-striped-specs__row__column\"><span id=\":Rkpqlpakp7te:-value\" class=\"andes-table__column--value\">Off White<\/span><\/td>\n<\/tr>\n<tr class=\"andes-table__row ui-vpp-striped-specs__row\">\n<th class=\"andes-table__header andes-table__header--left ui-vpp-striped-specs__row__column ui-vpp-striped-specs__row__column--id\" scope=\"row\">\n<div class=\"andes-table__header__container\">Nome do desenho<\/div>\n<\/th>\n<td id=\":Rkrqlpakp7te:\" class=\"andes-table__column andes-table__column--left andes-table__column--vertical-align-center ui-vpp-striped-specs__row__column\"><span id=\":Rkrqlpakp7te:-value\" class=\"andes-table__column--value\">COM VIDRO FIXO<\/span><\/td>\n<\/tr>\n<\/tbody>\n<\/table>\n<\/div>\n<\/div>\n<div class=\"ui-vpp-striped-specs\">\n<div class=\"ui-vpp-striped-specs__table\">\n<h3 class=\"ui-vpp-striped-specs__header\">Caracter\u00edsticas de venda<\/h3>\n<table class=\"andes-table\">\n<tbody class=\"andes-table__body\">\n<tr class=\"andes-table__row ui-vpp-striped-specs__row\">\n<th class=\"andes-table__header andes-table__header--left ui-vpp-striped-specs__row__column ui-vpp-striped-specs__row__column--id\" scope=\"row\">\n<div class=\"andes-table__header__container\">Formato de venda<\/div>\n<\/th>\n<td id=\":Rafj5pakp7te:\" class=\"andes-table__column andes-table__column--left andes-table__column--vertical-align-center ui-vpp-striped-specs__row__column\"><span id=\":Rafj5pakp7te:-value\" class=\"andes-table__column--value\">Unidade<\/span><\/td>\n<\/tr>\n<\/tbody>\n<\/table>\n<\/div>\n<div class=\"ui-vpp-striped-specs__table\">\n<h3 class=\"ui-vpp-striped-specs__header\">Dimens\u00f5es<\/h3>\n<table class=\"andes-table\">\n<tbody class=\"andes-table__body\">\n<tr class=\"andes-table__row ui-vpp-striped-specs__row\">\n<th class=\"andes-table__header andes-table__header--left ui-vpp-striped-specs__row__column ui-vpp-striped-specs__row__column--id\" scope=\"row\">\n<div class=\"andes-table__header__container\">Comprimento x Largura<\/div>\n<\/th>\n<td id=\":Rknl5pakp7te:\" class=\"andes-table__column andes-table__column--left andes-table__column--vertical-align-center ui-vpp-striped-specs__row__column\"><span id=\":Rknl5pakp7te:-value\" class=\"andes-table__column--value\">50 cm x 50 cm<\/span><\/td>\n<\/tr>\n<tr class=\"andes-table__row ui-vpp-striped-specs__row\">\n<th class=\"andes-table__header andes-table__header--left ui-vpp-striped-specs__row__column ui-vpp-striped-specs__row__column--id\" scope=\"row\">\n<div class=\"andes-table__header__container\">Di\u00e2metro<\/div>\n<\/th>\n<td id=\":Rkrl5pakp7te:\" class=\"andes-table__column andes-table__column--left andes-table__column--vertical-align-center ui-vpp-striped-specs__row__column\"><span id=\":Rkrl5pakp7te:-value\" class=\"andes-table__column--value\">50 cm<\/span><\/td>\n<\/tr>\n<\/tbody>\n<\/table>\n<\/div>\n<div class=\"ui-vpp-striped-specs__table\">\n<h3 class=\"ui-vpp-striped-specs__header\">Outros<\/h3>\n<table class=\"andes-table\">\n<tbody class=\"andes-table__body\">\n<tr class=\"andes-table__row ui-vpp-striped-specs__row\">\n<th class=\"andes-table__header andes-table__header--left ui-vpp-striped-specs__row__column ui-vpp-striped-specs__row__column--id\" scope=\"row\">\n<div class=\"andes-table__header__container\">Formato do prato<\/div>\n<\/th>\n<td id=\":Rknn5pakp7te:\" class=\"andes-table__column andes-table__column--left andes-table__column--vertical-align-center ui-vpp-striped-specs__row__column\"><span id=\":Rknn5pakp7te:-value\" class=\"andes-table__column--value\">Circular<\/span><\/td>\n<\/tr>\n<tr class=\"andes-table__row ui-vpp-striped-specs__row\">\n<th class=\"andes-table__header andes-table__header--left ui-vpp-striped-specs__row__column ui-vpp-striped-specs__row__column--id\" scope=\"row\">\n<div class=\"andes-table__header__container\">Inclui suporte<\/div>\n<\/th>\n<td id=\":Rkrn5pakp7te:\" class=\"andes-table__column andes-table__column--left andes-table__column--vertical-align-center ui-vpp-striped-specs__row__column\"><span id=\":Rkrn5pakp7te:-value\" class=\"andes-table__column--value\">Sim<\/span><\/td>\n<\/tr>\n<\/tbody>\n<\/table>\n<\/div>\n<\/div>\n<\/div>\n<\/div>\n<\/div>\n<\/div>\n","protected":false},"excerpt":{"rendered":"<p>Descri\u00e7\u00e3o BANDEJA GIRAT\u00d3RIA 50CM DE LARGURA PARA MESA LACA OFFWHITE COM VIDRO. UM ACESS\u00d3RIO QUE TORNAR\u00c1 SUA MESA MAIS ACESS\u00cdVEL A TODOS, PROPORCIONANDO INTERATIVIDADE NA HORA DA REFEI\u00c7\u00c3O. PRODUZIDO EM<\/p>\n","protected":false},"featured_media":14280,"comment_status":"open","ping_status":"closed","template":"","meta":[],"product_brand":[],"product_cat":[15],"product_tag":[],"class_list":{"0":"post-14277","1":"product","2":"type-product","3":"status-publish","4":"has-post-thumbnail","6":"product_cat-produtos","7":"product_shipping_class-pac","9":"first","10":"instock","11":"shipping-taxable","12":"purchasable","13":"product-type-simple"},"_links":{"self":[{"href":"https:\/\/ambrosioeletro.com.br\/v20\/wp-json\/wp\/v2\/product\/14277","targetHints":{"allow":["GET"]}}],"collection":[{"href":"https:\/\/ambrosioeletro.com.br\/v20\/wp-json\/wp\/v2\/product"}],"about":[{"href":"https:\/\/ambrosioeletro.com.br\/v20\/wp-json\/wp\/v2\/types\/product"}],"replies":[{"embeddable":true,"href":"https:\/\/ambrosioeletro.com.br\/v20\/wp-json\/wp\/v2\/comments?post=14277"}],"wp:featuredmedia":[{"embeddable":true,"href":"https:\/\/ambrosioeletro.com.br\/v20\/wp-json\/wp\/v2\/media\/14280"}],"wp:attachment":[{"href":"https:\/\/ambrosioeletro.com.br\/v20\/wp-json\/wp\/v2\/media?parent=14277"}],"wp:term":[{"taxonomy":"product_brand","embeddable":true,"href":"https:\/\/ambrosioeletro.com.br\/v20\/wp-json\/wp\/v2\/product_brand?post=14277"},{"taxonomy":"product_cat","embeddable":true,"href":"https:\/\/ambrosioeletro.com.br\/v20\/wp-json\/wp\/v2\/product_cat?post=14277"},{"taxonomy":"product_tag","embeddable":true,"href":"https:\/\/ambrosioeletro.com.br\/v20\/wp-json\/wp\/v2\/product_tag?post=14277"}],"curies":[{"name":"wp","href":"https:\/\/api.w.org\/{rel}","templated":true}]}}