{"id":14367,"date":"2025-11-17T09:30:23","date_gmt":"2025-11-17T12:30:23","guid":{"rendered":"https:\/\/ambrosioeletro.com.br\/v20\/?post_type=product&#038;p=14367"},"modified":"2026-02-28T09:16:08","modified_gmt":"2026-02-28T12:16:08","slug":"lattafa-angham-edp-100ml-unisex","status":"publish","type":"product","link":"https:\/\/ambrosioeletro.com.br\/v20\/produto\/lattafa-angham-edp-100ml-unisex\/","title":{"rendered":"Lattafa Angham Edp 100ml Unisex"},"content":{"rendered":"<div class=\"ui-vpp-striped-specs\">\n<div class=\"ui-vpp-striped-specs__table\">\n<h3 class=\"ui-vpp-striped-specs__header\">Caracter\u00edsticas<\/h3>\n<table class=\"andes-table\">\n<tbody class=\"andes-table__body\">\n<tr class=\"andes-table__row ui-vpp-striped-specs__row\">\n<th class=\"andes-table__header andes-table__header--left ui-vpp-striped-specs__row__column ui-vpp-striped-specs__row__column--id\" scope=\"row\">\n<div class=\"andes-table__header__container\">Marca<\/div>\n<\/th>\n<td id=\":R197ilpakp7te:\" class=\"andes-table__column andes-table__column--left andes-table__column--vertical-align-center ui-vpp-striped-specs__row__column\"><span id=\":R197ilpakp7te:-value\" class=\"andes-table__column--value\">Lattafa<\/span><\/td>\n<\/tr>\n<tr class=\"andes-table__row ui-vpp-striped-specs__row\">\n<th class=\"andes-table__header andes-table__header--left ui-vpp-striped-specs__row__column ui-vpp-striped-specs__row__column--id\" scope=\"row\">\n<div class=\"andes-table__header__container\">L\u00ednea<\/div>\n<\/th>\n<td id=\":R19bilpakp7te:\" class=\"andes-table__column andes-table__column--left andes-table__column--vertical-align-center ui-vpp-striped-specs__row__column\"><span id=\":R19bilpakp7te:-value\" class=\"andes-table__column--value\">Arabe<\/span><\/td>\n<\/tr>\n<tr class=\"andes-table__row ui-vpp-striped-specs__row\">\n<th class=\"andes-table__header andes-table__header--left ui-vpp-striped-specs__row__column ui-vpp-striped-specs__row__column--id\" scope=\"row\">\n<div class=\"andes-table__header__container\">Nombre del perfume<\/div>\n<\/th>\n<td id=\":R19filpakp7te:\" class=\"andes-table__column andes-table__column--left andes-table__column--vertical-align-center ui-vpp-striped-specs__row__column\"><span id=\":R19filpakp7te:-value\" class=\"andes-table__column--value\">Angham<\/span><\/td>\n<\/tr>\n<tr class=\"andes-table__row ui-vpp-striped-specs__row\">\n<th class=\"andes-table__header andes-table__header--left ui-vpp-striped-specs__row__column ui-vpp-striped-specs__row__column--id\" scope=\"row\">\n<div class=\"andes-table__header__container\">G\u00e9nero<\/div>\n<\/th>\n<td id=\":R19jilpakp7te:\" class=\"andes-table__column andes-table__column--left andes-table__column--vertical-align-center ui-vpp-striped-specs__row__column\"><span id=\":R19jilpakp7te:-value\" class=\"andes-table__column--value\">Sim\u00a0 g\u00e9nero<\/span><\/td>\n<\/tr>\n<tr class=\"andes-table__row ui-vpp-striped-specs__row\">\n<th class=\"andes-table__header andes-table__header--left ui-vpp-striped-specs__row__column ui-vpp-striped-specs__row__column--id\" scope=\"row\">\n<div class=\"andes-table__header__container\">Tipo de perfume<\/div>\n<\/th>\n<td id=\":R19nilpakp7te:\" class=\"andes-table__column andes-table__column--left andes-table__column--vertical-align-center ui-vpp-striped-specs__row__column\"><span id=\":R19nilpakp7te:-value\" class=\"andes-table__column--value\">Eau de parfum<\/span><\/td>\n<\/tr>\n<tr class=\"andes-table__row ui-vpp-striped-specs__row\">\n<th class=\"andes-table__header andes-table__header--left ui-vpp-striped-specs__row__column ui-vpp-striped-specs__row__column--id\" scope=\"row\"><\/th>\n<td id=\":R19rilpakp7te:\" class=\"andes-table__column andes-table__column--left andes-table__column--vertical-align-center ui-vpp-striped-specs__row__column\"><\/td>\n<\/tr>\n<\/tbody>\n<\/table>\n<\/div>\n<div class=\"ui-vpp-striped-specs__table\">\n<h3 class=\"ui-vpp-striped-specs__header\">Especifica\u00e7\u00f5es<\/h3>\n<table class=\"andes-table\">\n<tbody class=\"andes-table__body\">\n<tr class=\"andes-table__row ui-vpp-striped-specs__row\">\n<th class=\"andes-table__header andes-table__header--left ui-vpp-striped-specs__row__column ui-vpp-striped-specs__row__column--id\" scope=\"row\">\n<div class=\"andes-table__header__container\">Pa\u00eds de origen<\/div>\n<\/th>\n<td id=\":R197klpakp7te:\" class=\"andes-table__column andes-table__column--left andes-table__column--vertical-align-center ui-vpp-striped-specs__row__column\"><span id=\":R197klpakp7te:-value\" class=\"andes-table__column--value\">EAU<\/span><\/td>\n<\/tr>\n<tr class=\"andes-table__row ui-vpp-striped-specs__row\">\n<th class=\"andes-table__header andes-table__header--left ui-vpp-striped-specs__row__column ui-vpp-striped-specs__row__column--id\" scope=\"row\">\n<div class=\"andes-table__header__container\">Ano de Lan\u00e7amento<\/div>\n<\/th>\n<td id=\":R19bklpakp7te:\" class=\"andes-table__column andes-table__column--left andes-table__column--vertical-align-center ui-vpp-striped-specs__row__column\"><span id=\":R19bklpakp7te:-value\" class=\"andes-table__column--value\">2024<\/span><\/td>\n<\/tr>\n<tr class=\"andes-table__row ui-vpp-striped-specs__row\">\n<th class=\"andes-table__header andes-table__header--left ui-vpp-striped-specs__row__column ui-vpp-striped-specs__row__column--id\" scope=\"row\">Vegano<\/th>\n<td id=\":R19fklpakp7te:\" class=\"andes-table__column andes-table__column--left andes-table__column--vertical-align-center ui-vpp-striped-specs__row__column\">Sim<\/td>\n<\/tr>\n<tr class=\"andes-table__row ui-vpp-striped-specs__row\">\n<th class=\"andes-table__header andes-table__header--left ui-vpp-striped-specs__row__column ui-vpp-striped-specs__row__column--id\" scope=\"row\">\n<table class=\"andes-table\">\n<tbody class=\"andes-table__body\">\n<tr class=\"andes-table__row ui-vpp-striped-specs__row\">\n<th class=\"andes-table__header andes-table__header--left ui-vpp-striped-specs__row__column ui-vpp-striped-specs__row__column--id\" scope=\"row\"><\/th>\n<td id=\":Rknj5pakp7te:\" class=\"andes-table__column andes-table__column--left andes-table__column--vertical-align-center ui-vpp-striped-specs__row__column\"><\/td>\n<\/tr>\n<\/tbody>\n<\/table>\n<p>Volume<\/th>\n<td id=\":R19jklpakp7te:\" class=\"andes-table__column andes-table__column--left andes-table__column--vertical-align-center ui-vpp-striped-specs__row__column\">100 ml<\/td>\n<\/tr>\n<tr class=\"andes-table__row ui-vpp-striped-specs__row\">\n<th class=\"andes-table__header andes-table__header--left ui-vpp-striped-specs__row__column ui-vpp-striped-specs__row__column--id\" scope=\"row\"><\/th>\n<td id=\":R19nklpakp7te:\" class=\"andes-table__column andes-table__column--left andes-table__column--vertical-align-center ui-vpp-striped-specs__row__column\"><\/td>\n<\/tr>\n<\/tbody>\n<\/table>\n<\/div>\n<\/div>\n<div class=\"ui-vpp-striped-specs\">\n<div class=\"ui-vpp-striped-specs__table\"><\/div>\n<div class=\"ui-vpp-striped-specs__table\">\n<h3 class=\"ui-vpp-striped-specs__header\">Aroma do perfume<\/h3>\n<table class=\"andes-table\">\n<tbody class=\"andes-table__body\">\n<tr class=\"andes-table__row ui-vpp-striped-specs__row\">\n<th class=\"andes-table__header andes-table__header--left ui-vpp-striped-specs__row__column ui-vpp-striped-specs__row__column--id\" scope=\"row\">\n<div class=\"andes-table__header__container\">Notas olfativas<\/div>\n<\/th>\n<td id=\":Rknl5pakp7te:\" class=\"andes-table__column andes-table__column--left andes-table__column--vertical-align-center ui-vpp-striped-specs__row__column\"><span id=\":Rknl5pakp7te:-value\" class=\"andes-table__column--value\">Atalcado, Cacao, Dulce, Lavanda, avainallado, calido especiado, \u00c1mbar<\/span><\/td>\n<\/tr>\n<tr class=\"andes-table__row ui-vpp-striped-specs__row\">\n<th class=\"andes-table__header andes-table__header--left ui-vpp-striped-specs__row__column ui-vpp-striped-specs__row__column--id\" scope=\"row\">\n<div class=\"andes-table__header__container\">Dura\u00e7\u00e3o aproximada<\/div>\n<\/th>\n<td id=\":Rkrl5pakp7te:\" class=\"andes-table__column andes-table__column--left andes-table__column--vertical-align-center ui-vpp-striped-specs__row__column\"><span id=\":Rkrl5pakp7te:-value\" class=\"andes-table__column--value\">8 h<\/span><\/td>\n<\/tr>\n<tr class=\"andes-table__row ui-vpp-striped-specs__row\">\n<th class=\"andes-table__header andes-table__header--left ui-vpp-striped-specs__row__column ui-vpp-striped-specs__row__column--id\" scope=\"row\">\n<div class=\"andes-table__header__container\">Familia olfativa<\/div>\n<\/th>\n<td id=\":Rkvl5pakp7te:\" class=\"andes-table__column andes-table__column--left andes-table__column--vertical-align-center ui-vpp-striped-specs__row__column\"><span id=\":Rkvl5pakp7te:-value\" class=\"andes-table__column--value\">Oriental vainilla<\/span><\/td>\n<\/tr>\n<\/tbody>\n<\/table>\n<\/div>\n<\/div>\n","protected":false},"excerpt":{"rendered":"<p>Caracter\u00edsticas Marca Lattafa L\u00ednea Arabe Nombre del perfume Angham G\u00e9nero Sim\u00a0 g\u00e9nero Tipo de perfume Eau de parfum Especifica\u00e7\u00f5es Pa\u00eds de origen EAU Ano de Lan\u00e7amento 2024 Vegano Sim Volume<\/p>\n","protected":false},"featured_media":14368,"comment_status":"open","ping_status":"closed","template":"","meta":[],"product_brand":[],"product_cat":[432],"product_tag":[],"class_list":{"0":"post-14367","1":"product","2":"type-product","3":"status-publish","4":"has-post-thumbnail","6":"product_cat-perfumes","7":"product_shipping_class-pac","9":"first","10":"instock","11":"shipping-taxable","12":"purchasable","13":"product-type-simple"},"_links":{"self":[{"href":"https:\/\/ambrosioeletro.com.br\/v20\/wp-json\/wp\/v2\/product\/14367","targetHints":{"allow":["GET"]}}],"collection":[{"href":"https:\/\/ambrosioeletro.com.br\/v20\/wp-json\/wp\/v2\/product"}],"about":[{"href":"https:\/\/ambrosioeletro.com.br\/v20\/wp-json\/wp\/v2\/types\/product"}],"replies":[{"embeddable":true,"href":"https:\/\/ambrosioeletro.com.br\/v20\/wp-json\/wp\/v2\/comments?post=14367"}],"wp:featuredmedia":[{"embeddable":true,"href":"https:\/\/ambrosioeletro.com.br\/v20\/wp-json\/wp\/v2\/media\/14368"}],"wp:attachment":[{"href":"https:\/\/ambrosioeletro.com.br\/v20\/wp-json\/wp\/v2\/media?parent=14367"}],"wp:term":[{"taxonomy":"product_brand","embeddable":true,"href":"https:\/\/ambrosioeletro.com.br\/v20\/wp-json\/wp\/v2\/product_brand?post=14367"},{"taxonomy":"product_cat","embeddable":true,"href":"https:\/\/ambrosioeletro.com.br\/v20\/wp-json\/wp\/v2\/product_cat?post=14367"},{"taxonomy":"product_tag","embeddable":true,"href":"https:\/\/ambrosioeletro.com.br\/v20\/wp-json\/wp\/v2\/product_tag?post=14367"}],"curies":[{"name":"wp","href":"https:\/\/api.w.org\/{rel}","templated":true}]}}