{"id":14374,"date":"2025-11-17T09:39:44","date_gmt":"2025-11-17T12:39:44","guid":{"rendered":"https:\/\/ambrosioeletro.com.br\/v20\/?post_type=product&#038;p=14374"},"modified":"2026-04-06T11:45:24","modified_gmt":"2026-04-06T14:45:24","slug":"perfume-arabe-laffata","status":"publish","type":"product","link":"https:\/\/ambrosioeletro.com.br\/v20\/produto\/perfume-arabe-laffata\/","title":{"rendered":"Perfume \u00c1rabe Laffata"},"content":{"rendered":"<div class=\"flex gap-1 items-center\"><span class=\"ad__sc-2mjlki-2 icRAAm\"><span class=\"olx-text olx-text--body-medium olx-text--block olx-text--regular ad__sc-2mjlki-1 hNWZgC\" data-ds-component=\"DS-Text\">Descubra a sofistica\u00e7\u00e3o e o encanto do Perfume \u00c1rabe Laffata! Uma fragr\u00e2ncia envolvente que vai te transportar para um universo de luxo e exclusividade. Sinta a combina\u00e7\u00e3o perfeita de notas ex\u00f3ticas e marcantes, que despertam a sua sensualidade e te tornam inesquec\u00edvel.<\/span><\/span><\/div>\n","protected":false},"excerpt":{"rendered":"<p>Descubra a sofistica\u00e7\u00e3o e o encanto do Perfume \u00c1rabe Laffata! Uma fragr\u00e2ncia envolvente que vai te transportar para um universo de luxo e exclusividade. Sinta a combina\u00e7\u00e3o perfeita de notas<\/p>\n","protected":false},"featured_media":14377,"comment_status":"open","ping_status":"closed","template":"","meta":[],"product_brand":[],"product_cat":[432],"product_tag":[],"class_list":{"0":"post-14374","1":"product","2":"type-product","3":"status-publish","4":"has-post-thumbnail","6":"product_cat-perfumes","7":"product_shipping_class-pac","9":"first","10":"instock","11":"shipping-taxable","12":"purchasable","13":"product-type-simple"},"_links":{"self":[{"href":"https:\/\/ambrosioeletro.com.br\/v20\/wp-json\/wp\/v2\/product\/14374","targetHints":{"allow":["GET"]}}],"collection":[{"href":"https:\/\/ambrosioeletro.com.br\/v20\/wp-json\/wp\/v2\/product"}],"about":[{"href":"https:\/\/ambrosioeletro.com.br\/v20\/wp-json\/wp\/v2\/types\/product"}],"replies":[{"embeddable":true,"href":"https:\/\/ambrosioeletro.com.br\/v20\/wp-json\/wp\/v2\/comments?post=14374"}],"wp:featuredmedia":[{"embeddable":true,"href":"https:\/\/ambrosioeletro.com.br\/v20\/wp-json\/wp\/v2\/media\/14377"}],"wp:attachment":[{"href":"https:\/\/ambrosioeletro.com.br\/v20\/wp-json\/wp\/v2\/media?parent=14374"}],"wp:term":[{"taxonomy":"product_brand","embeddable":true,"href":"https:\/\/ambrosioeletro.com.br\/v20\/wp-json\/wp\/v2\/product_brand?post=14374"},{"taxonomy":"product_cat","embeddable":true,"href":"https:\/\/ambrosioeletro.com.br\/v20\/wp-json\/wp\/v2\/product_cat?post=14374"},{"taxonomy":"product_tag","embeddable":true,"href":"https:\/\/ambrosioeletro.com.br\/v20\/wp-json\/wp\/v2\/product_tag?post=14374"}],"curies":[{"name":"wp","href":"https:\/\/api.w.org\/{rel}","templated":true}]}}