{"id":14392,"date":"2025-11-17T10:07:29","date_gmt":"2025-11-17T13:07:29","guid":{"rendered":"https:\/\/ambrosioeletro.com.br\/v20\/?post_type=product&#038;p=14392"},"modified":"2025-11-17T10:07:29","modified_gmt":"2025-11-17T13:07:29","slug":"perfume-arabe-asad-original-fragrancia-oriental-premium-eau-de-parfum","status":"publish","type":"product","link":"https:\/\/ambrosioeletro.com.br\/v20\/produto\/perfume-arabe-asad-original-fragrancia-oriental-premium-eau-de-parfum\/","title":{"rendered":"Perfume Ar\u00e1be Asad Original, Fragr\u00e2ncia Oriental Premium, Eau de Parfum"},"content":{"rendered":"<div id=\"productOverview_feature_div\" class=\"celwidget\" data-feature-name=\"productOverview\" data-csa-c-type=\"widget\" data-csa-c-content-id=\"productOverview\" data-csa-c-slot-id=\"productOverview_feature_div\" data-csa-c-asin=\"B0F1RZH3JG\" data-csa-c-is-in-initial-active-row=\"false\" data-csa-c-id=\"9oh6jq-vznjji-88lppj-gs0aje\" data-cel-widget=\"productOverview_feature_div\">\n<div class=\"a-section a-spacing-small a-spacing-top-small\">\n<table class=\"a-normal a-spacing-micro\" role=\"list\">\n<tbody>\n<tr class=\"a-spacing-small po-brand\" role=\"listitem\">\n<td class=\"a-span3\" role=\"presentation\"><span class=\"a-size-base a-text-bold\">Marca<\/span><\/td>\n<td class=\"a-span9\" role=\"presentation\"><span class=\"a-size-base po-break-word\">Gen\u00e9rico<\/span><\/td>\n<\/tr>\n<tr class=\"a-spacing-small po-item_form\" role=\"listitem\">\n<td class=\"a-span3\" role=\"presentation\"><span class=\"a-size-base a-text-bold\">Forma do produto<\/span><\/td>\n<td class=\"a-span9\" role=\"presentation\"><span class=\"a-size-base po-break-word\">L\u00edquido<\/span><\/td>\n<\/tr>\n<tr class=\"a-spacing-small po-item_volume\" role=\"listitem\">\n<td class=\"a-span3\" role=\"presentation\"><span class=\"a-size-base a-text-bold\">Volume do produto<\/span><\/td>\n<td class=\"a-span9\" role=\"presentation\"><span class=\"a-size-base po-break-word\">100 Mililitros<\/span><\/td>\n<\/tr>\n<tr class=\"a-spacing-small po-scent\" role=\"listitem\">\n<td class=\"a-span3\" role=\"presentation\"><span class=\"a-size-base a-text-bold\">Aroma<\/span><\/td>\n<td class=\"a-span9\" role=\"presentation\"><span class=\"a-size-base po-break-word\">\u00c2mbar<\/span><\/td>\n<\/tr>\n<tr class=\"a-spacing-small po-special_feature\" role=\"listitem\">\n<td class=\"a-span3\" role=\"presentation\"><span class=\"a-size-base a-text-bold\">Caracter\u00edsticas especiais<\/span><\/td>\n<td class=\"a-span9\" role=\"presentation\"><span class=\"a-size-base po-break-word\">Alta Concentra\u00e7\u00e3o<\/span><\/td>\n<\/tr>\n<\/tbody>\n<\/table>\n<\/div>\n<\/div>\n<div id=\"featurebullets_feature_div\" class=\"celwidget\" data-feature-name=\"featurebullets\" data-csa-c-type=\"widget\" data-csa-c-content-id=\"featurebullets\" data-csa-c-slot-id=\"featurebullets_feature_div\" data-csa-c-asin=\"B0F1RZH3JG\" data-csa-c-is-in-initial-active-row=\"false\" data-csa-c-id=\"p95at1-99ymq6-nr9yfz-1gnggs\" data-cel-widget=\"featurebullets_feature_div\">\n<div id=\"feature-bullets\" class=\"a-section a-spacing-medium a-spacing-top-small\">\n<hr class=\"a-divider-normal\" aria-hidden=\"true\" \/>\n<h1 class=\"a-size-base-plus a-text-bold\">Sobre este item<\/h1>\n<ul class=\"a-unordered-list a-vertical a-spacing-mini\">\n<li class=\"a-spacing-mini\"><span class=\"a-list-item\">COMPOSI\u00c7\u00c3O PREMIUM: Fragr\u00e2ncia oriental sofisticada que combina notas vibrantes e frescas com uma base duradoura e marcante<\/span><\/li>\n<li class=\"a-spacing-mini\"><span class=\"a-list-item\">NOTAS OLFATIVAS: Mistura \u00fanica de aromas que inclui elementos c\u00edtricos, florais e especiarias, criando uma experi\u00eancia sensorial envolvente<\/span><\/li>\n<li class=\"a-spacing-mini\"><span class=\"a-list-item\">DURA\u00c7\u00c3O EXCEPCIONAL: F\u00f3rmula concentrada que proporciona uma fragr\u00e2ncia duradoura, mantendo sua intensidade ao longo do dia<\/span><\/li>\n<li class=\"a-spacing-mini\"><span class=\"a-list-item\">DESIGN LUXUOSO: Frasco elegante em preto e dourado com detalhes ornamentados, representando a sofistica\u00e7\u00e3o da fragr\u00e2ncia<\/span><\/li>\n<li class=\"a-spacing-mini\"><span class=\"a-list-item\">VERSATILIDADE: Perfume ideal para ocasi\u00f5es especiais e uso di\u00e1rio, adequado para quem busca uma assinatura olfativa distintiva<\/span><\/li>\n<li>\n<div id=\"productDescription_feature_div\" class=\"celwidget\" data-feature-name=\"productDescription\" data-csa-c-type=\"widget\" data-csa-c-content-id=\"productDescription\" data-csa-c-slot-id=\"productDescription_feature_div\" data-csa-c-asin=\"\" data-csa-c-is-in-initial-active-row=\"false\" data-csa-c-id=\"okdbu8-3prmqe-dqjvp2-tdcomi\" data-cel-widget=\"productDescription_feature_div\">\n<div>\n<div id=\"productDescription_feature_div\" class=\"a-row feature\" data-feature-name=\"productDescription\" data-template-name=\"productDescription\" data-cel-widget=\"productDescription_feature_div\">\n<h2 class=\"default\">Descri\u00e7\u00e3o do produto<\/h2>\n<div id=\"productDescription\" class=\"a-section a-spacing-small\">\n<p>Descubra ASAD, a mais recente cria\u00e7\u00e3o da Lattafa, uma fragr\u00e2ncia oriental premium que transcende o ordin\u00e1rio. Esta composi\u00e7\u00e3o olfativa sofisticada inicia com notas de cabe\u00e7a vibrantes e frescas, evoluindo para um cora\u00e7\u00e3o rico e complexo que revela uma sinfonia de aromas sedutores. A base duradoura deixa uma impress\u00e3o memor\u00e1vel, criando uma aura misteriosa que permanece por horas. Combinando elementos tradicionais com modernidade, ASAD \u00e9 uma express\u00e3o de eleg\u00e2ncia e sensualidade, projetada para pessoas que buscam uma assinatura olfativa \u00fanica. A fragr\u00e2ncia se desenvolve harmoniosamente na pele, revelando camadas de notas arom\u00e1ticas que cativam os sentidos. O frasco luxuoso em preto e dourado reflete a sofistica\u00e7\u00e3o da fragr\u00e2ncia em seu interior. Ideal para ocasi\u00f5es especiais ou uso di\u00e1rio, ASAD \u00e9 uma escolha perfeita para quem aprecia perfumes orientais refinados e deseja deixar uma impress\u00e3o duradoura.<\/p>\n<\/div>\n<\/div>\n<\/div>\n<\/div>\n<div id=\"renewedProgramDescriptionBtf_feature_div\" class=\"celwidget\" data-feature-name=\"renewedProgramDescriptionBtf\" data-csa-c-type=\"widget\" data-csa-c-content-id=\"renewedProgramDescriptionBtf\" data-csa-c-slot-id=\"renewedProgramDescriptionBtf_feature_div\" data-csa-c-asin=\"\" data-csa-c-is-in-initial-active-row=\"false\" data-csa-c-id=\"702qv8-2hiz2p-u629yy-ajr5h7\" data-cel-widget=\"renewedProgramDescriptionBtf_feature_div\"><\/div>\n<div id=\"brandInsights_feature_div_3\" class=\"celwidget\" data-feature-name=\"brandInsights\" data-csa-c-type=\"widget\" data-csa-c-content-id=\"brandInsights\" data-csa-c-slot-id=\"brandInsights_feature_div_3\" data-csa-c-asin=\"\" data-csa-c-is-in-initial-active-row=\"false\" data-csa-c-id=\"jye7mk-m4pm05-4yp7hv-5p27vu\" data-cel-widget=\"brandInsights_feature_div_3\"><\/div>\n<div id=\"brandInsights_feature_div_1\" class=\"celwidget\" data-feature-name=\"brandInsights\" data-csa-c-type=\"widget\" data-csa-c-content-id=\"brandInsights\" data-csa-c-slot-id=\"brandInsights_feature_div_1\" data-csa-c-asin=\"\" data-csa-c-is-in-initial-active-row=\"false\" data-csa-c-id=\"3emqky-oee1em-p2rnyb-nwhdix\" data-cel-widget=\"brandInsights_feature_div_1\"><\/div>\n<div id=\"aplusBrandStory_feature_div\" class=\"celwidget\" data-feature-name=\"aplusBrandStory\" data-csa-c-type=\"widget\" data-csa-c-content-id=\"aplusBrandStory\" data-csa-c-slot-id=\"aplusBrandStory_feature_div\" data-csa-c-asin=\"\" data-csa-c-is-in-initial-active-row=\"false\" data-csa-c-id=\"mp3pz8-yyuo0d-h4srfe-6nxpai\" data-cel-widget=\"aplusBrandStory_feature_div\"><\/div>\n<div id=\"aplus_feature_div\" class=\"celwidget\" data-feature-name=\"aplus\" data-csa-c-type=\"widget\" data-csa-c-content-id=\"aplus\" data-csa-c-slot-id=\"aplus_feature_div\" data-csa-c-asin=\"\" data-csa-c-is-in-initial-active-row=\"false\" data-csa-c-id=\"anxibe-8bxmbk-5l0jhi-86xx69\" data-cel-widget=\"aplus_feature_div\"><\/div>\n<div id=\"buffetServiceCard_feature_div\" class=\"celwidget\" data-feature-name=\"buffetServiceCard\" data-csa-c-type=\"widget\" data-csa-c-content-id=\"buffetServiceCard\" data-csa-c-slot-id=\"buffetServiceCard_feature_div\" data-csa-c-asin=\"\" data-csa-c-is-in-initial-active-row=\"false\" data-csa-c-id=\"r58lrj-t2zavs-aeo6na-vhzkw5\" data-cel-widget=\"buffetServiceCard_feature_div\">\n<div class=\"celwidget c-f\" data-csa-op-log-render=\"\" data-csa-c-content-id=\"DsUnknown\" data-csa-c-slot-id=\"DsUnknown-1\" data-csa-c-type=\"widget\" data-csa-c-painter=\"buffet-disclaimers-card-cards\" data-csa-c-id=\"bhvrb0-47grvc-pp4ws-k57s6t\" data-cel-widget=\"buffet-disclaimers-card_DetailPage_0\">\n<div id=\"CardInstance3Vt6s9ehBuW2zUKlIPNpvw\" data-card-metrics-id=\"buffet-disclaimers-card_DetailPage_0\" data-acp-tracking=\"{}\" data-mix-claimed=\"true\"><\/div>\n<\/div>\n<\/div>\n<div id=\"productDetailsWithModules_feature_div\" class=\"celwidget\" data-feature-name=\"productDetailsWithModules_feature_V2\" data-csa-c-type=\"widget\" data-csa-c-content-id=\"productDetailsWithModules_feature_V2\" data-csa-c-slot-id=\"productDetailsWithModules_feature_div\" data-csa-c-asin=\"\" data-csa-c-is-in-initial-active-row=\"false\" data-csa-c-id=\"jbnzfl-9pwuxv-o63u72-yiqsby\" data-cel-widget=\"productDetailsWithModules_feature_div\"><a id=\"productDetails\" name=\"productDetails\"><\/a><\/p>\n<hr class=\"a-divider-normal\" aria-hidden=\"true\" \/>\n<div>\n<div id=\"prodDetails\" class=\"a-section a-spacing-none\">\n<h2>Especifica\u00e7\u00f5es do produto<\/h2>\n<div class=\"a-row\">\n<div class=\"a-column a-span12 a-span-last\">\n<div class=\"a-row a-spacing-top-base\">\n<div class=\"a-column a-span6\">\n<div class=\"a-row a-spacing-base\">\n<div class=\"a-row a-expander-container a-expander-extend-container\">\n<div class=\"a-row\">\n<div class=\"a-column a-span6\">\n<h1 class=\"a-size-medium a-spacing-small\">Detalhes t\u00e9cnicos<\/h1>\n<\/div>\n<\/div>\n<div class=\"a-expander-content a-expander-extend-content\" data-expanded=\"true\">\n<div class=\"a-row a-expander-container a-expander-inline-container\">\n<div class=\"a-expander-content a-expander-section-content a-section-expander-inner\" data-expanded=\"true\">\n<table id=\"productDetails_techSpec_section_1\" class=\"a-keyvalue prodDetTable\">\n<tbody>\n<tr>\n<th class=\"a-color-secondary a-size-base prodDetSectionEntry\">Fabricante<\/th>\n<td class=\"a-size-base prodDetAttrValue\">\u200eIsabelle La Belle<\/td>\n<\/tr>\n<tr>\n<th class=\"a-color-secondary a-size-base prodDetSectionEntry\">N\u00famero de unidades<\/th>\n<td class=\"a-size-base prodDetAttrValue\">\u200e1<\/td>\n<\/tr>\n<tr>\n<th class=\"a-color-secondary a-size-base prodDetSectionEntry\">Dimens\u00f5es da embalagem<\/th>\n<td class=\"a-size-base prodDetAttrValue\">\u200e16 x 16 x 16 cm; 50 g<\/td>\n<\/tr>\n<tr>\n<th class=\"a-color-secondary a-size-base prodDetSectionEntry\">ASIN<\/th>\n<td class=\"a-size-base prodDetAttrValue\">\u200eB0F1RZH3JG<\/td>\n<\/tr>\n<tr>\n<th class=\"a-color-secondary a-size-base prodDetSectionEntry\">Marca<\/th>\n<td class=\"a-size-base prodDetAttrValue\">\u200eGen\u00e9rico<\/td>\n<\/tr>\n<\/tbody>\n<\/table>\n<\/div>\n<\/div>\n<\/div>\n<\/div>\n<\/div>\n<\/div>\n<\/div>\n<\/div>\n<\/div>\n<\/div>\n<\/div>\n<\/div>\n<\/li>\n<\/ul>\n<\/div>\n<\/div>\n","protected":false},"excerpt":{"rendered":"<p>Marca Gen\u00e9rico Forma do produto L\u00edquido Volume do produto 100 Mililitros Aroma \u00c2mbar Caracter\u00edsticas especiais Alta Concentra\u00e7\u00e3o Sobre este item COMPOSI\u00c7\u00c3O PREMIUM: Fragr\u00e2ncia oriental sofisticada que combina notas vibrantes e<\/p>\n","protected":false},"featured_media":14393,"comment_status":"open","ping_status":"closed","template":"","meta":[],"product_brand":[],"product_cat":[432],"product_tag":[],"class_list":{"0":"post-14392","1":"product","2":"type-product","3":"status-publish","4":"has-post-thumbnail","6":"product_cat-perfumes","7":"product_shipping_class-pac","9":"first","10":"instock","11":"shipping-taxable","12":"purchasable","13":"product-type-simple"},"_links":{"self":[{"href":"https:\/\/ambrosioeletro.com.br\/v20\/wp-json\/wp\/v2\/product\/14392","targetHints":{"allow":["GET"]}}],"collection":[{"href":"https:\/\/ambrosioeletro.com.br\/v20\/wp-json\/wp\/v2\/product"}],"about":[{"href":"https:\/\/ambrosioeletro.com.br\/v20\/wp-json\/wp\/v2\/types\/product"}],"replies":[{"embeddable":true,"href":"https:\/\/ambrosioeletro.com.br\/v20\/wp-json\/wp\/v2\/comments?post=14392"}],"wp:featuredmedia":[{"embeddable":true,"href":"https:\/\/ambrosioeletro.com.br\/v20\/wp-json\/wp\/v2\/media\/14393"}],"wp:attachment":[{"href":"https:\/\/ambrosioeletro.com.br\/v20\/wp-json\/wp\/v2\/media?parent=14392"}],"wp:term":[{"taxonomy":"product_brand","embeddable":true,"href":"https:\/\/ambrosioeletro.com.br\/v20\/wp-json\/wp\/v2\/product_brand?post=14392"},{"taxonomy":"product_cat","embeddable":true,"href":"https:\/\/ambrosioeletro.com.br\/v20\/wp-json\/wp\/v2\/product_cat?post=14392"},{"taxonomy":"product_tag","embeddable":true,"href":"https:\/\/ambrosioeletro.com.br\/v20\/wp-json\/wp\/v2\/product_tag?post=14392"}],"curies":[{"name":"wp","href":"https:\/\/api.w.org\/{rel}","templated":true}]}}