{"id":14395,"date":"2025-11-17T10:10:32","date_gmt":"2025-11-17T13:10:32","guid":{"rendered":"https:\/\/ambrosioeletro.com.br\/v20\/?post_type=product&#038;p=14395"},"modified":"2026-02-28T09:46:54","modified_gmt":"2026-02-28T12:46:54","slug":"perfume-importado-eau-de-parfum-9pm-afnan-perfumes","status":"publish","type":"product","link":"https:\/\/ambrosioeletro.com.br\/v20\/produto\/perfume-importado-eau-de-parfum-9pm-afnan-perfumes\/","title":{"rendered":"Perfume Importado Eau de Parfum 9Pm Afnan Perfumes"},"content":{"rendered":"<div id=\"twister_feature_div\" class=\"celwidget\" data-feature-name=\"twister\" data-csa-c-type=\"widget\" data-csa-c-content-id=\"twister\" data-csa-c-slot-id=\"twister_feature_div\" data-csa-c-asin=\"B07RTQ4VM7\" data-csa-c-is-in-initial-active-row=\"false\" data-csa-c-id=\"d78hma-ts2q9m-jn4iyt-bjva4o\" data-cel-widget=\"twister_feature_div\">\n<div id=\"twister-plus-desktop-twister-container\" class=\"a-cardui-deck inline-twister-container-margins\" data-csa-c-content-id=\"twister-plus-inline-twister-container\" data-csa-c-slot-id=\"twister-plus-inline-twister-container\" data-csa-c-type=\"slot\" data-csa-c-id=\"21wcko-c1vp6o-r0eoh0-h5glbj\">\n<div id=\"twister-plus-inline-twister-card\" class=\"a-cardui inline-twister-card-padding\" data-a-card-type=\"basic\">\n<div class=\"a-cardui-body\">\n<div id=\"twister-plus-inline-twister\" class=\"a-section\">\n<div id=\"inline-twister-singleton-header-scent_name\" class=\"a-section a-spacing-none inline-twister-singleton-header\"><span class=\"a-size-base a-color-secondary inline-twister-dim-title\">Aroma:\u00a0<\/span><span id=\"inline-twister-expanded-dimension-text-scent_name\" class=\"a-size-base inline-twister-dim-title-value-truncate a-text-bold\">Masculina<\/span><\/div>\n<div id=\"inline-twister-singleton-header-size_name\" class=\"a-section a-spacing-none inline-twister-singleton-header\"><span class=\"a-size-base a-color-secondary inline-twister-dim-title\">Tamanho:\u00a0<\/span><span id=\"inline-twister-expanded-dimension-text-size_name\" class=\"a-size-base inline-twister-dim-title-value-truncate a-text-bold\">3.4 Fl Oz (Pack of 1)<\/span><\/div>\n<\/div>\n<\/div>\n<\/div>\n<\/div>\n<\/div>\n<div id=\"bundles_feature_div\" class=\"celwidget\" data-feature-name=\"bundles\" data-csa-c-type=\"widget\" data-csa-c-content-id=\"bundles\" data-csa-c-slot-id=\"bundles_feature_div\" data-csa-c-asin=\"B07RTQ4VM7\" data-csa-c-is-in-initial-active-row=\"false\" data-csa-c-id=\"30fwae-yj4r41-ge3ip0-qlhctv\" data-cel-widget=\"bundles_feature_div\"><\/div>\n<div id=\"valueAdds_feature_div\" class=\"celwidget\" data-feature-name=\"valueAdds\" data-csa-c-type=\"widget\" data-csa-c-content-id=\"valueAdds\" data-csa-c-slot-id=\"valueAdds_feature_div\" data-csa-c-asin=\"B07RTQ4VM7\" data-csa-c-is-in-initial-active-row=\"false\" data-csa-c-id=\"pzbij0-meuzx8-a8cnfy-u9u2b8\" data-cel-widget=\"valueAdds_feature_div\"><\/div>\n<div id=\"clickToContact_feature_div\" class=\"celwidget\" data-feature-name=\"clickToContact\" data-csa-c-type=\"widget\" data-csa-c-content-id=\"clickToContact\" data-csa-c-slot-id=\"clickToContact_feature_div\" data-csa-c-asin=\"B07RTQ4VM7\" data-csa-c-is-in-initial-active-row=\"false\" data-csa-c-id=\"8uxlf2-dg3eyu-q8y4tf-4fxzwf\" data-cel-widget=\"clickToContact_feature_div\"><\/div>\n<div id=\"twisterPlusWWDesktop\" class=\"celwidget\" data-feature-name=\"twisterPlusWWDesktop\" data-csa-c-type=\"widget\" data-csa-c-content-id=\"twisterPlusWWDesktop\" data-csa-c-slot-id=\"twisterPlusWWDesktop\" data-csa-c-asin=\"B07RTQ4VM7\" data-csa-c-is-in-initial-active-row=\"false\" data-csa-c-id=\"xkbdd8-an5gtg-d3dbmk-dbfesy\" data-cel-widget=\"twisterPlusWWDesktop\"><\/div>\n<div id=\"sizeChartV2Data_feature_div\" class=\"celwidget\" data-feature-name=\"sizeChartV2Data\" data-csa-c-type=\"widget\" data-csa-c-content-id=\"sizeChartV2Data\" data-csa-c-slot-id=\"sizeChartV2Data_feature_div\" data-csa-c-asin=\"B07RTQ4VM7\" data-csa-c-is-in-initial-active-row=\"false\" data-csa-c-id=\"qhgjb3-lmoby2-rtoezx-xrtjfj\" data-cel-widget=\"sizeChartV2Data_feature_div\"><\/div>\n<div id=\"buyingOptionNostosInlineBadge_feature_div\" class=\"celwidget\" data-feature-name=\"buyingOptionNostosInlineBadge\" data-csa-c-type=\"widget\" data-csa-c-content-id=\"buyingOptionNostosInlineBadge\" data-csa-c-slot-id=\"buyingOptionNostosInlineBadge_feature_div\" data-csa-c-asin=\"B07RTQ4VM7\" data-csa-c-is-in-initial-active-row=\"false\" data-csa-c-id=\"s51ots-59xgrl-w72q62-p10sjr\" data-cel-widget=\"buyingOptionNostosInlineBadge_feature_div\"><\/div>\n<div id=\"gestaltCustomizationSummary_feature_div\" class=\"celwidget\" data-feature-name=\"gestaltCustomizationSummary\" data-csa-c-type=\"widget\" data-csa-c-content-id=\"gestaltCustomizationSummary\" data-csa-c-slot-id=\"gestaltCustomizationSummary_feature_div\" data-csa-c-asin=\"B07RTQ4VM7\" data-csa-c-is-in-initial-active-row=\"false\" data-csa-c-id=\"lik6h-3l3h61-qg6rmm-nhmrxv\" data-cel-widget=\"gestaltCustomizationSummary_feature_div\"><\/div>\n<div id=\"gestaltPredefinedCustomizations_feature_div\" class=\"celwidget\" data-feature-name=\"gestaltPredefinedCustomizations\" data-csa-c-type=\"widget\" data-csa-c-content-id=\"gestaltPredefinedCustomizations\" data-csa-c-slot-id=\"gestaltPredefinedCustomizations_feature_div\" data-csa-c-asin=\"B07RTQ4VM7\" data-csa-c-is-in-initial-active-row=\"false\" data-csa-c-id=\"q51nzf-j95275-boxaxq-uphqmd\" data-cel-widget=\"gestaltPredefinedCustomizations_feature_div\"><\/div>\n<div id=\"productOverview_feature_div\" class=\"celwidget\" data-feature-name=\"productOverview\" data-csa-c-type=\"widget\" data-csa-c-content-id=\"productOverview\" data-csa-c-slot-id=\"productOverview_feature_div\" data-csa-c-asin=\"B07RTQ4VM7\" data-csa-c-is-in-initial-active-row=\"false\" data-csa-c-id=\"rodxsg-vem514-kile8b-hoz3sh\" data-cel-widget=\"productOverview_feature_div\">\n<div class=\"a-section a-spacing-small a-spacing-top-small\">\n<table class=\"a-normal a-spacing-micro\" role=\"list\">\n<tbody>\n<tr class=\"a-spacing-small po-brand\" role=\"listitem\">\n<td class=\"a-span3\" role=\"presentation\"><span class=\"a-size-base a-text-bold\">Marca<\/span><\/td>\n<td class=\"a-span9\" role=\"presentation\"><span class=\"a-size-base po-break-word\">Afnan<\/span><\/td>\n<\/tr>\n<tr class=\"a-spacing-small po-item_form\" role=\"listitem\">\n<td class=\"a-span3\" role=\"presentation\"><span class=\"a-size-base a-text-bold\">Forma do produto<\/span><\/td>\n<td class=\"a-span9\" role=\"presentation\"><span class=\"a-size-base po-break-word\">L\u00edquido<\/span><\/td>\n<\/tr>\n<tr class=\"a-spacing-small po-item_volume\" role=\"listitem\">\n<td class=\"a-span3\" role=\"presentation\"><span class=\"a-size-base a-text-bold\">Volume do produto<\/span><\/td>\n<td class=\"a-span9\" role=\"presentation\"><span class=\"a-size-base po-break-word\">100 Mililitros<\/span><\/td>\n<\/tr>\n<tr class=\"a-spacing-small po-scent\" role=\"listitem\">\n<td class=\"a-span3\" role=\"presentation\"><span class=\"a-size-base a-text-bold\">Aroma<\/span><\/td>\n<td class=\"a-span9\" role=\"presentation\"><span class=\"a-size-base po-break-word\">Masculina<\/span><\/td>\n<\/tr>\n<tr class=\"a-spacing-small po-special_feature\" role=\"listitem\">\n<td class=\"a-span3\" role=\"presentation\"><span class=\"a-size-base a-text-bold\">Caracter\u00edsticas especiais<\/span><\/td>\n<td class=\"a-span9\" role=\"presentation\"><span class=\"a-size-base po-break-word\">De longa dura\u00e7\u00e3o<\/span><\/td>\n<\/tr>\n<\/tbody>\n<\/table>\n<\/div>\n<\/div>\n<div id=\"featurebullets_feature_div\" class=\"celwidget\" data-feature-name=\"featurebullets\" data-csa-c-type=\"widget\" data-csa-c-content-id=\"featurebullets\" data-csa-c-slot-id=\"featurebullets_feature_div\" data-csa-c-asin=\"B07RTQ4VM7\" data-csa-c-is-in-initial-active-row=\"false\" data-csa-c-id=\"bqc7k8-wipf7i-5qpdnu-zhtigy\" data-cel-widget=\"featurebullets_feature_div\">\n<div id=\"feature-bullets\" class=\"a-section a-spacing-medium a-spacing-top-small\">\n<hr class=\"a-divider-normal\" aria-hidden=\"true\" \/>\n<h1 class=\"a-size-base-plus a-text-bold\">Sobre este item<\/h1>\n<ul class=\"a-unordered-list a-vertical a-spacing-mini\">\n<li class=\"a-spacing-mini\"><span class=\"a-list-item\">Eau de Parfum<\/span><\/li>\n<li class=\"a-spacing-mini\"><span class=\"a-list-item\">Fragr\u00e2ncia Intensa e Marcante<\/span><\/li>\n<li class=\"a-spacing-mini\"><span class=\"a-list-item\">Alta Concentra\u00e7\u00e3o de Ess\u00eancia<\/span><\/li>\n<li>\n<div id=\"importantInformation_feature_div\" class=\"celwidget\" data-feature-name=\"importantInformation\" data-csa-c-type=\"widget\" data-csa-c-content-id=\"importantInformation\" data-csa-c-slot-id=\"importantInformation_feature_div\" data-csa-c-asin=\"\" data-csa-c-is-in-initial-active-row=\"false\" data-csa-c-id=\"ya0db1-qlf8w7-dph6wc-eztl0z\" data-cel-widget=\"importantInformation_feature_div\">\n<div id=\"important-information\" class=\"a-section a-spacing-extra-large bucket\">\n<h2>Informa\u00e7\u00f5es importantes<\/h2>\n<div class=\"a-section content\">\n<h4>Informa\u00e7\u00f5es de seguran\u00e7a<\/h4>\n<p>&nbsp;<\/p>\n<p>Para uso externo. Aplique apenas sobre a pele saud\u00e1vel. Evite contato com os olhos e mucosas. Em caso de irrita\u00e7\u00e3o, suspenda o uso. Mantenha fora do alcance de crian\u00e7as. N\u00e3o pulverize perto do fogo \u2014 produto inflam\u00e1vel at\u00e9 secar.<\/p>\n<p>&nbsp;<\/p>\n<\/div>\n<div class=\"a-section content\">\n<h4>Ingredientes<\/h4>\n<p>&nbsp;<\/p>\n<p>\u00c1lcool denat, limoneno, cumarina, linalol, citral, \u00e1gua, parfum<\/p>\n<p>&nbsp;<\/p>\n<\/div>\n<div class=\"a-section content\">\n<h4>Instru\u00e7\u00f5es<\/h4>\n<p>&nbsp;<\/p>\n<p>Borrife nas \u00e1reas quentes do corpo \u2014 como pulsos, pesco\u00e7o e colo \u2014 para ativar a intensidade da fragr\u00e2ncia. Use sobre a pele limpa e hidratada para potencializar a fixa\u00e7\u00e3o. Ideal para noites especiais, eventos marcantes ou sempre que quiser deixar sua presen\u00e7a registrada por onde passar.<\/p>\n<p>&nbsp;<\/p>\n<\/div>\n<\/div>\n<\/div>\n<div id=\"productDescription_feature_div\" class=\"celwidget\" data-feature-name=\"productDescription\" data-csa-c-type=\"widget\" data-csa-c-content-id=\"productDescription\" data-csa-c-slot-id=\"productDescription_feature_div\" data-csa-c-asin=\"\" data-csa-c-is-in-initial-active-row=\"false\" data-csa-c-id=\"x8mew0-e14e1l-4g2ca2-o99wq3\" data-cel-widget=\"productDescription_feature_div\">\n<div>\n<div id=\"productDescription_feature_div\" class=\"a-row feature\" data-feature-name=\"productDescription\" data-template-name=\"productDescription\" data-cel-widget=\"productDescription_feature_div\">\n<div class=\"a-divider a-divider-section\">\n<div class=\"a-divider-inner\"><\/div>\n<\/div>\n<h2 class=\"default\">Descri\u00e7\u00e3o do produto<\/h2>\n<div id=\"productDescription\" class=\"a-section a-spacing-small\">\n<p>Lan\u00e7ado em 2020, o 9PM \u00e9 uma fragr\u00e2ncia masculina que combina notas frescas e picantes com uma base doce e amadeirada, oferecendo uma experi\u00eancia olfativa envolvente.<\/p>\n<\/div>\n<\/div>\n<\/div>\n<\/div>\n<div id=\"renewedProgramDescriptionBtf_feature_div\" class=\"celwidget\" data-feature-name=\"renewedProgramDescriptionBtf\" data-csa-c-type=\"widget\" data-csa-c-content-id=\"renewedProgramDescriptionBtf\" data-csa-c-slot-id=\"renewedProgramDescriptionBtf_feature_div\" data-csa-c-asin=\"\" data-csa-c-is-in-initial-active-row=\"false\" data-csa-c-id=\"3wev0y-64w0ww-5pubqe-cvc7fq\" data-cel-widget=\"renewedProgramDescriptionBtf_feature_div\"><\/div>\n<div id=\"brandInsights_feature_div_3\" class=\"celwidget\" data-feature-name=\"brandInsights\" data-csa-c-type=\"widget\" data-csa-c-content-id=\"brandInsights\" data-csa-c-slot-id=\"brandInsights_feature_div_3\" data-csa-c-asin=\"\" data-csa-c-is-in-initial-active-row=\"false\" data-csa-c-id=\"xbibnr-10j6tw-2q7ehn-t3zv0m\" data-cel-widget=\"brandInsights_feature_div_3\"><\/div>\n<div id=\"brandInsights_feature_div_1\" class=\"celwidget\" data-feature-name=\"brandInsights\" data-csa-c-type=\"widget\" data-csa-c-content-id=\"brandInsights\" data-csa-c-slot-id=\"brandInsights_feature_div_1\" data-csa-c-asin=\"\" data-csa-c-is-in-initial-active-row=\"false\" data-csa-c-id=\"3fzllx-91cwon-gjzqk0-gfkp8f\" data-cel-widget=\"brandInsights_feature_div_1\"><\/div>\n<div id=\"aplusBrandStory_feature_div\" class=\"celwidget\" data-feature-name=\"aplusBrandStory\" data-csa-c-type=\"widget\" data-csa-c-content-id=\"aplusBrandStory\" data-csa-c-slot-id=\"aplusBrandStory_feature_div\" data-csa-c-asin=\"\" data-csa-c-is-in-initial-active-row=\"false\" data-csa-c-id=\"lzjt6b-59x3tg-tjzb71-wtixb3\" data-cel-widget=\"aplusBrandStory_feature_div\"><\/div>\n<div id=\"aplus_feature_div\" class=\"celwidget\" data-feature-name=\"aplus\" data-csa-c-type=\"widget\" data-csa-c-content-id=\"aplus\" data-csa-c-slot-id=\"aplus_feature_div\" data-csa-c-asin=\"\" data-csa-c-is-in-initial-active-row=\"false\" data-csa-c-id=\"smpl2x-an1klv-u8o40q-68rmmh\" data-cel-widget=\"aplus_feature_div\">\n<div id=\"aplus\" class=\"a-section a-spacing-large bucket\">\n<hr class=\"bucketDivider\" noshade=\"noshade\" size=\"1\" \/>\n<h2>Do fabricante<\/h2>\n<div lang=\"pt_BR\">\n<div class=\"aplus-v2 desktop celwidget\" data-csa-c-id=\"mfztb-5295gy-k66tv7-ohcika\" data-cel-widget=\"aplus\">\n<div class=\"celwidget aplus-module module-2 aplus-standard\" data-csa-c-id=\"ffd9b-q8yeib-b77g8g-n2bzgt\" data-cel-widget=\"aplus-module-2\">\n<div class=\"aplus-module-wrapper apm-floatnone apm-fixed-width\">\n<div class=\"apm-sidemodule apm-spacing\">\n<div class=\"apm-sidemodule-imageleft\"><img decoding=\"async\" class=\"\" src=\"https:\/\/m.media-amazon.com\/images\/S\/aplus-media\/sota\/725559a0-2464-42ca-93b8-7e8576275fcd.__CR0,0,1000,1000_PT0_SX300_V1___.jpg\" alt=\" \" data-src=\"https:\/\/m.media-amazon.com\/images\/S\/aplus-media\/sota\/725559a0-2464-42ca-93b8-7e8576275fcd.__CR0,0,1000,1000_PT0_SX300_V1___.jpg\" \/><\/div>\n<div class=\"apm-sidemodule-textright\">\n<h3 class=\"a-spacing-mini\">Afnan 21h para homens Eau de Parfum Spray<\/h3>\n<p>21h da Afnan \u00e9 uma fragr\u00e2ncia \u00e2mbar e baunilha para homens. Observa\u00e7\u00f5es: Bergamota, lavanda e canela, ma\u00e7\u00e3. Notas do meio: Muguet e Orange BlossomBase: Patchouly, \u00e2mbar, baunilha e fava tonkaAdequado para uso noturno<\/p>\n<\/div>\n<\/div>\n<\/div>\n<div><\/div>\n<\/div>\n<\/div>\n<\/div>\n<\/div>\n<\/div>\n<div id=\"buffetServiceCard_feature_div\" class=\"celwidget\" data-feature-name=\"buffetServiceCard\" data-csa-c-type=\"widget\" data-csa-c-content-id=\"buffetServiceCard\" data-csa-c-slot-id=\"buffetServiceCard_feature_div\" data-csa-c-asin=\"\" data-csa-c-is-in-initial-active-row=\"false\" data-csa-c-id=\"cc3rn3-by4qso-gbx4sk-2k173l\" data-cel-widget=\"buffetServiceCard_feature_div\">\n<div class=\"celwidget c-f\" data-csa-op-log-render=\"\" data-csa-c-content-id=\"DsUnknown\" data-csa-c-slot-id=\"DsUnknown-1\" data-csa-c-type=\"widget\" data-csa-c-painter=\"buffet-disclaimers-card-cards\" data-csa-c-id=\"oy7pw5-sktb4j-trdnx2-c2vrri\" data-cel-widget=\"buffet-disclaimers-card_DetailPage_0\">\n<div id=\"CardInstanceP7KHfGS9NlTWTqA_qoe-Ew\" data-card-metrics-id=\"buffet-disclaimers-card_DetailPage_0\" data-acp-tracking=\"{}\" data-mix-claimed=\"true\"><\/div>\n<\/div>\n<\/div>\n<div id=\"productDetailsWithModules_feature_div\" class=\"celwidget\" data-feature-name=\"productDetailsWithModules_feature_V2\" data-csa-c-type=\"widget\" data-csa-c-content-id=\"productDetailsWithModules_feature_V2\" data-csa-c-slot-id=\"productDetailsWithModules_feature_div\" data-csa-c-asin=\"\" data-csa-c-is-in-initial-active-row=\"false\" data-csa-c-id=\"y1bmh8-ksedkn-9g9zy-y7zjhg\" data-cel-widget=\"productDetailsWithModules_feature_div\"><a id=\"productDetails\" name=\"productDetails\"><\/a><\/p>\n<hr class=\"a-divider-normal\" aria-hidden=\"true\" \/>\n<div>\n<div id=\"prodDetails\" class=\"a-section a-spacing-none\">\n<h2>Especifica\u00e7\u00f5es do produto<\/h2>\n<div class=\"a-row\">\n<div class=\"a-column a-span12 a-span-last\">\n<div class=\"a-row a-spacing-top-base\">\n<div class=\"a-column a-span6\">\n<div class=\"a-row a-spacing-base\">\n<div class=\"a-row a-expander-container a-expander-extend-container\">\n<div class=\"a-row\">\n<div class=\"a-column a-span6\">\n<h1 class=\"a-size-medium a-spacing-small\">Detalhes t\u00e9cnicos<\/h1>\n<\/div>\n<\/div>\n<div class=\"a-expander-content a-expander-extend-content\" data-expanded=\"true\">\n<div class=\"a-row a-expander-container a-expander-inline-container\">\n<div class=\"a-expander-content a-expander-section-content a-section-expander-inner\" data-expanded=\"true\">\n<table id=\"productDetails_techSpec_section_1\" class=\"a-keyvalue prodDetTable\">\n<tbody>\n<tr>\n<th class=\"a-color-secondary a-size-base prodDetSectionEntry\">Fabricante<\/th>\n<td class=\"a-size-base prodDetAttrValue\">\u200eAfnan Perfumes<\/td>\n<\/tr>\n<tr>\n<th class=\"a-color-secondary a-size-base prodDetSectionEntry\">N\u00famero de unidades<\/th>\n<td class=\"a-size-base prodDetAttrValue\">\u200e1<\/td>\n<\/tr>\n<tr>\n<th class=\"a-color-secondary a-size-base prodDetSectionEntry\">Tamanho<\/th>\n<td class=\"a-size-base prodDetAttrValue\">\u200e3.4 Fl Oz (Pack of 1)<\/td>\n<\/tr>\n<tr>\n<th class=\"a-color-secondary a-size-base prodDetSectionEntry\">Tipo de Cabelo<\/th>\n<td class=\"a-size-base prodDetAttrValue\">\u200eNormal<\/td>\n<\/tr>\n<tr>\n<th class=\"a-color-secondary a-size-base prodDetSectionEntry\">Tipo de Pele<\/th>\n<td class=\"a-size-base prodDetAttrValue\">\u200eNormal<\/td>\n<\/tr>\n<tr>\n<th class=\"a-color-secondary a-size-base prodDetSectionEntry\">Modelo<\/th>\n<td class=\"a-size-base prodDetAttrValue\">\u200eAFNPFZ010<\/td>\n<\/tr>\n<tr>\n<th class=\"a-color-secondary a-size-base prodDetSectionEntry\">N\u00famero do modelo<\/th>\n<td class=\"a-size-base prodDetAttrValue\">\u200eAFNPFZ010<\/td>\n<\/tr>\n<tr>\n<th class=\"a-color-secondary a-size-base prodDetSectionEntry\">Dimens\u00f5es do produto<\/th>\n<td class=\"a-size-base prodDetAttrValue\">\u200e6,35 x 2,16 x 13,97 cm; 96,39 g<\/td>\n<\/tr>\n<tr>\n<th class=\"a-color-secondary a-size-base prodDetSectionEntry\">ASIN<\/th>\n<td class=\"a-size-base prodDetAttrValue\">\u200eB07RTQ4VM7<\/td>\n<\/tr>\n<tr>\n<th class=\"a-color-secondary a-size-base prodDetSectionEntry\">Funciona a bateria ou pilha?<\/th>\n<td class=\"a-size-base prodDetAttrValue\">\u200eN\u00e3o<\/td>\n<\/tr>\n<tr>\n<th class=\"a-color-secondary a-size-base prodDetSectionEntry\">EAN<\/th>\n<td class=\"a-size-base prodDetAttrValue\">\u200e6290171002338<\/td>\n<\/tr>\n<tr>\n<th class=\"a-color-secondary a-size-base prodDetSectionEntry\">Marca<\/th>\n<td class=\"a-size-base prodDetAttrValue\">\u200eAfnan<\/td>\n<\/tr>\n<\/tbody>\n<\/table>\n<\/div>\n<\/div>\n<\/div>\n<\/div>\n<\/div>\n<div class=\"a-row a-spacing-base\"><\/div>\n<\/div>\n<div class=\"a-column a-span6 a-span-last\">\n<div class=\"a-row a-spacing-base\">\n<div id=\"productDetails_db_sections\" class=\"a-section\">\n<h1 class=\"a-size-medium a-spacing-small secHeader\">Informa\u00e7\u00f5es adicionais<\/h1>\n<div class=\"a-section table-padding\">\n<table id=\"productDetails_detailBullets_sections1\" class=\"a-keyvalue prodDetTable\">\n<tbody>\n<tr>\n<th class=\"a-color-secondary a-size-base prodDetSectionEntry\">Dimens\u00f5es do pacote<\/th>\n<td class=\"a-size-base prodDetAttrValue\">16.7 x 8.7 x 4.2 cent\u00edmetros<\/td>\n<\/tr>\n<\/tbody>\n<\/table>\n<\/div>\n<\/div>\n<\/div>\n<\/div>\n<\/div>\n<\/div>\n<\/div>\n<\/div>\n<\/div>\n<\/div>\n<\/li>\n<\/ul>\n<\/div>\n<\/div>\n","protected":false},"excerpt":{"rendered":"<p>Aroma:\u00a0Masculina Tamanho:\u00a03.4 Fl Oz (Pack of 1) Marca Afnan Forma do produto L\u00edquido Volume do produto 100 Mililitros Aroma Masculina Caracter\u00edsticas especiais De longa dura\u00e7\u00e3o Sobre este item Eau de<\/p>\n","protected":false},"featured_media":14396,"comment_status":"open","ping_status":"closed","template":"","meta":[],"product_brand":[],"product_cat":[432],"product_tag":[],"class_list":{"0":"post-14395","1":"product","2":"type-product","3":"status-publish","4":"has-post-thumbnail","6":"product_cat-perfumes","7":"product_shipping_class-pac","9":"first","10":"instock","11":"shipping-taxable","12":"purchasable","13":"product-type-simple"},"_links":{"self":[{"href":"https:\/\/ambrosioeletro.com.br\/v20\/wp-json\/wp\/v2\/product\/14395","targetHints":{"allow":["GET"]}}],"collection":[{"href":"https:\/\/ambrosioeletro.com.br\/v20\/wp-json\/wp\/v2\/product"}],"about":[{"href":"https:\/\/ambrosioeletro.com.br\/v20\/wp-json\/wp\/v2\/types\/product"}],"replies":[{"embeddable":true,"href":"https:\/\/ambrosioeletro.com.br\/v20\/wp-json\/wp\/v2\/comments?post=14395"}],"wp:featuredmedia":[{"embeddable":true,"href":"https:\/\/ambrosioeletro.com.br\/v20\/wp-json\/wp\/v2\/media\/14396"}],"wp:attachment":[{"href":"https:\/\/ambrosioeletro.com.br\/v20\/wp-json\/wp\/v2\/media?parent=14395"}],"wp:term":[{"taxonomy":"product_brand","embeddable":true,"href":"https:\/\/ambrosioeletro.com.br\/v20\/wp-json\/wp\/v2\/product_brand?post=14395"},{"taxonomy":"product_cat","embeddable":true,"href":"https:\/\/ambrosioeletro.com.br\/v20\/wp-json\/wp\/v2\/product_cat?post=14395"},{"taxonomy":"product_tag","embeddable":true,"href":"https:\/\/ambrosioeletro.com.br\/v20\/wp-json\/wp\/v2\/product_tag?post=14395"}],"curies":[{"name":"wp","href":"https:\/\/api.w.org\/{rel}","templated":true}]}}