{"id":14408,"date":"2025-11-17T10:34:50","date_gmt":"2025-11-17T13:34:50","guid":{"rendered":"https:\/\/ambrosioeletro.com.br\/v20\/?post_type=product&#038;p=14408"},"modified":"2026-04-06T11:52:24","modified_gmt":"2026-04-06T14:52:24","slug":"smartphone-motorola-xt2523-2-g05-cinza-4gb-128gb-pb6k0033br","status":"publish","type":"product","link":"https:\/\/ambrosioeletro.com.br\/v20\/produto\/smartphone-motorola-xt2523-2-g05-cinza-4gb-128gb-pb6k0033br\/","title":{"rendered":"Smartphone Motorola Xt2523-2 G05 Cinza 4Gb 128Gb Pb6K0033Br"},"content":{"rendered":"<div class=\"css-cs5a0t\">\n<div class=\"dsvia-flex css-rtcfjm\" data-testid=\"dsvia-base-div\">\n<p class=\"dsvia-text css-bqvivw\">Mem\u00f3ria total<\/p>\n<p><span class=\"css-emfmc0\">128GB<\/span><\/p>\n<\/div>\n<\/div>\n<div class=\"css-cs5a0t\">\n<div class=\"dsvia-flex css-rtcfjm\" data-testid=\"dsvia-base-div\">\n<p class=\"dsvia-text css-bqvivw\">Tecnologia<\/p>\n<p><span class=\"css-emfmc0\">4G<\/span><\/p>\n<\/div>\n<\/div>\n<div class=\"css-cs5a0t\">\n<div class=\"dsvia-flex css-rtcfjm\" data-testid=\"dsvia-base-div\">\n<p class=\"dsvia-text css-bqvivw\">Cor<\/p>\n<p><span class=\"css-emfmc0\">Cinza<\/span><\/p>\n<\/div>\n<\/div>\n<div class=\"css-cs5a0t\">\n<div class=\"dsvia-flex css-rtcfjm\" data-testid=\"dsvia-base-div\">\n<p class=\"dsvia-text css-bqvivw\">Tamanho da Tela<\/p>\n<p><span class=\"css-emfmc0\">Acima de 5,5&#8243;<\/span><\/p>\n<\/div>\n<\/div>\n<div class=\"css-cs5a0t\">\n<div class=\"dsvia-flex css-rtcfjm\" data-testid=\"dsvia-base-div\">\n<p class=\"dsvia-text css-bqvivw\">Tipo<\/p>\n<p><span class=\"css-emfmc0\">Barra<\/span><\/p>\n<\/div>\n<\/div>\n<div class=\"css-cs5a0t\">\n<div class=\"dsvia-flex css-rtcfjm\" data-testid=\"dsvia-base-div\">\n<p class=\"dsvia-text css-bqvivw\">Grava v\u00eddeo<\/p>\n<p><span class=\"css-emfmc0\">Sim<\/span><\/p>\n<\/div>\n<\/div>\n<div class=\"css-cs5a0t\">\n<div class=\"dsvia-flex css-rtcfjm\" data-testid=\"dsvia-base-div\">\n<p class=\"dsvia-text css-bqvivw\">Slot para cart\u00e3o<\/p>\n<p><span class=\"css-emfmc0\">Sim<\/span><\/p>\n<\/div>\n<\/div>\n<div class=\"css-cs5a0t\">\n<div class=\"dsvia-flex css-rtcfjm\" data-testid=\"dsvia-base-div\">\n<p class=\"dsvia-text css-bqvivw\">Cart\u00e3o incluso<\/p>\n<p><span class=\"css-emfmc0\">N\u00e3o<\/span><\/p>\n<\/div>\n<\/div>\n<div class=\"css-cs5a0t\">\n<div class=\"dsvia-flex css-rtcfjm\" data-testid=\"dsvia-base-div\">\n<p class=\"dsvia-text css-bqvivw\">R\u00e1dio FM<\/p>\n<p><span class=\"css-emfmc0\">Sim<\/span><\/p>\n<\/div>\n<\/div>\n<div class=\"css-cs5a0t\">\n<div class=\"dsvia-flex css-rtcfjm\" data-testid=\"dsvia-base-div\">\n<p class=\"dsvia-text css-bqvivw\">MP3 player<\/p>\n<p><span class=\"css-emfmc0\">Sim<\/span><\/p>\n<\/div>\n<\/div>\n<div class=\"css-cs5a0t\">\n<div class=\"dsvia-flex css-rtcfjm\" data-testid=\"dsvia-base-div\">\n<p class=\"dsvia-text css-bqvivw\">Bluetooth<\/p>\n<p><span class=\"css-emfmc0\">Sim<\/span><\/p>\n<\/div>\n<\/div>\n<div class=\"css-cs5a0t\">\n<div class=\"dsvia-flex css-rtcfjm\" data-testid=\"dsvia-base-div\">\n<p class=\"dsvia-text css-bqvivw\">Bluetooth Est\u00e9reo (ou\u00e7a suas m\u00fasicas em um dispositivo Bluetooth)<\/p>\n<p><span class=\"css-emfmc0\">Sim<\/span><\/p>\n<\/div>\n<\/div>\n<div class=\"css-cs5a0t\">\n<div class=\"dsvia-flex css-rtcfjm\" data-testid=\"dsvia-base-div\">\n<p class=\"dsvia-text css-bqvivw\">Wi-Fi<\/p>\n<p><span class=\"css-emfmc0\">Sim<\/span><\/p>\n<\/div>\n<\/div>\n<div class=\"css-cs5a0t\">\n<div class=\"dsvia-flex css-rtcfjm\" data-testid=\"dsvia-base-div\">\n<p class=\"dsvia-text css-bqvivw\">Sincroniza\u00e7\u00e3o com PC<\/p>\n<p><span class=\"css-emfmc0\">Sim<\/span><\/p>\n<\/div>\n<\/div>\n<div class=\"css-cs5a0t\">\n<div class=\"dsvia-flex css-rtcfjm\" data-testid=\"dsvia-base-div\">\n<p class=\"dsvia-text css-bqvivw\">HSDPA (maior velocidade em download)<\/p>\n<p><span class=\"css-emfmc0\">Sim<\/span><\/p>\n<\/div>\n<\/div>\n<div class=\"css-cs5a0t\">\n<div class=\"dsvia-flex css-rtcfjm\" data-testid=\"dsvia-base-div\">\n<p class=\"dsvia-text css-bqvivw\">Visualizador de arquivos<\/p>\n<p><span class=\"css-emfmc0\">Sim<\/span><\/p>\n<\/div>\n<\/div>\n<div class=\"css-cs5a0t\">\n<div class=\"dsvia-flex css-rtcfjm\" data-testid=\"dsvia-base-div\">\n<p class=\"dsvia-text css-bqvivw\">Browser de internet<\/p>\n<p><span class=\"css-emfmc0\">HTML<\/span><\/p>\n<\/div>\n<\/div>\n<div class=\"css-cs5a0t\">\n<div class=\"dsvia-flex css-rtcfjm\" data-testid=\"dsvia-base-div\">\n<p class=\"dsvia-text css-bqvivw\">Suporte a GPS<\/p>\n<p><span class=\"css-emfmc0\">Sim<\/span><\/p>\n<\/div>\n<\/div>\n<div class=\"css-cs5a0t\">\n<div class=\"dsvia-flex css-rtcfjm\" data-testid=\"dsvia-base-div\">\n<p class=\"dsvia-text css-bqvivw\">Mensagens<\/p>\n<p><span class=\"css-emfmc0\">SMS<\/span><\/p>\n<\/div>\n<\/div>\n<div class=\"css-cs5a0t\">\n<div class=\"dsvia-flex css-rtcfjm\" data-testid=\"dsvia-base-div\">\n<p class=\"dsvia-text css-bqvivw\">Toques<\/p>\n<p><span class=\"css-emfmc0\">MP3<\/span><\/p>\n<\/div>\n<\/div>\n<div class=\"css-cs5a0t\">\n<div class=\"dsvia-flex css-rtcfjm\" data-testid=\"dsvia-base-div\">\n<p class=\"dsvia-text css-bqvivw\">Sistema Operacional<\/p>\n<p><span class=\"css-emfmc0\">&#8211; Android &#8211; Android<\/span><\/p>\n<\/div>\n<\/div>\n<div class=\"css-cs5a0t\">\n<div class=\"dsvia-flex css-rtcfjm\" data-testid=\"dsvia-base-div\">\n<p class=\"dsvia-text css-bqvivw\">Processador<\/p>\n<p><span class=\"css-emfmc0\">Octa Core<\/span><\/p>\n<\/div>\n<\/div>\n<div class=\"css-cs5a0t\">\n<div class=\"dsvia-flex css-rtcfjm\" data-testid=\"dsvia-base-div\">\n<p class=\"dsvia-text css-bqvivw\">RAM<\/p>\n<p><span class=\"css-emfmc0\">4.0 GB ou mais<\/span><\/p>\n<\/div>\n<\/div>\n<div class=\"css-cs5a0t\">\n<div class=\"dsvia-flex css-rtcfjm\" data-testid=\"dsvia-base-div\">\n<p class=\"dsvia-text css-bqvivw\">Mem\u00f3ria interna<\/p>\n<p><span class=\"css-emfmc0\">128 GB<\/span><\/p>\n<\/div>\n<\/div>\n<div class=\"css-cs5a0t\">\n<div class=\"dsvia-flex css-rtcfjm\" data-testid=\"dsvia-base-div\">\n<p class=\"dsvia-text css-bqvivw\">Formato de \u00e1udio<\/p>\n<p><span class=\"css-emfmc0\">WAV<\/span><\/p>\n<\/div>\n<\/div>\n<div class=\"css-cs5a0t\">\n<div class=\"dsvia-flex css-rtcfjm\" data-testid=\"dsvia-base-div\">\n<p class=\"dsvia-text css-bqvivw\">Formato de v\u00eddeo<\/p>\n<p><span class=\"css-emfmc0\">MP4<\/span><\/p>\n<\/div>\n<\/div>\n<div class=\"css-cs5a0t\">\n<div class=\"dsvia-flex css-rtcfjm\" data-testid=\"dsvia-base-div\">\n<p class=\"dsvia-text css-bqvivw\">Operadora<\/p>\n<p><span class=\"css-emfmc0\">Vivo<\/span><\/p>\n<\/div>\n<\/div>\n<div class=\"css-cs5a0t\">\n<div class=\"dsvia-flex css-rtcfjm\" data-testid=\"dsvia-base-div\">\n<p class=\"dsvia-text css-bqvivw\">Caracter\u00edsticas<\/p>\n<p><span class=\"css-emfmc0\">Leitor biom\u00e9trico<\/span><\/p>\n<\/div>\n<\/div>\n<div class=\"css-cs5a0t\">\n<div class=\"dsvia-flex css-rtcfjm\" data-testid=\"dsvia-base-div\">\n<p class=\"dsvia-text css-bqvivw\">Som<\/p>\n<p><span class=\"css-emfmc0\">Bluetooth Est\u00e9reo<\/span><\/p>\n<\/div>\n<\/div>\n<div class=\"css-cs5a0t\">\n<div class=\"dsvia-flex css-rtcfjm\" data-testid=\"dsvia-base-div\">\n<p class=\"dsvia-text css-bqvivw\">Caracter\u00edsticas Gerais<\/p>\n<p><span class=\"css-emfmc0\">Tela de 6,67 polegadas, prote\u00e7\u00e3o Gorilla Glass 3, sensor de impress\u00e3o digital lateral<\/span><\/p>\n<\/div>\n<div data-testid=\"dsvia-base-div\">\n<div class=\"css-cs5a0t\">\n<div class=\"dsvia-flex css-rtcfjm\" data-testid=\"dsvia-base-div\">\n<p class=\"dsvia-text css-bqvivw\">Conectividade<\/p>\n<p><span class=\"css-emfmc0\">GPS<\/span><\/p>\n<\/div>\n<\/div>\n<div class=\"css-cs5a0t\">\n<div class=\"dsvia-flex css-rtcfjm\" data-testid=\"dsvia-base-div\">\n<p class=\"dsvia-text css-bqvivw\">Frequ\u00eancias<\/p>\n<p><span class=\"css-emfmc0\">GSM 850\/900\/1800\/1900 MHz<\/span><\/p>\n<\/div>\n<\/div>\n<div class=\"css-cs5a0t\">\n<div class=\"dsvia-flex css-rtcfjm\" data-testid=\"dsvia-base-div\">\n<p class=\"dsvia-text css-bqvivw\">Quadriband GSM<\/p>\n<p><span class=\"css-emfmc0\">Sim<\/span><\/p>\n<\/div>\n<\/div>\n<div class=\"css-cs5a0t\">\n<div class=\"dsvia-flex css-rtcfjm\" data-testid=\"dsvia-base-div\">\n<p class=\"dsvia-text css-bqvivw\">Resolu\u00e7\u00e3o do visor\/display (pixels)<\/p>\n<p><span class=\"css-emfmc0\">720 x 1604<\/span><\/p>\n<\/div>\n<\/div>\n<div class=\"css-cs5a0t\">\n<div class=\"dsvia-flex css-rtcfjm\" data-testid=\"dsvia-base-div\">\n<p class=\"dsvia-text css-bqvivw\">Chips<\/p>\n<p><span class=\"css-emfmc0\">Dual Chip<\/span><\/p>\n<\/div>\n<\/div>\n<div class=\"css-cs5a0t\">\n<div class=\"dsvia-flex css-rtcfjm\" data-testid=\"dsvia-base-div\">\n<p class=\"dsvia-text css-bqvivw\">Tamanho do visor (cm)<\/p>\n<p><span class=\"css-emfmc0\">16,9 cm<\/span><\/p>\n<\/div>\n<\/div>\n<div class=\"css-cs5a0t\">\n<div class=\"dsvia-flex css-rtcfjm\" data-testid=\"dsvia-base-div\">\n<p class=\"dsvia-text css-bqvivw\">Tipo do Chip<\/p>\n<p><span class=\"css-emfmc0\">Nano SIM<\/span><\/p>\n<\/div>\n<\/div>\n<div class=\"css-cs5a0t\">\n<div class=\"dsvia-flex css-rtcfjm\" data-testid=\"dsvia-base-div\">\n<p class=\"dsvia-text css-bqvivw\">Bateria remov\u00edvel<\/p>\n<p><span class=\"css-emfmc0\">N\u00e3o<\/span><\/p>\n<\/div>\n<\/div>\n<div class=\"css-cs5a0t\">\n<div class=\"dsvia-flex css-rtcfjm\" data-testid=\"dsvia-base-div\">\n<p class=\"dsvia-text css-bqvivw\">Bateria (mAh)<\/p>\n<p><span class=\"css-emfmc0\">5200 mAh<\/span><\/p>\n<\/div>\n<\/div>\n<div class=\"css-cs5a0t\">\n<div class=\"dsvia-flex css-rtcfjm\" data-testid=\"dsvia-base-div\">\n<p class=\"dsvia-text css-bqvivw\">Processador<\/p>\n<p><span class=\"css-emfmc0\">Octa Core<\/span><\/p>\n<\/div>\n<\/div>\n<div class=\"css-cs5a0t\">\n<div class=\"dsvia-flex css-rtcfjm\" data-testid=\"dsvia-base-div\">\n<p class=\"dsvia-text css-bqvivw\">Mem\u00f3ria RAM<\/p>\n<p><span class=\"css-emfmc0\">4.0 GB ou mais<\/span><\/p>\n<\/div>\n<\/div>\n<div class=\"css-cs5a0t\">\n<div class=\"dsvia-flex css-rtcfjm\" data-testid=\"dsvia-base-div\">\n<p class=\"dsvia-text css-bqvivw\">Resolu\u00e7\u00e3o c\u00e2mera frontal<\/p>\n<p><span class=\"css-emfmc0\">&#8211; De 5.0 a 8.9 MP &#8211; 8 MP<\/span><\/p>\n<\/div>\n<\/div>\n<div class=\"css-cs5a0t\">\n<div class=\"dsvia-flex css-rtcfjm\" data-testid=\"dsvia-base-div\">\n<p class=\"dsvia-text css-bqvivw\">Resolu\u00e7\u00e3o c\u00e2mera traseira<\/p>\n<p><span class=\"css-emfmc0\">9.0 MP ou mais<\/span><\/p>\n<\/div>\n<\/div>\n<div class=\"css-cs5a0t\">\n<div class=\"dsvia-flex css-rtcfjm\" data-testid=\"dsvia-base-div\">\n<p class=\"dsvia-text css-bqvivw\">C\u00e2mera<\/p>\n<p><span class=\"css-emfmc0\">C\u00e2mera Traseira<\/span><\/p>\n<\/div>\n<\/div>\n<div class=\"css-cs5a0t\">\n<div class=\"dsvia-flex css-rtcfjm\" data-testid=\"dsvia-base-div\">\n<p class=\"dsvia-text css-bqvivw\">Resolu\u00e7\u00e3o da c\u00e2mera traseira<\/p>\n<p><span class=\"css-emfmc0\">9.0 MP ou mais<\/span><\/p>\n<\/div>\n<\/div>\n<div class=\"css-cs5a0t\">\n<div class=\"dsvia-flex css-rtcfjm\" data-testid=\"dsvia-base-div\">\n<p class=\"dsvia-text css-bqvivw\">Resolu\u00e7\u00e3o c\u00e2mera traseira tripla<\/p>\n<p><span class=\"css-emfmc0\">N\u00e3o possui<\/span><\/p>\n<\/div>\n<\/div>\n<div class=\"css-cs5a0t\">\n<div class=\"dsvia-flex css-rtcfjm\" data-testid=\"dsvia-base-div\">\n<p class=\"dsvia-text css-bqvivw\">Resolu\u00e7\u00e3o c\u00e2mera traseira qu\u00e1drupla<\/p>\n<p><span class=\"css-emfmc0\">N\u00e3o possui<\/span><\/p>\n<\/div>\n<\/div>\n<div class=\"css-cs5a0t\">\n<div class=\"dsvia-flex css-rtcfjm\" data-testid=\"dsvia-base-div\">\n<p class=\"dsvia-text css-bqvivw\">N\u00famero Homologa\u00e7\u00e3o Anatel<\/p>\n<p><span class=\"css-emfmc0\">082682400330<\/span><\/p>\n<\/div>\n<\/div>\n<div class=\"css-cs5a0t\">\n<div class=\"dsvia-flex css-rtcfjm\" data-testid=\"dsvia-base-div\">\n<p class=\"dsvia-text css-bqvivw\">ANATEL: ATEN\u00c7\u00c3O!<\/p>\n<p><span class=\"css-emfmc0\">A venda de produtos para telecomunica\u00e7\u00f5es sem homologa\u00e7\u00e3o da Anatel \u00e9 pr\u00e1tica ilegal.<\/span><\/p>\n<\/div>\n<\/div>\n<div class=\"css-cs5a0t\">\n<div class=\"dsvia-flex css-rtcfjm\" data-testid=\"dsvia-base-div\">\n<p class=\"dsvia-text css-bqvivw\">Tens\u00e3o\/Voltagem<\/p>\n<p><span class=\"css-emfmc0\">bivolt<\/span><\/p>\n<\/div>\n<\/div>\n<div class=\"css-cs5a0t\">\n<div class=\"dsvia-flex css-rtcfjm\" data-testid=\"dsvia-base-div\">\n<p class=\"dsvia-text css-bqvivw\">Garantia<\/p>\n<p><span class=\"css-emfmc0\">12 meses<\/span><\/p>\n<\/div>\n<\/div>\n<div class=\"css-cs5a0t\">\n<div class=\"dsvia-flex css-rtcfjm\" data-testid=\"dsvia-base-div\">\n<p class=\"dsvia-text css-bqvivw\">Observa\u00e7\u00f5es<\/p>\n<p><span class=\"css-emfmc0\">Tela LCD com 1.000 nits de brilho e taxa de 90 Hz<\/span><\/p>\n<\/div>\n<\/div>\n<div class=\"css-cs5a0t\">\n<div class=\"dsvia-flex css-rtcfjm\" data-testid=\"dsvia-base-div\">\n<p class=\"dsvia-text css-bqvivw\">EAN<\/p>\n<p><span class=\"css-emfmc0\">7892597355297<\/span><\/p>\n<\/div>\n<div data-testid=\"dsvia-base-div\">Smartphone motorola xt2523-2 g05 cinza 4gb 128gb &#8211; pb6k0033br Especifica\u00e7\u00f5es t\u00e9cnicas Descri\u00e7\u00e3o Smartphone xt2523-2 g05 cinza 4gb 128gb Fabricante Motorola Sku Pb6k0033br Ean 7892597355297 Performance Sistema operacional Android 15 Mem\u00f3ria ram 12 gb ram boost Armazenamento Armazenamento total: 128 gb Mem\u00f3ria externa: micro sd 1 tb Processador Helio g81 2,0 ghz octa-core g52 mc2 Tela Informa\u00e7\u00e3o de tela Tela de 6,7 hd+ 720 x 1612 ips 90 hz Bateria Tamanho da bateria 5200 mah Tipo de carregador Carregador r\u00e1pido 10 w Sensores Aceler\u00f4metro Proximidade Luz ambiente Desbloqueio facial Impress\u00e3o digital na lateral Design Peso 188,8 Dimens\u00f5es Altura mm : 165,67 Largura mm : 75,98 Profundidade mm : 8,17 Entradas Entrada p2 fone de ouvido C\u00e2mera C\u00e2mera traseira C\u00e2mera principal: 50 mp lente 74,2 abertura f\/1,8 Zoom digital: 6x Flash: sim led C\u00e2mera frontal C\u00e2mera principal frontal: 8 mp lente 80 abertura f\/2,05 Captura de v\u00eddeo: full hd 30 fps Conectividade Bandas 2g &#8211; gsm 850\/900\/1800\/1900 mhz 3g &#8211; wcdma 850\/900\/1700\/1900\/2100 mhz 4g &#8211; lte b1 \/b2 \/b3 \/b4 \/b5 \/b7 \/b8 \/b13 \/b25 \/b26 \/b28 \/b38 \/b40 \/b66 Nfc N\u00e3o Cart\u00e3o sim Nano sim 4ff dual chip + sd card Wi-fi 802.11 a\/b\/g\/n\/ac 2,4 ghz e 5 ghz Bluetooth Bluetooth 5.4 Radio fm Sim Servi\u00e7os de localiza\u00e7\u00e3o Gps; glonass, galileo; qzss Conte\u00fado da caixa 01 telefone 01 manual 01 cabo usb-a \/ usb-c 01 carregador de parede 01 ferramenta de remo\u00e7\u00e3o do chip fabricante 12 meses Cor: cinza Tipo de tela: hd Tamanho da tela: 6,7 Resolucoes de display: hd+ 720 x 1612 Caracteristicas: tela com o maior brilho da categoria no mundo. Alta performance: at\u00e9 12 gb de ram boost inteligente C\u00e2mera de 50 mp com ia, night vision autom\u00e1tico At\u00e9 40 horas longe da tomada Design sofisticado e acabamento em vegan leather Sistema operacional: android 15 Processador: helio g81 2,0 ghz octa-core Cpu: gpu &#8211; g52 mc2 Armazenamento total: 128 gb Armazenamento disponivel: 110 gb Memoria ram: 12 gb ram boost Modelo sim card chip: nano sim 4ff Memoria externa: micro sd 1 tb Entrada do chip: dual chip + sd card Camera frontal: 8 mp Camera principal frontal: 8 mp lente 80 abertura f\/2,05 Bateria: 5200 mah Tipo de conector: usb-c Tipo de carregador: carregador r\u00e1pido 10 w Cameras traseira: 50 mp Camera principal: 50 mp lente 74,2 abertura f\/1,8 Zoom digital: 6x Zoom optico: n\u00e3o Zoom combinado: n\u00e3o Flash: sim led Foco: auto foco af Formato de gravacao de video: mp4 Resolucao de gravacao de video: full hd 30 fps Bluetooth: bluetooth 5.4 Wifi: 802.11 a\/b\/g\/n\/ac 2,4 ghz e 5 ghz Gps: gps; glonass, galileo; qzss Radio fm: sim Tv digital: n\u00e3o Entrada p2 fone de ouvido: sim Microfone: 1 microfone Altofalante: 2 alto-falantes dolby atmos Bandas: wcdma 850\/900\/1700\/1900\/2100 mhz 4g &#8211; lte b1 \/b2 \/b3 \/b4 \/b5 \/b7 Rede de internet: sim Meta title: smartphone motorola xt2523-2 g05 cinza 4gb 128gb &#8211; pb6k0033br Meta description: o smartphone motorola xt2523-2 g05 cinza tem 4gb ram, 128gb de armazenamento, tela ampla e bateria duradoura. Desempenho equilibrado e \u00f3timo custo-benef\u00edcio para o dia a dia Altura sem embalagem: 0 Comprimento sem embalagem: 0 Largura sem embalagem: 0 Product obsolete: n\u00e3o Peso bruto sem embalagem: 0,00 Peso liquido sem embalagem: 0,00 Homologa\u00e7\u00e3o Anatel: 179422213686<br \/>\nMarca: Motorola Mobility<\/div>\n<div data-testid=\"dsvia-base-div\"><\/div>\n<\/div>\n<\/div>\n<\/div>\n","protected":false},"excerpt":{"rendered":"<p>Mem\u00f3ria total 128GB Tecnologia 4G Cor Cinza Tamanho da Tela Acima de 5,5&#8243; Tipo Barra Grava v\u00eddeo Sim Slot para cart\u00e3o Sim Cart\u00e3o incluso N\u00e3o R\u00e1dio FM Sim MP3 player<\/p>\n","protected":false},"featured_media":14412,"comment_status":"open","ping_status":"closed","template":"","meta":[],"product_brand":[],"product_cat":[15],"product_tag":[],"class_list":{"0":"post-14408","1":"product","2":"type-product","3":"status-publish","4":"has-post-thumbnail","6":"product_cat-produtos","7":"product_shipping_class-pac","9":"first","10":"instock","11":"shipping-taxable","12":"purchasable","13":"product-type-simple"},"_links":{"self":[{"href":"https:\/\/ambrosioeletro.com.br\/v20\/wp-json\/wp\/v2\/product\/14408","targetHints":{"allow":["GET"]}}],"collection":[{"href":"https:\/\/ambrosioeletro.com.br\/v20\/wp-json\/wp\/v2\/product"}],"about":[{"href":"https:\/\/ambrosioeletro.com.br\/v20\/wp-json\/wp\/v2\/types\/product"}],"replies":[{"embeddable":true,"href":"https:\/\/ambrosioeletro.com.br\/v20\/wp-json\/wp\/v2\/comments?post=14408"}],"wp:featuredmedia":[{"embeddable":true,"href":"https:\/\/ambrosioeletro.com.br\/v20\/wp-json\/wp\/v2\/media\/14412"}],"wp:attachment":[{"href":"https:\/\/ambrosioeletro.com.br\/v20\/wp-json\/wp\/v2\/media?parent=14408"}],"wp:term":[{"taxonomy":"product_brand","embeddable":true,"href":"https:\/\/ambrosioeletro.com.br\/v20\/wp-json\/wp\/v2\/product_brand?post=14408"},{"taxonomy":"product_cat","embeddable":true,"href":"https:\/\/ambrosioeletro.com.br\/v20\/wp-json\/wp\/v2\/product_cat?post=14408"},{"taxonomy":"product_tag","embeddable":true,"href":"https:\/\/ambrosioeletro.com.br\/v20\/wp-json\/wp\/v2\/product_tag?post=14408"}],"curies":[{"name":"wp","href":"https:\/\/api.w.org\/{rel}","templated":true}]}}