{"id":14564,"date":"2025-11-28T12:20:04","date_gmt":"2025-11-28T15:20:04","guid":{"rendered":"https:\/\/ambrosioeletro.com.br\/v20\/?post_type=product&#038;p=14564"},"modified":"2026-04-06T14:59:00","modified_gmt":"2026-04-06T17:59:00","slug":"kian-air-fryer-35-litros-127v-preto-1500w-af-102","status":"publish","type":"product","link":"https:\/\/ambrosioeletro.com.br\/v20\/produto\/kian-air-fryer-35-litros-127v-preto-1500w-af-102\/","title":{"rendered":"Air Fryer 4,2 litros 127V Preto 1650W AF-103 Kian"},"content":{"rendered":"<div id=\"productOverview_feature_div\" class=\"celwidget\" data-feature-name=\"productOverview_nonPets\" data-csa-c-type=\"widget\" data-csa-c-content-id=\"productOverview_nonPets\" data-csa-c-slot-id=\"productOverview_feature_div\" data-csa-c-asin=\"B0DHW494KD\" data-csa-c-is-in-initial-active-row=\"false\" data-csa-c-id=\"jimymj-8zq3y4-9renhx-ev71ci\" data-cel-widget=\"productOverview_feature_div\">\n<div class=\"a-section a-spacing-small a-spacing-top-small\">\n<table class=\"a-normal a-spacing-micro\" role=\"list\">\n<tbody>\n<tr class=\"a-spacing-small po-item_depth_width_height\" role=\"listitem\">\n<td class=\"a-span3\" role=\"presentation\"><span class=\"a-size-base a-text-bold\">Dimens\u00f5es do produto<\/span><\/td>\n<td class=\"a-span9\" role=\"presentation\"><span class=\"a-size-base po-break-word\">1P x 32,5L x 33,2A cent\u00edmetros<\/span><\/td>\n<\/tr>\n<tr class=\"a-spacing-small po-color\" role=\"listitem\">\n<td class=\"a-span3\" role=\"presentation\"><span class=\"a-size-base a-text-bold\">Cor<\/span><\/td>\n<td class=\"a-span9\" role=\"presentation\"><span class=\"a-size-base po-break-word\">Preto<\/span><\/td>\n<\/tr>\n<tr class=\"a-spacing-small po-capacity\" role=\"listitem\">\n<td class=\"a-span3\" role=\"presentation\"><span class=\"a-size-base a-text-bold\">Capacidade<\/span><\/td>\n<td class=\"a-span9\" role=\"presentation\"><span class=\"a-size-base po-break-word\">4,2 Litros<\/span><\/td>\n<\/tr>\n<tr class=\"a-spacing-small po-material\" role=\"listitem\">\n<td class=\"a-span3\" role=\"presentation\"><span class=\"a-size-base a-text-bold\">Material<\/span><\/td>\n<td class=\"a-span9\" role=\"presentation\"><span class=\"a-size-base po-break-word\">Pl\u00e1stico<\/span><\/td>\n<\/tr>\n<tr class=\"a-spacing-small po-recommended_uses_for_product\" role=\"listitem\">\n<td class=\"a-span3\" role=\"presentation\"><span class=\"a-size-base a-text-bold\">Adequa\u00e7\u00e3o do controle por r\u00e1dio<\/span><\/td>\n<td class=\"a-span9\" role=\"presentation\"><span class=\"a-size-base po-break-word\">Assar, Cozinhar, Desidratar, Grelhar<\/span><\/td>\n<\/tr>\n<\/tbody>\n<\/table>\n<\/div>\n<\/div>\n<div id=\"collectiblesKeyInformation_feature_div\" class=\"celwidget\" data-feature-name=\"collectiblesKeyInformation\" data-csa-c-type=\"widget\" data-csa-c-content-id=\"collectiblesKeyInformation\" data-csa-c-slot-id=\"collectiblesKeyInformation_feature_div\" data-csa-c-asin=\"B0DHW494KD\" data-csa-c-is-in-initial-active-row=\"false\" data-csa-c-id=\"hysxws-le6l4i-4njtmt-h1nfwe\" data-cel-widget=\"collectiblesKeyInformation_feature_div\"><\/div>\n<div id=\"featurebullets_feature_div\" class=\"celwidget\" data-feature-name=\"featurebullets_nonPets\" data-csa-c-type=\"widget\" data-csa-c-content-id=\"featurebullets_nonPets\" data-csa-c-slot-id=\"featurebullets_feature_div\" data-csa-c-asin=\"B0DHW494KD\" data-csa-c-is-in-initial-active-row=\"false\" data-csa-c-id=\"pzw5wh-806dqh-3kkkv1-yxtuxp\" data-cel-widget=\"featurebullets_feature_div\">\n<div id=\"feature-bullets\" class=\"a-section a-spacing-medium a-spacing-top-small\">\n<hr class=\"a-divider-normal\" aria-hidden=\"true\" \/>\n<h1 class=\"a-size-base-plus a-text-bold\">Sobre este item<\/h1>\n<ul class=\"a-unordered-list a-vertical a-spacing-mini\">\n<li class=\"a-spacing-mini\"><span class=\"a-list-item\">Air Fryer<\/span><\/li>\n<li class=\"a-spacing-mini\"><span class=\"a-list-item\">Dimens\u00f5es compactas de 1 cm x 32,5 cm x 33,2 cm, adequado para diversos espa\u00e7os na cozinha<\/span><\/li>\n<li class=\"a-spacing-mini\"><span class=\"a-list-item\">Pot\u00eancia de 1650W e voltagem de 127V, garantindo um cozimento r\u00e1pido e eficiente<\/span><\/li>\n<li>\n<div id=\"productDetails_feature_div\" class=\"celwidget pd_rd_w-7Mafi pd_rd_r-XF5ERZB7V72GZ7TQ5WMC pd_rd_wg-zlPg3\" data-feature-name=\"productDetailsHomeAndGarden_Updated\" data-csa-c-type=\"widget\" data-csa-c-content-id=\"productDetailsHomeAndGarden_Updated\" data-csa-c-slot-id=\"productDetails_feature_div\" data-csa-c-asin=\"\" data-csa-c-is-in-initial-active-row=\"false\" data-csa-c-id=\"iie3e1-enal3o-4ffuvg-nmh82r\" data-cel-widget=\"productDetails_feature_div\">\n<div>\n<div id=\"prodDetails\" class=\"a-section a-spacing-none\">\n<h2>Especifica\u00e7\u00f5es do produto<\/h2>\n<div class=\"a-row\">\n<div class=\"a-column a-span12 a-span-last\">\n<div class=\"a-row a-spacing-top-base\">\n<div class=\"a-column a-span6\">\n<div class=\"a-row a-spacing-base\">\n<div class=\"a-row a-expander-container a-expander-extend-container\">\n<div class=\"a-row\">\n<div class=\"a-column a-span6\">\n<h1 class=\"a-size-medium a-spacing-small\">Detalhes t\u00e9cnicos<\/h1>\n<\/div>\n<\/div>\n<div class=\"a-expander-content a-expander-extend-content\" data-expanded=\"true\">\n<div class=\"a-row a-expander-container a-expander-inline-container\">\n<div class=\"a-expander-content a-expander-section-content a-section-expander-inner\" data-expanded=\"true\">\n<table id=\"productDetails_techSpec_section_1\" class=\"a-keyvalue prodDetTable\">\n<tbody>\n<tr>\n<th class=\"a-color-secondary a-size-base prodDetSectionEntry\">Nome da marca<\/th>\n<td class=\"a-size-base prodDetAttrValue\">\u200eKian<\/td>\n<\/tr>\n<tr>\n<th class=\"a-color-secondary a-size-base prodDetSectionEntry\">Fabricante<\/th>\n<td class=\"a-size-base prodDetAttrValue\">\u200eKian<\/td>\n<\/tr>\n<tr>\n<th class=\"a-color-secondary a-size-base prodDetSectionEntry\">Modelo<\/th>\n<td class=\"a-size-base prodDetAttrValue\">\u200e24276<\/td>\n<\/tr>\n<tr>\n<th class=\"a-color-secondary a-size-base prodDetSectionEntry\">Cor<\/th>\n<td class=\"a-size-base prodDetAttrValue\">\u200ePreto<\/td>\n<\/tr>\n<tr>\n<th class=\"a-color-secondary a-size-base prodDetSectionEntry\">Registro no Inmetro<\/th>\n<td class=\"a-size-base prodDetAttrValue\">\u200eN\u00e3o aplic\u00e1vel<\/td>\n<\/tr>\n<tr>\n<th class=\"a-color-secondary a-size-base prodDetSectionEntry\">N\u00famero da pe\u00e7a<\/th>\n<td class=\"a-size-base prodDetAttrValue\">\u200e24276<\/td>\n<\/tr>\n<tr>\n<th class=\"a-color-secondary a-size-base prodDetSectionEntry\"><\/th>\n<td class=\"a-size-base prodDetAttrValue\"><\/td>\n<\/tr>\n<tr>\n<th class=\"a-color-secondary a-size-base prodDetSectionEntry\">N\u00famero de unidades<\/th>\n<td class=\"a-size-base prodDetAttrValue\">\u200e1<\/td>\n<\/tr>\n<tr>\n<th class=\"a-color-secondary a-size-base prodDetSectionEntry\">Watts de sa\u00edda<\/th>\n<td class=\"a-size-base prodDetAttrValue\">\u200e1650 Watts<\/td>\n<\/tr>\n<tr>\n<th class=\"a-color-secondary a-size-base prodDetSectionEntry\">Voltagem<\/th>\n<td class=\"a-size-base prodDetAttrValue\">\u200e110<\/td>\n<\/tr>\n<tr>\n<th class=\"a-color-secondary a-size-base prodDetSectionEntry\">Etiqueta Nacional de Efici\u00eancia Energ\u00e9tica (ENCE)<\/th>\n<td class=\"a-size-base prodDetAttrValue\">\u200e80-200\u00b0C<\/td>\n<\/tr>\n<tr>\n<th class=\"a-color-secondary a-size-base prodDetSectionEntry\">Tipo de fonte de energia<\/th>\n<td class=\"a-size-base prodDetAttrValue\">\u200eEnergia el\u00e9trica<\/td>\n<\/tr>\n<tr>\n<th class=\"a-color-secondary a-size-base prodDetSectionEntry\">Funciona com baterias<\/th>\n<td class=\"a-size-base prodDetAttrValue\">\u200eN\u00e3o<\/td>\n<\/tr>\n<tr>\n<th class=\"a-color-secondary a-size-base prodDetSectionEntry\">Tipo de material<\/th>\n<td class=\"a-size-base prodDetAttrValue\">\u200ePl\u00e1stico<\/td>\n<\/tr>\n<tr>\n<th class=\"a-color-secondary a-size-base prodDetSectionEntry\">Fabricante<\/th>\n<td class=\"a-size-base prodDetAttrValue\">\u200eKian<\/td>\n<\/tr>\n<tr>\n<th class=\"a-color-secondary a-size-base prodDetSectionEntry\">N\u00famero do modelo<\/th>\n<td class=\"a-size-base prodDetAttrValue\">\u200e24276<\/td>\n<\/tr>\n<tr>\n<th class=\"a-color-secondary a-size-base prodDetSectionEntry\">Dimens\u00f5es do produto<\/th>\n<td class=\"a-size-base prodDetAttrValue\">\u200e1 x 32,5 x 33,2 cm; 4,48 quilogramas<\/td>\n<\/tr>\n<tr>\n<th class=\"a-color-secondary a-size-base prodDetSectionEntry\">ASIN<\/th>\n<td class=\"a-size-base prodDetAttrValue\">\u200eB0DHW494KD<\/td>\n<\/tr>\n<tr>\n<th class=\"a-color-secondary a-size-base prodDetSectionEntry\">EAN<\/th>\n<td class=\"a-size-base prodDetAttrValue\">\u200e7899710022265<\/td>\n<\/tr>\n<\/tbody>\n<\/table>\n<\/div>\n<\/div>\n<\/div>\n<\/div>\n<\/div>\n<div class=\"a-row a-spacing-base\"><\/div>\n<\/div>\n<div class=\"a-column a-span6 a-span-last\">\n<div class=\"a-row a-spacing-base\">\n<div id=\"productDetails_db_sections\" class=\"a-section\">\n<h1 class=\"a-size-medium a-spacing-small secHeader\">Informa\u00e7\u00f5es adicionais<\/h1>\n<div class=\"a-section table-padding\">\n<table id=\"productDetails_detailBullets_sections1\" class=\"a-keyvalue prodDetTable\">\n<tbody>\n<tr>\n<th class=\"a-color-secondary a-size-base prodDetSectionEntry\">Dimens\u00f5es do pacote<\/th>\n<td class=\"a-size-base prodDetAttrValue\">33.5 x 32 x 32 cent\u00edmetros<\/td>\n<\/tr>\n<tr>\n<th class=\"a-color-secondary a-size-base prodDetSectionEntry\">Dispon\u00edvel para compra desde<\/th>\n<td class=\"a-size-base prodDetAttrValue\">24 setembro 2024<\/td>\n<\/tr>\n<tr>\n<th class=\"a-color-secondary a-size-base prodDetSectionEntry\">Avalia\u00e7\u00f5es de clientes<\/th>\n<td class=\"a-size-base\">\n<div id=\"averageCustomerReviews\" data-asin=\"B0DHW494KD\" data-ref=\"dpx_acr_pop_\"><span class=\"a-declarative\" data-action=\"acrStarsLink-click-metrics\" data-acrstarslink-click-metrics=\"{}\"><span id=\"acrPopover\" class=\"reviewCountTextLinkedHistogram noUnderline\" title=\"5,0 de 5 estrelas\"><a class=\"a-popover-trigger a-declarative mvt-cm-cr-review-stars-mini-popover\" role=\"button\"><span class=\"a-size-small a-color-base\" aria-hidden=\"true\">5,0\u00a0<\/span><i class=\"a-icon a-icon-star-mini a-star-mini-5 mvt-cm-cr-review-stars-mini\"><span class=\"a-icon-alt\">5,0 de 5 estrelas<\/span><\/i>\u00a0<i class=\"a-icon a-icon-popover\"><\/i><\/a>\u00a0<\/span><\/span>\u00a0<span class=\"a-declarative\" data-action=\"acrLink-click-metrics\" data-acrlink-click-metrics=\"{}\"><a id=\"acrCustomerReviewLink\" class=\"a-link-normal\" href=\"https:\/\/www.amazon.com.br\/Fryer-litros-Preto-AF-103-Kian\/dp\/B0DHW494KD\/ref=asc_df_B0DHW494KD?mcid=b4aa70fcbcfa39fca94d9f1757a991a5&amp;tag=googleshopp00-20&amp;linkCode=df0&amp;hvadid=759181789176&amp;hvpos=&amp;hvnetw=g&amp;hvrand=1216998873949134829&amp;hvpone=&amp;hvptwo=&amp;hvqmt=&amp;hvdev=c&amp;hvdvcmdl=&amp;hvlocint=&amp;hvlocphy=9217736&amp;hvtargid=pla-2438481683683&amp;psc=1&amp;language=pt_BR&amp;gad_source=1#averageCustomerReviewsAnchor\"><span id=\"acrCustomerReviewText\" class=\"a-size-small\" aria-label=\"3 An\u00e1lises\">(3)<\/span><\/a><\/span><\/div>\n<p>5,0 de 5 estrelas<\/td>\n<\/tr>\n<tr>\n<th class=\"a-color-secondary a-size-base prodDetSectionEntry\">Ranking dos mais vendidos<\/th>\n<td>\n<ul class=\"a-unordered-list a-nostyle a-vertical\">\n<li><span class=\"a-list-item\">N\u00ba 52.887 em Cozinha (<a href=\"https:\/\/www.amazon.com.br\/gp\/bestsellers\/kitchen\/ref=pd_zg_ts_kitchen\">Conhe\u00e7a o Top 100 na categoria Cozinha<\/a>)<\/span><\/li>\n<li><span class=\"a-list-item\">N\u00ba 456 em\u00a0<a href=\"https:\/\/www.amazon.com.br\/gp\/bestsellers\/kitchen\/23575040011\/ref=pd_zg_hrsr_kitchen\">Air Fryers<\/a><\/span><\/li>\n<\/ul>\n<\/td>\n<\/tr>\n<\/tbody>\n<\/table>\n<\/div>\n<\/div>\n<\/div>\n<div class=\"a-row a-spacing-base\"><\/div>\n<div class=\"a-row\"><\/div>\n<\/div>\n<\/div>\n<\/div>\n<\/div>\n<\/div>\n<\/div>\n<\/div>\n<div id=\"productDescription_feature_div\" class=\"celwidget pd_rd_w-gY3K3 pd_rd_r-XF5ERZB7V72GZ7TQ5WMC pd_rd_wg-zlPg3\" data-feature-name=\"productDescription-3\" data-csa-c-type=\"widget\" data-csa-c-content-id=\"productDescription-3\" data-csa-c-slot-id=\"productDescription_feature_div\" data-csa-c-asin=\"\" data-csa-c-is-in-initial-active-row=\"false\" data-csa-c-id=\"kn8zs1-c7p1eu-281djy-1j1rr0\" data-cel-widget=\"productDescription_feature_div\">\n<div>\n<div id=\"productDescription_feature_div\" class=\"a-row feature\" data-feature-name=\"productDescription\" data-template-name=\"productDescription\" data-cel-widget=\"productDescription_feature_div\">\n<div class=\"a-divider a-divider-section\">\n<div class=\"a-divider-inner\"><\/div>\n<\/div>\n<h2 class=\"default\">Descri\u00e7\u00e3o do produto<\/h2>\n<div id=\"productDescription\" class=\"a-section a-spacing-small\">\n<p>Air Fryer 4,2 litros 127V Preto 1650W AF-103 Kian<\/p>\n<\/div>\n<\/div>\n<\/div>\n<\/div>\n<\/li>\n<\/ul>\n<\/div>\n<\/div>\n","protected":false},"excerpt":{"rendered":"<p>Dimens\u00f5es do produto 1P x 32,5L x 33,2A cent\u00edmetros Cor Preto Capacidade 4,2 Litros Material Pl\u00e1stico Adequa\u00e7\u00e3o do controle por r\u00e1dio Assar, Cozinhar, Desidratar, Grelhar Sobre este item Air Fryer<\/p>\n","protected":false},"featured_media":14999,"comment_status":"open","ping_status":"closed","template":"","meta":[],"product_brand":[],"product_cat":[15],"product_tag":[],"class_list":{"0":"post-14564","1":"product","2":"type-product","3":"status-publish","4":"has-post-thumbnail","6":"product_cat-produtos","7":"product_shipping_class-retirar-no-local","9":"first","10":"instock","11":"shipping-taxable","12":"purchasable","13":"product-type-simple"},"_links":{"self":[{"href":"https:\/\/ambrosioeletro.com.br\/v20\/wp-json\/wp\/v2\/product\/14564","targetHints":{"allow":["GET"]}}],"collection":[{"href":"https:\/\/ambrosioeletro.com.br\/v20\/wp-json\/wp\/v2\/product"}],"about":[{"href":"https:\/\/ambrosioeletro.com.br\/v20\/wp-json\/wp\/v2\/types\/product"}],"replies":[{"embeddable":true,"href":"https:\/\/ambrosioeletro.com.br\/v20\/wp-json\/wp\/v2\/comments?post=14564"}],"wp:featuredmedia":[{"embeddable":true,"href":"https:\/\/ambrosioeletro.com.br\/v20\/wp-json\/wp\/v2\/media\/14999"}],"wp:attachment":[{"href":"https:\/\/ambrosioeletro.com.br\/v20\/wp-json\/wp\/v2\/media?parent=14564"}],"wp:term":[{"taxonomy":"product_brand","embeddable":true,"href":"https:\/\/ambrosioeletro.com.br\/v20\/wp-json\/wp\/v2\/product_brand?post=14564"},{"taxonomy":"product_cat","embeddable":true,"href":"https:\/\/ambrosioeletro.com.br\/v20\/wp-json\/wp\/v2\/product_cat?post=14564"},{"taxonomy":"product_tag","embeddable":true,"href":"https:\/\/ambrosioeletro.com.br\/v20\/wp-json\/wp\/v2\/product_tag?post=14564"}],"curies":[{"name":"wp","href":"https:\/\/api.w.org\/{rel}","templated":true}]}}