{"id":14567,"date":"2025-11-28T12:22:50","date_gmt":"2025-11-28T15:22:50","guid":{"rendered":"https:\/\/ambrosioeletro.com.br\/v20\/?post_type=product&#038;p=14567"},"modified":"2025-12-18T16:39:25","modified_gmt":"2025-12-18T19:39:25","slug":"kian-fogao-eletrico-chapa-dupla-220v-preto-fg-101","status":"publish","type":"product","link":"https:\/\/ambrosioeletro.com.br\/v20\/produto\/kian-fogao-eletrico-chapa-dupla-220v-preto-fg-101\/","title":{"rendered":"Kian &#8211; Fog\u00e3o El\u00e9trico Chapa Dupla 220V Preto FG-101"},"content":{"rendered":"<h2>Especifica\u00e7\u00f5es do produto<\/h2>\n<div class=\"a-row\">\n<div class=\"a-column a-span12 a-span-last\">\n<div class=\"a-row a-spacing-top-base\">\n<div class=\"a-column a-span6\">\n<div class=\"a-row a-spacing-base\">\n<div class=\"a-row a-expander-container a-expander-extend-container\">\n<div class=\"a-row\">\n<div class=\"a-column a-span6\">\n<h1 class=\"a-size-medium a-spacing-small\">Detalhes t\u00e9cnicos<\/h1>\n<\/div>\n<\/div>\n<div class=\"a-expander-content a-expander-extend-content\" data-expanded=\"true\">\n<div class=\"a-row a-expander-container a-expander-inline-container\">\n<div class=\"a-expander-content a-expander-section-content a-section-expander-inner\" data-expanded=\"true\">\n<table id=\"productDetails_techSpec_section_1\" class=\"a-keyvalue prodDetTable\">\n<tbody>\n<tr>\n<th class=\"a-color-secondary a-size-base prodDetSectionEntry\">Nome da marca<\/th>\n<td class=\"a-size-base prodDetAttrValue\">\u200eKian<\/td>\n<\/tr>\n<tr>\n<th class=\"a-color-secondary a-size-base prodDetSectionEntry\">Fabricante<\/th>\n<td class=\"a-size-base prodDetAttrValue\">\u200eKian<\/td>\n<\/tr>\n<tr>\n<th class=\"a-color-secondary a-size-base prodDetSectionEntry\">Modelo<\/th>\n<td class=\"a-size-base prodDetAttrValue\">\u200e26607<\/td>\n<\/tr>\n<tr>\n<th class=\"a-color-secondary a-size-base prodDetSectionEntry\">Cor<\/th>\n<td class=\"a-size-base prodDetAttrValue\">\u200ePreto<\/td>\n<\/tr>\n<tr>\n<th class=\"a-color-secondary a-size-base prodDetSectionEntry\">N\u00famero da pe\u00e7a<\/th>\n<td class=\"a-size-base prodDetAttrValue\">\u200e26607<\/td>\n<\/tr>\n<tr>\n<th class=\"a-color-secondary a-size-base prodDetSectionEntry\">Caracter\u00edsticas especiais<\/th>\n<td class=\"a-size-base prodDetAttrValue\">\u200eel\u00e9trico<\/td>\n<\/tr>\n<tr>\n<th class=\"a-color-secondary a-size-base prodDetSectionEntry\">Pe\u00e7as para montagem<\/th>\n<td class=\"a-size-base prodDetAttrValue\">\u200eManual do usu\u00e1rio<\/td>\n<\/tr>\n<tr>\n<th class=\"a-color-secondary a-size-base prodDetSectionEntry\">N\u00famero de unidades<\/th>\n<td class=\"a-size-base prodDetAttrValue\">\u200e5<\/td>\n<\/tr>\n<tr>\n<th class=\"a-color-secondary a-size-base prodDetSectionEntry\">Tipo de fonte de energia<\/th>\n<td class=\"a-size-base prodDetAttrValue\">\u200eEnergia el\u00e9trica<\/td>\n<\/tr>\n<tr>\n<th class=\"a-color-secondary a-size-base prodDetSectionEntry\">Funciona com baterias<\/th>\n<td class=\"a-size-base prodDetAttrValue\">\u200eN\u00e3o<\/td>\n<\/tr>\n<tr>\n<th class=\"a-color-secondary a-size-base prodDetSectionEntry\">Fabricante<\/th>\n<td class=\"a-size-base prodDetAttrValue\">\u200eKian<\/td>\n<\/tr>\n<tr>\n<th class=\"a-color-secondary a-size-base prodDetSectionEntry\">N\u00famero do modelo<\/th>\n<td class=\"a-size-base prodDetAttrValue\">\u200e26607<\/td>\n<\/tr>\n<tr>\n<th class=\"a-color-secondary a-size-base prodDetSectionEntry\">Dimens\u00f5es do produto<\/th>\n<td class=\"a-size-base prodDetAttrValue\">\u200e1 x 1 x 1 cm; 1 g<\/td>\n<\/tr>\n<\/tbody>\n<\/table>\n<\/div>\n<\/div>\n<\/div>\n<\/div>\n<\/div>\n<\/div>\n<\/div>\n<\/div>\n<\/div>\n","protected":false},"excerpt":{"rendered":"<p>Especifica\u00e7\u00f5es do produto Detalhes t\u00e9cnicos Nome da marca \u200eKian Fabricante \u200eKian Modelo \u200e26607 Cor \u200ePreto N\u00famero da pe\u00e7a \u200e26607 Caracter\u00edsticas especiais \u200eel\u00e9trico Pe\u00e7as para montagem \u200eManual do usu\u00e1rio N\u00famero de<\/p>\n","protected":false},"featured_media":14568,"comment_status":"open","ping_status":"closed","template":"","meta":[],"product_brand":[],"product_cat":[15],"product_tag":[],"class_list":{"0":"post-14567","1":"product","2":"type-product","3":"status-publish","4":"has-post-thumbnail","6":"product_cat-produtos","7":"product_shipping_class-retirar-no-local","9":"first","10":"instock","11":"shipping-taxable","12":"purchasable","13":"product-type-simple"},"_links":{"self":[{"href":"https:\/\/ambrosioeletro.com.br\/v20\/wp-json\/wp\/v2\/product\/14567","targetHints":{"allow":["GET"]}}],"collection":[{"href":"https:\/\/ambrosioeletro.com.br\/v20\/wp-json\/wp\/v2\/product"}],"about":[{"href":"https:\/\/ambrosioeletro.com.br\/v20\/wp-json\/wp\/v2\/types\/product"}],"replies":[{"embeddable":true,"href":"https:\/\/ambrosioeletro.com.br\/v20\/wp-json\/wp\/v2\/comments?post=14567"}],"wp:featuredmedia":[{"embeddable":true,"href":"https:\/\/ambrosioeletro.com.br\/v20\/wp-json\/wp\/v2\/media\/14568"}],"wp:attachment":[{"href":"https:\/\/ambrosioeletro.com.br\/v20\/wp-json\/wp\/v2\/media?parent=14567"}],"wp:term":[{"taxonomy":"product_brand","embeddable":true,"href":"https:\/\/ambrosioeletro.com.br\/v20\/wp-json\/wp\/v2\/product_brand?post=14567"},{"taxonomy":"product_cat","embeddable":true,"href":"https:\/\/ambrosioeletro.com.br\/v20\/wp-json\/wp\/v2\/product_cat?post=14567"},{"taxonomy":"product_tag","embeddable":true,"href":"https:\/\/ambrosioeletro.com.br\/v20\/wp-json\/wp\/v2\/product_tag?post=14567"}],"curies":[{"name":"wp","href":"https:\/\/api.w.org\/{rel}","templated":true}]}}