{"id":14637,"date":"2025-12-10T12:34:26","date_gmt":"2025-12-10T15:34:26","guid":{"rendered":"https:\/\/ambrosioeletro.com.br\/v20\/?post_type=product&#038;p=14637"},"modified":"2026-04-07T09:34:21","modified_gmt":"2026-04-07T12:34:21","slug":"estante-home-tv-75-polegadas-160-cm-1-porta-ares-madetec-cinamomo-off-white-madetec-moveis","status":"publish","type":"product","link":"https:\/\/ambrosioeletro.com.br\/v20\/produto\/estante-home-tv-75-polegadas-160-cm-1-porta-ares-madetec-cinamomo-off-white-madetec-moveis\/","title":{"rendered":"Estante Home Theater Ares para TV at\u00e9 65\u201d &#8211; Madetec Cor Cumaru\/Opala"},"content":{"rendered":"<div class=\"relative px-md overflow-hidden border-on-surface-8 after:pointer-events-none after:absolute after:bottom-[0] after:left-[0] after:h-[72px] after:w-full after:bg-gradient-to-b after:from-[#FFFFFF00] after:to-[#FFFFFF] md:after:content-none md:px-lg max-md:border-b-thin\" data-testid=\"tab-product-detail\">\n<h2 class=\"text-on-surface-2 font-md-bold md:font-title-large-highlight md:mb-md\" data-testid=\"product-details-title\">Descri\u00e7\u00e3o e ficha t\u00e9cnica<\/h2>\n<div data-testid=\"product-detail\">\n<p class=\"mt-2xsm text-on-surface-4 font-xsm-regular\" data-testid=\"product-detail-code\">C\u00f3digo\u00a0ca7f53bff6<\/p>\n<div class=\"mt-md font-xsm-regular\" data-testid=\"product-detail-description\">\n<p>Estante Home Theater Ares para TV at\u00e9 65 &#8211; Madetec<br \/>\nA Estante Home Theater Ares \u00e9 a escolha perfeita para quem busca sofistica\u00e7\u00e3o e funcionalidade na sala de estar. Produzida em MDF e MDP com pintura UV, apresenta um design moderno com painel lateral frisado em baixo relevo e porta deslizante no mesmo acabamento. O puxador pontual dourado adiciona um toque elegante, enquanto o tampo e a prateleira superior com borda chanfrada proporcionam um visual refinado. Al\u00e9m disso, acompanha mini sapatas para maior estabilidade. Ideal para TV at\u00e9 65, tornando seu espa\u00e7o mais aconchegante e estiloso.<\/p>\n<p>ESPECIFICA\u00c7\u00d5ES:<br \/>\nEstrutura em MDF e MDP<br \/>\nPintura UV<br \/>\nPainel com lateral em MDF frisado (baixo relevo)<br \/>\n1 Porta deslizante em MDF frisado (baixo relevo)<br \/>\nPuxador pontual dourado<br \/>\nTampo e prateleira superior com borda frontal chanfrada<br \/>\nAcompanha mini sapatas<br \/>\nIdeal para TV at\u00e9 65<\/p>\n<p>Dimens\u00f5es:<br \/>\nTamanho do Produto (L x A x P): 160 x 183,5 x 39 cm<\/p>\n<p>Garantia: 3 meses<br \/>\nMontagem: O Produto vai desmontado com manual e todos acess\u00f3rios. Recomendamos que a montagem seja feita por um profissional<br \/>\nRecomenda\u00e7\u00e3o de Limpeza: Utilize pano levemente \u00famido<\/p>\n<p>Observa\u00e7\u00f5es:<br \/>\n&#8211; A LOJA se responsabilizar\u00e1 pela entrega dos produtos at\u00e9 aonde as rodovias alcan\u00e7am, entregas fluviais ou a\u00e9reas devem ser cotadas a parte.<br \/>\n&#8211; As imagens s\u00e3o ilustrativas, n\u00e3o acompanham objetos de decora\u00e7\u00e3o.<br \/>\n&#8211; Pode haver alguma diferen\u00e7a de tonalidade entre a imagem e o produto, por conta do tratamento de imagens e a calibra\u00e7\u00e3o de cores da sua tela.<br \/>\n&#8211; A montagem ser\u00e1 de responsabilidade do comprador. Entregamos at\u00e9 a porta de entrada da resid\u00eancia ou at\u00e9 a portaria do condom\u00ednio. N\u00e3o nos responsabilizamos, no ato da entrega, por subir escadas\/elevadores ou transporte por guincho em apartamentos. Eventuais despesas s\u00e3o de responsabilidade do comprador.<br \/>\n&#8211; Confira as dimens\u00f5es do produto no momento da compra e certifique-se de que passar\u00e1 normalmente por supostos elevadores, portas, escadas e\/ou corredores de sua resid\u00eancia.<br \/>\nPara mais informa\u00e7\u00f5es, acesse nossa Central de Atendimento.<\/p>\n<\/div>\n<\/div>\n<\/div>\n<div class=\"hidden border-on-surface-8 md:px-lg md:block md:py-md\" data-testid=\"tab-product-factsheet\">\n<h2 class=\"text-on-surface-2 font-md-bold md:font-title-large-highlight md:mb-md\" data-testid=\"product-factsheet-title\">Ficha T\u00e9cnica<\/h2>\n<div class=\"pt-2xsm\">\n<table class=\"w-full list-none\" data-testid=\"table-factsheet\">\n<tbody>\n<tr class=\"text-on-surface-3 even:bg-surface-container-lower\">\n<td class=\"px-md py-sm font-xsm-bold align-top table-cell w-1\/2\" data-testid=\"table-factsheet-key\">Acabamento<\/td>\n<td class=\"px-md py-sm font-xsm-regular list-item w-full align-top\">pintura UV<\/td>\n<\/tr>\n<tr class=\"text-on-surface-3 even:bg-surface-container-lower\">\n<td class=\"px-md py-sm font-xsm-bold align-top table-cell w-1\/2\" data-testid=\"table-factsheet-key\">Complexidade de Montagem<\/td>\n<td class=\"px-md py-sm font-xsm-regular list-item w-full align-top\">Recomendamos que a montagem seja feita por um profissional<\/td>\n<\/tr>\n<tr class=\"text-on-surface-3 even:bg-surface-container-lower\">\n<td class=\"px-md py-sm font-xsm-bold align-top table-cell w-1\/2\" data-testid=\"table-factsheet-key\">Cor<\/td>\n<td class=\"px-md py-sm font-xsm-regular list-item w-full align-top\">Cumaru\/Opala<\/td>\n<\/tr>\n<tr class=\"text-on-surface-3 even:bg-surface-container-lower\">\n<td class=\"px-md py-sm font-xsm-bold align-top table-cell w-1\/2\" data-testid=\"table-factsheet-key\">Dimens\u00f5es do Produto<\/td>\n<td class=\"px-md py-sm font-xsm-regular list-item w-full align-top\">160 x 183,5 x 39 cm<\/td>\n<\/tr>\n<tr class=\"text-on-surface-3 even:bg-surface-container-lower\">\n<td class=\"px-md py-sm font-xsm-bold align-top table-cell w-1\/2\" data-testid=\"table-factsheet-key\">Estilo do M\u00f3vel<\/td>\n<td class=\"px-md py-sm font-xsm-regular list-item w-full align-top\">Home Theater<\/td>\n<\/tr>\n<tr class=\"text-on-surface-3 even:bg-surface-container-lower\">\n<td class=\"px-md py-sm font-xsm-bold align-top table-cell w-1\/2\" data-testid=\"table-factsheet-key\">Marca<\/td>\n<td class=\"px-md py-sm font-xsm-regular list-item w-full align-top\"><a class=\"hover:text-interaction-default underline\" href=\"https:\/\/www.magazineluiza.com.br\/marcas\/madetec\/\">Madetec<\/a><\/td>\n<\/tr>\n<tr class=\"text-on-surface-3 even:bg-surface-container-lower\">\n<td class=\"px-md py-sm font-xsm-bold align-top table-cell w-1\/2\" data-testid=\"table-factsheet-key\">Material<\/td>\n<td class=\"px-md py-sm font-xsm-regular list-item w-full align-top\">MDF e MDP<\/td>\n<\/tr>\n<tr class=\"text-on-surface-3 even:bg-surface-container-lower\">\n<td class=\"px-md py-sm font-xsm-bold align-top table-cell w-1\/2\" data-testid=\"table-factsheet-key\">Material da Estrutura<\/td>\n<td class=\"px-md py-sm font-xsm-regular list-item w-full align-top\">MDF e MDP<\/td>\n<\/tr>\n<tr class=\"text-on-surface-3 even:bg-surface-container-lower\">\n<td class=\"px-md py-sm font-xsm-bold align-top table-cell w-1\/2\" data-testid=\"table-factsheet-key\">Modelo<\/td>\n<td class=\"px-md py-sm font-xsm-regular list-item w-full align-top\">Ares<\/td>\n<\/tr>\n<tr class=\"text-on-surface-3 even:bg-surface-container-lower\">\n<td class=\"px-md py-sm font-xsm-bold align-top table-cell w-1\/2\" data-testid=\"table-factsheet-key\">Portas<\/td>\n<td class=\"px-md py-sm font-xsm-regular list-item w-full align-top\">1 Porta deslizante<\/td>\n<\/tr>\n<tr class=\"text-on-surface-3 even:bg-surface-container-lower\">\n<td class=\"px-md py-sm font-xsm-bold align-top table-cell w-1\/2\" data-testid=\"table-factsheet-key\">Prateleiras<\/td>\n<td class=\"px-md py-sm font-xsm-regular list-item w-full align-top\">1 prateleira superior<\/td>\n<\/tr>\n<tr class=\"text-on-surface-3 even:bg-surface-container-lower\">\n<td class=\"px-md py-sm font-xsm-bold align-top table-cell w-1\/2\" data-testid=\"table-factsheet-key\">Prazo de Garantia<\/td>\n<td class=\"px-md py-sm font-xsm-regular list-item w-full align-top\">3 meses<\/td>\n<\/tr>\n<tr class=\"text-on-surface-3 even:bg-surface-container-lower\">\n<td class=\"px-md py-sm font-xsm-bold align-top table-cell w-1\/2\" data-testid=\"table-factsheet-key\">P\u00e9s<\/td>\n<td class=\"px-md py-sm font-xsm-regular list-item w-full align-top\">mini sapatas<\/td>\n<\/tr>\n<tr class=\"text-on-surface-3 even:bg-surface-container-lower\">\n<td class=\"px-md py-sm font-xsm-bold align-top table-cell w-1\/2\" data-testid=\"table-factsheet-key\">Sistema de Montagem<\/td>\n<td class=\"px-md py-sm font-xsm-regular list-item w-full align-top\">desmontado com manual e todos acess\u00f3rios<\/td>\n<\/tr>\n<tr class=\"text-on-surface-3 even:bg-surface-container-lower\">\n<td class=\"px-md py-sm font-xsm-bold align-top table-cell w-1\/2\" data-testid=\"table-factsheet-key\">Tipo de M\u00f3vel<\/td>\n<td class=\"px-md py-sm font-xsm-regular list-item w-full align-top\">Estante<\/td>\n<\/tr>\n<tr class=\"text-on-surface-3 even:bg-surface-container-lower\">\n<td class=\"px-md py-sm font-xsm-bold align-top table-cell w-1\/2\" data-testid=\"table-factsheet-key\">Tipo de Portas<\/td>\n<td class=\"px-md py-sm font-xsm-regular list-item w-full align-top\">deslizante<\/td>\n<\/tr>\n<tr class=\"text-on-surface-3 even:bg-surface-container-lower\">\n<td class=\"px-md py-sm font-xsm-bold align-top table-cell w-1\/2\" data-testid=\"table-factsheet-key\">Tipo de P\u00e9s<\/td>\n<td class=\"px-md py-sm font-xsm-regular list-item w-full align-top\">mini sapatas<\/td>\n<\/tr>\n<\/tbody>\n<\/table>\n<\/div>\n<\/div>\n","protected":false},"excerpt":{"rendered":"<p>Descri\u00e7\u00e3o e ficha t\u00e9cnica C\u00f3digo\u00a0ca7f53bff6 Estante Home Theater Ares para TV at\u00e9 65 &#8211; Madetec A Estante Home Theater Ares \u00e9 a escolha perfeita para quem busca sofistica\u00e7\u00e3o e funcionalidade<\/p>\n","protected":false},"featured_media":15664,"comment_status":"open","ping_status":"closed","template":"","meta":[],"product_brand":[],"product_cat":[15],"product_tag":[],"class_list":{"0":"post-14637","1":"product","2":"type-product","3":"status-publish","4":"has-post-thumbnail","6":"product_cat-produtos","7":"product_shipping_class-retirar-no-local","9":"first","10":"instock","11":"shipping-taxable","12":"purchasable","13":"product-type-simple"},"_links":{"self":[{"href":"https:\/\/ambrosioeletro.com.br\/v20\/wp-json\/wp\/v2\/product\/14637","targetHints":{"allow":["GET"]}}],"collection":[{"href":"https:\/\/ambrosioeletro.com.br\/v20\/wp-json\/wp\/v2\/product"}],"about":[{"href":"https:\/\/ambrosioeletro.com.br\/v20\/wp-json\/wp\/v2\/types\/product"}],"replies":[{"embeddable":true,"href":"https:\/\/ambrosioeletro.com.br\/v20\/wp-json\/wp\/v2\/comments?post=14637"}],"wp:featuredmedia":[{"embeddable":true,"href":"https:\/\/ambrosioeletro.com.br\/v20\/wp-json\/wp\/v2\/media\/15664"}],"wp:attachment":[{"href":"https:\/\/ambrosioeletro.com.br\/v20\/wp-json\/wp\/v2\/media?parent=14637"}],"wp:term":[{"taxonomy":"product_brand","embeddable":true,"href":"https:\/\/ambrosioeletro.com.br\/v20\/wp-json\/wp\/v2\/product_brand?post=14637"},{"taxonomy":"product_cat","embeddable":true,"href":"https:\/\/ambrosioeletro.com.br\/v20\/wp-json\/wp\/v2\/product_cat?post=14637"},{"taxonomy":"product_tag","embeddable":true,"href":"https:\/\/ambrosioeletro.com.br\/v20\/wp-json\/wp\/v2\/product_tag?post=14637"}],"curies":[{"name":"wp","href":"https:\/\/api.w.org\/{rel}","templated":true}]}}