{"id":14655,"date":"2025-12-18T09:54:49","date_gmt":"2025-12-18T12:54:49","guid":{"rendered":"https:\/\/ambrosioeletro.com.br\/v20\/?post_type=product&#038;p=14655"},"modified":"2026-04-07T09:49:22","modified_gmt":"2026-04-07T12:49:22","slug":"smartphone-celular-realme-c71-4gb-256gb-dual-sim","status":"publish","type":"product","link":"https:\/\/ambrosioeletro.com.br\/v20\/produto\/smartphone-celular-realme-c71-4gb-256gb-dual-sim\/","title":{"rendered":"Smartphone Celular Realme C71 4gb 256gb Dual Sim"},"content":{"rendered":"<h2 class=\"ui-pdp-description__title\" data-testid=\"title\">Descri\u00e7\u00e3o<\/h2>\n<p class=\"ui-pdp-description__content\" data-testid=\"content\">Informa\u00e7\u00f5es sobre o produto: Tela: 6,67 polegadas, 120 Hz Resolu\u00e7\u00e3o: HD+\uff0c(1604px*720px) Espessura &amp; Peso: 7,79 mm 196 g Dual SIM: Sim Bateria: 6000 mAh, 45 W Mem\u00f3ria &amp; Armazenamento\uff1a RAM: 4GB\/6GB\/8GB ROM128GB\/256GB Mem\u00f3ria din\u00e2mica m\u00e1xima:24GB (Up to 8 + 16GB Dynamic RAM) C\u00e2mera traseira: 50 MP C\u00e2mera frontal: 5 MP Processador: UNISOC T7250 CPU: 12nm Process, 8 Cores, Up to 1.8 GHz GPU: Mali G57 MP1@850MHz Sistema\uff1arealme UI Based on Android 15 Impermeabiliza\u00e7\u00e3o e prote\u00e7\u00e3o contra poeira di\u00e1rias Reconhecimento de impress\u00e3o digital: Sensor de impress\u00e3o digital lateral Celulares e wireless, Frequency Bands: 2G GSM: 850\/900\/1800\/1900MHz 2G CDMA: NC 3G WCDMA: 1\/5\/8 4G LTE FDD: 1\/3\/5\/7\/8\/20\/28 4G LTE TDD: 38\/40\/41(2496-2690MHz) Lista de embalagens: 1* Celular\uff0c1*Carregador\uff0c1*Cabo de dados USB\uff1b 1*Pino de eje\u00e7\u00e3o SIM Card\uff0c1 Capa protetora\uff1b 1*Guia r\u00e1pido\uff0c1*Guia de seguran\u00e7a Principais caracter\u00edsticas: 1. Capacidade da bateria: 6000 mAh Com uma capacidade de bateria de 6000 mAh, oferece at\u00e9 733,5 horas de tempo de espera com uma carga completa. Apenas uma hora de carregamento proporciona dois dias de uso! Com o carregador r\u00e1pido de 45 W, recarregue rapidamente a energia \u2013 apenas 5 minutos de carregamento garantem 4,7 horas de tempo de conversa\u00e7\u00e3o. 2. Design fino e tela de 120 Hz que protege os olhos Com uma espessura excepcionalmente fina de 7,79 mm, o dispositivo \u00e9 leve como uma pena na m\u00e3o. Seja no trajeto para o trabalho ou em viagens leves, ele se encaixa facilmente em sua vida, sendo quase impercept\u00edvel carreg\u00e1-lo com voc\u00ea, tornando cada uso muito f\u00e1cil. Com uma tela de 120 Hz que protege os olhos, cada deslize e cada cena do jogo deslizam com suavidade, reduzindo o cansa\u00e7o visual. 3. Prote\u00e7\u00e3o contra quedas de n\u00edvel militar; Os cantos se projetam 0,23 mm al\u00e9m das bordas arredondadas da placa de cobertura, proporcionando prote\u00e7\u00e3o total \u00e0 tela. Design interno com estrutura de absor\u00e7\u00e3o de choque. N\u00e3o precisa se preocupar com quedas acidentais no uso di\u00e1rio! Design de prote\u00e7\u00e3o de n\u00edvel militar ArmorShell\u2122, testado para resistir a quedas de 1,5 metros, com todas as fun\u00e7\u00f5es permanecendo totalmente operacionais. Lida com confian\u00e7a com os impactos e batidas do dia a dia. 4. Resist\u00eancia \u00e0 \u00e1gua no dia a dia Oferece prote\u00e7\u00e3o di\u00e1ria contra a entrada de \u00e1gua e poeira. Caso ocorra exposi\u00e7\u00e3o acidental \u00e0 \u00e1gua, o alto-falante emite vibra\u00e7\u00f5es de frequ\u00eancia espec\u00edfica para expelir a umidade retida. Em momentos cr\u00edticos, ele restaura rapidamente a funcionalidade total do seu telefone, proporcionando total tranquilidade! 5. C\u00e2mera: 50 MP + 5 MP Apresentando uma nova c\u00e2mera principal ultra n\u00edtida de 50 megapixels que captura detalhes surpreendentes, seja de dia ou de noite. Combinada com uma c\u00e2mera frontal de 5 megapixels para selfies naturais e efeitos de desfoque em retratos. De paisagens amplas a retratos \u00edntimos, diga adeus ao desfoque \u2013 cada foto \u00e9 digna de papel de parede em alta defini\u00e7\u00e3o. 6. Recursos de IA A redu\u00e7\u00e3o inteligente de ru\u00eddo de chamadas 2.0 com IA diminui efetivamente o ru\u00eddo ambiente e elimina ecos para conversas cristalinas! O retrato super n\u00edtido com IA aprimora fotos faciais desfocadas. O recorte com flash com IA e a remo\u00e7\u00e3o com IA simplificam a edi\u00e7\u00e3o de fotos para maior conveni\u00eancia! O assistente de IA integrado, o aplicativo Google Gemini, ajuda os usu\u00e1rios a lidar com v\u00e1rias tarefas de maneira eficiente. Al\u00e9m disso, o Circle to Search identifica com precis\u00e3o o conte\u00fado que os usu\u00e1rios est\u00e3o visualizando e realiza pesquisas instant\u00e2neas. Muitos outros recursos de IA aguardam sua descoberta! Q&amp;A 1. Ele \u00e9 desbloqueado? \u00c9 compat\u00edvel com todas as operadoras? Sim, o telefone \u00e9 desbloqueado. \u00c9 compat\u00edvel com todas as operadoras de rede locais no Brasil. 2. Qual \u00e9 a qualidade da c\u00e2mera? Qual \u00e9 a resolu\u00e7\u00e3o da c\u00e2mera? C\u00e2mera frontal: 5 MP. C\u00e2mera traseira: 50MP. 3. Qual \u00e9 a capacidade da bateria em mAh? 6000 mAh com carregamento r\u00e1pido de 45 W. 4. O carregador est\u00e1 inclu\u00eddo? Qual \u00e9 a pot\u00eancia nominal? Um carregador de 45 W est\u00e1 inclu\u00eddo. Cobertura ampla: Mais de 20 centros de assist\u00eancia t\u00e9cnica em todo o pa\u00eds. Conserto r\u00e1pido: Reparo na hora: conclu\u00eddo em at\u00e9 2 horas na loja. Compromisso realme: Se seu problema n\u00e3o for resolvido em 15 dias, ganhe um aparelho novo gr\u00e1tis. Garantia blindada: 12 meses de assist\u00eancia gratuita para todos os celulares realme.<\/p>\n","protected":false},"excerpt":{"rendered":"<p>Descri\u00e7\u00e3o Informa\u00e7\u00f5es sobre o produto: Tela: 6,67 polegadas, 120 Hz Resolu\u00e7\u00e3o: HD+\uff0c(1604px*720px) Espessura &amp; Peso: 7,79 mm 196 g Dual SIM: Sim Bateria: 6000 mAh, 45 W Mem\u00f3ria &amp; Armazenamento\uff1a<\/p>\n","protected":false},"featured_media":14657,"comment_status":"open","ping_status":"closed","template":"","meta":[],"product_brand":[],"product_cat":[15],"product_tag":[],"class_list":{"0":"post-14655","1":"product","2":"type-product","3":"status-publish","4":"has-post-thumbnail","6":"product_cat-produtos","7":"product_shipping_class-pac","9":"first","10":"instock","11":"shipping-taxable","12":"purchasable","13":"product-type-simple"},"_links":{"self":[{"href":"https:\/\/ambrosioeletro.com.br\/v20\/wp-json\/wp\/v2\/product\/14655","targetHints":{"allow":["GET"]}}],"collection":[{"href":"https:\/\/ambrosioeletro.com.br\/v20\/wp-json\/wp\/v2\/product"}],"about":[{"href":"https:\/\/ambrosioeletro.com.br\/v20\/wp-json\/wp\/v2\/types\/product"}],"replies":[{"embeddable":true,"href":"https:\/\/ambrosioeletro.com.br\/v20\/wp-json\/wp\/v2\/comments?post=14655"}],"wp:featuredmedia":[{"embeddable":true,"href":"https:\/\/ambrosioeletro.com.br\/v20\/wp-json\/wp\/v2\/media\/14657"}],"wp:attachment":[{"href":"https:\/\/ambrosioeletro.com.br\/v20\/wp-json\/wp\/v2\/media?parent=14655"}],"wp:term":[{"taxonomy":"product_brand","embeddable":true,"href":"https:\/\/ambrosioeletro.com.br\/v20\/wp-json\/wp\/v2\/product_brand?post=14655"},{"taxonomy":"product_cat","embeddable":true,"href":"https:\/\/ambrosioeletro.com.br\/v20\/wp-json\/wp\/v2\/product_cat?post=14655"},{"taxonomy":"product_tag","embeddable":true,"href":"https:\/\/ambrosioeletro.com.br\/v20\/wp-json\/wp\/v2\/product_tag?post=14655"}],"curies":[{"name":"wp","href":"https:\/\/api.w.org\/{rel}","templated":true}]}}