{"id":14664,"date":"2025-12-18T16:51:15","date_gmt":"2025-12-18T19:51:15","guid":{"rendered":"https:\/\/ambrosioeletro.com.br\/v20\/?post_type=product&#038;p=14664"},"modified":"2025-12-18T16:51:15","modified_gmt":"2025-12-18T19:51:15","slug":"freezer-e-conservador-expositor-horizontal-eos-450-litros-eco-gelo-dupla-acao-com-tampa-de-vidro-eeh500xx-220v","status":"publish","type":"product","link":"https:\/\/ambrosioeletro.com.br\/v20\/produto\/freezer-e-conservador-expositor-horizontal-eos-450-litros-eco-gelo-dupla-acao-com-tampa-de-vidro-eeh500xx-220v\/","title":{"rendered":"Freezer e Conservador Expositor Horizontal EOS 450 Litros Eco Gelo Dupla A\u00e7\u00e3o com Tampa de Vidro EEH500XX 220V"},"content":{"rendered":"<div class=\"relative px-md overflow-hidden border-on-surface-8 after:pointer-events-none after:absolute after:bottom-[0] after:left-[0] after:h-[72px] after:w-full after:bg-gradient-to-b after:from-[#FFFFFF00] after:to-[#FFFFFF] md:after:content-none md:px-lg max-md:border-b-thin\" data-testid=\"tab-product-detail\">\n<h2 class=\"text-on-surface-2 font-md-bold md:font-title-large-highlight md:mb-md\" data-testid=\"product-details-title\">Descri\u00e7\u00e3o e ficha t\u00e9cnica<\/h2>\n<div data-testid=\"product-detail\">\n<p class=\"mt-2xsm text-on-surface-4 font-xsm-regular\" data-testid=\"product-detail-code\">C\u00f3digo\u00a0ghd8hb86k0<\/p>\n<div class=\"mt-md font-xsm-regular\" data-testid=\"product-detail-description\">\n<p>Freezer e Conservador Expositor Horizontal EOS 450 Litros Eco Gelo Dupla A\u00e7\u00e3o com Tampa de Vidro EEH500XX 220V<\/p>\n<p>Freezer e Conservador Expositor Horizontal EOS Eco Gelo EEH500XX \u00e9 a solu\u00e7\u00e3o ideal para quem busca capacidade, efici\u00eancia e versatilidade. Com 450 litros de capacidade bruta e fun\u00e7\u00e3o dupla a\u00e7\u00e3o (freezer e refrigerador), ele permite conservar desde congelados a bebidas resfriadas com controle de temperatura ajust\u00e1vel entre -18C e +8C. Com design robusto e inteligente, o modelo oferece fechadura de seguran\u00e7a, dreno frontal para degelo e tampa de vidro temperado, agregando praticidade, prote\u00e7\u00e3o e valor \u00e0 exposi\u00e7\u00e3o dos produtos.<\/p>\n<p>Al\u00e9m disso, seu g\u00e1s refrigerante R290a \u00e9 ecol\u00f3gico e garante baixo consumo de energia, enquanto o compressor de alta pot\u00eancia proporciona resfriamento r\u00e1pido e uniforme. Um equipamento completo para uso comercial ou dom\u00e9stico, que combina desempenho, seguran\u00e7a e sustentabilidade.<\/p>\n<p>Benef\u00edcios do Produto:<\/p>\n<p>Alta Capacidade de Armazenamento<\/p>\n<p>450 litros brutos (410 litros l\u00edquidos) para estocar grande volume de alimentos e bebidas com organiza\u00e7\u00e3o e praticidade.<\/p>\n<p>Dupla A\u00e7\u00e3o: Freezer e Refrigerador<\/p>\n<p>Temperatura ajust\u00e1vel entre -18C e +8C, ideal para diferentes tipos de produtos conforme a necessidade.<\/p>\n<p>G\u00e1s Ecol\u00f3gico R290a<\/p>\n<p>Refrigerante sustent\u00e1vel que reduz o impacto ambiental e melhora a efici\u00eancia energ\u00e9tica.<\/p>\n<p>Compressor de Alta Pot\u00eancia<\/p>\n<p>Resfriamento r\u00e1pido e est\u00e1vel, com distribui\u00e7\u00e3o uniforme de temperatura.<\/p>\n<p>Fechadura com Chave<\/p>\n<p>Mais seguran\u00e7a para ambientes com alto fluxo de pessoas, como com\u00e9rcios ou \u00e1reas comuns.<\/p>\n<p>Dreno Frontal para Degelo<\/p>\n<p>Facilita a limpeza e manuten\u00e7\u00e3o sem esfor\u00e7o, dispensando movimenta\u00e7\u00f5es do aparelho.<\/p>\n<p>Tampa de Vidro Temperado<\/p>\n<p>Visibilidade total do conte\u00fado, valorizando a exposi\u00e7\u00e3o dos produtos e o ambiente.<\/p>\n<\/div>\n<\/div>\n<\/div>\n<div class=\"hidden border-on-surface-8 md:px-lg md:block md:py-md\" data-testid=\"tab-product-factsheet\">\n<h2 class=\"text-on-surface-2 font-md-bold md:font-title-large-highlight md:mb-md\" data-testid=\"product-factsheet-title\">Ficha T\u00e9cnica<\/h2>\n<div class=\"pt-2xsm\">\n<table class=\"w-full list-none\" data-testid=\"table-factsheet\">\n<tbody>\n<tr class=\"text-on-surface-3 even:bg-surface-container-lower\">\n<td class=\"px-md py-sm align-top font-xsm-bold table-cell w-1\/2\" data-testid=\"table-factsheet-key\">Fechadura de Seguran\u00e7a<\/td>\n<td class=\"list-item w-full px-md py-sm align-top font-xsm-regular\">Sim<\/td>\n<\/tr>\n<tr class=\"text-on-surface-3 even:bg-surface-container-lower\">\n<td class=\"px-md py-sm align-top font-xsm-bold table-cell w-1\/2\" data-testid=\"table-factsheet-key\">Tranca na Tampa com Chave<\/td>\n<td class=\"list-item w-full px-md py-sm align-top font-xsm-regular\">Sim<\/td>\n<\/tr>\n<tr class=\"text-on-surface-3 even:bg-surface-container-lower\">\n<td class=\"px-md py-sm align-top font-xsm-bold table-cell w-1\/2\" data-testid=\"table-factsheet-key\">Voltagem<\/td>\n<td class=\"list-item w-full px-md py-sm align-top font-xsm-regular\">220V<\/td>\n<\/tr>\n<tr class=\"text-on-surface-3 even:bg-surface-container-lower\">\n<td class=\"px-md py-sm align-top font-xsm-bold table-cell w-1\/2\" data-testid=\"table-factsheet-key\">Degelo Manual<\/td>\n<td class=\"list-item w-full px-md py-sm align-top font-xsm-regular\">Sim<\/td>\n<\/tr>\n<tr class=\"text-on-surface-3 even:bg-surface-container-lower\">\n<td class=\"px-md py-sm align-top font-xsm-bold table-cell w-1\/2\" data-testid=\"table-factsheet-key\">Tampa<\/td>\n<td class=\"list-item w-full px-md py-sm align-top font-xsm-regular\">Vidro Temperado<\/td>\n<\/tr>\n<tr class=\"text-on-surface-3 even:bg-surface-container-lower\">\n<td class=\"px-md py-sm align-top font-xsm-bold table-cell w-1\/2\" data-testid=\"table-factsheet-key\">Capacidade Bruta<\/td>\n<td class=\"list-item w-full px-md py-sm align-top font-xsm-regular\">450 Litros<\/td>\n<\/tr>\n<tr class=\"text-on-surface-3 even:bg-surface-container-lower\">\n<td class=\"px-md py-sm align-top font-xsm-bold table-cell w-1\/2\" data-testid=\"table-factsheet-key\">Dreno<\/td>\n<td class=\"list-item w-full px-md py-sm align-top font-xsm-regular\">Possui dreno frontal para drenagem<\/td>\n<\/tr>\n<tr class=\"text-on-surface-3 even:bg-surface-container-lower\">\n<td class=\"px-md py-sm align-top font-xsm-bold table-cell w-1\/2\" data-testid=\"table-factsheet-key\">Classe<\/td>\n<td class=\"list-item w-full px-md py-sm align-top font-xsm-regular\">Clim\u00e1tica; ST (Subtropical)<\/td>\n<\/tr>\n<tr class=\"text-on-surface-3 even:bg-surface-container-lower\">\n<td class=\"px-md py-sm align-top font-xsm-bold table-cell w-1\/2\" data-testid=\"table-factsheet-key\">G\u00e1s Refrigerante<\/td>\n<td class=\"list-item w-full px-md py-sm align-top font-xsm-regular\">R290a<\/td>\n<\/tr>\n<tr class=\"text-on-surface-3 even:bg-surface-container-lower\">\n<td class=\"px-md py-sm align-top font-xsm-bold table-cell w-1\/2\" data-testid=\"table-factsheet-key\">Tipo<\/td>\n<td class=\"list-item w-full px-md py-sm align-top font-xsm-regular\">Horizontal<\/td>\n<\/tr>\n<tr class=\"text-on-surface-3 even:bg-surface-container-lower\">\n<td class=\"px-md py-sm align-top font-xsm-bold table-cell w-1\/2\" data-testid=\"table-factsheet-key\">Frequ\u00eancia (Hz)<\/td>\n<td class=\"list-item w-full px-md py-sm align-top font-xsm-regular\">60Hz<\/td>\n<\/tr>\n<tr class=\"text-on-surface-3 even:bg-surface-container-lower\">\n<td class=\"px-md py-sm align-top font-xsm-bold table-cell w-1\/2\" data-testid=\"table-factsheet-key\">Medida (LxAxP\/cm)<\/td>\n<td class=\"list-item w-full px-md py-sm align-top font-xsm-regular\">116 x 82 x 60cm<\/td>\n<\/tr>\n<tr class=\"text-on-surface-3 even:bg-surface-container-lower\">\n<td class=\"px-md py-sm align-top font-xsm-bold table-cell w-1\/2\" data-testid=\"table-factsheet-key\">Fabricante<\/td>\n<td class=\"list-item w-full px-md py-sm align-top font-xsm-regular\">EOS<\/td>\n<\/tr>\n<tr class=\"text-on-surface-3 even:bg-surface-container-lower\">\n<td class=\"px-md py-sm align-top font-xsm-bold table-cell w-1\/2\" data-testid=\"table-factsheet-key\">Capacidade L\u00edquida<\/td>\n<td class=\"list-item w-full px-md py-sm align-top font-xsm-regular\">410 Litros<\/td>\n<\/tr>\n<tr class=\"text-on-surface-3 even:bg-surface-container-lower\">\n<td class=\"px-md py-sm align-top font-xsm-bold table-cell w-1\/2\" data-testid=\"table-factsheet-key\">Cor<\/td>\n<td class=\"list-item w-full px-md py-sm align-top font-xsm-regular\">Branco<\/td>\n<\/tr>\n<tr class=\"text-on-surface-3 even:bg-surface-container-lower\">\n<td class=\"px-md py-sm align-top font-xsm-bold table-cell w-1\/2\" data-testid=\"table-factsheet-key\">Faixa de Temperatura (C)<\/td>\n<td class=\"list-item w-full px-md py-sm align-top font-xsm-regular\">-18C a +8C<\/td>\n<\/tr>\n<tr class=\"text-on-surface-3 even:bg-surface-container-lower\">\n<td class=\"px-md py-sm align-top font-xsm-bold table-cell w-1\/2\" data-testid=\"table-factsheet-key\">Peso L\u00edquido (Kg)<\/td>\n<td class=\"list-item w-full px-md py-sm align-top font-xsm-regular\">53kg<\/td>\n<\/tr>\n<tr class=\"text-on-surface-3 even:bg-surface-container-lower\">\n<td class=\"px-md py-sm align-top font-xsm-bold table-cell w-1\/2\" data-testid=\"table-factsheet-key\">Refrigera\u00e7\u00e3o Por<\/td>\n<td class=\"list-item w-full px-md py-sm align-top font-xsm-regular\">Compressor<\/td>\n<\/tr>\n<tr class=\"text-on-surface-3 even:bg-surface-container-lower\">\n<td class=\"px-md py-sm align-top font-xsm-bold table-cell w-1\/2\" data-testid=\"table-factsheet-key\">Modelo<\/td>\n<td class=\"list-item w-full px-md py-sm align-top font-xsm-regular\">EEH500XX<\/td>\n<\/tr>\n<tr class=\"text-on-surface-3 even:bg-surface-container-lower\">\n<td class=\"px-md py-sm align-top font-xsm-bold table-cell w-1\/2\" data-testid=\"table-factsheet-key\">Garantia<\/td>\n<td class=\"list-item w-full px-md py-sm align-top font-xsm-regular\">12 meses<\/td>\n<\/tr>\n<tr class=\"text-on-surface-3 even:bg-surface-container-lower\">\n<td class=\"px-md py-sm align-top font-xsm-bold table-cell w-1\/2\" data-testid=\"table-factsheet-key\">Dimens\u00f5es do Produto<\/td>\n<td class=\"list-item w-full px-md py-sm align-top font-xsm-regular\">116 x 82 x 60cm<\/td>\n<\/tr>\n<tr class=\"text-on-surface-3 even:bg-surface-container-lower\">\n<td class=\"px-md py-sm align-top font-xsm-bold table-cell w-1\/2\" data-testid=\"table-factsheet-key\">Marca<\/td>\n<td class=\"list-item w-full px-md py-sm align-top font-xsm-regular\"><a class=\"underline hover:text-interaction-default\" href=\"https:\/\/www.magazineluiza.com.br\/marcas\/eos\/\">EOS<\/a><\/td>\n<\/tr>\n<tr class=\"text-on-surface-3 even:bg-surface-container-lower\">\n<td class=\"px-md py-sm align-top font-xsm-bold table-cell w-1\/2\" data-testid=\"table-factsheet-key\">Modelo<\/td>\n<td class=\"list-item w-full px-md py-sm align-top font-xsm-regular\">EEH500XX<\/td>\n<\/tr>\n<tr class=\"text-on-surface-3 even:bg-surface-container-lower\">\n<td class=\"px-md py-sm align-top font-xsm-bold table-cell w-1\/2\" data-testid=\"table-factsheet-key\">Peso do Produto<\/td>\n<td class=\"list-item w-full px-md py-sm align-top font-xsm-regular\">53kg<\/td>\n<\/tr>\n<tr class=\"text-on-surface-3 even:bg-surface-container-lower\">\n<td class=\"px-md py-sm align-top font-xsm-bold table-cell w-1\/2\" data-testid=\"table-factsheet-key\">Prazo de Garantia<\/td>\n<td class=\"list-item w-full px-md py-sm align-top font-xsm-regular\">12 meses<\/td>\n<\/tr>\n<tr class=\"text-on-surface-3 even:bg-surface-container-lower\">\n<td class=\"px-md py-sm align-top font-xsm-bold table-cell w-1\/2\" data-testid=\"table-factsheet-key\">Refer\u00eancia<\/td>\n<td class=\"list-item w-full px-md py-sm align-top font-xsm-regular\">EEH500XX<\/td>\n<\/tr>\n<\/tbody>\n<\/table>\n<\/div>\n<\/div>\n","protected":false},"excerpt":{"rendered":"<p>Descri\u00e7\u00e3o e ficha t\u00e9cnica C\u00f3digo\u00a0ghd8hb86k0 Freezer e Conservador Expositor Horizontal EOS 450 Litros Eco Gelo Dupla A\u00e7\u00e3o com Tampa de Vidro EEH500XX 220V Freezer e Conservador Expositor Horizontal EOS Eco<\/p>\n","protected":false},"featured_media":14665,"comment_status":"open","ping_status":"closed","template":"","meta":[],"product_brand":[],"product_cat":[15],"product_tag":[],"class_list":{"0":"post-14664","1":"product","2":"type-product","3":"status-publish","4":"has-post-thumbnail","6":"product_cat-produtos","7":"product_shipping_class-retirar-no-local","9":"first","10":"instock","11":"shipping-taxable","12":"purchasable","13":"product-type-simple"},"_links":{"self":[{"href":"https:\/\/ambrosioeletro.com.br\/v20\/wp-json\/wp\/v2\/product\/14664","targetHints":{"allow":["GET"]}}],"collection":[{"href":"https:\/\/ambrosioeletro.com.br\/v20\/wp-json\/wp\/v2\/product"}],"about":[{"href":"https:\/\/ambrosioeletro.com.br\/v20\/wp-json\/wp\/v2\/types\/product"}],"replies":[{"embeddable":true,"href":"https:\/\/ambrosioeletro.com.br\/v20\/wp-json\/wp\/v2\/comments?post=14664"}],"wp:featuredmedia":[{"embeddable":true,"href":"https:\/\/ambrosioeletro.com.br\/v20\/wp-json\/wp\/v2\/media\/14665"}],"wp:attachment":[{"href":"https:\/\/ambrosioeletro.com.br\/v20\/wp-json\/wp\/v2\/media?parent=14664"}],"wp:term":[{"taxonomy":"product_brand","embeddable":true,"href":"https:\/\/ambrosioeletro.com.br\/v20\/wp-json\/wp\/v2\/product_brand?post=14664"},{"taxonomy":"product_cat","embeddable":true,"href":"https:\/\/ambrosioeletro.com.br\/v20\/wp-json\/wp\/v2\/product_cat?post=14664"},{"taxonomy":"product_tag","embeddable":true,"href":"https:\/\/ambrosioeletro.com.br\/v20\/wp-json\/wp\/v2\/product_tag?post=14664"}],"curies":[{"name":"wp","href":"https:\/\/api.w.org\/{rel}","templated":true}]}}