{"id":14690,"date":"2025-12-19T10:36:43","date_gmt":"2025-12-19T13:36:43","guid":{"rendered":"https:\/\/ambrosioeletro.com.br\/v20\/?post_type=product&#038;p=14690"},"modified":"2026-04-07T09:57:08","modified_gmt":"2026-04-07T12:57:08","slug":"fogao-5-bocas-a-gas-itatiaia-new-dream-tripla-chama-e-acendimento-automatico-branco-preto-bivolt","status":"publish","type":"product","link":"https:\/\/ambrosioeletro.com.br\/v20\/produto\/fogao-5-bocas-a-gas-itatiaia-new-dream-tripla-chama-e-acendimento-automatico-branco-preto-bivolt\/","title":{"rendered":"Fog\u00e3o 5 Bocas a G\u00e1s Itatiaia New Dream Tripla Chama e Acendimento Autom\u00e1tico Branco\/Preto Bivolt"},"content":{"rendered":"<div class=\"relative px-md overflow-hidden border-on-surface-8 after:pointer-events-none after:absolute after:bottom-[0] after:left-[0] after:h-[72px] after:w-full after:bg-gradient-to-b after:from-[#FFFFFF00] after:to-[#FFFFFF] md:after:content-none md:px-lg max-md:border-b-thin\" data-testid=\"tab-product-detail\">\n<h2 class=\"text-on-surface-2 font-md-bold md:font-title-large-highlight md:mb-md\" data-testid=\"product-details-title\">Descri\u00e7\u00e3o e ficha t\u00e9cnica<\/h2>\n<div data-testid=\"product-detail\">\n<p class=\"mt-2xsm text-on-surface-4 font-xsm-regular\" data-testid=\"product-detail-code\">C\u00f3digo\u00a0ce5cf21ejh<\/p>\n<div class=\"mt-md font-xsm-regular\" data-testid=\"product-detail-description\">\n<p>Se voc\u00ea quer agilidade e efici\u00eancia no momento de preparar as suas refei\u00e7\u00f5es di\u00e1rias, o Fog\u00e3o de 5 Bocas da linha New Dream \u00e9 perfeito para voc\u00ea. Ele conta com queimador tripla chama e permite que voc\u00ea prepare diversos pratos simultaneamente, de forma r\u00e1pida e f\u00e1cil. Al\u00e9m disso, seu forno \u00e9 espa\u00e7oso e sua limpeza \u00e9 extremamente pr\u00e1tica.<\/p>\n<p>Modelo: New Dream<br \/>\nPN: 3700000323<br \/>\nCor Frontal: Preto<br \/>\nCor lateral: Branco<br \/>\nMarca: Itatiaia<\/p>\n<p>Tipo: de Piso<br \/>\nBocas: 5<br \/>\nFuncionamento: a G\u00e1s GLP\/GN<br \/>\nAcendimento: Autom\u00e1tico<\/p>\n<p>Material da mesa: A\u00e7o Inox 430 e A\u00e7o Inox 439<br \/>\nAcabamento: Polido \/ Escovado<\/p>\n<p>Controle integrado na mesa: Sim<br \/>\nQueimador grande &#8211; Especial: Tripla Chama<br \/>\nMan\u00edpulos de queimadores das mesa: Injetado<br \/>\nTrempes: Integrada<\/p>\n<p>Material da trempe: Arame Redondo<br \/>\nGeometria do tamp\u00e3o de vidro: Liso plano<br \/>\nGrafismo no tamp\u00e3o: Sim<br \/>\nMaterial do Puxador: Alum\u00ednio<\/p>\n<p>Capacidade do forno: 101 litros<br \/>\nEscalonamento de temperatura do forno: 180\/200\/220\/250\/270 graus Celsius<br \/>\nPrateleira: 2 Fixas<br \/>\nLuz no forno: Sim<\/p>\n<p>L\u00e2mpada inclusa: Sim, 220V<br \/>\nAcabamento lateral do forno: Limpa F\u00e1cil<br \/>\nRevestimento do forno: Fundente a p\u00f3<\/p>\n<p>Acabamento externo (vidro + coluna): Vidro<br \/>\nAcabamento interno (vidro + coluna): Vidro + a\u00e7o<br \/>\nGeometria do vidro: Liso plano<\/p>\n<p>Grafismo no vidro: Sim<br \/>\nAbertura da porta: Multi Parada<\/p>\n<p>Acabamento capa queimador: Esmaltado Brilhante<br \/>\nAcabamento c\u00e2mara queimador: Forjado polido c\/ saia<\/p>\n<p>Press\u00e3o de g\u00e1s GLP (kPa): 2,75<br \/>\nPress\u00e3o de g\u00e1s GN (kPa): 1,96<\/p>\n<p>Pot\u00eancia dos queimadores:<br \/>\n02 x Queimadores pequenos de 1,7kw<br \/>\n01 x Queimador m\u00e9dio de 1,85kW<br \/>\n01 x Queimador grande de 2,75kw<br \/>\n01 x Queimador Tripla Chama de 3,3kw<\/p>\n<p>Classifica\u00e7\u00e3o energ\u00e9tica: A<br \/>\nFrequ\u00eancia: 60Hz<br \/>\nPot\u00eancia nominal m\u00e1xima: 25W<br \/>\nVoltagem: Bivolt<\/p>\n<p>Conte\u00fado da embalagem:<br \/>\n01 x Fog\u00e3o<br \/>\n01 x Manual de instru\u00e7\u00f5es<\/p>\n<p>Dimens\u00f5es do produto (A x L x P): 95,8 x 76,9 x 63,2 cm<br \/>\nPeso: 32,1 Kg<\/p>\n<p>Garantia: 12 meses com a fabricante<br \/>\nFabricante: Itatiaia<\/p>\n<\/div>\n<\/div>\n<\/div>\n<div class=\"hidden border-on-surface-8 md:px-lg md:block md:py-md\" data-testid=\"tab-product-factsheet\">\n<h2 class=\"text-on-surface-2 font-md-bold md:font-title-large-highlight md:mb-md\" data-testid=\"product-factsheet-title\">Ficha T\u00e9cnica<\/h2>\n<div class=\"pt-2xsm\">\n<table class=\"w-full list-none\" data-testid=\"table-factsheet\">\n<tbody>\n<tr class=\"text-on-surface-3 even:bg-surface-container-lower\">\n<td class=\"px-md py-sm align-top font-xsm-bold table-cell w-1\/2\" data-testid=\"table-factsheet-key\">Acabamento da Mesa<\/td>\n<td class=\"list-item w-full px-md py-sm align-top font-xsm-regular\">Polido \/ Escovado<\/td>\n<\/tr>\n<tr class=\"text-on-surface-3 even:bg-surface-container-lower\">\n<td class=\"px-md py-sm align-top font-xsm-bold table-cell w-1\/2\" data-testid=\"table-factsheet-key\">Alimenta\u00e7\u00e3o<\/td>\n<td class=\"list-item w-full px-md py-sm align-top font-xsm-regular\">G\u00e1s<\/td>\n<\/tr>\n<tr class=\"text-on-surface-3 even:bg-surface-container-lower\">\n<td class=\"px-md py-sm align-top font-xsm-bold table-cell w-1\/2\" data-testid=\"table-factsheet-key\">Bot\u00f5es do Eletrodom\u00e9stico<\/td>\n<td class=\"list-item w-full px-md py-sm align-top font-xsm-regular\">Injetado<\/td>\n<\/tr>\n<tr class=\"text-on-surface-3 even:bg-surface-container-lower\">\n<td class=\"px-md py-sm align-top font-xsm-bold table-cell w-1\/2\" data-testid=\"table-factsheet-key\">Capacidade do Forno<\/td>\n<td class=\"list-item w-full px-md py-sm align-top font-xsm-regular\">101 litros<\/td>\n<\/tr>\n<tr class=\"text-on-surface-3 even:bg-surface-container-lower\">\n<td class=\"px-md py-sm align-top font-xsm-bold table-cell w-1\/2\" data-testid=\"table-factsheet-key\">Conte\u00fado da Embalagem<\/td>\n<td class=\"list-item w-full px-md py-sm align-top font-xsm-regular\">01 x Fog\u00e3o 01 x Manual de instru\u00e7\u00f5es<\/td>\n<\/tr>\n<tr class=\"text-on-surface-3 even:bg-surface-container-lower\">\n<td class=\"px-md py-sm align-top font-xsm-bold table-cell w-1\/2\" data-testid=\"table-factsheet-key\">Cor<\/td>\n<td class=\"list-item w-full px-md py-sm align-top font-xsm-regular\">Branco\/Preto<\/td>\n<\/tr>\n<tr class=\"text-on-surface-3 even:bg-surface-container-lower\">\n<td class=\"px-md py-sm align-top font-xsm-bold table-cell w-1\/2\" data-testid=\"table-factsheet-key\">Dimens\u00f5es do Produto<\/td>\n<td class=\"list-item w-full px-md py-sm align-top font-xsm-regular\">95,8 x 76,9 x 63,2 cm<\/td>\n<\/tr>\n<tr class=\"text-on-surface-3 even:bg-surface-container-lower\">\n<td class=\"px-md py-sm align-top font-xsm-bold table-cell w-1\/2\" data-testid=\"table-factsheet-key\">Efici\u00eancia Energ\u00e9tica<\/td>\n<td class=\"list-item w-full px-md py-sm align-top font-xsm-regular\">A<\/td>\n<\/tr>\n<tr class=\"text-on-surface-3 even:bg-surface-container-lower\">\n<td class=\"px-md py-sm align-top font-xsm-bold table-cell w-1\/2\" data-testid=\"table-factsheet-key\">Grades<\/td>\n<td class=\"list-item w-full px-md py-sm align-top font-xsm-regular\">2 Fixas<\/td>\n<\/tr>\n<tr class=\"text-on-surface-3 even:bg-surface-container-lower\">\n<td class=\"px-md py-sm align-top font-xsm-bold table-cell w-1\/2\" data-testid=\"table-factsheet-key\">Instala\u00e7\u00e3o<\/td>\n<td class=\"list-item w-full px-md py-sm align-top font-xsm-regular\">Piso<\/td>\n<\/tr>\n<tr class=\"text-on-surface-3 even:bg-surface-container-lower\">\n<td class=\"px-md py-sm align-top font-xsm-bold table-cell w-1\/2\" data-testid=\"table-factsheet-key\">Linha<\/td>\n<td class=\"list-item w-full px-md py-sm align-top font-xsm-regular\">New Dream<\/td>\n<\/tr>\n<tr class=\"text-on-surface-3 even:bg-surface-container-lower\">\n<td class=\"px-md py-sm align-top font-xsm-bold table-cell w-1\/2\" data-testid=\"table-factsheet-key\">Marca<\/td>\n<td class=\"list-item w-full px-md py-sm align-top font-xsm-regular\"><a class=\"underline hover:text-interaction-default\" href=\"https:\/\/www.magazineluiza.com.br\/marcas\/itatiaia\/\">Itatiaia<\/a><\/td>\n<\/tr>\n<tr class=\"text-on-surface-3 even:bg-surface-container-lower\">\n<td class=\"px-md py-sm align-top font-xsm-bold table-cell w-1\/2\" data-testid=\"table-factsheet-key\">Material<\/td>\n<td class=\"list-item w-full px-md py-sm align-top font-xsm-regular\">A\u00e7o Inox 430 e A\u00e7o Inox 439<\/td>\n<\/tr>\n<tr class=\"text-on-surface-3 even:bg-surface-container-lower\">\n<td class=\"px-md py-sm align-top font-xsm-bold table-cell w-1\/2\" data-testid=\"table-factsheet-key\">Modelo<\/td>\n<td class=\"list-item w-full px-md py-sm align-top font-xsm-regular\">New Dream<\/td>\n<\/tr>\n<tr class=\"text-on-surface-3 even:bg-surface-container-lower\">\n<td class=\"px-md py-sm align-top font-xsm-bold table-cell w-1\/2\" data-testid=\"table-factsheet-key\">Peso do Produto<\/td>\n<td class=\"list-item w-full px-md py-sm align-top font-xsm-regular\">32,1 Kg<\/td>\n<\/tr>\n<tr class=\"text-on-surface-3 even:bg-surface-container-lower\">\n<td class=\"px-md py-sm align-top font-xsm-bold table-cell w-1\/2\" data-testid=\"table-factsheet-key\">Pot\u00eancia<\/td>\n<td class=\"list-item w-full px-md py-sm align-top font-xsm-regular\">25W<\/td>\n<\/tr>\n<tr class=\"text-on-surface-3 even:bg-surface-container-lower\">\n<td class=\"px-md py-sm align-top font-xsm-bold table-cell w-1\/2\" data-testid=\"table-factsheet-key\">Prazo de Garantia<\/td>\n<td class=\"list-item w-full px-md py-sm align-top font-xsm-regular\">12 meses<\/td>\n<\/tr>\n<tr class=\"text-on-surface-3 even:bg-surface-container-lower\">\n<td class=\"px-md py-sm align-top font-xsm-bold table-cell w-1\/2\" data-testid=\"table-factsheet-key\">Quantidade de Bocas<\/td>\n<td class=\"list-item w-full px-md py-sm align-top font-xsm-regular\">5<\/td>\n<\/tr>\n<tr class=\"text-on-surface-3 even:bg-surface-container-lower\">\n<td class=\"px-md py-sm align-top font-xsm-bold table-cell w-1\/2\" data-testid=\"table-factsheet-key\">Refer\u00eancia<\/td>\n<td class=\"list-item w-full px-md py-sm align-top font-xsm-regular\">3700000323<\/td>\n<\/tr>\n<tr class=\"text-on-surface-3 even:bg-surface-container-lower\">\n<td class=\"px-md py-sm align-top font-xsm-bold table-cell w-1\/2\" data-testid=\"table-factsheet-key\">Temperatura do Forno<\/td>\n<td class=\"list-item w-full px-md py-sm align-top font-xsm-regular\">180\/200\/220\/250\/270 graus Celsius<\/td>\n<\/tr>\n<tr class=\"text-on-surface-3 even:bg-surface-container-lower\">\n<td class=\"px-md py-sm align-top font-xsm-bold table-cell w-1\/2\" data-testid=\"table-factsheet-key\">Tipo de Acendimento<\/td>\n<td class=\"list-item w-full px-md py-sm align-top font-xsm-regular\">Autom\u00e1tico<\/td>\n<\/tr>\n<tr class=\"text-on-surface-3 even:bg-surface-container-lower\">\n<td class=\"px-md py-sm align-top font-xsm-bold table-cell w-1\/2\" data-testid=\"table-factsheet-key\">Tipo de G\u00e1s<\/td>\n<td class=\"list-item w-full px-md py-sm align-top font-xsm-regular\">GLP\/GN<\/td>\n<\/tr>\n<tr class=\"text-on-surface-3 even:bg-surface-container-lower\">\n<td class=\"px-md py-sm align-top font-xsm-bold table-cell w-1\/2\" data-testid=\"table-factsheet-key\">Tipo de Mesa do Eletrodom\u00e9stico<\/td>\n<td class=\"list-item w-full px-md py-sm align-top font-xsm-regular\">A\u00e7o Inox 430 e A\u00e7o Inox 439<\/td>\n<\/tr>\n<tr class=\"text-on-surface-3 even:bg-surface-container-lower\">\n<td class=\"px-md py-sm align-top font-xsm-bold table-cell w-1\/2\" data-testid=\"table-factsheet-key\">Tipo de Porta do Forno<\/td>\n<td class=\"list-item w-full px-md py-sm align-top font-xsm-regular\">Multi Parada<\/td>\n<\/tr>\n<tr class=\"text-on-surface-3 even:bg-surface-container-lower\">\n<td class=\"px-md py-sm align-top font-xsm-bold table-cell w-1\/2\" data-testid=\"table-factsheet-key\">Voltagem<\/td>\n<td class=\"list-item w-full px-md py-sm align-top font-xsm-regular\">Bivolt<\/td>\n<\/tr>\n<\/tbody>\n<\/table>\n<\/div>\n<\/div>\n","protected":false},"excerpt":{"rendered":"<p>Descri\u00e7\u00e3o e ficha t\u00e9cnica C\u00f3digo\u00a0ce5cf21ejh Se voc\u00ea quer agilidade e efici\u00eancia no momento de preparar as suas refei\u00e7\u00f5es di\u00e1rias, o Fog\u00e3o de 5 Bocas da linha New Dream \u00e9 perfeito<\/p>\n","protected":false},"featured_media":14692,"comment_status":"open","ping_status":"closed","template":"","meta":[],"product_brand":[],"product_cat":[15],"product_tag":[],"class_list":{"0":"post-14690","1":"product","2":"type-product","3":"status-publish","4":"has-post-thumbnail","6":"product_cat-produtos","7":"product_shipping_class-retirar-no-local","9":"first","10":"instock","11":"shipping-taxable","12":"purchasable","13":"product-type-simple"},"_links":{"self":[{"href":"https:\/\/ambrosioeletro.com.br\/v20\/wp-json\/wp\/v2\/product\/14690","targetHints":{"allow":["GET"]}}],"collection":[{"href":"https:\/\/ambrosioeletro.com.br\/v20\/wp-json\/wp\/v2\/product"}],"about":[{"href":"https:\/\/ambrosioeletro.com.br\/v20\/wp-json\/wp\/v2\/types\/product"}],"replies":[{"embeddable":true,"href":"https:\/\/ambrosioeletro.com.br\/v20\/wp-json\/wp\/v2\/comments?post=14690"}],"wp:featuredmedia":[{"embeddable":true,"href":"https:\/\/ambrosioeletro.com.br\/v20\/wp-json\/wp\/v2\/media\/14692"}],"wp:attachment":[{"href":"https:\/\/ambrosioeletro.com.br\/v20\/wp-json\/wp\/v2\/media?parent=14690"}],"wp:term":[{"taxonomy":"product_brand","embeddable":true,"href":"https:\/\/ambrosioeletro.com.br\/v20\/wp-json\/wp\/v2\/product_brand?post=14690"},{"taxonomy":"product_cat","embeddable":true,"href":"https:\/\/ambrosioeletro.com.br\/v20\/wp-json\/wp\/v2\/product_cat?post=14690"},{"taxonomy":"product_tag","embeddable":true,"href":"https:\/\/ambrosioeletro.com.br\/v20\/wp-json\/wp\/v2\/product_tag?post=14690"}],"curies":[{"name":"wp","href":"https:\/\/api.w.org\/{rel}","templated":true}]}}