{"id":14712,"date":"2025-12-19T10:57:14","date_gmt":"2025-12-19T13:57:14","guid":{"rendered":"https:\/\/ambrosioeletro.com.br\/v20\/?post_type=product&#038;p=14712"},"modified":"2025-12-19T10:57:14","modified_gmt":"2025-12-19T13:57:14","slug":"torradeira-eletrica-127v-900w-7-niveis-wap-prosdocimo-wte1","status":"publish","type":"product","link":"https:\/\/ambrosioeletro.com.br\/v20\/produto\/torradeira-eletrica-127v-900w-7-niveis-wap-prosdocimo-wte1\/","title":{"rendered":"Torradeira El\u00e9trica 127V 900W 7 n\u00edveis Wap Prosd\u00f3cimo Wte1"},"content":{"rendered":"<div class=\"relative px-md overflow-hidden border-on-surface-8 after:pointer-events-none after:absolute after:bottom-[0] after:left-[0] after:h-[72px] after:w-full after:bg-gradient-to-b after:from-[#FFFFFF00] after:to-[#FFFFFF] md:after:content-none md:px-lg max-md:border-b-thin\" data-testid=\"tab-product-detail\">\n<h2 class=\"text-on-surface-2 font-md-bold md:font-title-large-highlight md:mb-md\" data-testid=\"product-details-title\">Descri\u00e7\u00e3o e ficha t\u00e9cnica<\/h2>\n<div data-testid=\"product-detail\">\n<p class=\"mt-2xsm text-on-surface-4 font-xsm-regular\" data-testid=\"product-detail-code\">C\u00f3digo\u00a0hj26k4j7ch<\/p>\n<div class=\"mt-md font-xsm-regular\" data-testid=\"product-detail-description\">\n<p>Cod. Fornecedor: FW009519<br \/>\nMarca: Wap<\/p>\n<p>Tens\u00e3o: 127V<br \/>\nPot\u00eancia: 900W<br \/>\nN\u00edveis de tostagem: 7<br \/>\nFrequ\u00eancia: 60 Hz<br \/>\nQuantidade de p\u00e3es: 2 p\u00e3es<br \/>\nComprimento do cabo el\u00e9trico: 0,8 m<br \/>\nFun\u00e7\u00f5es: Cancelar, reaquecer e descongelar<br \/>\nBandeja de migalhas: Sim<br \/>\nPorta fio: Sim<br \/>\nP\u00e9s Antiderrapantes: Sim<br \/>\nDesligamento autom\u00e1tico: Sim<\/p>\n<p>A Torradeira El\u00e9trica WAP (WTE1) \u00e9 a escolha perfeita para o seu dia a dia. Combinando seus n\u00edveis de tostagem, acabamento em inox e design moderno, esta torradeira oferece praticidade e estilo.<\/p>\n<p>Com seus 7 n\u00edveis de tostagem, voc\u00ea tem o poder de escolher a croc\u00e2ncia perfeita para o seu p\u00e3o. Desde um toque leve e crocante at\u00e9 um dourado irresist\u00edvel, sua torrada ser\u00e1 sempre do jeito que voc\u00ea gosta. Al\u00e9m disso, ela possui aberturas extralargas que acomodam fatias de diversos tipos e tamanhos, tornando o processo de torrar mais vers\u00e1til e eficiente.<\/p>\n<p>O recurso de eleva\u00e7\u00e3o autom\u00e1tica proporciona praticidade e seguran\u00e7a. Suas fatias de p\u00e3o s\u00e3o elevadas automaticamente assim que atingem a tostagem desejada. Al\u00e9m disso, a Torradeira El\u00e9trica da WAP possui desligamento autom\u00e1tico, trazendo seguran\u00e7a e economia de energia.<\/p>\n<p>Descongele p\u00e3es congelados e transforme-os em deliciosas fatias torradas em quest\u00e3o de minutos com a fun\u00e7\u00e3o descongelar. Reaque\u00e7a p\u00e3es do dia anterior, revivendo sabor e textura, gra\u00e7as \u00e0 fun\u00e7\u00e3o reaquecer. E com a fun\u00e7\u00e3o cancelar, voc\u00ea tem total controle para interromper o processo de tostagem a qualquer momento.<\/p>\n<p>E para facilitar o uso, a bandeja coletora de migalhas remov\u00edvel simplifica a limpeza ap\u00f3s o uso, tornando-a uma tarefa r\u00e1pida e simples.<\/p>\n<p>Seja para um caf\u00e9 da manh\u00e3 apressado ou um brunch descontra\u00eddo, a Torradeira El\u00e9trica WAP \u00e9 a parceira ideal em todas as horas do seu dia. Sua cozinha ganhar\u00e1 um toque de eleg\u00e2ncia e praticidade, tornando cada refei\u00e7\u00e3o uma experi\u00eancia deliciosa.<\/p>\n<\/div>\n<\/div>\n<\/div>\n<div class=\"hidden border-on-surface-8 md:px-lg md:block md:py-md\" data-testid=\"tab-product-factsheet\">\n<h2 class=\"text-on-surface-2 font-md-bold md:font-title-large-highlight md:mb-md\" data-testid=\"product-factsheet-title\">Ficha T\u00e9cnica<\/h2>\n<div class=\"pt-2xsm\">\n<table class=\"w-full list-none\" data-testid=\"table-factsheet\">\n<tbody>\n<tr class=\"text-on-surface-3 even:bg-surface-container-lower\">\n<td class=\"px-md py-sm align-top font-xsm-bold table-cell w-1\/2\" data-testid=\"table-factsheet-key\">Comprimento do Fio<\/td>\n<td class=\"list-item w-full px-md py-sm align-top font-xsm-regular\">0,8 m<\/td>\n<\/tr>\n<tr class=\"text-on-surface-3 even:bg-surface-container-lower\">\n<td class=\"px-md py-sm align-top font-xsm-bold table-cell w-1\/2\" data-testid=\"table-factsheet-key\">Cor<\/td>\n<td class=\"list-item w-full px-md py-sm align-top font-xsm-regular\">Inox<\/td>\n<\/tr>\n<tr class=\"text-on-surface-3 even:bg-surface-container-lower\">\n<td class=\"px-md py-sm align-top font-xsm-bold table-cell w-1\/2\" data-testid=\"table-factsheet-key\">Fun\u00e7\u00f5es da Torradeira<\/td>\n<td class=\"list-item w-full px-md py-sm align-top font-xsm-regular\">Cancelar, reaquecer e descongelar<\/td>\n<\/tr>\n<tr class=\"text-on-surface-3 even:bg-surface-container-lower\">\n<td class=\"px-md py-sm align-top font-xsm-bold table-cell w-1\/2\" data-testid=\"table-factsheet-key\">Marca<\/td>\n<td class=\"list-item w-full px-md py-sm align-top font-xsm-regular\"><a class=\"underline hover:text-interaction-default\" href=\"https:\/\/www.magazineluiza.com.br\/marcas\/wap\/\">Wap<\/a><\/td>\n<\/tr>\n<tr class=\"text-on-surface-3 even:bg-surface-container-lower\">\n<td class=\"px-md py-sm align-top font-xsm-bold table-cell w-1\/2\" data-testid=\"table-factsheet-key\">Modelo<\/td>\n<td class=\"list-item w-full px-md py-sm align-top font-xsm-regular\">Wte1<\/td>\n<\/tr>\n<tr class=\"text-on-surface-3 even:bg-surface-container-lower\">\n<td class=\"px-md py-sm align-top font-xsm-bold table-cell w-1\/2\" data-testid=\"table-factsheet-key\">Niveis de Tostagem<\/td>\n<td class=\"list-item w-full px-md py-sm align-top font-xsm-regular\">7<\/td>\n<\/tr>\n<tr class=\"text-on-surface-3 even:bg-surface-container-lower\">\n<td class=\"px-md py-sm align-top font-xsm-bold table-cell w-1\/2\" data-testid=\"table-factsheet-key\">N\u00edveis de Tostagem<\/td>\n<td class=\"list-item w-full px-md py-sm align-top font-xsm-regular\">7 N\u00edveis de Tostagem<\/td>\n<\/tr>\n<tr class=\"text-on-surface-3 even:bg-surface-container-lower\">\n<td class=\"px-md py-sm align-top font-xsm-bold table-cell w-1\/2\" data-testid=\"table-factsheet-key\">Pot\u00eancia<\/td>\n<td class=\"list-item w-full px-md py-sm align-top font-xsm-regular\">900W<\/td>\n<\/tr>\n<tr class=\"text-on-surface-3 even:bg-surface-container-lower\">\n<td class=\"px-md py-sm align-top font-xsm-bold table-cell w-1\/2\" data-testid=\"table-factsheet-key\">Quantidade de Fatias<\/td>\n<td class=\"list-item w-full px-md py-sm align-top font-xsm-regular\">2 p\u00e3es<\/td>\n<\/tr>\n<tr class=\"text-on-surface-3 even:bg-surface-container-lower\">\n<td class=\"px-md py-sm align-top font-xsm-bold table-cell w-1\/2\" data-testid=\"table-factsheet-key\">Refer\u00eancia<\/td>\n<td class=\"list-item w-full px-md py-sm align-top font-xsm-regular\">FW009519<\/td>\n<\/tr>\n<tr class=\"text-on-surface-3 even:bg-surface-container-lower\">\n<td class=\"px-md py-sm align-top font-xsm-bold table-cell w-1\/2\" data-testid=\"table-factsheet-key\">Voltagem<\/td>\n<td class=\"list-item w-full px-md py-sm align-top font-xsm-regular\">127V<\/td>\n<\/tr>\n<\/tbody>\n<\/table>\n<\/div>\n<\/div>\n","protected":false},"excerpt":{"rendered":"<p>Descri\u00e7\u00e3o e ficha t\u00e9cnica C\u00f3digo\u00a0hj26k4j7ch Cod. Fornecedor: FW009519 Marca: Wap Tens\u00e3o: 127V Pot\u00eancia: 900W N\u00edveis de tostagem: 7 Frequ\u00eancia: 60 Hz Quantidade de p\u00e3es: 2 p\u00e3es Comprimento do cabo el\u00e9trico:<\/p>\n","protected":false},"featured_media":14714,"comment_status":"open","ping_status":"closed","template":"","meta":[],"product_brand":[],"product_cat":[15],"product_tag":[],"class_list":{"0":"post-14712","1":"product","2":"type-product","3":"status-publish","4":"has-post-thumbnail","6":"product_cat-produtos","7":"product_shipping_class-pac","9":"first","10":"instock","11":"shipping-taxable","12":"purchasable","13":"product-type-simple"},"_links":{"self":[{"href":"https:\/\/ambrosioeletro.com.br\/v20\/wp-json\/wp\/v2\/product\/14712","targetHints":{"allow":["GET"]}}],"collection":[{"href":"https:\/\/ambrosioeletro.com.br\/v20\/wp-json\/wp\/v2\/product"}],"about":[{"href":"https:\/\/ambrosioeletro.com.br\/v20\/wp-json\/wp\/v2\/types\/product"}],"replies":[{"embeddable":true,"href":"https:\/\/ambrosioeletro.com.br\/v20\/wp-json\/wp\/v2\/comments?post=14712"}],"wp:featuredmedia":[{"embeddable":true,"href":"https:\/\/ambrosioeletro.com.br\/v20\/wp-json\/wp\/v2\/media\/14714"}],"wp:attachment":[{"href":"https:\/\/ambrosioeletro.com.br\/v20\/wp-json\/wp\/v2\/media?parent=14712"}],"wp:term":[{"taxonomy":"product_brand","embeddable":true,"href":"https:\/\/ambrosioeletro.com.br\/v20\/wp-json\/wp\/v2\/product_brand?post=14712"},{"taxonomy":"product_cat","embeddable":true,"href":"https:\/\/ambrosioeletro.com.br\/v20\/wp-json\/wp\/v2\/product_cat?post=14712"},{"taxonomy":"product_tag","embeddable":true,"href":"https:\/\/ambrosioeletro.com.br\/v20\/wp-json\/wp\/v2\/product_tag?post=14712"}],"curies":[{"name":"wp","href":"https:\/\/api.w.org\/{rel}","templated":true}]}}