{"id":14717,"date":"2025-12-19T11:00:40","date_gmt":"2025-12-19T14:00:40","guid":{"rendered":"https:\/\/ambrosioeletro.com.br\/v20\/?post_type=product&#038;p=14717"},"modified":"2025-12-19T11:00:40","modified_gmt":"2025-12-19T14:00:40","slug":"desempenadeira-eletrica-reboco-mde-1200w-menegotti","status":"publish","type":"product","link":"https:\/\/ambrosioeletro.com.br\/v20\/produto\/desempenadeira-eletrica-reboco-mde-1200w-menegotti\/","title":{"rendered":"Desempenadeira El\u00e9trica Reboco Mde 1200w Menegotti"},"content":{"rendered":"<div class=\"relative px-md overflow-hidden border-on-surface-8 after:pointer-events-none after:absolute after:bottom-[0] after:left-[0] after:h-[72px] after:w-full after:bg-gradient-to-b after:from-[#FFFFFF00] after:to-[#FFFFFF] md:after:content-none md:px-lg max-md:border-b-thin\" data-testid=\"tab-product-detail\">\n<h2 class=\"text-on-surface-2 font-md-bold md:font-title-large-highlight md:mb-md\" data-testid=\"product-details-title\">Descri\u00e7\u00e3o e ficha t\u00e9cnica<\/h2>\n<div data-testid=\"product-detail\">\n<p class=\"mt-2xsm text-on-surface-4 font-xsm-regular\" data-testid=\"product-detail-code\">C\u00f3digo\u00a0ck8gg8824g<\/p>\n<div class=\"mt-md font-xsm-regular\" data-testid=\"product-detail-description\">Desempenadeira El\u00e9trica Menegotti MDE 1200w<\/p>\n<p>Equipamento projetado para alisamento de reboco, atrav\u00e9s de seus discos de polipropileno, ferro e esponja,<br \/>\ne para lixamento de paredes e tetos.<br \/>\nDiferente do m\u00e9todo convencional, a desempenadeira n\u00e3o exp\u00f5e o operador ao esfor\u00e7o repetitivo.<\/p>\n<p>Altamente ergon\u00f4mica, leve e eficaz.<br \/>\n\u2022 Ideal para quem busca por m\u00e9todos de constru\u00e7\u00e3o enxuta.<br \/>\n\u2022 Possibilita um acabamento de melhor qualidade para superf\u00edcies que contenham cimento, concreto e pintura.<br \/>\n\u2022 Alta tecnologia e efici\u00eancia dos produtos Menegotti, fazendo com o que as opera\u00e7\u00f5es realizadas sejam mais produtivas, convenientes, seguras e de qualidade.<\/p>\n<p>Caracter\u00edsticas T\u00e9cnicas:<br \/>\n&#8211; Pot\u00eancia do Motor: 1200W<br \/>\n&#8211; Dimens\u00f5es: C 390 x L 390 x A 200mm<br \/>\n&#8211; Di\u00e2metro do Disco: \u00d8 380mm<br \/>\n&#8211; Velocidade nominal do disco \u00e0 v\u00e1cuo: 0 a 200rpm<br \/>\n&#8211; Peso Total (embalagem, produto, discos): 5,4kg<br \/>\n&#8211; Peso do grupo operador: 4,0kg<br \/>\n&#8211; Rota\u00e7\u00e3o de Disco: 90 RPM<br \/>\n&#8211; Tamanho do Disco Base: 380mm<br \/>\nItens que Acompanha a m\u00e1quina:<br \/>\n-1 disco de esponja;<br \/>\n-1 disco de polipropileno;<br \/>\n-1 disco de lixa \u00d8380mm.<\/p><\/div>\n<\/div>\n<\/div>\n<div class=\"hidden border-on-surface-8 md:px-lg md:block md:py-md\" data-testid=\"tab-product-factsheet\">\n<h2 class=\"text-on-surface-2 font-md-bold md:font-title-large-highlight md:mb-md\" data-testid=\"product-factsheet-title\">Ficha T\u00e9cnica<\/h2>\n<div class=\"pt-2xsm\">\n<table class=\"w-full list-none\" data-testid=\"table-factsheet\">\n<tbody>\n<tr class=\"text-on-surface-3 even:bg-surface-container-lower\">\n<td class=\"px-md py-sm align-top font-xsm-bold table-cell w-1\/2\" data-testid=\"table-factsheet-key\">Conte\u00fado da Embalagem<\/td>\n<td class=\"list-item w-full px-md py-sm align-top font-xsm-regular\">-1 disco de esponja;-1 disco de polipropileno;-1 disco de lixa \u00d8380mm<\/td>\n<\/tr>\n<tr class=\"text-on-surface-3 even:bg-surface-container-lower\">\n<td class=\"px-md py-sm align-top font-xsm-bold table-cell w-1\/2\" data-testid=\"table-factsheet-key\">Dimens\u00f5es do Produto<\/td>\n<td class=\"list-item w-full px-md py-sm align-top font-xsm-regular\">C 390 x L 390 x A 200mm<\/td>\n<\/tr>\n<tr class=\"text-on-surface-3 even:bg-surface-container-lower\">\n<td class=\"px-md py-sm align-top font-xsm-bold table-cell w-1\/2\" data-testid=\"table-factsheet-key\">Marca<\/td>\n<td class=\"list-item w-full px-md py-sm align-top font-xsm-regular\"><a class=\"underline hover:text-interaction-default\" href=\"https:\/\/www.magazineluiza.com.br\/marcas\/menegotti\/\">Menegotti<\/a><\/td>\n<\/tr>\n<tr class=\"text-on-surface-3 even:bg-surface-container-lower\">\n<td class=\"px-md py-sm align-top font-xsm-bold table-cell w-1\/2\" data-testid=\"table-factsheet-key\">Modelo<\/td>\n<td class=\"list-item w-full px-md py-sm align-top font-xsm-regular\">Desempenadeira El\u00e9trica Reboco Mde 1200w<\/td>\n<\/tr>\n<tr class=\"text-on-surface-3 even:bg-surface-container-lower\">\n<td class=\"px-md py-sm align-top font-xsm-bold table-cell w-1\/2\" data-testid=\"table-factsheet-key\">Peso do Produto<\/td>\n<td class=\"list-item w-full px-md py-sm align-top font-xsm-regular\">4,0kg<\/td>\n<\/tr>\n<tr class=\"text-on-surface-3 even:bg-surface-container-lower\">\n<td class=\"px-md py-sm align-top font-xsm-bold table-cell w-1\/2\" data-testid=\"table-factsheet-key\">Peso do Produto com Embalagem<\/td>\n<td class=\"list-item w-full px-md py-sm align-top font-xsm-regular\">5,4kg<\/td>\n<\/tr>\n<tr class=\"text-on-surface-3 even:bg-surface-container-lower\">\n<td class=\"px-md py-sm align-top font-xsm-bold table-cell w-1\/2\" data-testid=\"table-factsheet-key\">Refer\u00eancia<\/td>\n<td class=\"list-item w-full px-md py-sm align-top font-xsm-regular\">MDE 1200w<\/td>\n<\/tr>\n<tr class=\"text-on-surface-3 even:bg-surface-container-lower\">\n<td class=\"px-md py-sm align-top font-xsm-bold table-cell w-1\/2\" data-testid=\"table-factsheet-key\">Voltagem<\/td>\n<td class=\"list-item w-full px-md py-sm align-top font-xsm-regular\">127 V<\/td>\n<\/tr>\n<\/tbody>\n<\/table>\n<\/div>\n<\/div>\n","protected":false},"excerpt":{"rendered":"<p>Descri\u00e7\u00e3o e ficha t\u00e9cnica C\u00f3digo\u00a0ck8gg8824g Desempenadeira El\u00e9trica Menegotti MDE 1200w Equipamento projetado para alisamento de reboco, atrav\u00e9s de seus discos de polipropileno, ferro e esponja, e para lixamento de paredes<\/p>\n","protected":false},"featured_media":14718,"comment_status":"open","ping_status":"closed","template":"","meta":[],"product_brand":[],"product_cat":[15],"product_tag":[],"class_list":{"0":"post-14717","1":"product","2":"type-product","3":"status-publish","4":"has-post-thumbnail","6":"product_cat-produtos","7":"product_shipping_class-pac","9":"first","10":"instock","11":"shipping-taxable","12":"purchasable","13":"product-type-simple"},"_links":{"self":[{"href":"https:\/\/ambrosioeletro.com.br\/v20\/wp-json\/wp\/v2\/product\/14717","targetHints":{"allow":["GET"]}}],"collection":[{"href":"https:\/\/ambrosioeletro.com.br\/v20\/wp-json\/wp\/v2\/product"}],"about":[{"href":"https:\/\/ambrosioeletro.com.br\/v20\/wp-json\/wp\/v2\/types\/product"}],"replies":[{"embeddable":true,"href":"https:\/\/ambrosioeletro.com.br\/v20\/wp-json\/wp\/v2\/comments?post=14717"}],"wp:featuredmedia":[{"embeddable":true,"href":"https:\/\/ambrosioeletro.com.br\/v20\/wp-json\/wp\/v2\/media\/14718"}],"wp:attachment":[{"href":"https:\/\/ambrosioeletro.com.br\/v20\/wp-json\/wp\/v2\/media?parent=14717"}],"wp:term":[{"taxonomy":"product_brand","embeddable":true,"href":"https:\/\/ambrosioeletro.com.br\/v20\/wp-json\/wp\/v2\/product_brand?post=14717"},{"taxonomy":"product_cat","embeddable":true,"href":"https:\/\/ambrosioeletro.com.br\/v20\/wp-json\/wp\/v2\/product_cat?post=14717"},{"taxonomy":"product_tag","embeddable":true,"href":"https:\/\/ambrosioeletro.com.br\/v20\/wp-json\/wp\/v2\/product_tag?post=14717"}],"curies":[{"name":"wp","href":"https:\/\/api.w.org\/{rel}","templated":true}]}}