{"id":14721,"date":"2025-12-19T11:06:37","date_gmt":"2025-12-19T14:06:37","guid":{"rendered":"https:\/\/ambrosioeletro.com.br\/v20\/?post_type=product&#038;p=14721"},"modified":"2025-12-19T11:06:37","modified_gmt":"2025-12-19T14:06:37","slug":"geladeira-refrigerador-electrolux-frost-free-3-portas-autosense-inox-look-590l-multidoor-efficient-im8s","status":"publish","type":"product","link":"https:\/\/ambrosioeletro.com.br\/v20\/produto\/geladeira-refrigerador-electrolux-frost-free-3-portas-autosense-inox-look-590l-multidoor-efficient-im8s\/","title":{"rendered":"Geladeira\/Refrigerador Electrolux Frost Free 3 Portas AutoSense Inox Look 590L Multidoor Efficient IM8S"},"content":{"rendered":"<div class=\"relative px-md overflow-hidden border-on-surface-8 after:pointer-events-none after:absolute after:bottom-[0] after:left-[0] after:h-[72px] after:w-full after:bg-gradient-to-b after:from-[#FFFFFF00] after:to-[#FFFFFF] md:after:content-none md:px-lg max-md:border-b-thin\" data-testid=\"tab-product-detail\">\n<h2 class=\"text-on-surface-2 font-md-bold md:font-title-large-highlight md:mb-md\" data-testid=\"product-details-title\">Descri\u00e7\u00e3o e ficha t\u00e9cnica<\/h2>\n<div data-testid=\"product-detail\">\n<p class=\"mt-2xsm text-on-surface-4 font-xsm-regular\" data-testid=\"product-detail-code\">C\u00f3digo\u00a0235419800<\/p>\n<div class=\"mt-md font-xsm-regular\" data-testid=\"product-detail-description\">A Geladeira\/Refrigerador French Door Electrolux Platinum IM8S Multidoor Efficient 590L Frost Free possui tr\u00eas portas para garantir mais espa\u00e7o para armazenar e mais fun\u00e7\u00f5es destinadas a manter o frescor dos alimentos por mais tempo. Com a tecnologia exclusiva AutoSense, a geladeira ajusta a temperatura automaticamente, garantindo uma melhor preserva\u00e7\u00e3o dos alimentos por at\u00e9 30% mais tempo. A Intelig\u00eancia Artificial reconhece seus h\u00e1bitos de consumo, identificando os momentos de maior uso e menor uso da geladeira, deixando-a mais fria ou estabilizando a temperatura. A gaveta HortiNatura preserva o frescor de frutas e vegetais por at\u00e9 2x mais tempo, evitando o desperd\u00edcio de alimentos. E como a Tecnologia Inverter mant\u00e9m a temperatura mais est\u00e1vel, reduz o consumo de energia em at\u00e9 37%, tornando-a uma das geladeiras brasileiras mais econ\u00f4micas do segmento, al\u00e9m de garantir as condi\u00e7\u00f5es ideais de preserva\u00e7\u00e3o dos alimentos. Ainda conta com o TasteGuard, que elimina at\u00e9 9x mais r\u00e1pido os maus odores causados por bact\u00e9rias, garantindo que sua geladeira permane\u00e7a sempre higi\u00eanica. Para facilitar a retirada de gelo, com o IceTwister \u00e9 poss\u00edvel apenas girar a forma para que eles caiam no compartimento inferior, al\u00e9m da praticidade do sistema de abastecimento de \u00e1gua.<\/div>\n<\/div>\n<\/div>\n<div class=\"hidden border-on-surface-8 md:px-lg md:block md:py-md\" data-testid=\"tab-product-factsheet\">\n<h2 class=\"text-on-surface-2 font-md-bold md:font-title-large-highlight md:mb-md\" data-testid=\"product-factsheet-title\">Ficha T\u00e9cnica<\/h2>\n<div class=\"pt-2xsm\">\n<table class=\"w-full list-none\" data-testid=\"table-factsheet\">\n<tbody>\n<tr class=\"text-on-surface-3 even:bg-surface-container-lower\">\n<td class=\"px-md py-sm align-top font-xsm-bold table-cell w-1\/2\" data-testid=\"table-factsheet-key\">Marca<\/td>\n<td class=\"list-item w-full px-md py-sm align-top font-xsm-regular\"><a class=\"underline hover:text-interaction-default\" href=\"https:\/\/www.magazineluiza.com.br\/marcas\/electrolux\/\">Electrolux<\/a><\/td>\n<\/tr>\n<tr class=\"text-on-surface-3 even:bg-surface-container-lower\">\n<td class=\"px-md py-sm align-top font-xsm-bold table-cell w-1\/2\" data-testid=\"table-factsheet-key\">Refer\u00eancia<\/td>\n<td class=\"list-item w-full px-md py-sm align-top font-xsm-regular\">02623FBA130<\/td>\n<\/tr>\n<tr class=\"text-on-surface-3 even:bg-surface-container-lower\">\n<td class=\"px-md py-sm align-top font-xsm-bold table-cell w-1\/2\" data-testid=\"table-factsheet-key\">Modelo<\/td>\n<td class=\"list-item w-full px-md py-sm align-top font-xsm-regular\">IM8S<\/td>\n<\/tr>\n<tr class=\"text-on-surface-3 even:bg-surface-container-lower\">\n<td class=\"px-md py-sm align-top font-xsm-bold table-cell w-1\/2\" data-testid=\"table-factsheet-key\">Linha<\/td>\n<td class=\"list-item w-full px-md py-sm align-top font-xsm-regular\">Multidoor Efficient<\/td>\n<\/tr>\n<tr class=\"text-on-surface-3 even:bg-surface-container-lower\">\n<td class=\"px-md py-sm align-top font-xsm-bold table-cell w-1\/2\" data-testid=\"table-factsheet-key\">Tipo de Degelo<\/td>\n<td class=\"list-item w-full px-md py-sm align-top font-xsm-regular\">Frost Free<\/td>\n<\/tr>\n<tr class=\"text-on-surface-3 even:bg-surface-container-lower\">\n<td class=\"px-md py-sm align-top font-xsm-bold table-cell w-1\/2\" data-testid=\"table-factsheet-key\">Porta<\/td>\n<td class=\"list-item w-full px-md py-sm align-top font-xsm-regular\">French Door<\/td>\n<\/tr>\n<tr class=\"text-on-surface-3 even:bg-surface-container-lower\">\n<td class=\"px-md py-sm align-top font-xsm-bold table-cell w-1\/2\" data-testid=\"table-factsheet-key\">Quantidade de Portas<\/td>\n<td class=\"list-item w-full px-md py-sm align-top font-xsm-regular\">3 Portas<\/td>\n<\/tr>\n<tr class=\"text-on-surface-3 even:bg-surface-container-lower\">\n<td class=\"px-md py-sm align-top font-xsm-bold table-cell w-1\/2\" data-testid=\"table-factsheet-key\">Capacidade L\u00edquida Total<\/td>\n<td class=\"list-item w-full px-md py-sm align-top font-xsm-regular\">590L<\/td>\n<\/tr>\n<tr class=\"text-on-surface-3 even:bg-surface-container-lower\">\n<td class=\"px-md py-sm align-top font-xsm-bold table-cell w-1\/2\" data-testid=\"table-factsheet-key\">Capacidade L\u00edquida do Refrigerador<\/td>\n<td class=\"list-item w-full px-md py-sm align-top font-xsm-regular\">390L<\/td>\n<\/tr>\n<tr class=\"text-on-surface-3 even:bg-surface-container-lower\">\n<td class=\"px-md py-sm align-top font-xsm-bold table-cell w-1\/2\" data-testid=\"table-factsheet-key\">Capacidade L\u00edquida do Freezer<\/td>\n<td class=\"list-item w-full px-md py-sm align-top font-xsm-regular\">200L<\/td>\n<\/tr>\n<tr class=\"text-on-surface-3 even:bg-surface-container-lower\">\n<td class=\"px-md py-sm align-top font-xsm-bold table-cell w-1\/2\" data-testid=\"table-factsheet-key\">Cor<\/td>\n<td class=\"list-item w-full px-md py-sm align-top font-xsm-regular\">Inox look<\/td>\n<\/tr>\n<tr class=\"text-on-surface-3 even:bg-surface-container-lower\">\n<td class=\"px-md py-sm align-top font-xsm-bold table-cell w-1\/2\" data-testid=\"table-factsheet-key\">Caracter\u00edsticas<\/td>\n<td class=\"list-item w-full px-md py-sm align-top font-xsm-regular\">AutoSense, TasteGuard, IceTwister, FastAdapt, Porta revers\u00edvel<\/td>\n<\/tr>\n<tr class=\"text-on-surface-3 even:bg-surface-container-lower\">\n<td class=\"px-md py-sm align-top font-xsm-bold table-cell w-1\/2\" data-testid=\"table-factsheet-key\">Especifica\u00e7\u00f5es das Caracter\u00edsticas<\/td>\n<td class=\"list-item w-full px-md py-sm align-top font-xsm-regular\">AutoSense Controla a temperatura automaticamente usando Intelig\u00eancia Artificial e prolonga a vida dos alimentos por at\u00e9 30%* mais tempo. TasteGuard: Elimina at\u00e9 9&#215;5 mais r\u00e1pido os maus odores causados por bact\u00e9rias, garantindo que sua geladeira permane\u00e7a sempre fresca e higi\u00eanica. IceTwister: Gelo sempre \u00e0 m\u00e3o, de forma mais f\u00e1cil. Basta girar a forma para que o gelo caia no compartimento inferior e voc\u00ea tenha suas bebidas favoritas ainda mais refrescantes, quando quiser. Agora tamb\u00e9m com sistema de abastecimento de \u00e1gua mais pr\u00e1tico e descomplicado. FastAdapt e prateleira retr\u00e1til: Prateleiras que permitem 100 configura\u00e7\u00f5es internas para armazenar alimentos de diferentes tamanhos e formas. Escolha o melhor lado para abrir a porta do freezer. (Revers\u00e3o da porta feita mediante contrata\u00e7\u00e3o do servi\u00e7o de assist\u00eancia t\u00e9cnica.)<\/td>\n<\/tr>\n<tr class=\"text-on-surface-3 even:bg-surface-container-lower\">\n<td class=\"px-md py-sm align-top font-xsm-bold table-cell w-1\/2\" data-testid=\"table-factsheet-key\">Prateleiras<\/td>\n<td class=\"list-item w-full px-md py-sm align-top font-xsm-regular\">Refrigerador: 2 prateleiras. Freezer: 1 prateleira. Porta Freezer: 2 compartimentos<\/td>\n<\/tr>\n<tr class=\"text-on-surface-3 even:bg-surface-container-lower\">\n<td class=\"px-md py-sm align-top font-xsm-bold table-cell w-1\/2\" data-testid=\"table-factsheet-key\">Gavetas<\/td>\n<td class=\"list-item w-full px-md py-sm align-top font-xsm-regular\">Refrigerador: 2 gavetas. Freezer: 2 gavetas<\/td>\n<\/tr>\n<tr class=\"text-on-surface-3 even:bg-surface-container-lower\">\n<td class=\"px-md py-sm align-top font-xsm-bold table-cell w-1\/2\" data-testid=\"table-factsheet-key\">Compartimentos Internos<\/td>\n<td class=\"list-item w-full px-md py-sm align-top font-xsm-regular\">Porta Refrigerador: 7 compartimentos. Porta Freezer: 2 compartimentos<\/td>\n<\/tr>\n<tr class=\"text-on-surface-3 even:bg-surface-container-lower\">\n<td class=\"px-md py-sm align-top font-xsm-bold table-cell w-1\/2\" data-testid=\"table-factsheet-key\">Tecnologia de Refrigera\u00e7\u00e3o<\/td>\n<td class=\"list-item w-full px-md py-sm align-top font-xsm-regular\">Inverter<\/td>\n<\/tr>\n<tr class=\"text-on-surface-3 even:bg-surface-container-lower\">\n<td class=\"px-md py-sm align-top font-xsm-bold table-cell w-1\/2\" data-testid=\"table-factsheet-key\">Efici\u00eancia Energ\u00e9tica<\/td>\n<td class=\"list-item w-full px-md py-sm align-top font-xsm-regular\">A+++<\/td>\n<\/tr>\n<tr class=\"text-on-surface-3 even:bg-surface-container-lower\">\n<td class=\"px-md py-sm align-top font-xsm-bold table-cell w-1\/2\" data-testid=\"table-factsheet-key\">Voltagem<\/td>\n<td class=\"list-item w-full px-md py-sm align-top font-xsm-regular\">110V<\/td>\n<\/tr>\n<tr class=\"text-on-surface-3 even:bg-surface-container-lower\">\n<td class=\"px-md py-sm align-top font-xsm-bold table-cell w-1\/2\" data-testid=\"table-factsheet-key\">Consumo Aproximado de Energia<\/td>\n<td class=\"list-item w-full px-md py-sm align-top font-xsm-regular\">55,4Kw<\/td>\n<\/tr>\n<tr class=\"text-on-surface-3 even:bg-surface-container-lower\">\n<td class=\"px-md py-sm align-top font-xsm-bold table-cell w-1\/2\" data-testid=\"table-factsheet-key\">Material<\/td>\n<td class=\"list-item w-full px-md py-sm align-top font-xsm-regular\">VCM (Vinyl Coated Metal)<\/td>\n<\/tr>\n<tr class=\"text-on-surface-3 even:bg-surface-container-lower\">\n<td class=\"px-md py-sm align-top font-xsm-bold table-cell w-1\/2\" data-testid=\"table-factsheet-key\">Certificado Homologado pelo Inmetro N\u00famero<\/td>\n<td class=\"list-item w-full px-md py-sm align-top font-xsm-regular\">005404 \/ 2016<\/td>\n<\/tr>\n<tr class=\"text-on-surface-3 even:bg-surface-container-lower\">\n<td class=\"px-md py-sm align-top font-xsm-bold table-cell w-1\/2\" data-testid=\"table-factsheet-key\">Peso do Produto<\/td>\n<td class=\"list-item w-full px-md py-sm align-top font-xsm-regular\">98kg<\/td>\n<\/tr>\n<tr class=\"text-on-surface-3 even:bg-surface-container-lower\">\n<td class=\"px-md py-sm align-top font-xsm-bold table-cell w-1\/2\" data-testid=\"table-factsheet-key\">Dimens\u00f5es do Produto<\/td>\n<td class=\"list-item w-full px-md py-sm align-top font-xsm-regular\">Largura: 83,5cm Altura: 190cm Profundidade: 74,2cm<\/td>\n<\/tr>\n<tr class=\"text-on-surface-3 even:bg-surface-container-lower\">\n<td class=\"px-md py-sm align-top font-xsm-bold table-cell w-1\/2\" data-testid=\"table-factsheet-key\">Dimens\u00f5es do Produto com Embalagem<\/td>\n<td class=\"list-item w-full px-md py-sm align-top font-xsm-regular\">Largura: 87cm Altura: 192,2cm Profundidade: 81,1cm<\/td>\n<\/tr>\n<tr class=\"text-on-surface-3 even:bg-surface-container-lower\">\n<td class=\"px-md py-sm align-top font-xsm-bold table-cell w-1\/2\" data-testid=\"table-factsheet-key\">Prazo de Garantia<\/td>\n<td class=\"list-item w-full px-md py-sm align-top font-xsm-regular\">01 ano (3 meses de garantia legal e mais 9 meses de garantia especial concedida pelo fabricante).<\/td>\n<\/tr>\n<tr class=\"text-on-surface-3 even:bg-surface-container-lower\">\n<td class=\"px-md py-sm align-top font-xsm-bold table-cell w-1\/2\" data-testid=\"table-factsheet-key\">Conte\u00fado da Embalagem<\/td>\n<td class=\"list-item w-full px-md py-sm align-top font-xsm-regular\">1 Geladeira\/Refrigerador<\/td>\n<\/tr>\n<\/tbody>\n<\/table>\n<\/div>\n<\/div>\n","protected":false},"excerpt":{"rendered":"<p>Descri\u00e7\u00e3o e ficha t\u00e9cnica C\u00f3digo\u00a0235419800 A Geladeira\/Refrigerador French Door Electrolux Platinum IM8S Multidoor Efficient 590L Frost Free possui tr\u00eas portas para garantir mais espa\u00e7o para armazenar e mais fun\u00e7\u00f5es destinadas<\/p>\n","protected":false},"featured_media":14722,"comment_status":"open","ping_status":"closed","template":"","meta":[],"product_brand":[],"product_cat":[15],"product_tag":[],"class_list":{"0":"post-14721","1":"product","2":"type-product","3":"status-publish","4":"has-post-thumbnail","6":"product_cat-produtos","7":"product_shipping_class-retirar-no-local","9":"first","10":"instock","11":"shipping-taxable","12":"purchasable","13":"product-type-simple"},"_links":{"self":[{"href":"https:\/\/ambrosioeletro.com.br\/v20\/wp-json\/wp\/v2\/product\/14721","targetHints":{"allow":["GET"]}}],"collection":[{"href":"https:\/\/ambrosioeletro.com.br\/v20\/wp-json\/wp\/v2\/product"}],"about":[{"href":"https:\/\/ambrosioeletro.com.br\/v20\/wp-json\/wp\/v2\/types\/product"}],"replies":[{"embeddable":true,"href":"https:\/\/ambrosioeletro.com.br\/v20\/wp-json\/wp\/v2\/comments?post=14721"}],"wp:featuredmedia":[{"embeddable":true,"href":"https:\/\/ambrosioeletro.com.br\/v20\/wp-json\/wp\/v2\/media\/14722"}],"wp:attachment":[{"href":"https:\/\/ambrosioeletro.com.br\/v20\/wp-json\/wp\/v2\/media?parent=14721"}],"wp:term":[{"taxonomy":"product_brand","embeddable":true,"href":"https:\/\/ambrosioeletro.com.br\/v20\/wp-json\/wp\/v2\/product_brand?post=14721"},{"taxonomy":"product_cat","embeddable":true,"href":"https:\/\/ambrosioeletro.com.br\/v20\/wp-json\/wp\/v2\/product_cat?post=14721"},{"taxonomy":"product_tag","embeddable":true,"href":"https:\/\/ambrosioeletro.com.br\/v20\/wp-json\/wp\/v2\/product_tag?post=14721"}],"curies":[{"name":"wp","href":"https:\/\/api.w.org\/{rel}","templated":true}]}}