{"id":14777,"date":"2026-01-06T10:51:02","date_gmt":"2026-01-06T13:51:02","guid":{"rendered":"https:\/\/ambrosioeletro.com.br\/v20\/?post_type=product&#038;p=14777"},"modified":"2026-04-08T10:02:31","modified_gmt":"2026-04-08T13:02:31","slug":"varal-de-chao-com-abas-secalux-aco-branco-dobravel-napoles-11kg","status":"publish","type":"product","link":"https:\/\/ambrosioeletro.com.br\/v20\/produto\/varal-de-chao-com-abas-secalux-aco-branco-dobravel-napoles-11kg\/","title":{"rendered":"Varal De Ch\u00e3o Com Abas Secalux A\u00e7o Branco dobravel Napoles 11kg"},"content":{"rendered":"<div class=\"relative px-md overflow-hidden border-on-surface-8 after:pointer-events-none after:absolute after:bottom-[0] after:left-[0] after:h-[72px] after:w-full after:bg-gradient-to-b after:from-[#FFFFFF00] after:to-[#FFFFFF] md:after:content-none md:px-lg max-md:border-b-thin\" data-testid=\"tab-product-detail\">\n<h2 class=\"text-on-surface-2 font-md-bold md:font-title-large-highlight md:mb-md\" data-testid=\"product-details-title\">Descri\u00e7\u00e3o e ficha t\u00e9cnica<\/h2>\n<div data-testid=\"product-detail\">\n<p class=\"mt-2xsm text-on-surface-4 font-xsm-regular\" data-testid=\"product-detail-code\">C\u00f3digo\u00a0cj5adf13h5<\/p>\n<div class=\"mt-md font-xsm-regular\" data-testid=\"product-detail-description\">\n<p>Ferragens Floresta<\/p>\n<p>Eleita 10 anos seguidos a melhor loja de ferragens do Brasil.<\/p>\n<p>Loja f\u00edsica, Entrega r\u00e1pida! Atendimento exclusivo!<\/p>\n<p>Varal de Ch\u00e3o N\u00e1poles em A\u00e7o Branco Com Abas &#8211; Secalux<\/p>\n<p>Varal de a\u00e7o, com acabamento em pl\u00e1stico.<\/p>\n<p>Fechado, ocupa pouco espa\u00e7o e de f\u00e1cil manuseio.<\/p>\n<p>Ideal para viagens, apartamentos e pequenas lavanderias.<\/p>\n<p>Caracter\u00edsticas do Produto:<\/p>\n<p>Capacidade de roupas \u00famidas: 11 kg<\/p>\n<p>Equivale: 10,20 m<\/p>\n<p>Cor da estrutura: Branco<\/p>\n<p>Cor do acabamento: Verde<\/p>\n<p>Port\u00e1til: Sim<\/p>\n<p>Dobr\u00e1vel: Sim<\/p>\n<p>Aba: Sim<\/p>\n<p>Varetas do quadro: 8<\/p>\n<p>Varetas da aba: 2 abas com 5 varetas cada<\/p>\n<p>Precau\u00e7\u00f5es de uso: Evite acidentes. Mantenha o produto fora do alcance de crian\u00e7as. Cuidado ao abrir e fechar o produto, pois pode gerar o esmagamento das m\u00e3os.<\/p>\n<p>Composi\u00e7\u00e3o do Produto<\/p>\n<p>Estrutura do produto: A\u00e7o carbono pintado em branco<\/p>\n<p>Acabamento pl\u00e1stico: Polipropileno<\/p>\n<p>Rebites: A\u00e7o zincado<\/p>\n<p>Dimens\u00f5es do Produto<\/p>\n<p>(valores aproximados)<\/p>\n<p>Medidas do produto aberto at\u00e9 a aba: 0,83 x 1,37 x 0,46<\/p>\n<p>Altura do produto aberto at\u00e9 o quadro: 0,71<\/p>\n<p>Medidas do produto fechado: 1,05 x 0,49 x 0,03<\/p>\n<\/div>\n<\/div>\n<\/div>\n<div class=\"hidden border-on-surface-8 md:px-lg md:block md:py-md\" data-testid=\"tab-product-factsheet\">\n<h2 class=\"text-on-surface-2 font-md-bold md:font-title-large-highlight md:mb-md\" data-testid=\"product-factsheet-title\">Ficha T\u00e9cnica<\/h2>\n<div class=\"pt-2xsm\">\n<table class=\"w-full list-none\" data-testid=\"table-factsheet\">\n<tbody>\n<tr class=\"text-on-surface-3 even:bg-surface-container-lower\">\n<td class=\"px-md py-sm align-top font-xsm-bold table-cell w-1\/2\" data-testid=\"table-factsheet-key\">Fornecedor<\/td>\n<td class=\"list-item w-full px-md py-sm align-top font-xsm-regular\">1 ano<\/td>\n<\/tr>\n<tr class=\"text-on-surface-3 even:bg-surface-container-lower\">\n<td class=\"px-md py-sm align-top font-xsm-bold table-cell w-1\/2\" data-testid=\"table-factsheet-key\">Secalux<\/td>\n<td class=\"list-item w-full px-md py-sm align-top font-xsm-regular\">Secalux<\/td>\n<\/tr>\n<tr class=\"text-on-surface-3 even:bg-surface-container-lower\">\n<td class=\"px-md py-sm align-top font-xsm-bold table-cell w-1\/2\" data-testid=\"table-factsheet-key\">11 Quilos<\/td>\n<td class=\"list-item w-full px-md py-sm align-top font-xsm-regular\">11 Quilos<\/td>\n<\/tr>\n<tr class=\"text-on-surface-3 even:bg-surface-container-lower\">\n<td class=\"px-md py-sm align-top font-xsm-bold table-cell w-1\/2\" data-testid=\"table-factsheet-key\">Capacidade de Secagem<\/td>\n<td class=\"list-item w-full px-md py-sm align-top font-xsm-regular\">11 kg<\/td>\n<\/tr>\n<tr class=\"text-on-surface-3 even:bg-surface-container-lower\">\n<td class=\"px-md py-sm align-top font-xsm-bold table-cell w-1\/2\" data-testid=\"table-factsheet-key\">Cor<\/td>\n<td class=\"list-item w-full px-md py-sm align-top font-xsm-regular\">Branco<\/td>\n<\/tr>\n<tr class=\"text-on-surface-3 even:bg-surface-container-lower\">\n<td class=\"px-md py-sm align-top font-xsm-bold table-cell w-1\/2\" data-testid=\"table-factsheet-key\">Dimens\u00f5es do Produto<\/td>\n<td class=\"list-item w-full px-md py-sm align-top font-xsm-regular\">Medidas do produto aberto at\u00e9 a aba: 0,83 x 1,37 x 0,46 Altura do produto aberto at\u00e9 o quadro: 0,71 Medidas do produto fechado: 1,05 x 0,49 x 0,03<\/td>\n<\/tr>\n<tr class=\"text-on-surface-3 even:bg-surface-container-lower\">\n<td class=\"px-md py-sm align-top font-xsm-bold table-cell w-1\/2\" data-testid=\"table-factsheet-key\">Marca<\/td>\n<td class=\"list-item w-full px-md py-sm align-top font-xsm-regular\"><a class=\"underline hover:text-interaction-default\" href=\"https:\/\/www.magazineluiza.com.br\/marcas\/secalux\/\">Secalux<\/a><\/td>\n<\/tr>\n<tr class=\"text-on-surface-3 even:bg-surface-container-lower\">\n<td class=\"px-md py-sm align-top font-xsm-bold table-cell w-1\/2\" data-testid=\"table-factsheet-key\">Material<\/td>\n<td class=\"list-item w-full px-md py-sm align-top font-xsm-regular\">A\u00e7o carbono pintado em branco, Polipropileno, A\u00e7o zincado<\/td>\n<\/tr>\n<tr class=\"text-on-surface-3 even:bg-surface-container-lower\">\n<td class=\"px-md py-sm align-top font-xsm-bold table-cell w-1\/2\" data-testid=\"table-factsheet-key\">Material<\/td>\n<td class=\"list-item w-full px-md py-sm align-top font-xsm-regular\">A\u00e7o<\/td>\n<\/tr>\n<tr class=\"text-on-surface-3 even:bg-surface-container-lower\">\n<td class=\"px-md py-sm align-top font-xsm-bold table-cell w-1\/2\" data-testid=\"table-factsheet-key\">Modelo<\/td>\n<td class=\"list-item w-full px-md py-sm align-top font-xsm-regular\">Napoles<\/td>\n<\/tr>\n<tr class=\"text-on-surface-3 even:bg-surface-container-lower\">\n<td class=\"px-md py-sm align-top font-xsm-bold table-cell w-1\/2\" data-testid=\"table-factsheet-key\">Peso Suportado<\/td>\n<td class=\"list-item w-full px-md py-sm align-top font-xsm-regular\">11 kg<\/td>\n<\/tr>\n<tr class=\"text-on-surface-3 even:bg-surface-container-lower\">\n<td class=\"px-md py-sm align-top font-xsm-bold table-cell w-1\/2\" data-testid=\"table-factsheet-key\">Quantidade de Varetas<\/td>\n<td class=\"list-item w-full px-md py-sm align-top font-xsm-regular\">18<\/td>\n<\/tr>\n<tr class=\"text-on-surface-3 even:bg-surface-container-lower\">\n<td class=\"px-md py-sm align-top font-xsm-bold table-cell w-1\/2\" data-testid=\"table-factsheet-key\">Recomenda\u00e7\u00f5es de Uso<\/td>\n<td class=\"list-item w-full px-md py-sm align-top font-xsm-regular\">Evite acidentes. Mantenha o produto fora do alcance de crian\u00e7as. Cuidado ao abrir e fechar o produto, pois pode gerar o esmagamento das m\u00e3os.<\/td>\n<\/tr>\n<tr class=\"text-on-surface-3 even:bg-surface-container-lower\">\n<td class=\"px-md py-sm align-top font-xsm-bold table-cell w-1\/2\" data-testid=\"table-factsheet-key\">Tipo<\/td>\n<td class=\"list-item w-full px-md py-sm align-top font-xsm-regular\">Com Abas, Dobr\u00e1vel<\/td>\n<\/tr>\n<tr class=\"text-on-surface-3 even:bg-surface-container-lower\">\n<td class=\"px-md py-sm align-top font-xsm-bold table-cell w-1\/2\" data-testid=\"table-factsheet-key\">Tipo de Varal<\/td>\n<td class=\"list-item w-full px-md py-sm align-top font-xsm-regular\">Varal de Ch\u00e3o<\/td>\n<\/tr>\n<\/tbody>\n<\/table>\n<\/div>\n<\/div>\n","protected":false},"excerpt":{"rendered":"<p>Descri\u00e7\u00e3o e ficha t\u00e9cnica C\u00f3digo\u00a0cj5adf13h5 Ferragens Floresta Eleita 10 anos seguidos a melhor loja de ferragens do Brasil. Loja f\u00edsica, Entrega r\u00e1pida! Atendimento exclusivo! Varal de Ch\u00e3o N\u00e1poles em A\u00e7o<\/p>\n","protected":false},"featured_media":14778,"comment_status":"open","ping_status":"closed","template":"","meta":[],"product_brand":[],"product_cat":[233],"product_tag":[],"class_list":{"0":"post-14777","1":"product","2":"type-product","3":"status-publish","4":"has-post-thumbnail","6":"product_cat-area-de-servico","7":"product_shipping_class-pac","9":"first","10":"instock","11":"shipping-taxable","12":"purchasable","13":"product-type-simple"},"_links":{"self":[{"href":"https:\/\/ambrosioeletro.com.br\/v20\/wp-json\/wp\/v2\/product\/14777","targetHints":{"allow":["GET"]}}],"collection":[{"href":"https:\/\/ambrosioeletro.com.br\/v20\/wp-json\/wp\/v2\/product"}],"about":[{"href":"https:\/\/ambrosioeletro.com.br\/v20\/wp-json\/wp\/v2\/types\/product"}],"replies":[{"embeddable":true,"href":"https:\/\/ambrosioeletro.com.br\/v20\/wp-json\/wp\/v2\/comments?post=14777"}],"wp:featuredmedia":[{"embeddable":true,"href":"https:\/\/ambrosioeletro.com.br\/v20\/wp-json\/wp\/v2\/media\/14778"}],"wp:attachment":[{"href":"https:\/\/ambrosioeletro.com.br\/v20\/wp-json\/wp\/v2\/media?parent=14777"}],"wp:term":[{"taxonomy":"product_brand","embeddable":true,"href":"https:\/\/ambrosioeletro.com.br\/v20\/wp-json\/wp\/v2\/product_brand?post=14777"},{"taxonomy":"product_cat","embeddable":true,"href":"https:\/\/ambrosioeletro.com.br\/v20\/wp-json\/wp\/v2\/product_cat?post=14777"},{"taxonomy":"product_tag","embeddable":true,"href":"https:\/\/ambrosioeletro.com.br\/v20\/wp-json\/wp\/v2\/product_tag?post=14777"}],"curies":[{"name":"wp","href":"https:\/\/api.w.org\/{rel}","templated":true}]}}