{"id":14785,"date":"2026-01-06T17:01:15","date_gmt":"2026-01-06T20:01:15","guid":{"rendered":"https:\/\/ambrosioeletro.com.br\/v20\/?post_type=product&#038;p=14785"},"modified":"2026-04-20T12:46:30","modified_gmt":"2026-04-20T15:46:30","slug":"14785","status":"publish","type":"product","link":"https:\/\/ambrosioeletro.com.br\/v20\/produto\/14785\/","title":{"rendered":"Base Box Ba\u00fa Casal king 193 cm Luckspuma Corino com Pist\u00e3o a g\u00e1s &#8211; Marrom"},"content":{"rendered":"<p><strong>Base Box Ba\u00fa Casal king 193cm Luckspuma Tecido Corano com Pist\u00e3o a g\u00e1s &#8211; Marrom<\/strong><\/p>\n<p>A base ba\u00fa que voc\u00ea procurava!<\/p>\n<p>O design \u00e9 moderno e resistente, produzido em madeira tratada. Al\u00e9m disso, seu tecido \u00e9 corano sint\u00e9tico que da aquele charme a mais!<\/p>\n<p>A fun\u00e7\u00e3o ba\u00fa conta com pist\u00e3o a g\u00e1s, proporcionando uma abertura e fechamento suave \ud83d\ude42<\/p>\n<p>J\u00e1 garantiu seu?<\/p>\n<p><b>Informa\u00e7\u00f5es T\u00e9cnicas:<\/b><br \/>\n&#8211; Marca: Luckspuma<br \/>\n&#8211; Modelo: Corano<br \/>\n&#8211; Material: Madeira tratada<\/p>\n<p><b>Cor:<\/b><br \/>\n&#8211; Marrom<\/p>\n<p><b>Caracter\u00edsticas:<\/b><br \/>\n&#8211; P\u00e9s de madeira<br \/>\n&#8211; Forra\u00e7\u00e3o de revestimento em corano<br \/>\n&#8211; Mecanismo de abertura com pist\u00e3o a g\u00e1s<\/p>\n<p><b>Dimens\u00f5es:<\/b><br \/>\n&#8211; Altura: 39cm<br \/>\n&#8211; Largura: 193cm<br \/>\n&#8211; Profundidade: 203cm<\/p>\n","protected":false},"excerpt":{"rendered":"<p>Base Box Ba\u00fa Casal king 193cm Luckspuma Tecido Corano com Pist\u00e3o a g\u00e1s &#8211; Marrom A base ba\u00fa que voc\u00ea procurava! O design \u00e9 moderno e resistente, produzido em madeira<\/p>\n","protected":false},"featured_media":14789,"comment_status":"open","ping_status":"closed","template":"","meta":[],"product_brand":[],"product_cat":[15],"product_tag":[],"class_list":{"0":"post-14785","1":"product","2":"type-product","3":"status-publish","4":"has-post-thumbnail","6":"product_cat-produtos","7":"product_shipping_class-retirar-no-local","9":"first","10":"instock","11":"shipping-taxable","12":"purchasable","13":"product-type-simple"},"_links":{"self":[{"href":"https:\/\/ambrosioeletro.com.br\/v20\/wp-json\/wp\/v2\/product\/14785","targetHints":{"allow":["GET"]}}],"collection":[{"href":"https:\/\/ambrosioeletro.com.br\/v20\/wp-json\/wp\/v2\/product"}],"about":[{"href":"https:\/\/ambrosioeletro.com.br\/v20\/wp-json\/wp\/v2\/types\/product"}],"replies":[{"embeddable":true,"href":"https:\/\/ambrosioeletro.com.br\/v20\/wp-json\/wp\/v2\/comments?post=14785"}],"wp:featuredmedia":[{"embeddable":true,"href":"https:\/\/ambrosioeletro.com.br\/v20\/wp-json\/wp\/v2\/media\/14789"}],"wp:attachment":[{"href":"https:\/\/ambrosioeletro.com.br\/v20\/wp-json\/wp\/v2\/media?parent=14785"}],"wp:term":[{"taxonomy":"product_brand","embeddable":true,"href":"https:\/\/ambrosioeletro.com.br\/v20\/wp-json\/wp\/v2\/product_brand?post=14785"},{"taxonomy":"product_cat","embeddable":true,"href":"https:\/\/ambrosioeletro.com.br\/v20\/wp-json\/wp\/v2\/product_cat?post=14785"},{"taxonomy":"product_tag","embeddable":true,"href":"https:\/\/ambrosioeletro.com.br\/v20\/wp-json\/wp\/v2\/product_tag?post=14785"}],"curies":[{"name":"wp","href":"https:\/\/api.w.org\/{rel}","templated":true}]}}