{"id":14791,"date":"2026-01-07T11:40:49","date_gmt":"2026-01-07T14:40:49","guid":{"rendered":"https:\/\/ambrosioeletro.com.br\/v20\/?post_type=product&#038;p=14791"},"modified":"2026-04-08T10:09:44","modified_gmt":"2026-04-08T13:09:44","slug":"ventilador-coluna-mallory-chronos-126w-ts-6-pas-40cm-com-3-velocidades-preto-dourado","status":"publish","type":"product","link":"https:\/\/ambrosioeletro.com.br\/v20\/produto\/ventilador-coluna-mallory-chronos-126w-ts-6-pas-40cm-com-3-velocidades-preto-dourado\/","title":{"rendered":"Ventilador Coluna Mallory Chronos 126W TS+ 6 P\u00e1s 40cm com 3 Velocidades Preto\/Dourado"},"content":{"rendered":"<div class=\"relative px-md overflow-hidden border-on-surface-8 after:pointer-events-none after:absolute after:bottom-[0] after:left-[0] after:h-[72px] after:w-full after:bg-gradient-to-b after:from-[#FFFFFF00] after:to-[#FFFFFF] md:after:content-none md:px-lg max-md:border-b-thin\" data-testid=\"tab-product-detail\">\n<h2 class=\"text-on-surface-2 font-md-bold md:font-title-large-highlight md:mb-md\" data-testid=\"product-details-title\">Descri\u00e7\u00e3o e ficha t\u00e9cnica<\/h2>\n<div data-testid=\"product-detail\">\n<p class=\"mt-2xsm text-on-surface-4 font-xsm-regular\" data-testid=\"product-detail-code\">C\u00f3digo\u00a0cjda6ekdee<\/p>\n<div class=\"mt-md font-xsm-regular\" data-testid=\"product-detail-description\">O Ventilador Mallory Coluna Chronos, possui painel touch e controle remoto com auto desligamento program\u00e1vel de at\u00e9 7 horas, voc\u00ea ainda pode ligar, desligar e regular a intensidade do vento sem sair do lugar! Pot\u00eancia de 126W, maior pot\u00eancia e melhor efici\u00eancia. H\u00e9lice de 6 p\u00e1s, tem oscila\u00e7\u00e3o horizontal e inclina\u00e7\u00e3o vertical. Que garante uma melhor distribui\u00e7\u00e3o de ar e ajuste vertical que se adapta \u00e0 sua necessidade e distribui o ar nos ambientes por igual! Grade especial em sistema TS, m\u00e1xima vaz\u00e3o e m\u00ednimo ru\u00eddo. O resultado \u00e9 um ambiente mais fresco e agrad\u00e1vel! S\u00e3o 3 velocidades, refrescam qualquer ambiente e voc\u00ea escolhe a que melhor te atende: suave, moderado e intenso. Possui efici\u00eancia energ\u00e9tica A nas 3 velocidades gerando maior economia. Coluna ajust\u00e1vel, possui regulagem permitindo o ajuste ideal da altura do vento. Totalmente desmont\u00e1vel, \u00e9 f\u00e1cil de guardar e limpar.<\/div>\n<\/div>\n<\/div>\n<div class=\"hidden border-on-surface-8 md:px-lg md:block md:py-md\" data-testid=\"tab-product-factsheet\">\n<h2 class=\"text-on-surface-2 font-md-bold md:font-title-large-highlight md:mb-md\" data-testid=\"product-factsheet-title\">Ficha T\u00e9cnica<\/h2>\n<div class=\"pt-2xsm\">\n<table class=\"w-full list-none\" data-testid=\"table-factsheet\">\n<tbody>\n<tr class=\"text-on-surface-3 even:bg-surface-container-lower\">\n<td class=\"px-md py-sm align-top font-xsm-bold table-cell w-1\/2\" data-testid=\"table-factsheet-key\">Marca<\/td>\n<td class=\"list-item w-full px-md py-sm align-top font-xsm-regular\"><a class=\"underline hover:text-interaction-default\" href=\"https:\/\/www.magazineluiza.com.br\/marcas\/mallory\/\">Mallory<\/a><\/td>\n<\/tr>\n<tr class=\"text-on-surface-3 even:bg-surface-container-lower\">\n<td class=\"px-md py-sm align-top font-xsm-bold table-cell w-1\/2\" data-testid=\"table-factsheet-key\">Tipo do Ventilador<\/td>\n<td class=\"list-item w-full px-md py-sm align-top font-xsm-regular\">Coluna<\/td>\n<\/tr>\n<tr class=\"text-on-surface-3 even:bg-surface-container-lower\">\n<td class=\"px-md py-sm align-top font-xsm-bold table-cell w-1\/2\" data-testid=\"table-factsheet-key\">Velocidade<\/td>\n<td class=\"list-item w-full px-md py-sm align-top font-xsm-regular\">3<\/td>\n<\/tr>\n<tr class=\"text-on-surface-3 even:bg-surface-container-lower\">\n<td class=\"px-md py-sm align-top font-xsm-bold table-cell w-1\/2\" data-testid=\"table-factsheet-key\">Cor<\/td>\n<td class=\"list-item w-full px-md py-sm align-top font-xsm-regular\">Preto\/Dourado<\/td>\n<\/tr>\n<tr class=\"text-on-surface-3 even:bg-surface-container-lower\">\n<td class=\"px-md py-sm align-top font-xsm-bold table-cell w-1\/2\" data-testid=\"table-factsheet-key\">Alimenta\u00e7\u00e3o<\/td>\n<td class=\"list-item w-full px-md py-sm align-top font-xsm-regular\">Energia El\u00e9trica<\/td>\n<\/tr>\n<tr class=\"text-on-surface-3 even:bg-surface-container-lower\">\n<td class=\"px-md py-sm align-top font-xsm-bold table-cell w-1\/2\" data-testid=\"table-factsheet-key\">N\u00ba de P\u00e1s<\/td>\n<td class=\"list-item w-full px-md py-sm align-top font-xsm-regular\">6<\/td>\n<\/tr>\n<tr class=\"text-on-surface-3 even:bg-surface-container-lower\">\n<td class=\"px-md py-sm align-top font-xsm-bold table-cell w-1\/2\" data-testid=\"table-factsheet-key\">Pot\u00eancia<\/td>\n<td class=\"list-item w-full px-md py-sm align-top font-xsm-regular\">126W<\/td>\n<\/tr>\n<tr class=\"text-on-surface-3 even:bg-surface-container-lower\">\n<td class=\"px-md py-sm align-top font-xsm-bold table-cell w-1\/2\" data-testid=\"table-factsheet-key\">Fornecedor<\/td>\n<td class=\"list-item w-full px-md py-sm align-top font-xsm-regular\">Mallory<\/td>\n<\/tr>\n<tr class=\"text-on-surface-3 even:bg-surface-container-lower\">\n<td class=\"px-md py-sm align-top font-xsm-bold table-cell w-1\/2\" data-testid=\"table-factsheet-key\">Voltagem<\/td>\n<td class=\"list-item w-full px-md py-sm align-top font-xsm-regular\">220V<\/td>\n<\/tr>\n<tr class=\"text-on-surface-3 even:bg-surface-container-lower\">\n<td class=\"px-md py-sm align-top font-xsm-bold table-cell w-1\/2\" data-testid=\"table-factsheet-key\">Dimens\u00f5es<\/td>\n<td class=\"list-item w-full px-md py-sm align-top font-xsm-regular\">Altura: 130cm Largura: 39cm Comprimento 48 cm Profundidade<\/td>\n<\/tr>\n<tr class=\"text-on-surface-3 even:bg-surface-container-lower\">\n<td class=\"px-md py-sm align-top font-xsm-bold table-cell w-1\/2\" data-testid=\"table-factsheet-key\">Di\u00e2metro da h\u00e9lice<\/td>\n<td class=\"list-item w-full px-md py-sm align-top font-xsm-regular\">40 cm<\/td>\n<\/tr>\n<tr class=\"text-on-surface-3 even:bg-surface-container-lower\">\n<td class=\"px-md py-sm align-top font-xsm-bold table-cell w-1\/2\" data-testid=\"table-factsheet-key\">Material<\/td>\n<td class=\"list-item w-full px-md py-sm align-top font-xsm-regular\">PP<\/td>\n<\/tr>\n<tr class=\"text-on-surface-3 even:bg-surface-container-lower\">\n<td class=\"px-md py-sm align-top font-xsm-bold table-cell w-1\/2\" data-testid=\"table-factsheet-key\">Caracter\u00edsticas Adicionais<\/td>\n<td class=\"list-item w-full px-md py-sm align-top font-xsm-regular\">Auto desligamento program\u00e1vel de at\u00e9 7 horas &#8211; Controle remoto &#8211; Oscila\u00e7\u00e3o horizontal &#8211; Inclina\u00e7\u00e3o vertical &#8211; Silencioso &#8211; Al\u00e7a para transporte<\/td>\n<\/tr>\n<tr class=\"text-on-surface-3 even:bg-surface-container-lower\">\n<td class=\"px-md py-sm align-top font-xsm-bold table-cell w-1\/2\" data-testid=\"table-factsheet-key\">Vaz\u00e3o<\/td>\n<td class=\"list-item w-full px-md py-sm align-top font-xsm-regular\">&gt; +1,30m3\/s<\/td>\n<\/tr>\n<tr class=\"text-on-surface-3 even:bg-surface-container-lower\">\n<td class=\"px-md py-sm align-top font-xsm-bold table-cell w-1\/2\" data-testid=\"table-factsheet-key\">Comprimento do cabo<\/td>\n<td class=\"list-item w-full px-md py-sm align-top font-xsm-regular\">1,35m<\/td>\n<\/tr>\n<tr class=\"text-on-surface-3 even:bg-surface-container-lower\">\n<td class=\"px-md py-sm align-top font-xsm-bold table-cell w-1\/2\" data-testid=\"table-factsheet-key\">Efici\u00eancia energ\u00e9tica<\/td>\n<td class=\"list-item w-full px-md py-sm align-top font-xsm-regular\">A<\/td>\n<\/tr>\n<tr class=\"text-on-surface-3 even:bg-surface-container-lower\">\n<td class=\"px-md py-sm align-top font-xsm-bold table-cell w-1\/2\" data-testid=\"table-factsheet-key\">Itens Inclusos<\/td>\n<td class=\"list-item w-full px-md py-sm align-top font-xsm-regular\">01 Ventilador CHRONOS 01 Controle remoto com bateria Manual de Instru\u00e7\u00f5es impresso na caixa<\/td>\n<\/tr>\n<tr class=\"text-on-surface-3 even:bg-surface-container-lower\">\n<td class=\"px-md py-sm align-top font-xsm-bold table-cell w-1\/2\" data-testid=\"table-factsheet-key\">Garantia<\/td>\n<td class=\"list-item w-full px-md py-sm align-top font-xsm-regular\">1 Ano (Ofertada pelo Fabricante)<\/td>\n<\/tr>\n<\/tbody>\n<\/table>\n<\/div>\n<\/div>\n","protected":false},"excerpt":{"rendered":"<p>Descri\u00e7\u00e3o e ficha t\u00e9cnica C\u00f3digo\u00a0cjda6ekdee O Ventilador Mallory Coluna Chronos, possui painel touch e controle remoto com auto desligamento program\u00e1vel de at\u00e9 7 horas, voc\u00ea ainda pode ligar, desligar e<\/p>\n","protected":false},"featured_media":14793,"comment_status":"open","ping_status":"closed","template":"","meta":[],"product_brand":[],"product_cat":[447],"product_tag":[],"class_list":{"0":"post-14791","1":"product","2":"type-product","3":"status-publish","4":"has-post-thumbnail","6":"product_cat-ventilador-2","7":"product_shipping_class-pac","9":"first","10":"instock","11":"shipping-taxable","12":"purchasable","13":"product-type-simple"},"_links":{"self":[{"href":"https:\/\/ambrosioeletro.com.br\/v20\/wp-json\/wp\/v2\/product\/14791","targetHints":{"allow":["GET"]}}],"collection":[{"href":"https:\/\/ambrosioeletro.com.br\/v20\/wp-json\/wp\/v2\/product"}],"about":[{"href":"https:\/\/ambrosioeletro.com.br\/v20\/wp-json\/wp\/v2\/types\/product"}],"replies":[{"embeddable":true,"href":"https:\/\/ambrosioeletro.com.br\/v20\/wp-json\/wp\/v2\/comments?post=14791"}],"wp:featuredmedia":[{"embeddable":true,"href":"https:\/\/ambrosioeletro.com.br\/v20\/wp-json\/wp\/v2\/media\/14793"}],"wp:attachment":[{"href":"https:\/\/ambrosioeletro.com.br\/v20\/wp-json\/wp\/v2\/media?parent=14791"}],"wp:term":[{"taxonomy":"product_brand","embeddable":true,"href":"https:\/\/ambrosioeletro.com.br\/v20\/wp-json\/wp\/v2\/product_brand?post=14791"},{"taxonomy":"product_cat","embeddable":true,"href":"https:\/\/ambrosioeletro.com.br\/v20\/wp-json\/wp\/v2\/product_cat?post=14791"},{"taxonomy":"product_tag","embeddable":true,"href":"https:\/\/ambrosioeletro.com.br\/v20\/wp-json\/wp\/v2\/product_tag?post=14791"}],"curies":[{"name":"wp","href":"https:\/\/api.w.org\/{rel}","templated":true}]}}