{"id":14798,"date":"2026-01-09T09:09:55","date_gmt":"2026-01-09T12:09:55","guid":{"rendered":"https:\/\/ambrosioeletro.com.br\/v20\/?post_type=product&#038;p=14798"},"modified":"2026-01-09T10:50:24","modified_gmt":"2026-01-09T13:50:24","slug":"poltrona-do-papai-mp281","status":"publish","type":"product","link":"https:\/\/ambrosioeletro.com.br\/v20\/produto\/poltrona-do-papai-mp281\/","title":{"rendered":"Poltrona do Papai MP281 Plataforma"},"content":{"rendered":"<p><strong>Assento<\/strong><br \/>\nPercinta el\u00e1stica\u00a0 e espuma D26.<\/p>\n<p><strong>Encosto<\/strong><br \/>\nPercinta el\u00e1stica e almofadas com fibra de poli\u00e9ster siliconada.<\/p>\n<p><strong>Bra\u00e7o<\/strong><br \/>\nEspuma D23.<\/p>\n<p><strong>P\u00e9s<\/strong><br \/>\nPVC redondo 25mm.<\/p>\n<p><strong>Diferencial<\/strong><br \/>\nEncosto remov\u00edvel.<\/p>\n<p><strong>A\u00a0 \u00a0 \u00a0\u00a0<\/strong>1,10m<br \/>\n<strong>P<\/strong>\u00a0 \u00a0 \u00a0 1,03m<br \/>\n<strong>PA\u00a0\u00a0<\/strong>\u00a0 1,60m<br \/>\n<strong>C\u00a0<\/strong>\u00a0 \u00a0 \u00a00,83m<br \/>\n<strong>ACA<\/strong>\u00a00,50m<br \/>\n<strong>PPD<\/strong>\u00a00,55m<br \/>\n<strong>AB\u00a0<\/strong>\u00a0\u00a0 0,65m<br \/>\n<strong>LB<\/strong>\u00a0 \u00a0 0,11m<\/p>\n<p><strong>A<\/strong>\u00a0&#8211; Altura |\u00a0<strong>P<\/strong>\u00a0&#8211; Profundidade |\u00a0<strong>PA &#8211;\u00a0<\/strong>Profundidade Aberto |\u00a0<strong>C<\/strong>\u00a0&#8211; Comprimento |\u00a0<strong>ACA<\/strong>\u00a0&#8211; Altura do Ch\u00e3o at\u00e9 o Assento |\u00a0<strong>PPD<\/strong>\u00a0&#8211; Profundidade por Dentro do Assento |\u00a0<strong>AB<\/strong>\u00a00,65m |<strong>\u00a0LB\u00a0<\/strong>0,11m,<\/p>\n","protected":false},"excerpt":{"rendered":"<p>Assento Percinta el\u00e1stica\u00a0 e espuma D26. Encosto Percinta el\u00e1stica e almofadas com fibra de poli\u00e9ster siliconada. Bra\u00e7o Espuma D23. P\u00e9s PVC redondo 25mm. Diferencial Encosto remov\u00edvel. A\u00a0 \u00a0 \u00a0\u00a01,10m P\u00a0<\/p>\n","protected":false},"featured_media":14804,"comment_status":"open","ping_status":"closed","template":"","meta":[],"product_brand":[],"product_cat":[15],"product_tag":[],"class_list":{"0":"post-14798","1":"product","2":"type-product","3":"status-publish","4":"has-post-thumbnail","6":"product_cat-produtos","7":"product_shipping_class-retirar-no-local","9":"first","10":"instock","11":"shipping-taxable","12":"purchasable","13":"product-type-simple"},"_links":{"self":[{"href":"https:\/\/ambrosioeletro.com.br\/v20\/wp-json\/wp\/v2\/product\/14798","targetHints":{"allow":["GET"]}}],"collection":[{"href":"https:\/\/ambrosioeletro.com.br\/v20\/wp-json\/wp\/v2\/product"}],"about":[{"href":"https:\/\/ambrosioeletro.com.br\/v20\/wp-json\/wp\/v2\/types\/product"}],"replies":[{"embeddable":true,"href":"https:\/\/ambrosioeletro.com.br\/v20\/wp-json\/wp\/v2\/comments?post=14798"}],"wp:featuredmedia":[{"embeddable":true,"href":"https:\/\/ambrosioeletro.com.br\/v20\/wp-json\/wp\/v2\/media\/14804"}],"wp:attachment":[{"href":"https:\/\/ambrosioeletro.com.br\/v20\/wp-json\/wp\/v2\/media?parent=14798"}],"wp:term":[{"taxonomy":"product_brand","embeddable":true,"href":"https:\/\/ambrosioeletro.com.br\/v20\/wp-json\/wp\/v2\/product_brand?post=14798"},{"taxonomy":"product_cat","embeddable":true,"href":"https:\/\/ambrosioeletro.com.br\/v20\/wp-json\/wp\/v2\/product_cat?post=14798"},{"taxonomy":"product_tag","embeddable":true,"href":"https:\/\/ambrosioeletro.com.br\/v20\/wp-json\/wp\/v2\/product_tag?post=14798"}],"curies":[{"name":"wp","href":"https:\/\/api.w.org\/{rel}","templated":true}]}}