{"id":14805,"date":"2026-01-09T09:14:15","date_gmt":"2026-01-09T12:14:15","guid":{"rendered":"https:\/\/ambrosioeletro.com.br\/v20\/?post_type=product&#038;p=14805"},"modified":"2026-01-09T10:49:49","modified_gmt":"2026-01-09T13:49:49","slug":"poltrona-do-papai-mp271","status":"publish","type":"product","link":"https:\/\/ambrosioeletro.com.br\/v20\/produto\/poltrona-do-papai-mp271\/","title":{"rendered":"Poltrona do Papai MP271 Plataforma"},"content":{"rendered":"<div class=\"info-produto clr\">\n<div class=\"inf inf-50\">\n<div class=\"tit\">MP271<\/div>\n<div class=\"txt\">\n<p><strong>Assento<\/strong><br \/>\nPercinta el\u00e1stica\u00a0 e espuma D26.<\/p>\n<p><strong>Encosto<\/strong><br \/>\nPercinta el\u00e1stica e almofadas com fibra de poli\u00e9ster siliconada.<\/p>\n<p><strong>Bra\u00e7o<\/strong><br \/>\nEspuma D23.<\/p>\n<p><strong>P\u00e9s<\/strong><br \/>\nPVC redondo 25mm.<\/p>\n<p><strong>Diferencial<\/strong><br \/>\nEncosto remov\u00edvel.<\/p>\n<\/div>\n<\/div>\n<div class=\"inf inf-50\">\n<div class=\"tit\">Medidas<\/div>\n<div class=\"txt\"><img decoding=\"async\" src=\"https:\/\/www.plataformaestofados.com.br\/imagens_sistema\/projeto\" alt=\"\" \/><\/div>\n<\/div>\n<div class=\"clear\"><\/div>\n<\/div>\n<div class=\"share-social-buttons\"><\/div>\n","protected":false},"excerpt":{"rendered":"<p>MP271 Assento Percinta el\u00e1stica\u00a0 e espuma D26. Encosto Percinta el\u00e1stica e almofadas com fibra de poli\u00e9ster siliconada. Bra\u00e7o Espuma D23. P\u00e9s PVC redondo 25mm. Diferencial Encosto remov\u00edvel. Medidas<\/p>\n","protected":false},"featured_media":14806,"comment_status":"open","ping_status":"closed","template":"","meta":[],"product_brand":[],"product_cat":[15],"product_tag":[],"class_list":{"0":"post-14805","1":"product","2":"type-product","3":"status-publish","4":"has-post-thumbnail","6":"product_cat-produtos","7":"product_shipping_class-retirar-no-local","9":"first","10":"instock","11":"shipping-taxable","12":"purchasable","13":"product-type-simple"},"_links":{"self":[{"href":"https:\/\/ambrosioeletro.com.br\/v20\/wp-json\/wp\/v2\/product\/14805","targetHints":{"allow":["GET"]}}],"collection":[{"href":"https:\/\/ambrosioeletro.com.br\/v20\/wp-json\/wp\/v2\/product"}],"about":[{"href":"https:\/\/ambrosioeletro.com.br\/v20\/wp-json\/wp\/v2\/types\/product"}],"replies":[{"embeddable":true,"href":"https:\/\/ambrosioeletro.com.br\/v20\/wp-json\/wp\/v2\/comments?post=14805"}],"wp:featuredmedia":[{"embeddable":true,"href":"https:\/\/ambrosioeletro.com.br\/v20\/wp-json\/wp\/v2\/media\/14806"}],"wp:attachment":[{"href":"https:\/\/ambrosioeletro.com.br\/v20\/wp-json\/wp\/v2\/media?parent=14805"}],"wp:term":[{"taxonomy":"product_brand","embeddable":true,"href":"https:\/\/ambrosioeletro.com.br\/v20\/wp-json\/wp\/v2\/product_brand?post=14805"},{"taxonomy":"product_cat","embeddable":true,"href":"https:\/\/ambrosioeletro.com.br\/v20\/wp-json\/wp\/v2\/product_cat?post=14805"},{"taxonomy":"product_tag","embeddable":true,"href":"https:\/\/ambrosioeletro.com.br\/v20\/wp-json\/wp\/v2\/product_tag?post=14805"}],"curies":[{"name":"wp","href":"https:\/\/api.w.org\/{rel}","templated":true}]}}