{"id":14809,"date":"2026-01-09T09:38:16","date_gmt":"2026-01-09T12:38:16","guid":{"rendered":"https:\/\/ambrosioeletro.com.br\/v20\/?post_type=product&#038;p=14809"},"modified":"2026-02-03T11:29:14","modified_gmt":"2026-02-03T14:29:14","slug":"colchonete-solteiro-globalflex-lisa-78x188-x-8cm","status":"publish","type":"product","link":"https:\/\/ambrosioeletro.com.br\/v20\/produto\/colchonete-solteiro-globalflex-lisa-78x188-x-8cm\/","title":{"rendered":"Colchonete Solteiro GlobalFlex Lisa 78&#215;188 X 8cm"},"content":{"rendered":"<div class=\"product-gallery zoom-true\">\n<div class=\"product-images swiper-container swiper-container-initialized swiper-container-horizontal swiper-container-pointer-events\">\n<div id=\"swiper-wrapper-9c795a0a59a1f6e5\" class=\"swiper-wrapper\" aria-live=\"polite\">\n<div class=\"zoom\">\n<p><strong>MEDIDAS DO PRODUTO:<\/strong><\/p>\n<p>Largura :\u00a0 78cm<\/p>\n<p>Comprimento :\u00a0 \u00a0188cm<\/p>\n<p>Altura :\u00a0 \u00a08cm<\/p>\n<p><strong>SOBRE O PRODUTO:<\/strong><\/p>\n<p>&#8211; Especifica\u00e7\u00e3o e caracter\u00edsticas do produto:<br \/>\n&#8211; Marca: Globalflex<br \/>\n&#8211; Tipo: \u00a0Colchonete<br \/>\n&#8211; Densidade: \u00a0D-20<br \/>\n&#8211; Espuma Convencional Flex\u00edvel de Poliuretano 20 Kg\/m\u00b3<br \/>\n&#8211; Certificada pelo INMETRO<br \/>\n&#8211; Tecido 100% poli\u00e9ster<br \/>\n&#8211; Anti\u00e1caros e Antial\u00e9rgico<\/p>\n<p>Aten\u00e7\u00e3o<br \/>\nColchonete Selado, N\u00e3o sendo poss\u00edvel a Remo\u00e7\u00e3o de sua espuma<\/p>\n<\/div>\n<\/div>\n<\/div>\n<\/div>\n","protected":false},"excerpt":{"rendered":"<p>MEDIDAS DO PRODUTO: Largura :\u00a0 78cm Comprimento :\u00a0 \u00a0188cm Altura :\u00a0 \u00a08cm SOBRE O PRODUTO: &#8211; Especifica\u00e7\u00e3o e caracter\u00edsticas do produto: &#8211; Marca: Globalflex &#8211; Tipo: \u00a0Colchonete &#8211; Densidade: \u00a0D-20<\/p>\n","protected":false},"featured_media":14808,"comment_status":"open","ping_status":"closed","template":"","meta":[],"product_brand":[],"product_cat":[15],"product_tag":[],"class_list":{"0":"post-14809","1":"product","2":"type-product","3":"status-publish","4":"has-post-thumbnail","6":"product_cat-produtos","7":"product_shipping_class-retirar-no-local","9":"first","10":"instock","11":"shipping-taxable","12":"purchasable","13":"product-type-simple"},"_links":{"self":[{"href":"https:\/\/ambrosioeletro.com.br\/v20\/wp-json\/wp\/v2\/product\/14809","targetHints":{"allow":["GET"]}}],"collection":[{"href":"https:\/\/ambrosioeletro.com.br\/v20\/wp-json\/wp\/v2\/product"}],"about":[{"href":"https:\/\/ambrosioeletro.com.br\/v20\/wp-json\/wp\/v2\/types\/product"}],"replies":[{"embeddable":true,"href":"https:\/\/ambrosioeletro.com.br\/v20\/wp-json\/wp\/v2\/comments?post=14809"}],"wp:featuredmedia":[{"embeddable":true,"href":"https:\/\/ambrosioeletro.com.br\/v20\/wp-json\/wp\/v2\/media\/14808"}],"wp:attachment":[{"href":"https:\/\/ambrosioeletro.com.br\/v20\/wp-json\/wp\/v2\/media?parent=14809"}],"wp:term":[{"taxonomy":"product_brand","embeddable":true,"href":"https:\/\/ambrosioeletro.com.br\/v20\/wp-json\/wp\/v2\/product_brand?post=14809"},{"taxonomy":"product_cat","embeddable":true,"href":"https:\/\/ambrosioeletro.com.br\/v20\/wp-json\/wp\/v2\/product_cat?post=14809"},{"taxonomy":"product_tag","embeddable":true,"href":"https:\/\/ambrosioeletro.com.br\/v20\/wp-json\/wp\/v2\/product_tag?post=14809"}],"curies":[{"name":"wp","href":"https:\/\/api.w.org\/{rel}","templated":true}]}}