{"id":14813,"date":"2026-01-09T09:52:49","date_gmt":"2026-01-09T12:52:49","guid":{"rendered":"https:\/\/ambrosioeletro.com.br\/v20\/?post_type=product&#038;p=14813"},"modified":"2026-04-08T10:15:12","modified_gmt":"2026-04-08T13:15:12","slug":"colchonete-lisa-78x188x4-cinza","status":"publish","type":"product","link":"https:\/\/ambrosioeletro.com.br\/v20\/produto\/colchonete-lisa-78x188x4-cinza\/","title":{"rendered":"COLCHONETE LISA 78X188X4 CINZA"},"content":{"rendered":"<table>\n<tbody>\n<tr>\n<td>Os colch\u00f5es GlobalFlex s\u00e3o fabricados dentro das normas estabelecidas pelo Inmetro atrav\u00e9s de seus \u00f3rgaos credenciados. A linha de produtos de espuma conta com equipamentos de \u00faltima gera\u00e7\u00e3o colocando a qualidade a frente de toda atividade produtiva. Dentro de toda atividade produtiva h\u00e1 tamb\u00e9m a percep\u00e7\u00e3o dos colaboradores em priorizar a qualidade dos produtos e atender a necessidade de nossos clientes na principal miss\u00e3o de proporcionar conforto e sa\u00fade aos nossos clientes consumidores.<\/td>\n<\/tr>\n<tr>\n<td><b>DIMENS\u00d5ES:<\/b><\/td>\n<\/tr>\n<tr>\n<td>\u2022 Altura: 4 cm<\/td>\n<\/tr>\n<tr>\n<td>\u2022 Largura: 78 cm<\/td>\n<\/tr>\n<tr>\n<td>\u2022 Comprimento: 188 cm<\/td>\n<\/tr>\n<\/tbody>\n<\/table>\n","protected":false},"excerpt":{"rendered":"<p>Os colch\u00f5es GlobalFlex s\u00e3o fabricados dentro das normas estabelecidas pelo Inmetro atrav\u00e9s de seus \u00f3rgaos credenciados. A linha de produtos de espuma conta com equipamentos de \u00faltima gera\u00e7\u00e3o colocando a<\/p>\n","protected":false},"featured_media":14814,"comment_status":"open","ping_status":"closed","template":"","meta":[],"product_brand":[],"product_cat":[15],"product_tag":[],"class_list":{"0":"post-14813","1":"product","2":"type-product","3":"status-publish","4":"has-post-thumbnail","6":"product_cat-produtos","7":"product_shipping_class-pac","9":"first","10":"instock","11":"shipping-taxable","12":"purchasable","13":"product-type-simple"},"_links":{"self":[{"href":"https:\/\/ambrosioeletro.com.br\/v20\/wp-json\/wp\/v2\/product\/14813","targetHints":{"allow":["GET"]}}],"collection":[{"href":"https:\/\/ambrosioeletro.com.br\/v20\/wp-json\/wp\/v2\/product"}],"about":[{"href":"https:\/\/ambrosioeletro.com.br\/v20\/wp-json\/wp\/v2\/types\/product"}],"replies":[{"embeddable":true,"href":"https:\/\/ambrosioeletro.com.br\/v20\/wp-json\/wp\/v2\/comments?post=14813"}],"wp:featuredmedia":[{"embeddable":true,"href":"https:\/\/ambrosioeletro.com.br\/v20\/wp-json\/wp\/v2\/media\/14814"}],"wp:attachment":[{"href":"https:\/\/ambrosioeletro.com.br\/v20\/wp-json\/wp\/v2\/media?parent=14813"}],"wp:term":[{"taxonomy":"product_brand","embeddable":true,"href":"https:\/\/ambrosioeletro.com.br\/v20\/wp-json\/wp\/v2\/product_brand?post=14813"},{"taxonomy":"product_cat","embeddable":true,"href":"https:\/\/ambrosioeletro.com.br\/v20\/wp-json\/wp\/v2\/product_cat?post=14813"},{"taxonomy":"product_tag","embeddable":true,"href":"https:\/\/ambrosioeletro.com.br\/v20\/wp-json\/wp\/v2\/product_tag?post=14813"}],"curies":[{"name":"wp","href":"https:\/\/api.w.org\/{rel}","templated":true}]}}