{"id":14851,"date":"2026-01-27T16:40:05","date_gmt":"2026-01-27T19:40:05","guid":{"rendered":"https:\/\/ambrosioeletro.com.br\/v20\/?post_type=product&#038;p=14851"},"modified":"2026-02-03T11:09:09","modified_gmt":"2026-02-03T14:09:09","slug":"ar-condicionado-philco-portatil-12000btus-frio-pac12000f5-127v","status":"publish","type":"product","link":"https:\/\/ambrosioeletro.com.br\/v20\/produto\/ar-condicionado-philco-portatil-12000btus-frio-pac12000f5-127v\/","title":{"rendered":"Ar-Condicionado Philco Port\u00e1til 12000BTUs Frio PAC12000F5 127V"},"content":{"rendered":"<div id=\"aplus_feature_div\" class=\"celwidget pd_rd_w-pmIRg pd_rd_r-KFFR1F8AVG600N43GHG4 pd_rd_wg-kx0OT\" data-feature-name=\"aplus\" data-csa-c-type=\"widget\" data-csa-c-content-id=\"aplus\" data-csa-c-slot-id=\"aplus_feature_div\" data-csa-c-asin=\"\" data-csa-c-is-in-initial-active-row=\"false\" data-csa-c-id=\"ne8m59-5h955g-x39eam-3rvu3z\" data-cel-widget=\"aplus_feature_div\">\n<div id=\"aplus\" class=\"a-section a-spacing-large bucket\">\n<div lang=\"pt_BR\">\n<div class=\"aplus-v2 desktop celwidget\" data-csa-c-id=\"lqtxna-u0j8gx-8h0ozr-ses1ex\" data-cel-widget=\"aplus\">\n<div class=\"celwidget aplus-module 3p-module-b aplus-standard\" data-csa-c-id=\"b21hz5-xjw5te-rkic8q-bw2opq\" data-cel-widget=\"aplus-3p-module-b\">\n<div class=\"aplus-module-wrapper aplus-3p-fixed-width\"><img decoding=\"async\" class=\"a-spacing-base\" src=\"https:\/\/m.media-amazon.com\/images\/S\/aplus-media-library-service-media\/f21b997d-1074-4474-b5cc-020a7b9189db.__CR0,0,970,600_PT0_SX970_V1___.jpg\" alt=\"1\" data-src=\"https:\/\/m.media-amazon.com\/images\/S\/aplus-media-library-service-media\/f21b997d-1074-4474-b5cc-020a7b9189db.__CR0,0,970,600_PT0_SX970_V1___.jpg\" \/><\/div>\n<\/div>\n<div class=\"celwidget aplus-module 3p-module-b aplus-standard\" data-csa-c-id=\"q353xq-we7jsx-an0wyw-vetwzs\" data-cel-widget=\"aplus-3p-module-b\">\n<div class=\"aplus-module-wrapper aplus-3p-fixed-width\"><img decoding=\"async\" class=\"a-spacing-base\" src=\"https:\/\/m.media-amazon.com\/images\/S\/aplus-media-library-service-media\/85d4651b-1582-481b-9355-1c09c1093108.__CR0,0,970,600_PT0_SX970_V1___.jpg\" alt=\"2\" data-src=\"https:\/\/m.media-amazon.com\/images\/S\/aplus-media-library-service-media\/85d4651b-1582-481b-9355-1c09c1093108.__CR0,0,970,600_PT0_SX970_V1___.jpg\" \/><\/div>\n<\/div>\n<div class=\"celwidget aplus-module 3p-module-b aplus-standard\" data-csa-c-id=\"uzfe5t-nkyt0q-rxlhhd-hbabxh\" data-cel-widget=\"aplus-3p-module-b\">\n<div class=\"aplus-module-wrapper aplus-3p-fixed-width\"><img decoding=\"async\" class=\"a-spacing-base\" src=\"https:\/\/m.media-amazon.com\/images\/S\/aplus-media-library-service-media\/716d775c-0072-4022-8a0a-8f054fad7790.__CR0,0,970,600_PT0_SX970_V1___.jpg\" alt=\"3\" data-src=\"https:\/\/m.media-amazon.com\/images\/S\/aplus-media-library-service-media\/716d775c-0072-4022-8a0a-8f054fad7790.__CR0,0,970,600_PT0_SX970_V1___.jpg\" \/><\/div>\n<\/div>\n<div class=\"celwidget aplus-module 3p-module-b aplus-standard\" data-csa-c-id=\"32hyub-dwhqeq-d5kv6a-u3bt3x\" data-cel-widget=\"aplus-3p-module-b\">\n<div class=\"aplus-module-wrapper aplus-3p-fixed-width\"><img decoding=\"async\" class=\"a-spacing-base\" src=\"https:\/\/m.media-amazon.com\/images\/S\/aplus-media-library-service-media\/a0bed075-f13f-41d4-9049-80d749e68485.__CR0,0,970,600_PT0_SX970_V1___.jpg\" alt=\"4\" data-src=\"https:\/\/m.media-amazon.com\/images\/S\/aplus-media-library-service-media\/a0bed075-f13f-41d4-9049-80d749e68485.__CR0,0,970,600_PT0_SX970_V1___.jpg\" \/><\/div>\n<\/div>\n<div class=\"celwidget aplus-module 3p-module-b aplus-standard\" data-csa-c-id=\"stpwll-ccuslq-el4zcx-emt02u\" data-cel-widget=\"aplus-3p-module-b\">\n<div class=\"aplus-module-wrapper aplus-3p-fixed-width\"><img decoding=\"async\" class=\"a-spacing-base\" src=\"https:\/\/m.media-amazon.com\/images\/S\/aplus-media-library-service-media\/c8a3ec95-9b5a-468b-aad6-ccddfbd1f04a.__CR0,0,970,600_PT0_SX970_V1___.jpg\" alt=\"5\" data-src=\"https:\/\/m.media-amazon.com\/images\/S\/aplus-media-library-service-media\/c8a3ec95-9b5a-468b-aad6-ccddfbd1f04a.__CR0,0,970,600_PT0_SX970_V1___.jpg\" \/><\/div>\n<\/div>\n<\/div>\n<\/div>\n<\/div>\n<\/div>\n<div id=\"productDetails_feature_div\" class=\"celwidget pd_rd_w-44n4d pd_rd_r-KFFR1F8AVG600N43GHG4 pd_rd_wg-kx0OT\" data-feature-name=\"productDetailsHomeAndGarden_Updated\" data-csa-c-type=\"widget\" data-csa-c-content-id=\"productDetailsHomeAndGarden_Updated\" data-csa-c-slot-id=\"productDetails_feature_div\" data-csa-c-asin=\"\" data-csa-c-is-in-initial-active-row=\"false\" data-csa-c-id=\"afgat2-r10sgv-951vll-ryyzsk\" data-cel-widget=\"productDetails_feature_div\"><a id=\"productDetails\" name=\"productDetails\"><\/a><\/p>\n<hr class=\"a-divider-normal\" aria-hidden=\"true\" \/>\n<div>\n<div id=\"prodDetails\" class=\"a-section a-spacing-none\">\n<h2>Especifica\u00e7\u00f5es do produto<\/h2>\n<div class=\"a-row\">\n<div class=\"a-column a-span12 a-span-last\">\n<div class=\"a-row a-spacing-top-base\">\n<div class=\"a-column a-span6\">\n<div class=\"a-row a-spacing-base\">\n<div class=\"a-row a-expander-container a-expander-extend-container\">\n<div class=\"a-row\">\n<div class=\"a-column a-span6\">\n<h1 class=\"a-size-medium a-spacing-small\">Detalhes t\u00e9cnicos<\/h1>\n<\/div>\n<\/div>\n<div class=\"a-expander-content a-expander-extend-content\" data-expanded=\"true\">\n<div class=\"a-row a-expander-container a-expander-inline-container\">\n<div class=\"a-expander-content a-expander-section-content a-section-expander-inner\" data-expanded=\"true\">\n<table id=\"productDetails_techSpec_section_1\" class=\"a-keyvalue prodDetTable\">\n<tbody>\n<tr>\n<th class=\"a-color-secondary a-size-base prodDetSectionEntry\">Fabricante<\/th>\n<td class=\"a-size-base prodDetAttrValue\">\u200ePHILCO<\/td>\n<\/tr>\n<tr>\n<th class=\"a-color-secondary a-size-base prodDetSectionEntry\">N\u00famero da Pe\u00e7a<\/th>\n<td class=\"a-size-base prodDetAttrValue\">\u200ePAC12000F5<\/td>\n<\/tr>\n<tr>\n<th class=\"a-color-secondary a-size-base prodDetSectionEntry\">Certifica\u00e7\u00e3o<\/th>\n<td class=\"a-size-base prodDetAttrValue\">\u200eBRA21\/01170<\/td>\n<\/tr>\n<tr>\n<th class=\"a-color-secondary a-size-base prodDetSectionEntry\">Tamanho<\/th>\n<td class=\"a-size-base prodDetAttrValue\">\u200e25,00Kg<\/td>\n<\/tr>\n<tr>\n<th class=\"a-color-secondary a-size-base prodDetSectionEntry\">Cor<\/th>\n<td class=\"a-size-base prodDetAttrValue\">\u200eBranco<\/td>\n<\/tr>\n<tr>\n<th class=\"a-color-secondary a-size-base prodDetSectionEntry\">Estilo<\/th>\n<td class=\"a-size-base prodDetAttrValue\">\u200e127<\/td>\n<\/tr>\n<tr>\n<th class=\"a-color-secondary a-size-base prodDetSectionEntry\">Material<\/th>\n<td class=\"a-size-base prodDetAttrValue\">\u200eMetal e pl\u00e1stico<\/td>\n<\/tr>\n<tr>\n<th class=\"a-color-secondary a-size-base prodDetSectionEntry\">Tipo de fonte de energia<\/th>\n<td class=\"a-size-base prodDetAttrValue\">\u200eAlimentado por energia el\u00e9trica<\/td>\n<\/tr>\n<tr>\n<th class=\"a-color-secondary a-size-base prodDetSectionEntry\">Voltagem<\/th>\n<td class=\"a-size-base prodDetAttrValue\">\u200e127.0<\/td>\n<\/tr>\n<tr>\n<th class=\"a-color-secondary a-size-base prodDetSectionEntry\">Etiqueta Nacional de Efici\u00eancia Energ\u00e9tica (ENCE)<\/th>\n<td class=\"a-size-base prodDetAttrValue\">\u200eA<\/td>\n<\/tr>\n<tr>\n<th class=\"a-color-secondary a-size-base prodDetSectionEntry\">Pot\u00eancia em watts<\/th>\n<td class=\"a-size-base prodDetAttrValue\">\u200e1200 KW<\/td>\n<\/tr>\n<tr>\n<th class=\"a-color-secondary a-size-base prodDetSectionEntry\">Forma de instala\u00e7\u00e3o<\/th>\n<td class=\"a-size-base prodDetAttrValue\">\u200ePort\u00e1til<\/td>\n<\/tr>\n<tr>\n<th class=\"a-color-secondary a-size-base prodDetSectionEntry\">N\u00famero de produtos<\/th>\n<td class=\"a-size-base prodDetAttrValue\">\u200e1<\/td>\n<\/tr>\n<tr>\n<th class=\"a-color-secondary a-size-base prodDetSectionEntry\">N\u00famero de pe\u00e7as<\/th>\n<td class=\"a-size-base prodDetAttrValue\">\u200e1<\/td>\n<\/tr>\n<tr>\n<th class=\"a-color-secondary a-size-base prodDetSectionEntry\">Recursos especiais<\/th>\n<td class=\"a-size-base prodDetAttrValue\">\u200eControlado Remotamente, Dispon\u00edvel nas vers\u00f5es 127V e 220V, Filtro antibacteriano, Fun\u00e7\u00e3o Protect, Garantia de 01 ano<\/td>\n<\/tr>\n<tr>\n<th class=\"a-color-secondary a-size-base prodDetSectionEntry\">Componentes inclu\u00eddos<\/th>\n<td class=\"a-size-base prodDetAttrValue\">\u200eControle Remoto<\/td>\n<\/tr>\n<tr>\n<th class=\"a-color-secondary a-size-base prodDetSectionEntry\">Funciona a bateria ou pilha?<\/th>\n<td class=\"a-size-base prodDetAttrValue\">\u200eN\u00e3o<\/td>\n<\/tr>\n<tr>\n<th class=\"a-color-secondary a-size-base prodDetSectionEntry\">Peso<\/th>\n<td class=\"a-size-base prodDetAttrValue\">\u200e25 Quilogramas<\/td>\n<\/tr>\n<tr>\n<th class=\"a-color-secondary a-size-base prodDetSectionEntry\">Comprimento<\/th>\n<td class=\"a-size-base prodDetAttrValue\">\u200e35 cent\u00edmetros<\/td>\n<\/tr>\n<tr>\n<th class=\"a-color-secondary a-size-base prodDetSectionEntry\">Largura<\/th>\n<td class=\"a-size-base prodDetAttrValue\">\u200e41,5 cent\u00edmetros<\/td>\n<\/tr>\n<tr>\n<th class=\"a-color-secondary a-size-base prodDetSectionEntry\">Altura<\/th>\n<td class=\"a-size-base prodDetAttrValue\">\u200e71,5 cent\u00edmetros<\/td>\n<\/tr>\n<tr>\n<th class=\"a-color-secondary a-size-base prodDetSectionEntry\">Fabricante<\/th>\n<td class=\"a-size-base prodDetAttrValue\">\u200ePHILCO<\/td>\n<\/tr>\n<tr>\n<th class=\"a-color-secondary a-size-base prodDetSectionEntry\">Modelo<\/th>\n<td class=\"a-size-base prodDetAttrValue\">\u200ePAC12000F5<\/td>\n<\/tr>\n<tr>\n<th class=\"a-color-secondary a-size-base prodDetSectionEntry\">N\u00famero do modelo<\/th>\n<td class=\"a-size-base prodDetAttrValue\">\u200ePAC12000F5<\/td>\n<\/tr>\n<tr>\n<th class=\"a-color-secondary a-size-base prodDetSectionEntry\">Dimens\u00f5es do produto<\/th>\n<td class=\"a-size-base prodDetAttrValue\">\u200e35 x 41,5 x 71,5 cm; 25 quilogramas<\/td>\n<\/tr>\n<tr>\n<th class=\"a-color-secondary a-size-base prodDetSectionEntry\">ASIN<\/th>\n<td class=\"a-size-base prodDetAttrValue\">\u200eB0BBJG7W4K<\/td>\n<\/tr>\n<tr>\n<th class=\"a-color-secondary a-size-base prodDetSectionEntry\">Marca<\/th>\n<td class=\"a-size-base prodDetAttrValue\">\u200ePHILCO<\/td>\n<\/tr>\n<tr>\n<th class=\"a-color-secondary a-size-base prodDetSectionEntry\">EAN<\/th>\n<td class=\"a-size-base prodDetAttrValue\">\u200e7891356100857<\/td>\n<\/tr>\n<\/tbody>\n<\/table>\n<\/div>\n<\/div>\n<\/div>\n<\/div>\n<\/div>\n<div class=\"a-row a-spacing-base\"><\/div>\n<\/div>\n<div class=\"a-column a-span6 a-span-last\">\n<div class=\"a-row a-spacing-base\">\n<div id=\"productDetails_db_sections\" class=\"a-section\">\n<h1 class=\"a-size-medium a-spacing-small secHeader\">Informa\u00e7\u00f5es adicionais<\/h1>\n<div class=\"a-section table-padding\">\n<table id=\"productDetails_detailBullets_sections1\" class=\"a-keyvalue prodDetTable\">\n<tbody>\n<tr>\n<th class=\"a-color-secondary a-size-base prodDetSectionEntry\">Dimens\u00f5es do pacote<\/th>\n<td class=\"a-size-base prodDetAttrValue\">95 x 50 x 40 cent\u00edmetros<\/td>\n<\/tr>\n<tr>\n<th class=\"a-color-secondary a-size-base prodDetSectionEntry\">Dispon\u00edvel para compra desde<\/th>\n<td class=\"a-size-base prodDetAttrValue\">22 agosto 2022<\/td>\n<\/tr>\n<tr>\n<th class=\"a-color-secondary a-size-base prodDetSectionEntry\">Avalia\u00e7\u00f5es de clientes<\/th>\n<td class=\"a-size-base\">\n<div id=\"averageCustomerReviews\" data-asin=\"B0BBJG7W4K\" data-ref=\"dpx_acr_pop_\"><span class=\"a-declarative\" data-action=\"acrStarsLink-click-metrics\" data-acrstarslink-click-metrics=\"{}\"><span id=\"acrPopover\" class=\"reviewCountTextLinkedHistogram noUnderline\" title=\"4,1 de 5 estrelas\"><a class=\"a-popover-trigger a-declarative mvt-cm-cr-review-stars-mini-popover\" role=\"button\"><span class=\"a-size-small a-color-base\" aria-hidden=\"true\">4,1\u00a0<\/span><i class=\"a-icon a-icon-star-mini a-star-mini-4 mvt-cm-cr-review-stars-mini\"><span class=\"a-icon-alt\">4,1 de 5 estrelas<\/span><\/i>\u00a0<i class=\"a-icon a-icon-popover\"><\/i><\/a>\u00a0<\/span><\/span>\u00a0<span class=\"a-declarative\" data-action=\"acrLink-click-metrics\" data-acrlink-click-metrics=\"{}\"><a id=\"acrCustomerReviewLink\" class=\"a-link-normal\" href=\"https:\/\/www.amazon.com.br\/PHILCO-Ar-Condicionado-Port%C3%A1til-PAC12000F5-Protect\/dp\/B0BBJG7W4K\/ref=asc_df_B0BBJG7W4K?mcid=eb8fc50c816d343a85a766d836ddef49&amp;tag=googleshopp00-20&amp;linkCode=df0&amp;hvadid=709968341215&amp;hvpos=&amp;hvnetw=g&amp;hvrand=16420961146869178701&amp;hvpone=&amp;hvptwo=&amp;hvqmt=&amp;hvdev=c&amp;hvdvcmdl=&amp;hvlocint=&amp;hvlocphy=9217736&amp;hvtargid=pla-2364610468511&amp;language=pt_BR&amp;gad_source=1&amp;th=1#averageCustomerReviewsAnchor\"><span id=\"acrCustomerReviewText\" class=\"a-size-small\" aria-label=\"953 An\u00e1lises\">(953)<\/span><\/a><\/span><\/div>\n<p>4,1 de 5 estrelas<\/td>\n<\/tr>\n<tr>\n<th class=\"a-color-secondary a-size-base prodDetSectionEntry\">Ranking dos mais vendidos<\/th>\n<td>\n<ul class=\"a-unordered-list a-nostyle a-vertical\">\n<li><span class=\"a-list-item\">N\u00ba 833 em Casa (<a href=\"https:\/\/www.amazon.com.br\/gp\/bestsellers\/home\/ref=pd_zg_ts_home\">Conhe\u00e7a o Top 100 na categoria Casa<\/a>)<\/span><\/li>\n<li><span class=\"a-list-item\">N\u00ba 8 em\u00a0<a href=\"https:\/\/www.amazon.com.br\/gp\/bestsellers\/home\/17124954011\/ref=pd_zg_hrsr_home\">Ar-Condicionado Port\u00e1til<\/a><\/span><\/li>\n<\/ul>\n<\/td>\n<\/tr>\n<\/tbody>\n<\/table>\n<\/div>\n<\/div>\n<\/div>\n<div class=\"a-row a-spacing-base\"><\/div>\n<div class=\"a-row\"><\/div>\n<\/div>\n<\/div>\n<\/div>\n<\/div>\n<\/div>\n<\/div>\n<\/div>\n<div id=\"btfSubNavDesktopCopy\" class=\"celwidget\" data-feature-name=\"btfSubNavDesktop\" data-csa-c-type=\"widget\" data-csa-c-content-id=\"btfSubNavDesktop\" data-csa-c-slot-id=\"btfSubNavDesktop_feature_div\" data-csa-c-asin=\"\" data-csa-c-is-in-initial-active-row=\"false\" data-csa-c-id=\"cdyz77-hu8mm0-ohc6mv-8fybke\" data-cel-widget=\"btfSubNavDesktopCopy\">\n<div class=\"a-row a-size-base btf-sub-nav-desktop-product-info-wrapper persistent-header\" role=\"navigation\" data-csa-c-content-id=\"btf-sub-nav-desktop-desktop-dpx-widget\" data-csa-c-slot-id=\"btf-sub-nav-desktop-dpx-widget\" data-csa-c-type=\"widget\" data-csa-c-id=\"h77myh-l27opc-a7ezq2-z6wf1f\">\n<nav class=\"btf-sub-nav-desktop-product-info-tabs\" aria-label=\"Navigate within the product detail page\">\n<div class=\"top-tab-content\">\n<div><img decoding=\"async\" class=\"sub-nav-desktop-top-tab-icon\" role=\"presentation\" src=\"https:\/\/m.media-amazon.com\/images\/S\/sash\/\/eve1bZY0MgtnzFB.svg\" \/><\/div>\n<div><span class=\"a-size-base\">topo<\/span><\/div>\n<\/div>\n<div class=\"tab-content\">Sobre este produto<\/div>\n<div class=\"tab-content\">Semelhante<\/div>\n<div class=\"tab-content\">Informa\u00e7\u00f5es do produto<\/div>\n<div class=\"tab-content\">Da marca<\/div>\n<div class=\"tab-content\">Avalia\u00e7\u00f5es<\/div>\n<\/nav>\n<p><a class=\"a-link-normal btf-sub-nav-desktop-image-container\" role=\"navigation\" href=\"https:\/\/www.amazon.com.br\/PHILCO-Ar-Condicionado-Port%C3%A1til-PAC12000F5-Protect\/dp\/B0BBJG7W4K\/ref=asc_df_B0BBJG7W4K?mcid=eb8fc50c816d343a85a766d836ddef49&amp;tag=googleshopp00-20&amp;linkCode=df0&amp;hvadid=709968341215&amp;hvpos=&amp;hvnetw=g&amp;hvrand=16420961146869178701&amp;hvpone=&amp;hvptwo=&amp;hvqmt=&amp;hvdev=c&amp;hvdvcmdl=&amp;hvlocint=&amp;hvlocphy=9217736&amp;hvtargid=pla-2364610468511&amp;language=pt_BR&amp;gad_source=1&amp;th=1#\" data-csa-c-action=\"navigate:btf-sub-nav-desktop-back-to-top-image\" data-csa-c-element-id=\"btf-sub-nav-desktop-back-to-top-image-jump-link\" data-csa-c-element-type=\"navigational\" data-csa-c-type=\"uxElement\" aria-label=\"Back to top Image jump link\" data-csa-c-id=\"6yevzq-m5gbjd-hjy2b0-pqf9gn\"><img decoding=\"async\" class=\"btf-sub-nav-desktop-product-info-image\" src=\"https:\/\/m.media-amazon.com\/images\/I\/31OGyGUNDzL._AC_.jpg\" alt=\"Ar-Condicionado Philco Port\u00e1til 12000BTUs Frio PAC12000F5 127V\" \/><\/a><a class=\"a-link-normal btf-sub-nav-desktop-title-container\" role=\"navigation\" href=\"https:\/\/www.amazon.com.br\/PHILCO-Ar-Condicionado-Port%C3%A1til-PAC12000F5-Protect\/dp\/B0BBJG7W4K\/ref=asc_df_B0BBJG7W4K?mcid=eb8fc50c816d343a85a766d836ddef49&amp;tag=googleshopp00-20&amp;linkCode=df0&amp;hvadid=709968341215&amp;hvpos=&amp;hvnetw=g&amp;hvrand=16420961146869178701&amp;hvpone=&amp;hvptwo=&amp;hvqmt=&amp;hvdev=c&amp;hvdvcmdl=&amp;hvlocint=&amp;hvlocphy=9217736&amp;hvtargid=pla-2364610468511&amp;language=pt_BR&amp;gad_source=1&amp;th=1#\" data-csa-c-action=\"navigate:btf-sub-nav-desktop-back-to-top-title\" data-csa-c-element-id=\"btf-sub-nav-desktop-back-to-top-title-jump-link\" data-csa-c-element-type=\"navigational\" data-csa-c-type=\"uxElement\" aria-label=\"Back to top title jump link\" data-csa-c-id=\"j7z80f-lel1zp-4d42cy-pfr1lb\"><span class=\"btf-sub-nav-desktop-title-text\">Ar-Condicionado Philco Port\u00e1til 12000BTUs Frio PAC12000F5 127V<\/span><\/a><\/div>\n<\/div>\n<div id=\"productDescription_feature_div\" class=\"celwidget pd_rd_w-YENzd pd_rd_r-KFFR1F8AVG600N43GHG4 pd_rd_wg-kx0OT\" data-feature-name=\"productDescription-3\" data-csa-c-type=\"widget\" data-csa-c-content-id=\"productDescription-3\" data-csa-c-slot-id=\"productDescription_feature_div\" data-csa-c-asin=\"\" data-csa-c-is-in-initial-active-row=\"false\" data-csa-c-id=\"n3zmxe-x8elbz-fhqaqj-f8yfwz\" data-cel-widget=\"productDescription_feature_div\">\n<div>\n<div id=\"productDescription_feature_div\" class=\"a-row feature\" data-feature-name=\"productDescription\" data-template-name=\"productDescription\" data-cel-widget=\"productDescription_feature_div\">\n<div class=\"a-divider a-divider-section\">\n<div class=\"a-divider-inner\"><\/div>\n<\/div>\n<h2 class=\"default\">Descri\u00e7\u00e3o do produto<\/h2>\n<div id=\"productDescription\" class=\"a-section a-spacing-small\">\n<p>O Ar-Condicionado Philco Port\u00e1til 12000BTUs Frio PAC12000F5 \u00e9 a escolha ideal para quem busca conforto t\u00e9rmico, mobilidade e praticidade no dia a dia. Com capacidade de 12000BTUs, o Ar-Condicionado port\u00e1til 3 em 1 resfria, ventila e desumidifica o ambiente, proporcionando mais bem-estar em qualquer esta\u00e7\u00e3o. Compacto e vers\u00e1til, dispensa instala\u00e7\u00e3o fixa e pode ser facilmente transportado entre c\u00f4modos gra\u00e7as \u00e0s rodinhas e pegadores laterais. Seu moderno display digital e o controle remoto permitem ajustar as fun\u00e7\u00f5es de forma simples e pr\u00e1tica, incluindo timer, fun\u00e7\u00e3o dormir e oscila\u00e7\u00e3o autom\u00e1tica, que distribui o ar de maneira uniforme no espa\u00e7o. O filtro antibacteriano remov\u00edvel do Ar-Condicionado Port\u00e1til Philco garante ar mais limpo e saud\u00e1vel, enquanto a fun\u00e7\u00e3o auto evapora\u00e7\u00e3o reduz a necessidade de drenar a \u00e1gua condensada, tornando o uso ainda mais conveniente. Com serpentina em cobre, o Ar-Condicionado Port\u00e1til PAC12000F5 oferece maior efici\u00eancia t\u00e9rmica, durabilidade e resist\u00eancia \u00e0 corros\u00e3o, prolongando a vida \u00fatil do aparelho. Al\u00e9m disso, o g\u00e1s ecol\u00f3gico R410a contribui para uma refrigera\u00e7\u00e3o eficiente e sustent\u00e1vel. Silencioso, eficiente e port\u00e1til, o Ar-Condicionado Philco Port\u00e1til 12000BTUs Frio PAC12000F5 \u00e9 perfeito para quem deseja climatizar diferentes ambientes com praticidade, economia e o padr\u00e3o de qualidade Philco.<\/p>\n<\/div>\n<\/div>\n<\/div>\n<\/div>\n","protected":false},"excerpt":{"rendered":"<p>Especifica\u00e7\u00f5es do produto Detalhes t\u00e9cnicos Fabricante \u200ePHILCO N\u00famero da Pe\u00e7a \u200ePAC12000F5 Certifica\u00e7\u00e3o \u200eBRA21\/01170 Tamanho \u200e25,00Kg Cor \u200eBranco Estilo \u200e127 Material \u200eMetal e pl\u00e1stico Tipo de fonte de energia \u200eAlimentado por<\/p>\n","protected":false},"featured_media":14853,"comment_status":"open","ping_status":"closed","template":"","meta":[],"product_brand":[],"product_cat":[15],"product_tag":[],"class_list":{"0":"post-14851","1":"product","2":"type-product","3":"status-publish","4":"has-post-thumbnail","6":"product_cat-produtos","7":"product_shipping_class-pac","9":"first","10":"instock","11":"shipping-taxable","12":"purchasable","13":"product-type-simple"},"_links":{"self":[{"href":"https:\/\/ambrosioeletro.com.br\/v20\/wp-json\/wp\/v2\/product\/14851","targetHints":{"allow":["GET"]}}],"collection":[{"href":"https:\/\/ambrosioeletro.com.br\/v20\/wp-json\/wp\/v2\/product"}],"about":[{"href":"https:\/\/ambrosioeletro.com.br\/v20\/wp-json\/wp\/v2\/types\/product"}],"replies":[{"embeddable":true,"href":"https:\/\/ambrosioeletro.com.br\/v20\/wp-json\/wp\/v2\/comments?post=14851"}],"wp:featuredmedia":[{"embeddable":true,"href":"https:\/\/ambrosioeletro.com.br\/v20\/wp-json\/wp\/v2\/media\/14853"}],"wp:attachment":[{"href":"https:\/\/ambrosioeletro.com.br\/v20\/wp-json\/wp\/v2\/media?parent=14851"}],"wp:term":[{"taxonomy":"product_brand","embeddable":true,"href":"https:\/\/ambrosioeletro.com.br\/v20\/wp-json\/wp\/v2\/product_brand?post=14851"},{"taxonomy":"product_cat","embeddable":true,"href":"https:\/\/ambrosioeletro.com.br\/v20\/wp-json\/wp\/v2\/product_cat?post=14851"},{"taxonomy":"product_tag","embeddable":true,"href":"https:\/\/ambrosioeletro.com.br\/v20\/wp-json\/wp\/v2\/product_tag?post=14851"}],"curies":[{"name":"wp","href":"https:\/\/api.w.org\/{rel}","templated":true}]}}