{"id":14855,"date":"2026-01-27T16:43:46","date_gmt":"2026-01-27T19:43:46","guid":{"rendered":"https:\/\/ambrosioeletro.com.br\/v20\/?post_type=product&#038;p=14855"},"modified":"2026-02-20T11:46:34","modified_gmt":"2026-02-20T14:46:34","slug":"climatizador-philco-4-em-1-pcl05a-3-velocidades-funcao-timer-127v","status":"publish","type":"product","link":"https:\/\/ambrosioeletro.com.br\/v20\/produto\/climatizador-philco-4-em-1-pcl05a-3-velocidades-funcao-timer-127v\/","title":{"rendered":"Climatizador Philco 4 em 1 PCL05A 3 Velocidades Fun\u00e7\u00e3o Timer 127V"},"content":{"rendered":"<div id=\"productDescription_feature_div\" class=\"celwidget pd_rd_w-cg0KQ pd_rd_r-3A35M1K5DHDVGZRXX6WS pd_rd_wg-H6nk6\" data-feature-name=\"productDescription-3\" data-csa-c-type=\"widget\" data-csa-c-content-id=\"productDescription-3\" data-csa-c-slot-id=\"productDescription_feature_div\" data-csa-c-asin=\"\" data-csa-c-is-in-initial-active-row=\"false\" data-csa-c-id=\"a2qbly-nf2r28-youzs-frzk0w\" data-cel-widget=\"productDescription_feature_div\">\n<div>\n<div id=\"productDescription_feature_div\" class=\"a-row feature\" data-feature-name=\"productDescription\" data-template-name=\"productDescription\" data-cel-widget=\"productDescription_feature_div\">\n<h2 class=\"default\">Descri\u00e7\u00e3o do produto<\/h2>\n<div id=\"productDescription\" class=\"a-section a-spacing-small\">\n<p>Seus ambientes muito mais aconchegantes com o Climatizador Philco 4 em 1 PCL05A 3 Velocidades! 4 em 1, o Climatizador resfria, umidifica, filtra e ventila, para muito mais versatilidade para climatizar o ambiente. Conta ainda com 3 velocidades, para diferentes tipos de resfriamento. Assim, tenha um lugar ainda mais fresco de acordo com suas necessidades. A fun\u00e7\u00e3o Timer permite programar o tempo de funcionamento, podendo ser programado atrav\u00e9s do controle remoto, para ainda mais comodidade. J\u00e1 as rodinhas garantem mais praticidade para a movimenta\u00e7\u00e3o do aparelho entre ambientes. Tudo isso com muita pot\u00eancia, para que seus ambientes sejam resfriados de maneira ainda mais r\u00e1pida e eficiente. Afinal, s\u00e3o 80W para voc\u00ea usufruir da melhor maneira! Frescor e praticidade em um \u00fanico produto, s\u00f3 com o Climatizador Philco 4 em 1 PCL05A 3 Velocidades!<\/p>\n<\/div>\n<\/div>\n<\/div>\n<\/div>\n<div id=\"btfSubNavDesktopCopy\" class=\"celwidget\" data-feature-name=\"btfSubNavDesktop\" data-csa-c-type=\"widget\" data-csa-c-content-id=\"btfSubNavDesktop\" data-csa-c-slot-id=\"btfSubNavDesktop_feature_div\" data-csa-c-asin=\"\" data-csa-c-is-in-initial-active-row=\"false\" data-csa-c-id=\"pyu88k-8w3aez-umeujr-z6xwf4\" data-cel-widget=\"btfSubNavDesktopCopy\">\n<div class=\"a-row a-size-base btf-sub-nav-desktop-product-info-wrapper\" role=\"navigation\" data-csa-c-content-id=\"btf-sub-nav-desktop-desktop-dpx-widget\" data-csa-c-slot-id=\"btf-sub-nav-desktop-dpx-widget\" data-csa-c-type=\"widget\" data-csa-c-id=\"h0a6h9-rvt17q-zbwrea-r39m2y\">\n<nav class=\"btf-sub-nav-desktop-product-info-tabs\" aria-label=\"Navigate within the product detail page\">\n<div class=\"top-tab-content\">\n<div><img decoding=\"async\" class=\"sub-nav-desktop-top-tab-icon\" role=\"presentation\" src=\"https:\/\/m.media-amazon.com\/images\/S\/sash\/\/eve1bZY0MgtnzFB.svg\" \/><\/div>\n<div><span class=\"a-size-base\">topo<\/span><\/div>\n<\/div>\n<div class=\"tab-content\">Sobre este produto<\/div>\n<div class=\"tab-content\">Semelhante<\/div>\n<div class=\"tab-content\">Da marca<\/div>\n<div class=\"tab-content\">Informa\u00e7\u00f5es do produto<\/div>\n<div class=\"tab-content\">Avalia\u00e7\u00f5es<\/div>\n<\/nav>\n<p><a class=\"a-link-normal btf-sub-nav-desktop-image-container\" role=\"navigation\" href=\"https:\/\/www.amazon.com.br\/Climatizador-Philco-PCL05A-Velocidades-Fun%C3%A7%C3%A3o\/dp\/B0DGGWPDBS\/ref=asc_df_B0DGGWPDBS?mcid=7da15169306a36c182090558bff0d0c8&amp;tag=googleshopp00-20&amp;linkCode=df0&amp;hvadid=709968341215&amp;hvpos=&amp;hvnetw=g&amp;hvrand=10609362164549945186&amp;hvpone=&amp;hvptwo=&amp;hvqmt=&amp;hvdev=c&amp;hvdvcmdl=&amp;hvlocint=&amp;hvlocphy=9217736&amp;hvtargid=pla-2377028344523&amp;psc=1&amp;language=pt_BR&amp;gad_source=1#\" data-csa-c-action=\"navigate:btf-sub-nav-desktop-back-to-top-image\" data-csa-c-element-id=\"btf-sub-nav-desktop-back-to-top-image-jump-link\" data-csa-c-element-type=\"navigational\" data-csa-c-type=\"uxElement\" aria-label=\"Back to top Image jump link\" data-csa-c-id=\"3lpwef-36nm8e-kw81az-h5rair\"><img decoding=\"async\" class=\"btf-sub-nav-desktop-product-info-image\" src=\"https:\/\/m.media-amazon.com\/images\/I\/217fdHhTbNL._AC_.jpg\" alt=\"Climatizador Philco 4 em 1 PCL05A 3 Velocidades Fun\u00e7\u00e3o Timer 127V\" \/><\/a><a class=\"a-link-normal btf-sub-nav-desktop-title-container\" role=\"navigation\" href=\"https:\/\/www.amazon.com.br\/Climatizador-Philco-PCL05A-Velocidades-Fun%C3%A7%C3%A3o\/dp\/B0DGGWPDBS\/ref=asc_df_B0DGGWPDBS?mcid=7da15169306a36c182090558bff0d0c8&amp;tag=googleshopp00-20&amp;linkCode=df0&amp;hvadid=709968341215&amp;hvpos=&amp;hvnetw=g&amp;hvrand=10609362164549945186&amp;hvpone=&amp;hvptwo=&amp;hvqmt=&amp;hvdev=c&amp;hvdvcmdl=&amp;hvlocint=&amp;hvlocphy=9217736&amp;hvtargid=pla-2377028344523&amp;psc=1&amp;language=pt_BR&amp;gad_source=1#\" data-csa-c-action=\"navigate:btf-sub-nav-desktop-back-to-top-title\" data-csa-c-element-id=\"btf-sub-nav-desktop-back-to-top-title-jump-link\" data-csa-c-element-type=\"navigational\" data-csa-c-type=\"uxElement\" aria-label=\"Back to top title jump link\" data-csa-c-id=\"z7ax9s-380v3k-mr279n-r0poj9\"><span class=\"btf-sub-nav-desktop-title-text\">Climatizador Philco 4 em 1 PCL05A 3 Velocidades Fun\u00e7\u00e3o Timer 127V<\/span><\/a><\/div>\n<\/div>\n<div id=\"aplus_feature_div\" class=\"celwidget pd_rd_w-HXyIa pd_rd_r-3A35M1K5DHDVGZRXX6WS pd_rd_wg-H6nk6\" data-feature-name=\"aplus\" data-csa-c-type=\"widget\" data-csa-c-content-id=\"aplus\" data-csa-c-slot-id=\"aplus_feature_div\" data-csa-c-asin=\"\" data-csa-c-is-in-initial-active-row=\"false\" data-csa-c-id=\"5n1qjl-bc8su1-ku60a8-z3s37g\" data-cel-widget=\"aplus_feature_div\"><\/div>\n<div id=\"climatePledgeFriendlyBTF_feature_div\" class=\"celwidget pd_rd_w-3mdX5 pd_rd_r-3A35M1K5DHDVGZRXX6WS pd_rd_wg-H6nk6\" data-feature-name=\"climatePledgeFriendlyBTF_HIT_AllMp\" data-csa-c-type=\"widget\" data-csa-c-content-id=\"climatePledgeFriendlyBTF_HIT_AllMp\" data-csa-c-slot-id=\"climatePledgeFriendlyBTF_feature_div\" data-csa-c-asin=\"\" data-csa-c-is-in-initial-active-row=\"false\" data-csa-c-id=\"n98ki4-48ujel-mcvffr-nebqp6\" data-cel-widget=\"climatePledgeFriendlyBTF_feature_div\"><\/div>\n<div id=\"productDetails_feature_div\" class=\"celwidget pd_rd_w-kZqhJ pd_rd_r-3A35M1K5DHDVGZRXX6WS pd_rd_wg-H6nk6\" data-feature-name=\"productDetailsHomeAndGarden_Updated\" data-csa-c-type=\"widget\" data-csa-c-content-id=\"productDetailsHomeAndGarden_Updated\" data-csa-c-slot-id=\"productDetails_feature_div\" data-csa-c-asin=\"\" data-csa-c-is-in-initial-active-row=\"false\" data-csa-c-id=\"610hy4-in8u7u-xpfvxb-hyagol\" data-cel-widget=\"productDetails_feature_div\"><a id=\"productDetails\" name=\"productDetails\"><\/a><\/p>\n<hr class=\"a-divider-normal\" aria-hidden=\"true\" \/>\n<div>\n<div id=\"prodDetails\" class=\"a-section a-spacing-none\">\n<h2>Especifica\u00e7\u00f5es do produto<\/h2>\n<div class=\"a-row\">\n<div class=\"a-column a-span12 a-span-last\">\n<div class=\"a-row a-spacing-top-base\">\n<div class=\"a-column a-span6\">\n<div class=\"a-row a-spacing-base\">\n<div class=\"a-row a-expander-container a-expander-extend-container\">\n<div class=\"a-row\">\n<div class=\"a-column a-span6\">\n<h1 class=\"a-size-medium a-spacing-small\">Detalhes t\u00e9cnicos<\/h1>\n<\/div>\n<\/div>\n<div class=\"a-expander-content a-expander-extend-content\" data-expanded=\"true\">\n<div class=\"a-row a-expander-container a-expander-inline-container\">\n<div class=\"a-expander-content a-expander-section-content a-section-expander-inner\" data-expanded=\"true\">\n<table id=\"productDetails_techSpec_section_1\" class=\"a-keyvalue prodDetTable\">\n<tbody>\n<tr>\n<th class=\"a-color-secondary a-size-base prodDetSectionEntry\">Cor<\/th>\n<td class=\"a-size-base prodDetAttrValue\">\u200eBranco<\/td>\n<\/tr>\n<tr>\n<th class=\"a-color-secondary a-size-base prodDetSectionEntry\">Certifica\u00e7\u00e3o<\/th>\n<td class=\"a-size-base prodDetAttrValue\">\u200eINMETRO: BRA-CERT180100270-07<\/td>\n<\/tr>\n<tr>\n<th class=\"a-color-secondary a-size-base prodDetSectionEntry\">Fator de forma<\/th>\n<td class=\"a-size-base prodDetAttrValue\">\u200ePort\u00e1til<\/td>\n<\/tr>\n<tr>\n<th class=\"a-color-secondary a-size-base prodDetSectionEntry\">Descri\u00e7\u00e3o da garantia<\/th>\n<td class=\"a-size-base prodDetAttrValue\">\u200e1 ano<\/td>\n<\/tr>\n<tr>\n<th class=\"a-color-secondary a-size-base prodDetSectionEntry\">Precisa de pilhas ou baterias?<\/th>\n<td class=\"a-size-base prodDetAttrValue\">\u200eN\u00e3o<\/td>\n<\/tr>\n<tr>\n<th class=\"a-color-secondary a-size-base prodDetSectionEntry\">Pot\u00eancia em watts<\/th>\n<td class=\"a-size-base prodDetAttrValue\">\u200e80 watts<\/td>\n<\/tr>\n<tr>\n<th class=\"a-color-secondary a-size-base prodDetSectionEntry\">Voltagem<\/th>\n<td class=\"a-size-base prodDetAttrValue\">\u200e110 Volts<\/td>\n<\/tr>\n<tr>\n<th class=\"a-color-secondary a-size-base prodDetSectionEntry\">Etiqueta Nacional de Efici\u00eancia Energ\u00e9tica (ENCE)<\/th>\n<td class=\"a-size-base prodDetAttrValue\">\u200eA<\/td>\n<\/tr>\n<tr>\n<th class=\"a-color-secondary a-size-base prodDetSectionEntry\">Marca<\/th>\n<td class=\"a-size-base prodDetAttrValue\">\u200ePHILCO<\/td>\n<\/tr>\n<tr>\n<th class=\"a-color-secondary a-size-base prodDetSectionEntry\">Dimens\u00f5es do produto<\/th>\n<td class=\"a-size-base prodDetAttrValue\">\u200e29 x 31 x 67 cm; 5,53 quilogramas<\/td>\n<\/tr>\n<tr>\n<th class=\"a-color-secondary a-size-base prodDetSectionEntry\">EAN<\/th>\n<td class=\"a-size-base prodDetAttrValue\">\u200e7891356121142<\/td>\n<\/tr>\n<\/tbody>\n<\/table>\n<div id=\"productOverview_feature_div\" class=\"celwidget\" data-feature-name=\"productOverview_nonPets\" data-csa-c-type=\"widget\" data-csa-c-content-id=\"productOverview_nonPets\" data-csa-c-slot-id=\"productOverview_feature_div\" data-csa-c-asin=\"B0DGGWPDBS\" data-csa-c-is-in-initial-active-row=\"false\" data-csa-c-id=\"9n0221-wth155-9xu41c-zcyhm3\" data-cel-widget=\"productOverview_feature_div\">\n<div class=\"a-section a-spacing-small a-spacing-top-small\">\n<table class=\"a-normal a-spacing-micro\" role=\"list\">\n<tbody>\n<tr class=\"a-spacing-small po-brand\" role=\"listitem\">\n<td class=\"a-span3\" role=\"presentation\"><span class=\"a-size-base a-text-bold\">Marca<\/span><\/td>\n<td class=\"a-span9\" role=\"presentation\"><span class=\"a-size-base po-break-word\">PHILCO<\/span><\/td>\n<\/tr>\n<tr class=\"a-spacing-small po-mounting_type\" role=\"listitem\">\n<td class=\"a-span3\" role=\"presentation\"><span class=\"a-size-base a-text-bold\">Tipo de montagem<\/span><\/td>\n<td class=\"a-span9\" role=\"presentation\"><span class=\"a-size-base po-break-word\">Aut\u00f3nomo<\/span><\/td>\n<\/tr>\n<tr class=\"a-spacing-small po-special_feature\" role=\"listitem\">\n<td class=\"a-span3\" role=\"presentation\"><span class=\"a-size-base a-text-bold\">Caracter\u00edsticas especiais<\/span><\/td>\n<td class=\"a-span9\" role=\"presentation\"><span class=\"a-size-base po-break-word\">controle remoto e lames oscilantes<\/span><\/td>\n<\/tr>\n<tr class=\"a-spacing-small po-color\" role=\"listitem\">\n<td class=\"a-span3\" role=\"presentation\"><span class=\"a-size-base a-text-bold\">Cor<\/span><\/td>\n<td class=\"a-span9\" role=\"presentation\"><span class=\"a-size-base po-break-word\">Branco<\/span><\/td>\n<\/tr>\n<tr class=\"a-spacing-small po-controls_type\" role=\"listitem\">\n<td class=\"a-span3\" role=\"presentation\"><span class=\"a-size-base a-text-bold\">Tipo de controles<\/span><\/td>\n<td class=\"a-span9\" role=\"presentation\"><span class=\"a-size-base po-break-word\">Bot\u00f5es<\/span><\/td>\n<\/tr>\n<\/tbody>\n<\/table>\n<\/div>\n<\/div>\n<div id=\"featurebullets_feature_div\" class=\"celwidget\" data-feature-name=\"featurebullets_nonPets\" data-csa-c-type=\"widget\" data-csa-c-content-id=\"featurebullets_nonPets\" data-csa-c-slot-id=\"featurebullets_feature_div\" data-csa-c-asin=\"B0DGGWPDBS\" data-csa-c-is-in-initial-active-row=\"false\" data-csa-c-id=\"8m73bd-846c58-i540w6-vbes9x\" data-cel-widget=\"featurebullets_feature_div\">\n<div id=\"feature-bullets\" class=\"a-section a-spacing-medium a-spacing-top-small\">\n<hr class=\"a-divider-normal\" aria-hidden=\"true\" \/>\n<h1 class=\"a-size-base-plus a-text-bold\">Sobre este item<\/h1>\n<ul class=\"a-unordered-list a-vertical a-spacing-mini\">\n<li class=\"a-spacing-mini\"><span class=\"a-list-item\">3 velocidades de ventila\u00e7\u00e3o: leve, m\u00e9dio e alto<\/span><\/li>\n<li class=\"a-spacing-mini\"><span class=\"a-list-item\">Fun\u00e7\u00e3o oscilar<\/span><\/li>\n<li class=\"a-spacing-mini\"><span class=\"a-list-item\">Al\u00e7a para transporte<\/span><\/li>\n<li class=\"a-spacing-mini\"><span class=\"a-list-item\">Aletas horizontais e verticais<\/span><\/li>\n<li class=\"a-spacing-mini\"><span class=\"a-list-item\">Fun\u00e7\u00e3o umidificar<\/span><\/li>\n<\/ul>\n<\/div>\n<\/div>\n<div id=\"provenanceCertifications_feature_div\" class=\"celwidget\" data-feature-name=\"provenanceCertifications\" data-csa-c-type=\"widget\" data-csa-c-content-id=\"provenanceCertifications\" data-csa-c-slot-id=\"provenanceCertifications_feature_div\" data-csa-c-asin=\"B0DGGWPDBS\" data-csa-c-is-in-initial-active-row=\"false\" data-csa-c-id=\"jd33s8-bdg665-xw9oer-kg1po8\" data-cel-widget=\"provenanceCertifications_feature_div\"><\/div>\n<div id=\"customerReviewsAttribute_feature_div\" class=\"celwidget\" data-feature-name=\"customerReviewsAttribute\" data-csa-c-type=\"widget\" data-csa-c-content-id=\"customerReviewsAttribute\" data-csa-c-slot-id=\"customerReviewsAttribute_feature_div\" data-csa-c-asin=\"B0DGGWPDBS\" data-csa-c-is-in-initial-active-row=\"false\" data-csa-c-id=\"94ozl2-e9ns5p-h5rk4j-ycev4k\" data-cel-widget=\"customerReviewsAttribute_feature_div\"><\/div>\n<div id=\"brandSnapshot_feature_div\" class=\"celwidget\" data-feature-name=\"brandSnapshot_desktop\" data-csa-c-type=\"widget\" data-csa-c-content-id=\"brandSnapshot_desktop\" data-csa-c-slot-id=\"brandSnapshot_feature_div\" data-csa-c-asin=\"B0DGGWPDBS\" data-csa-c-is-in-initial-active-row=\"false\" data-csa-c-id=\"c8vd90-tlkcqi-d0pads-b4iyu2\" data-cel-widget=\"brandSnapshot_feature_div\">\n<div class=\"a-cardui-deck\" data-a-remove-top-gutter=\"\" data-a-remove-bottom-gutter=\"\">\n<div class=\"a-cardui brand-snapshot-card-container\" data-a-card-type=\"basic\">\n<div class=\"a-cardui-body brand-snapshot-card-container brand-snapshot-card-content\">\n<div class=\"a-section a-spacing-medium brand-snapshot-flex-row\" role=\"heading\" aria-level=\"2\">\n<div class=\"a-section a-text-center brand-snapshot-title-container\">\n<p>Marca em destaque<\/p>\n<\/div>\n<p><span class=\"a-size-medium a-text-bold\">PHILCO<\/span><\/p>\n<\/div>\n<div role=\"list\">\n<div class=\"a-section a-spacing-base brand-snapshot-flex-row\" role=\"listitem\"><img loading=\"lazy\" decoding=\"async\" class=\"brand-snapshot-item-image\" src=\"https:\/\/m.media-amazon.com\/images\/I\/01S5bawZYgL.png\" alt=\"\" width=\"18\" height=\"18\" \/>92% de classifica\u00e7\u00f5es positivas de 10K+ clientes<\/p>\n<\/div>\n<div class=\"a-section a-spacing-base brand-snapshot-flex-row\" role=\"listitem\"><img loading=\"lazy\" decoding=\"async\" class=\"brand-snapshot-item-image\" src=\"https:\/\/m.media-amazon.com\/images\/I\/01S5bawZYgL.png\" alt=\"\" width=\"18\" height=\"18\" \/>10K+ pedidos recentes desta marca<\/p>\n<\/div>\n<\/div>\n<\/div>\n<\/div>\n<\/div>\n<\/div>\n<\/div>\n<\/div>\n<\/div>\n<\/div>\n<\/div>\n<\/div>\n<\/div>\n<\/div>\n<\/div>\n<\/div>\n<\/div>\n<\/div>\n","protected":false},"excerpt":{"rendered":"<p>Descri\u00e7\u00e3o do produto Seus ambientes muito mais aconchegantes com o Climatizador Philco 4 em 1 PCL05A 3 Velocidades! 4 em 1, o Climatizador resfria, umidifica, filtra e ventila, para muito<\/p>\n","protected":false},"featured_media":14856,"comment_status":"open","ping_status":"closed","template":"","meta":[],"product_brand":[],"product_cat":[15],"product_tag":[],"class_list":{"0":"post-14855","1":"product","2":"type-product","3":"status-publish","4":"has-post-thumbnail","6":"product_cat-produtos","7":"product_shipping_class-pac","9":"first","10":"instock","11":"shipping-taxable","12":"purchasable","13":"product-type-simple"},"_links":{"self":[{"href":"https:\/\/ambrosioeletro.com.br\/v20\/wp-json\/wp\/v2\/product\/14855","targetHints":{"allow":["GET"]}}],"collection":[{"href":"https:\/\/ambrosioeletro.com.br\/v20\/wp-json\/wp\/v2\/product"}],"about":[{"href":"https:\/\/ambrosioeletro.com.br\/v20\/wp-json\/wp\/v2\/types\/product"}],"replies":[{"embeddable":true,"href":"https:\/\/ambrosioeletro.com.br\/v20\/wp-json\/wp\/v2\/comments?post=14855"}],"wp:featuredmedia":[{"embeddable":true,"href":"https:\/\/ambrosioeletro.com.br\/v20\/wp-json\/wp\/v2\/media\/14856"}],"wp:attachment":[{"href":"https:\/\/ambrosioeletro.com.br\/v20\/wp-json\/wp\/v2\/media?parent=14855"}],"wp:term":[{"taxonomy":"product_brand","embeddable":true,"href":"https:\/\/ambrosioeletro.com.br\/v20\/wp-json\/wp\/v2\/product_brand?post=14855"},{"taxonomy":"product_cat","embeddable":true,"href":"https:\/\/ambrosioeletro.com.br\/v20\/wp-json\/wp\/v2\/product_cat?post=14855"},{"taxonomy":"product_tag","embeddable":true,"href":"https:\/\/ambrosioeletro.com.br\/v20\/wp-json\/wp\/v2\/product_tag?post=14855"}],"curies":[{"name":"wp","href":"https:\/\/api.w.org\/{rel}","templated":true}]}}