{"id":14861,"date":"2026-01-28T15:10:12","date_gmt":"2026-01-28T18:10:12","guid":{"rendered":"https:\/\/ambrosioeletro.com.br\/v20\/?post_type=product&#038;p=14861"},"modified":"2026-02-28T11:27:34","modified_gmt":"2026-02-28T14:27:34","slug":"ar-condicionado-portatil-10500-btu-hq-ap10500w2-1200w-220v","status":"publish","type":"product","link":"https:\/\/ambrosioeletro.com.br\/v20\/produto\/ar-condicionado-portatil-10500-btu-hq-ap10500w2-1200w-220v\/","title":{"rendered":"Ar Condicionado Portatil 10500 Btu Hq-ap10500w2 1200w 220v"},"content":{"rendered":"<div class=\"relative px-md overflow-hidden border-on-surface-8 after:pointer-events-none after:absolute after:bottom-[0] after:left-[0] after:h-[72px] after:w-full after:bg-gradient-to-b after:from-[#FFFFFF00] after:to-[#FFFFFF] md:after:content-none md:px-lg max-md:border-b-thin\" data-testid=\"tab-product-detail\">\n<h2 class=\"text-on-surface-2 font-md-bold md:font-title-large-highlight md:mb-md\" data-testid=\"product-details-title\">Descri\u00e7\u00e3o e ficha t\u00e9cnica<\/h2>\n<div data-testid=\"product-detail\">\n<p class=\"mt-2xsm text-on-surface-4 font-xsm-regular\" data-testid=\"product-detail-code\">C\u00f3digo\u00a0fge9dehh03<\/p>\n<div class=\"mt-md font-xsm-regular\" data-testid=\"product-detail-description\">&#8220;Mantenha o seu ambiente sempre agradavel com o Ar Condicionado Portatil 10500 BTU HQ-AP10500W2. Com um design compacto e na tonalidade branca, este aparelho e ideal para espacos de ate 17,00 m2. Sua potencia de resfriamento de 1200W e a vazao de ar de 290,00 m3\/h garantem um resfriamento rapido e eficaz, enquanto o nivel de ruido do conjunto fica entre 40 a 50 decibeis, garantindo o conforto acustico necessario para o seu bem-estar. Este modelo portatil da HQ possui diversas funcoes que facilitam o seu uso e contribuem para um ambiente mais confortavel. A funcao Sleep permite que o ar condicionado ajuste automaticamente a temperatura durante a noite para um sono mais tranquilo, enquanto a funcao Timer permite programar o desligamento automatico do aparelho. O controle de temperatura e facil e pratico, podendo ser realizado atraves do controle remoto que acompanha o produto. Com tensao eletrica de 220V, o Ar Condicionado Portatil HQ-AP10500W2 possui um consumo anual de energia de 400,00 kWh\/ano e um indice de desempenho de resfriamento sazonal de 1200,00 Wh\/Wh. O tipo de compressor e rotativo, garantindo uma maior eficiencia na refrigeracao do ambiente. O nivel de eficiencia e classificado como C e o fluido utilizado e o R32. Este modelo nao possui resistencia a maresia, wi-fi ou aplicativo. Suas dimensoes sao de 24x25x78 cm e o peso e de 22,00 Kg. A garantia do fabricante e de 12 meses. Em resumo, o Ar Condicionado Portatil 10500 BTU HQ-AP10500W2 e a escolha perfeita para quem busca conforto termico, praticidade e eficiencia em um unico produto.&#8221;<\/div>\n<\/div>\n<\/div>\n<div class=\"hidden border-on-surface-8 md:px-lg md:block md:py-md\" data-testid=\"tab-product-factsheet\">\n<h2 class=\"text-on-surface-2 font-md-bold md:font-title-large-highlight md:mb-md\" data-testid=\"product-factsheet-title\">Ficha T\u00e9cnica<\/h2>\n<div class=\"pt-2xsm\">\n<table class=\"w-full list-none\" data-testid=\"table-factsheet\">\n<tbody>\n<tr class=\"text-on-surface-3 even:bg-surface-container-lower\">\n<td class=\"px-md py-sm align-top font-xsm-bold table-cell w-1\/2\" data-testid=\"table-factsheet-key\">Aviso Importante do Ar-Condicionado<\/td>\n<td class=\"list-item w-full px-md py-sm align-top font-xsm-regular\">N\u00e3o possui resist\u00eancia a maresia, wi-fi ou aplicativo.<\/td>\n<\/tr>\n<tr class=\"text-on-surface-3 even:bg-surface-container-lower\">\n<td class=\"px-md py-sm align-top font-xsm-bold table-cell w-1\/2\" data-testid=\"table-factsheet-key\">Capacidade de Refrigera\u00e7\u00e3o<\/td>\n<td class=\"list-item w-full px-md py-sm align-top font-xsm-regular\">10500 Btu<\/td>\n<\/tr>\n<tr class=\"text-on-surface-3 even:bg-surface-container-lower\">\n<td class=\"px-md py-sm align-top font-xsm-bold table-cell w-1\/2\" data-testid=\"table-factsheet-key\">Consumo Aproximado de Energia<\/td>\n<td class=\"list-item w-full px-md py-sm align-top font-xsm-regular\">400,00 kWh\/ano<\/td>\n<\/tr>\n<tr class=\"text-on-surface-3 even:bg-surface-container-lower\">\n<td class=\"px-md py-sm align-top font-xsm-bold table-cell w-1\/2\" data-testid=\"table-factsheet-key\">Cor<\/td>\n<td class=\"list-item w-full px-md py-sm align-top font-xsm-regular\">Branca<\/td>\n<\/tr>\n<tr class=\"text-on-surface-3 even:bg-surface-container-lower\">\n<td class=\"px-md py-sm align-top font-xsm-bold table-cell w-1\/2\" data-testid=\"table-factsheet-key\">Dimens\u00f5es do Produto<\/td>\n<td class=\"list-item w-full px-md py-sm align-top font-xsm-regular\">24x25x78 cm<\/td>\n<\/tr>\n<tr class=\"text-on-surface-3 even:bg-surface-container-lower\">\n<td class=\"px-md py-sm align-top font-xsm-bold table-cell w-1\/2\" data-testid=\"table-factsheet-key\">Efici\u00eancia Energ\u00e9tica<\/td>\n<td class=\"list-item w-full px-md py-sm align-top font-xsm-regular\">C<\/td>\n<\/tr>\n<tr class=\"text-on-surface-3 even:bg-surface-container-lower\">\n<td class=\"px-md py-sm align-top font-xsm-bold table-cell w-1\/2\" data-testid=\"table-factsheet-key\">Funcionalidades do Ar-Condicionado Port\u00e1til<\/td>\n<td class=\"list-item w-full px-md py-sm align-top font-xsm-regular\">Fun\u00e7\u00e3o Sleep, Fun\u00e7\u00e3o Timer<\/td>\n<\/tr>\n<tr class=\"text-on-surface-3 even:bg-surface-container-lower\">\n<td class=\"px-md py-sm align-top font-xsm-bold table-cell w-1\/2\" data-testid=\"table-factsheet-key\">Marca<\/td>\n<td class=\"list-item w-full px-md py-sm align-top font-xsm-regular\"><a class=\"underline hover:text-interaction-default\" href=\"https:\/\/www.magazineluiza.com.br\/marcas\/hq\/\">HQ<\/a><\/td>\n<\/tr>\n<tr class=\"text-on-surface-3 even:bg-surface-container-lower\">\n<td class=\"px-md py-sm align-top font-xsm-bold table-cell w-1\/2\" data-testid=\"table-factsheet-key\">Modelo<\/td>\n<td class=\"list-item w-full px-md py-sm align-top font-xsm-regular\">HQ-AP10500W2<\/td>\n<\/tr>\n<tr class=\"text-on-surface-3 even:bg-surface-container-lower\">\n<td class=\"px-md py-sm align-top font-xsm-bold table-cell w-1\/2\" data-testid=\"table-factsheet-key\">N\u00edvel de Ru\u00eddo<\/td>\n<td class=\"list-item w-full px-md py-sm align-top font-xsm-regular\">40 a 50 decibeis<\/td>\n<\/tr>\n<tr class=\"text-on-surface-3 even:bg-surface-container-lower\">\n<td class=\"px-md py-sm align-top font-xsm-bold table-cell w-1\/2\" data-testid=\"table-factsheet-key\">Peso do Produto<\/td>\n<td class=\"list-item w-full px-md py-sm align-top font-xsm-regular\">22,00 Kg<\/td>\n<\/tr>\n<tr class=\"text-on-surface-3 even:bg-surface-container-lower\">\n<td class=\"px-md py-sm align-top font-xsm-bold table-cell w-1\/2\" data-testid=\"table-factsheet-key\">Pot\u00eancia<\/td>\n<td class=\"list-item w-full px-md py-sm align-top font-xsm-regular\">1200W<\/td>\n<\/tr>\n<tr class=\"text-on-surface-3 even:bg-surface-container-lower\">\n<td class=\"px-md py-sm align-top font-xsm-bold table-cell w-1\/2\" data-testid=\"table-factsheet-key\">Prazo de Garantia<\/td>\n<td class=\"list-item w-full px-md py-sm align-top font-xsm-regular\">12 meses<\/td>\n<\/tr>\n<tr class=\"text-on-surface-3 even:bg-surface-container-lower\">\n<td class=\"px-md py-sm align-top font-xsm-bold table-cell w-1\/2\" data-testid=\"table-factsheet-key\">Refer\u00eancia<\/td>\n<td class=\"list-item w-full px-md py-sm align-top font-xsm-regular\">HQ-AP10500W2<\/td>\n<\/tr>\n<tr class=\"text-on-surface-3 even:bg-surface-container-lower\">\n<td class=\"px-md py-sm align-top font-xsm-bold table-cell w-1\/2\" data-testid=\"table-factsheet-key\">Sa\u00edda de Ar<\/td>\n<td class=\"list-item w-full px-md py-sm align-top font-xsm-regular\">290,00 m3\/h<\/td>\n<\/tr>\n<tr class=\"text-on-surface-3 even:bg-surface-container-lower\">\n<td class=\"px-md py-sm align-top font-xsm-bold table-cell w-1\/2\" data-testid=\"table-factsheet-key\">Tamanho do Ambiente<\/td>\n<td class=\"list-item w-full px-md py-sm align-top font-xsm-regular\">at\u00e9 17,00 m2<\/td>\n<\/tr>\n<tr class=\"text-on-surface-3 even:bg-surface-container-lower\">\n<td class=\"px-md py-sm align-top font-xsm-bold table-cell w-1\/2\" data-testid=\"table-factsheet-key\">Tecnologia do Compressor<\/td>\n<td class=\"list-item w-full px-md py-sm align-top font-xsm-regular\">Rotativo<\/td>\n<\/tr>\n<tr class=\"text-on-surface-3 even:bg-surface-container-lower\">\n<td class=\"px-md py-sm align-top font-xsm-bold table-cell w-1\/2\" data-testid=\"table-factsheet-key\">Tipo de G\u00e1s Refrigerante<\/td>\n<td class=\"list-item w-full px-md py-sm align-top font-xsm-regular\">R32<\/td>\n<\/tr>\n<tr class=\"text-on-surface-3 even:bg-surface-container-lower\">\n<td class=\"px-md py-sm align-top font-xsm-bold table-cell w-1\/2\" data-testid=\"table-factsheet-key\">Voltagem<\/td>\n<td class=\"list-item w-full px-md py-sm align-top font-xsm-regular\">220V<\/td>\n<\/tr>\n<\/tbody>\n<\/table>\n<\/div>\n<\/div>\n","protected":false},"excerpt":{"rendered":"<p>Descri\u00e7\u00e3o e ficha t\u00e9cnica C\u00f3digo\u00a0fge9dehh03 &#8220;Mantenha o seu ambiente sempre agradavel com o Ar Condicionado Portatil 10500 BTU HQ-AP10500W2. Com um design compacto e na tonalidade branca, este aparelho e<\/p>\n","protected":false},"featured_media":14862,"comment_status":"open","ping_status":"closed","template":"","meta":[],"product_brand":[],"product_cat":[15],"product_tag":[],"class_list":{"0":"post-14861","1":"product","2":"type-product","3":"status-publish","4":"has-post-thumbnail","6":"product_cat-produtos","7":"product_shipping_class-retirar-no-local","9":"first","10":"instock","11":"shipping-taxable","12":"purchasable","13":"product-type-simple"},"_links":{"self":[{"href":"https:\/\/ambrosioeletro.com.br\/v20\/wp-json\/wp\/v2\/product\/14861","targetHints":{"allow":["GET"]}}],"collection":[{"href":"https:\/\/ambrosioeletro.com.br\/v20\/wp-json\/wp\/v2\/product"}],"about":[{"href":"https:\/\/ambrosioeletro.com.br\/v20\/wp-json\/wp\/v2\/types\/product"}],"replies":[{"embeddable":true,"href":"https:\/\/ambrosioeletro.com.br\/v20\/wp-json\/wp\/v2\/comments?post=14861"}],"wp:featuredmedia":[{"embeddable":true,"href":"https:\/\/ambrosioeletro.com.br\/v20\/wp-json\/wp\/v2\/media\/14862"}],"wp:attachment":[{"href":"https:\/\/ambrosioeletro.com.br\/v20\/wp-json\/wp\/v2\/media?parent=14861"}],"wp:term":[{"taxonomy":"product_brand","embeddable":true,"href":"https:\/\/ambrosioeletro.com.br\/v20\/wp-json\/wp\/v2\/product_brand?post=14861"},{"taxonomy":"product_cat","embeddable":true,"href":"https:\/\/ambrosioeletro.com.br\/v20\/wp-json\/wp\/v2\/product_cat?post=14861"},{"taxonomy":"product_tag","embeddable":true,"href":"https:\/\/ambrosioeletro.com.br\/v20\/wp-json\/wp\/v2\/product_tag?post=14861"}],"curies":[{"name":"wp","href":"https:\/\/api.w.org\/{rel}","templated":true}]}}