{"id":14869,"date":"2026-01-29T17:04:05","date_gmt":"2026-01-29T20:04:05","guid":{"rendered":"https:\/\/ambrosioeletro.com.br\/v20\/?post_type=product&#038;p=14869"},"modified":"2026-01-29T17:04:05","modified_gmt":"2026-01-29T20:04:05","slug":"climatizador-evaporativo-125-litros-400-watts-clin-125-pro-ventisol","status":"publish","type":"product","link":"https:\/\/ambrosioeletro.com.br\/v20\/produto\/climatizador-evaporativo-125-litros-400-watts-clin-125-pro-ventisol\/","title":{"rendered":"Climatizador Evaporativo 125 Litros 400 Watts Clin 125 Pro Ventisol"},"content":{"rendered":"<div class=\"relative px-md overflow-hidden border-on-surface-8 after:pointer-events-none after:absolute after:bottom-[0] after:left-[0] after:h-[72px] after:w-full after:bg-gradient-to-b after:from-[#FFFFFF00] after:to-[#FFFFFF] md:after:content-none md:px-lg max-md:border-b-thin\" data-testid=\"tab-product-detail\">\n<h2 class=\"text-on-surface-2 font-md-bold md:font-title-large-highlight md:mb-md\" data-testid=\"product-details-title\">Descri\u00e7\u00e3o e ficha t\u00e9cnica<\/h2>\n<div data-testid=\"product-detail\">\n<p class=\"mt-2xsm text-on-surface-4 font-xsm-regular\" data-testid=\"product-detail-code\">C\u00f3digo\u00a0bke3f4f6ch<\/p>\n<div class=\"mt-md font-xsm-regular\" data-testid=\"product-detail-description\">\n<p>Climatizador Evaporativo 125 Litros 400 Watts Clin 125 Pro Ventisol<\/p>\n<p>Caracter\u00edsticas<\/p>\n<p>Para um ambiente mais fresco e saud\u00e1vel, conte com o climatizador da Ventisol de 125L.<\/p>\n<p>O Climatizador possui reservat\u00f3rio de \u00e1gua que ajuda a repor a umidade e a qualidade do ar, sem a necessidade de manter as portas e janelas fechadas, permitindo a renova\u00e7\u00e3o do ar no ambiente, possui ainda filtro colmeia, que permite um resfriamento mais eficiente e combate as impurezas do ambiente, ajudando a evitar doen\u00e7as respirat\u00f3rias ocasionadas pelo ar seco.<\/p>\n<p>Oscila\u00e7\u00e3o vertical e horizontal, oscila\u00e7\u00e3o vertical autom\u00e1tica, oscila\u00e7\u00e3o horizontal manual.<\/p>\n<p>Reservat\u00f3rio para 125L de \u00e1gua, e pode ser conectado direto \u00e0 rede hidr\u00e1ulica para abastecimento autom\u00e1tico de \u00e1gua.<\/p>\n<p>F\u00e1cil transporte, possui quatro rodas que facilitam a locomo\u00e7\u00e3o de um ambiente para o outro.<\/p>\n<p>Sistema evaporativo tipo Colmeia, o sistema evaporativo com trocador de calor torna o ambiente mais fresco.<\/p>\n<p>Controle de Velocidade: 3 velocidades de ventila\u00e7\u00e3o.<\/p>\n<p>Prote\u00e7\u00e3o para bomba: desliga automaticamente a bomba de \u00e1gua em caos de falta de \u00e1gua no reservat\u00f3rio.<\/p>\n<p>Informa\u00e7\u00f5es T\u00e9cnicas<\/p>\n<p>Pot\u00eancia: 400 Watts;<\/p>\n<p>Consumo de \u00c1gua (L\/H): 6~15;<\/p>\n<p>Capacidade (L): 125;<\/p>\n<p>\u00c1rea do Ambiente At\u00e9 (m2): 40-100;<\/p>\n<p>Tipo de Ventila\u00e7\u00e3o: H\u00e9lice;<\/p>\n<p>Velocidade: 3;<\/p>\n<p>Oscila\u00e7\u00e3o: Vertical e Horizontal;<\/p>\n<p>Rod\u00edzios: Sim;<\/p>\n<p>Dimens\u00f5es do Aparelho (Sem Embalagem) (LxAxP mm): 801x1387x531;<\/p>\n<p>Peso L\u00edquido (kg): 23,90.<\/p>\n<p>Qualidade:<\/p>\n<p>Trabalhamos com produtos de fabricantes reconhecidos em todo o mercado brasileiro e internacional.<\/p>\n<p>Vendemos produtos de excelente desempenho, para uso profissional.<\/p>\n<p>Conte com nosso suporte, para tirar d\u00favidas referentes \u00e0 utiliza\u00e7\u00e3o dos produtos.<\/p>\n<p>Observa\u00e7\u00e3o:<\/p>\n<p>Todas as informa\u00e7\u00f5es divulgadas s\u00e3o de responsabilidade do Fabricante\/Fornecedor;<\/p>\n<p>Imagens meramente ilustrativas, consulte nosso atendimento para mais detalhes.<\/p>\n<\/div>\n<\/div>\n<\/div>\n<div class=\"hidden border-on-surface-8 md:px-lg md:block md:py-md\" data-testid=\"tab-product-factsheet\">\n<h2 class=\"text-on-surface-2 font-md-bold md:font-title-large-highlight md:mb-md\" data-testid=\"product-factsheet-title\">Ficha T\u00e9cnica<\/h2>\n<div class=\"pt-2xsm\">\n<table class=\"w-full list-none\" data-testid=\"table-factsheet\">\n<tbody>\n<tr class=\"text-on-surface-3 even:bg-surface-container-lower\">\n<td class=\"px-md py-sm align-top font-xsm-bold table-cell w-1\/2\" data-testid=\"table-factsheet-key\">Capacidade do Reservat\u00f3rio Nominal<\/td>\n<td class=\"list-item w-full px-md py-sm align-top font-xsm-regular\">125 Litros<\/td>\n<\/tr>\n<tr class=\"text-on-surface-3 even:bg-surface-container-lower\">\n<td class=\"px-md py-sm align-top font-xsm-bold table-cell w-1\/2\" data-testid=\"table-factsheet-key\">Capacidade \u00datil do Reservat\u00f3rio<\/td>\n<td class=\"list-item w-full px-md py-sm align-top font-xsm-regular\">125 Litros<\/td>\n<\/tr>\n<tr class=\"text-on-surface-3 even:bg-surface-container-lower\">\n<td class=\"px-md py-sm align-top font-xsm-bold table-cell w-1\/2\" data-testid=\"table-factsheet-key\">Dimens\u00f5es do Produto<\/td>\n<td class=\"list-item w-full px-md py-sm align-top font-xsm-regular\">801x1387x531 mm<\/td>\n<\/tr>\n<tr class=\"text-on-surface-3 even:bg-surface-container-lower\">\n<td class=\"px-md py-sm align-top font-xsm-bold table-cell w-1\/2\" data-testid=\"table-factsheet-key\">Fun\u00e7\u00f5es do Aparelho<\/td>\n<td class=\"list-item w-full px-md py-sm align-top font-xsm-regular\">Climatizador Evaporativo, Reposi\u00e7\u00e3o de umidade e qualidade do ar, Filtro colmeia, Oscila\u00e7\u00e3o vertical e horizontal, Abastecimento autom\u00e1tico de \u00e1gua, Rod\u00edzios para f\u00e1cil transporte, Prote\u00e7\u00e3o para bomba<\/td>\n<\/tr>\n<tr class=\"text-on-surface-3 even:bg-surface-container-lower\">\n<td class=\"px-md py-sm align-top font-xsm-bold table-cell w-1\/2\" data-testid=\"table-factsheet-key\">Marca<\/td>\n<td class=\"list-item w-full px-md py-sm align-top font-xsm-regular\"><a class=\"underline hover:text-interaction-default\" href=\"https:\/\/www.magazineluiza.com.br\/marcas\/ventisol\/\">Ventisol<\/a><\/td>\n<\/tr>\n<tr class=\"text-on-surface-3 even:bg-surface-container-lower\">\n<td class=\"px-md py-sm align-top font-xsm-bold table-cell w-1\/2\" data-testid=\"table-factsheet-key\">Modelo<\/td>\n<td class=\"list-item w-full px-md py-sm align-top font-xsm-regular\">Clin 125 Pro<\/td>\n<\/tr>\n<tr class=\"text-on-surface-3 even:bg-surface-container-lower\">\n<td class=\"px-md py-sm align-top font-xsm-bold table-cell w-1\/2\" data-testid=\"table-factsheet-key\">Peso do Produto<\/td>\n<td class=\"list-item w-full px-md py-sm align-top font-xsm-regular\">23,90kg<\/td>\n<\/tr>\n<tr class=\"text-on-surface-3 even:bg-surface-container-lower\">\n<td class=\"px-md py-sm align-top font-xsm-bold table-cell w-1\/2\" data-testid=\"table-factsheet-key\">Pot\u00eancia<\/td>\n<td class=\"list-item w-full px-md py-sm align-top font-xsm-regular\">400 Watts<\/td>\n<\/tr>\n<tr class=\"text-on-surface-3 even:bg-surface-container-lower\">\n<td class=\"px-md py-sm align-top font-xsm-bold table-cell w-1\/2\" data-testid=\"table-factsheet-key\">Recomenda\u00e7\u00f5es de Uso<\/td>\n<td class=\"list-item w-full px-md py-sm align-top font-xsm-regular\">Para um ambiente mais fresco e saud\u00e1vel, permite a renova\u00e7\u00e3o do ar no ambiente, ajuda a evitar doen\u00e7as respirat\u00f3rias ocasionadas pelo ar seco.<\/td>\n<\/tr>\n<tr class=\"text-on-surface-3 even:bg-surface-container-lower\">\n<td class=\"px-md py-sm align-top font-xsm-bold table-cell w-1\/2\" data-testid=\"table-factsheet-key\">Tamanho do Ambiente<\/td>\n<td class=\"list-item w-full px-md py-sm align-top font-xsm-regular\">40-100 m2<\/td>\n<\/tr>\n<tr class=\"text-on-surface-3 even:bg-surface-container-lower\">\n<td class=\"px-md py-sm align-top font-xsm-bold table-cell w-1\/2\" data-testid=\"table-factsheet-key\">Velocidades<\/td>\n<td class=\"list-item w-full px-md py-sm align-top font-xsm-regular\">3 velocidades<\/td>\n<\/tr>\n<tr class=\"text-on-surface-3 even:bg-surface-container-lower\">\n<td class=\"px-md py-sm align-top font-xsm-bold table-cell w-1\/2\" data-testid=\"table-factsheet-key\">Voltagem<\/td>\n<td class=\"list-item w-full px-md py-sm align-top font-xsm-regular\">110V<\/td>\n<\/tr>\n<\/tbody>\n<\/table>\n<\/div>\n<\/div>\n","protected":false},"excerpt":{"rendered":"<p>Descri\u00e7\u00e3o e ficha t\u00e9cnica C\u00f3digo\u00a0bke3f4f6ch Climatizador Evaporativo 125 Litros 400 Watts Clin 125 Pro Ventisol Caracter\u00edsticas Para um ambiente mais fresco e saud\u00e1vel, conte com o climatizador da Ventisol de<\/p>\n","protected":false},"featured_media":14870,"comment_status":"open","ping_status":"closed","template":"","meta":[],"product_brand":[],"product_cat":[389],"product_tag":[],"class_list":{"0":"post-14869","1":"product","2":"type-product","3":"status-publish","4":"has-post-thumbnail","6":"product_cat-climatizador","7":"product_shipping_class-retirar-no-local","9":"first","10":"instock","11":"shipping-taxable","12":"purchasable","13":"product-type-simple"},"_links":{"self":[{"href":"https:\/\/ambrosioeletro.com.br\/v20\/wp-json\/wp\/v2\/product\/14869","targetHints":{"allow":["GET"]}}],"collection":[{"href":"https:\/\/ambrosioeletro.com.br\/v20\/wp-json\/wp\/v2\/product"}],"about":[{"href":"https:\/\/ambrosioeletro.com.br\/v20\/wp-json\/wp\/v2\/types\/product"}],"replies":[{"embeddable":true,"href":"https:\/\/ambrosioeletro.com.br\/v20\/wp-json\/wp\/v2\/comments?post=14869"}],"wp:featuredmedia":[{"embeddable":true,"href":"https:\/\/ambrosioeletro.com.br\/v20\/wp-json\/wp\/v2\/media\/14870"}],"wp:attachment":[{"href":"https:\/\/ambrosioeletro.com.br\/v20\/wp-json\/wp\/v2\/media?parent=14869"}],"wp:term":[{"taxonomy":"product_brand","embeddable":true,"href":"https:\/\/ambrosioeletro.com.br\/v20\/wp-json\/wp\/v2\/product_brand?post=14869"},{"taxonomy":"product_cat","embeddable":true,"href":"https:\/\/ambrosioeletro.com.br\/v20\/wp-json\/wp\/v2\/product_cat?post=14869"},{"taxonomy":"product_tag","embeddable":true,"href":"https:\/\/ambrosioeletro.com.br\/v20\/wp-json\/wp\/v2\/product_tag?post=14869"}],"curies":[{"name":"wp","href":"https:\/\/api.w.org\/{rel}","templated":true}]}}