{"id":14888,"date":"2026-02-02T10:58:49","date_gmt":"2026-02-02T13:58:49","guid":{"rendered":"https:\/\/ambrosioeletro.com.br\/v20\/?post_type=product&#038;p=14888"},"modified":"2026-04-08T10:27:58","modified_gmt":"2026-04-08T13:27:58","slug":"balanca-de-cozinha-digital-para-alimentos-em-inox-resistente-a-agua-com-base-antiderrapante-e-visor-de-alta-definicao-pesagem-de-1g-ate-10kg","status":"publish","type":"product","link":"https:\/\/ambrosioeletro.com.br\/v20\/produto\/balanca-de-cozinha-digital-para-alimentos-em-inox-resistente-a-agua-com-base-antiderrapante-e-visor-de-alta-definicao-pesagem-de-1g-ate-10kg\/","title":{"rendered":"Balan\u00e7a de Cozinha Digital para Alimentos em Inox Resistente a \u00c1gua Com Base Antiderrapante e Visor de Alta Defini\u00e7\u00e3o Pesagem de 1g at\u00e9 10kg"},"content":{"rendered":"<div id=\"productOverview_feature_div\" class=\"celwidget\" data-feature-name=\"productOverview_nonPets\" data-csa-c-type=\"widget\" data-csa-c-content-id=\"productOverview_nonPets\" data-csa-c-slot-id=\"productOverview_feature_div\" data-csa-c-asin=\"B0CX23Y6LP\" data-csa-c-is-in-initial-active-row=\"false\" data-csa-c-id=\"5euy4z-nbk3j6-4lqe26-ymjkhc\" data-cel-widget=\"productOverview_feature_div\">\n<div class=\"a-section a-spacing-small a-spacing-top-small\">\n<table class=\"a-normal a-spacing-micro\" role=\"list\">\n<tbody>\n<tr class=\"a-spacing-small po-brand\" role=\"listitem\">\n<td class=\"a-span3\" role=\"presentation\"><span class=\"a-size-base a-text-bold\">Marca<\/span><\/td>\n<td class=\"a-span9\" role=\"presentation\"><span class=\"a-size-base po-break-word\">Gen\u00e9rico<\/span><\/td>\n<\/tr>\n<tr class=\"a-spacing-small po-color\" role=\"listitem\">\n<td class=\"a-span3\" role=\"presentation\"><span class=\"a-size-base a-text-bold\">Cor<\/span><\/td>\n<td class=\"a-span9\" role=\"presentation\"><span class=\"a-size-base po-break-word\">Inox com Branco<\/span><\/td>\n<\/tr>\n<tr class=\"a-spacing-small po-recommended_uses_for_product\" role=\"listitem\">\n<td class=\"a-span3\" role=\"presentation\"><span class=\"a-size-base a-text-bold\">Adequa\u00e7\u00e3o do controle por r\u00e1dio<\/span><\/td>\n<td class=\"a-span9\" role=\"presentation\"><span class=\"a-size-base po-break-word\">Comida, Cozinha, Dietas, Pesagem de produtos at\u00e9 10kg<\/span><\/td>\n<\/tr>\n<tr class=\"a-spacing-small po-special_feature\" role=\"listitem\">\n<td class=\"a-span3\" role=\"presentation\"><span class=\"a-size-base a-text-bold\">Caracter\u00edsticas especiais<\/span><\/td>\n<td class=\"a-span9\" role=\"presentation\"><span class=\"a-size-base po-break-word\">Desligamento autom\u00e1tico, Ecr\u00e3 retroiluminado, Fun\u00e7\u00e3o Tare, Pesagem de 1g at\u00e9 10kg, Port\u00e1til<\/span><\/td>\n<\/tr>\n<tr class=\"a-spacing-small po-display.type\" role=\"listitem\">\n<td class=\"a-span3\" role=\"presentation\"><span class=\"a-size-base a-text-bold\">Tipo de visor<\/span><\/td>\n<td class=\"a-span9\" role=\"presentation\"><span class=\"a-size-base po-break-word\">LCD<\/span><\/td>\n<\/tr>\n<\/tbody>\n<\/table>\n<\/div>\n<\/div>\n<div id=\"featurebullets_feature_div\" class=\"celwidget\" data-feature-name=\"featurebullets_nonPets\" data-csa-c-type=\"widget\" data-csa-c-content-id=\"featurebullets_nonPets\" data-csa-c-slot-id=\"featurebullets_feature_div\" data-csa-c-asin=\"B0CX23Y6LP\" data-csa-c-is-in-initial-active-row=\"false\" data-csa-c-id=\"2an45m-pmq27h-xfu4km-6t8eig\" data-cel-widget=\"featurebullets_feature_div\">\n<div id=\"feature-bullets\" class=\"a-section a-spacing-medium a-spacing-top-small\">\n<hr class=\"a-divider-normal\" aria-hidden=\"true\" \/>\n<h1 class=\"a-size-base-plus a-text-bold\">Sobre este item<\/h1>\n<ul class=\"a-unordered-list a-vertical a-spacing-mini\">\n<li class=\"a-spacing-mini\"><span class=\"a-list-item\">\u2705 SENSORES DE PESAGEM PRECISOS AVAN\u00c7ADOS: Balan\u00e7a equipada com 4 sensores de alta precis\u00e3o. Pesa at\u00e9 10kg com gradua\u00e7\u00f5es precisas.<\/span><\/li>\n<li class=\"a-spacing-mini\"><span class=\"a-list-item\">\u2705 SEGURO PARA MEDIR SEM PREOCUPA\u00c7\u00d5ES: Feito de plataforma de a\u00e7o inoxid\u00e1vel 304, melhor qualidade e maior vida \u00fatil.<\/span><\/li>\n<li class=\"a-spacing-mini\"><span class=\"a-list-item\">\u2705 MULTI-FUN\u00c7\u00d5ES E F\u00c1CIL DE USAR: Voc\u00ea pode ligar a escala e zerar como quiser.<\/span><\/li>\n<li class=\"a-spacing-mini\"><span class=\"a-list-item\">\u2705 DESLIGAMENTO AUTOM\u00c1TICO: Balan\u00e7a desliga automaticamente ap\u00f3s 60 segundos.<\/span><\/li>\n<li class=\"a-spacing-mini\"><span class=\"a-list-item\">\u2705 VISOR LCD CLARO: Display grande e claro garante que a medi\u00e7\u00e3o seja facilmente lida.<\/span><\/li>\n<li class=\"a-spacing-mini\"><span class=\"a-list-item\">\u2705 PORT\u00c1TIL: Super leve e compacta, pode ser levada pra qualquer lugar.<\/span><\/li>\n<li class=\"a-spacing-mini\"><span class=\"a-list-item\">\u2705 FUN\u00c7\u00c3O TARA: A fun\u00e7\u00e3o de tara presente na balan\u00e7a \u00e9 \u00f3tima para aqueles que est\u00e3o em dieta, pois permite uma pesagem precisa, subtraindo automaticamente o peso do prato.<\/span><\/li>\n<li class=\"a-spacing-mini\"><span class=\"a-list-item\">\u2705 ACOMPANHA PILHAS: Pronto para usar assim que receber a balan\u00e7a port\u00e1til, muito mais pr\u00e1tico.<\/span><\/li>\n<li>\n<div id=\"productDetails_feature_div\" class=\"celwidget pd_rd_w-GJYM2 pd_rd_r-PJGEYFH57HTN4AVYWTE4 pd_rd_wg-Xkp4f\" data-feature-name=\"productDetailsHomeAndGarden_Updated\" data-csa-c-type=\"widget\" data-csa-c-content-id=\"productDetailsHomeAndGarden_Updated\" data-csa-c-slot-id=\"productDetails_feature_div\" data-csa-c-asin=\"\" data-csa-c-is-in-initial-active-row=\"false\" data-csa-c-id=\"324buw-9b0o24-jkxhw9-y5mdaf\" data-cel-widget=\"productDetails_feature_div\">\n<div>\n<div id=\"prodDetails\" class=\"a-section a-spacing-none\">\n<h2>Especifica\u00e7\u00f5es do produto<\/h2>\n<div class=\"a-row\">\n<div class=\"a-column a-span12 a-span-last\">\n<div class=\"a-row a-spacing-top-base\">\n<div class=\"a-column a-span6\">\n<div class=\"a-row a-spacing-base\">\n<div class=\"a-row a-expander-container a-expander-extend-container\">\n<div class=\"a-row\">\n<div class=\"a-column a-span6\">\n<h1 class=\"a-size-medium a-spacing-small\">Detalhes t\u00e9cnicos<\/h1>\n<\/div>\n<\/div>\n<div class=\"a-expander-content a-expander-extend-content\" data-expanded=\"true\">\n<div class=\"a-row a-expander-container a-expander-inline-container\">\n<div class=\"a-expander-content a-expander-section-content a-section-expander-inner\" data-expanded=\"true\">\n<table id=\"productDetails_techSpec_section_1\" class=\"a-keyvalue prodDetTable\">\n<tbody>\n<tr>\n<th class=\"a-color-secondary a-size-base prodDetSectionEntry\">Fabricante<\/th>\n<td class=\"a-size-base prodDetAttrValue\">\u200eBF<\/td>\n<\/tr>\n<tr>\n<th class=\"a-color-secondary a-size-base prodDetSectionEntry\">Refer\u00eancia do fabricante<\/th>\n<td class=\"a-size-base prodDetAttrValue\">\u200eA03<\/td>\n<\/tr>\n<tr>\n<th class=\"a-color-secondary a-size-base prodDetSectionEntry\">Dimens\u00f5es da embalagem<\/th>\n<td class=\"a-size-base prodDetAttrValue\">\u200e19,7 x 14,7 x 2,4 cm; 217,4 g<\/td>\n<\/tr>\n<tr>\n<th class=\"a-color-secondary a-size-base prodDetSectionEntry\">ASIN<\/th>\n<td class=\"a-size-base prodDetAttrValue\">\u200eB0CX23Y6LP<\/td>\n<\/tr>\n<tr>\n<th class=\"a-color-secondary a-size-base prodDetSectionEntry\">Cor<\/th>\n<td class=\"a-size-base prodDetAttrValue\">\u200eInox com Branco<\/td>\n<\/tr>\n<tr>\n<th class=\"a-color-secondary a-size-base prodDetSectionEntry\">Tipo(s) de material<\/th>\n<td class=\"a-size-base prodDetAttrValue\">\u200eA\u00e7o inoxid\u00e1vel, Pl\u00e1stico<\/td>\n<\/tr>\n<tr>\n<th class=\"a-color-secondary a-size-base prodDetSectionEntry\">Certifica\u00e7\u00e3o<\/th>\n<td class=\"a-size-base prodDetAttrValue\">\u200eN\u00e3o aplic\u00e1vel<\/td>\n<\/tr>\n<\/tbody>\n<\/table>\n<\/div>\n<\/div>\n<\/div>\n<\/div>\n<\/div>\n<div class=\"a-row a-spacing-base\"><\/div>\n<\/div>\n<div class=\"a-column a-span6 a-span-last\">\n<div class=\"a-row a-spacing-base\">\n<div id=\"productDetails_db_sections\" class=\"a-section\">\n<h1 class=\"a-size-medium a-spacing-small secHeader\">Informa\u00e7\u00f5es adicionais<\/h1>\n<div class=\"a-section table-padding\">\n<table id=\"productDetails_detailBullets_sections1\" class=\"a-keyvalue prodDetTable\">\n<tbody>\n<tr>\n<th class=\"a-color-secondary a-size-base prodDetSectionEntry\">Ranking dos mais vendidos<\/th>\n<td>\n<ul class=\"a-unordered-list a-nostyle a-vertical\">\n<li><span class=\"a-list-item\">N\u00ba 27 em Cozinha (<a href=\"https:\/\/www.amazon.com.br\/gp\/bestsellers\/kitchen\/ref=pd_zg_ts_kitchen\">Conhe\u00e7a o Top 100 na categoria Cozinha<\/a>)<\/span><\/li>\n<li><span class=\"a-list-item\">N\u00ba 2 em\u00a0<a href=\"https:\/\/www.amazon.com.br\/gp\/bestsellers\/kitchen\/17124791011\/ref=pd_zg_hrsr_kitchen\">Balan\u00e7as de Cozinha<\/a><\/span><\/li>\n<\/ul>\n<\/td>\n<\/tr>\n<\/tbody>\n<\/table>\n<\/div>\n<\/div>\n<\/div>\n<div class=\"a-row a-spacing-base\"><\/div>\n<div class=\"a-row\"><\/div>\n<\/div>\n<\/div>\n<\/div>\n<\/div>\n<\/div>\n<\/div>\n<\/div>\n<div id=\"nile-inline-btf_feature_div\" class=\"celwidget pd_rd_w-FeDRW pd_rd_r-PJGEYFH57HTN4AVYWTE4 pd_rd_wg-Xkp4f\" data-feature-name=\"nile-inline-btf\" data-csa-c-type=\"widget\" data-csa-c-content-id=\"nile-inline-btf\" data-csa-c-slot-id=\"nile-inline-btf_feature_div\" data-csa-c-asin=\"\" data-csa-c-is-in-initial-active-row=\"false\" data-csa-c-id=\"hl629n-378uhs-m1tcsq-xl4ryd\" data-cel-widget=\"nile-inline-btf_feature_div\"><\/div>\n<div id=\"brandSnapshot_feature_div\" class=\"celwidget pd_rd_w-vshce pd_rd_r-PJGEYFH57HTN4AVYWTE4 pd_rd_wg-Xkp4f\" data-feature-name=\"brandSnapshot_desktop\" data-csa-c-type=\"widget\" data-csa-c-content-id=\"brandSnapshot_desktop\" data-csa-c-slot-id=\"brandSnapshot_feature_div\" data-csa-c-asin=\"\" data-csa-c-is-in-initial-active-row=\"false\" data-csa-c-id=\"gf1moq-7hcl74-wr4gun-2vea0k\" data-cel-widget=\"brandSnapshot_feature_div\">\n<div class=\"a-cardui-deck\" data-a-remove-bottom-gutter=\"\">\n<div class=\"a-cardui brand-snapshot-card-container\" data-a-card-type=\"basic\">\n<div class=\"a-cardui-body brand-snapshot-card-container brand-snapshot-card-content\">\n<div class=\"a-section brand-snapshot-flex-row\">\n<div class=\"a-section brand-snapshot-flex-badges-section\">\n<div class=\"a-section a-spacing-medium brand-snapshot-flex-row\" role=\"heading\" aria-level=\"2\">\n<div class=\"a-section a-text-center brand-snapshot-title-container\">\n<p>Marca em destaque<\/p>\n<\/div>\n<p><span class=\"a-size-medium a-text-bold\">Gen\u00e9rico<\/span><\/p>\n<\/div>\n<div role=\"list\">\n<div class=\"a-section a-spacing-base brand-snapshot-flex-row\" role=\"listitem\"><img loading=\"lazy\" decoding=\"async\" class=\"brand-snapshot-item-image\" src=\"https:\/\/m.media-amazon.com\/images\/I\/01S5bawZYgL.png\" alt=\"\" width=\"18\" height=\"18\" \/>90% de classifica\u00e7\u00f5es positivas de 1K+ clientes<\/p>\n<\/div>\n<div class=\"a-section a-spacing-base brand-snapshot-flex-row\" role=\"listitem\"><img loading=\"lazy\" decoding=\"async\" class=\"brand-snapshot-item-image\" src=\"https:\/\/m.media-amazon.com\/images\/I\/01S5bawZYgL.png\" alt=\"\" width=\"18\" height=\"18\" \/>10K+ pedidos recentes desta marca<\/p>\n<\/div>\n<\/div>\n<\/div>\n<\/div>\n<\/div>\n<\/div>\n<\/div>\n<\/div>\n<\/li>\n<\/ul>\n<\/div>\n<\/div>\n","protected":false},"excerpt":{"rendered":"<p>Marca Gen\u00e9rico Cor Inox com Branco Adequa\u00e7\u00e3o do controle por r\u00e1dio Comida, Cozinha, Dietas, Pesagem de produtos at\u00e9 10kg Caracter\u00edsticas especiais Desligamento autom\u00e1tico, Ecr\u00e3 retroiluminado, Fun\u00e7\u00e3o Tare, Pesagem de 1g<\/p>\n","protected":false},"featured_media":14889,"comment_status":"open","ping_status":"closed","template":"","meta":[],"product_brand":[],"product_cat":[15],"product_tag":[],"class_list":{"0":"post-14888","1":"product","2":"type-product","3":"status-publish","4":"has-post-thumbnail","6":"product_cat-produtos","7":"product_shipping_class-pac","9":"first","10":"instock","11":"shipping-taxable","12":"purchasable","13":"product-type-simple"},"_links":{"self":[{"href":"https:\/\/ambrosioeletro.com.br\/v20\/wp-json\/wp\/v2\/product\/14888","targetHints":{"allow":["GET"]}}],"collection":[{"href":"https:\/\/ambrosioeletro.com.br\/v20\/wp-json\/wp\/v2\/product"}],"about":[{"href":"https:\/\/ambrosioeletro.com.br\/v20\/wp-json\/wp\/v2\/types\/product"}],"replies":[{"embeddable":true,"href":"https:\/\/ambrosioeletro.com.br\/v20\/wp-json\/wp\/v2\/comments?post=14888"}],"wp:featuredmedia":[{"embeddable":true,"href":"https:\/\/ambrosioeletro.com.br\/v20\/wp-json\/wp\/v2\/media\/14889"}],"wp:attachment":[{"href":"https:\/\/ambrosioeletro.com.br\/v20\/wp-json\/wp\/v2\/media?parent=14888"}],"wp:term":[{"taxonomy":"product_brand","embeddable":true,"href":"https:\/\/ambrosioeletro.com.br\/v20\/wp-json\/wp\/v2\/product_brand?post=14888"},{"taxonomy":"product_cat","embeddable":true,"href":"https:\/\/ambrosioeletro.com.br\/v20\/wp-json\/wp\/v2\/product_cat?post=14888"},{"taxonomy":"product_tag","embeddable":true,"href":"https:\/\/ambrosioeletro.com.br\/v20\/wp-json\/wp\/v2\/product_tag?post=14888"}],"curies":[{"name":"wp","href":"https:\/\/api.w.org\/{rel}","templated":true}]}}