{"id":14896,"date":"2026-02-03T10:25:09","date_gmt":"2026-02-03T13:25:09","guid":{"rendered":"https:\/\/ambrosioeletro.com.br\/v20\/?post_type=product&#038;p=14896"},"modified":"2026-02-03T10:25:10","modified_gmt":"2026-02-03T13:25:10","slug":"ar-condicionado-split-inverter-lg-hi-wall-dual-voice-ai-12000-btus-frio-s3nq12ja31k-eb2gamz-220v","status":"publish","type":"product","link":"https:\/\/ambrosioeletro.com.br\/v20\/produto\/ar-condicionado-split-inverter-lg-hi-wall-dual-voice-ai-12000-btus-frio-s3nq12ja31k-eb2gamz-220v\/","title":{"rendered":"Ar Condicionado Split Inverter LG Hi Wall Dual Voice +AI 12000 BTUs Frio S3NQ12JA31K.EB2GAMZ &#8211; 220V"},"content":{"rendered":"<p>Ar Condicionado Split Inverter LG Hi Wall Dual Voice 12000 BTUs Frio S3NQ12JA31K.EB2GAMZ &#8211; 220V<\/p>\n<p>AI Intelig\u00eancia Artificial<br \/>\nAprende os h\u00e1bitos de uso e configura automaticamente a temperatura, dire\u00e7\u00e3o e velocidade do vento<\/p>\n<p>Conectividade Wi-Fi<br \/>\nCom Wi-Fi Integrado, pronto para usar.<\/p>\n<p>\u00c9 compat\u00edvel com LG ThinQ e comandos de voz do Google Assistente e Assistente Virtual.<\/p>\n<p>Fun\u00e7\u00e3o Controle de Energia 4 em 1<br \/>\nPermite reduzir o consumo de energia el\u00e9trica do ar-condicionado em 4 n\u00edveis.<\/p>\n<p>Compressor Dual Inverter<br \/>\nGera at\u00e9 70% de economia de energia, refrigera\u00e7\u00e3o at\u00e9 40% mais r\u00e1pida e \u00e9 mais silencioso<br \/>\nFeito Para Durar: Prote\u00e7\u00e3o contra maresia com anticorrosivo GoldFin, prote\u00e7\u00e3o contra picos de energia de at\u00e9 450V e gabinete de metal<\/p>\n<div class=\"css-cs5a0t\">\n<div class=\"dsvia-flex css-rtcfjm\" data-testid=\"dsvia-base-div\">\n<p class=\"dsvia-text css-bqvivw\">Capacidade (BTU\/h)<\/p>\n<p><span class=\"css-emfmc0\">12000<\/span><\/div>\n<\/div>\n<div class=\"css-cs5a0t\">\n<div class=\"dsvia-flex css-rtcfjm\" data-testid=\"dsvia-base-div\">\n<p class=\"dsvia-text css-bqvivw\">Controle remoto<\/p>\n<p><span class=\"css-emfmc0\">Sim<\/span><\/div>\n<\/div>\n<div class=\"css-cs5a0t\">\n<div class=\"dsvia-flex css-rtcfjm\" data-testid=\"dsvia-base-div\">\n<p class=\"dsvia-text css-bqvivw\">Tecnologia<\/p>\n<p><span class=\"css-emfmc0\">Inverter<\/span><\/div>\n<\/div>\n<div class=\"css-1h51iw\">\n<div class=\"dsvia-flex css-rtcfjm\" data-testid=\"dsvia-base-div\">\n<p class=\"dsvia-text css-bqvivw\">Caracter\u00edsticas Gerais<\/p>\n<p><span class=\"css-emfmc0\">Ar Condicionado Split Inverter LG Hi Wall Dual Voice com AI, 12000 BTUs, Wi-Fi, controle de energia 4 em 1, compressor Dual Inverter, prote\u00e7\u00e3o anticorrosiva GoldFin e prote\u00e7\u00e3o contra picos de energia.<\/span><\/div>\n<div data-testid=\"dsvia-base-div\">\n<div class=\"css-cs5a0t\">\n<div class=\"dsvia-flex css-rtcfjm\" data-testid=\"dsvia-base-div\">\n<p class=\"dsvia-text css-bqvivw\">Tens\u00e3o\/Voltagem<\/p>\n<p><span class=\"css-emfmc0\">220V<\/span><\/div>\n<\/div>\n<div class=\"css-cs5a0t\">\n<div class=\"dsvia-flex css-rtcfjm\" data-testid=\"dsvia-base-div\">\n<p class=\"dsvia-text css-bqvivw\">Cor<\/p>\n<p><span class=\"css-emfmc0\">Branco<\/span><\/div>\n<\/div>\n<div class=\"css-cs5a0t\">\n<div class=\"dsvia-flex css-rtcfjm\" data-testid=\"dsvia-base-div\">\n<p class=\"dsvia-text css-bqvivw\">Pot\u00eancia de Refrigera\u00e7\u00e3o<\/p>\n<p><span class=\"css-emfmc0\">De 10.001 a 12.000 BTUs<\/span><\/div>\n<\/div>\n<div class=\"css-cs5a0t\">\n<div class=\"dsvia-flex css-rtcfjm\" data-testid=\"dsvia-base-div\">\n<p class=\"dsvia-text css-bqvivw\">Ciclo de Refrigera\u00e7\u00e3o<\/p>\n<p><span class=\"css-emfmc0\">Frio<\/span><\/div>\n<\/div>\n<div class=\"css-cs5a0t\">\n<div class=\"dsvia-flex css-rtcfjm\" data-testid=\"dsvia-base-div\">\n<p class=\"dsvia-text css-bqvivw\">Classifica\u00e7\u00e3o Energ\u00e9tica<\/p>\n<p><span class=\"css-emfmc0\">A<\/span><\/div>\n<div data-testid=\"dsvia-base-div\">\n<h2><strong>Ar-Condicionado LG DUAL Inverter Compact +AI 12.000 BTU Frio 220V \u2013 S3-Q12JAQAL<\/strong><\/h2>\n<p>Com 12.000 BTUs e tecnologia Inverter, este ar-condicionado \u00e9 perfeito para ambientes de 16 a 20 metros quadrados, proporcionando efici\u00eancia energ\u00e9tica e conforto. Seu sistema de desumidifica\u00e7\u00e3o de 0,8 garante um ambiente fresco e agrad\u00e1vel, enquanto a classifica\u00e7\u00e3o energ\u00e9tica A e consumo anual de 484,4 kWh\/ano asseguram baixo custo de opera\u00e7\u00e3o.<\/p>\n<p>Equipado com g\u00e1s refrigerante R-32 e serpentina de cobre tratada com GoldFin, oferece durabilidade e resist\u00eancia a longo prazo. Suas fun\u00e7\u00f5es inteligentes, como filtro duplo lav\u00e1vel, modo auto limpeza, JET MODE, ENERGY SAVING, TIMER, SLEEP de at\u00e9 7 horas e AI &#8211; Intelig\u00eancia Artificial, tornam a experi\u00eancia de uso mais pr\u00e1tica e personalizada.<\/p>\n<p>Invista no conforto e na qualidade de vida com o ar-condicionado LG S3-Q12JAQAL, combinando tecnologia, efici\u00eancia e praticidade em um \u00fanico modelo.<\/p>\n<p><strong>Especifica\u00e7\u00f5es T\u00e9cnicas:<\/strong><br \/>\nMarca: LG<br \/>\nModelo Conjunto: S3-Q12JAQAL<br \/>\nVoltagem: 220V<br \/>\nTecnologia: Inverter<br \/>\nCiclo: Frio<br \/>\nCor: Branco<br \/>\nCapacidade: 12000 BTUs<br \/>\nDesumidifica\u00e7\u00e3o: 0,8<br \/>\nPot\u00eancia refrigera\u00e7\u00e3o: 1.063W<br \/>\nCorrente refrigera\u00e7\u00e3o: 6A<br \/>\nConsumo Anual: 484,4 kWh\/Ano<br \/>\nClassifica\u00e7\u00e3o Energ\u00e9tica: A<br \/>\nG\u00e1s Refrigerante: R-32<br \/>\n\u00c1rea do ambiente m2: De 16 at\u00e9 20<br \/>\nVaz\u00e3o de ar nominal: 12,5<br \/>\nFaixa de temp. Refrigera\u00e7\u00e3o: 18 a 30C<br \/>\nMaterial da serpentina: Cobre com tratamento GoldFin<br \/>\nFun\u00e7\u00f5es: Filtro Duplo Lav\u00e1vel, Modo Auto Limpeza, JET MODE, ENERGY SAVING, TIMER, SLEEP at\u00e9 7 horas, AI \u2013 Intelig\u00eancia Artificial<br \/>\nN\u00e3o possui Wi-fi e comando de voz<br \/>\nDimens\u00f5es da Unidade Interna LxAxP: 83,7 x 30,8 x 18,9 cm<br \/>\nDimens\u00f5es da Unidade Externa LxAxP: 82,2 51,6 x 30,7 cm<br \/>\nDist\u00e2ncia de Instala\u00e7\u00e3o da Evaporadora Altura x Largura: 12 x 20 cm<br \/>\nPeso L\u00edquido da Unidade Interna: 8 Kg<br \/>\nPeso L\u00edquido da Unidade Externa: 19,8Kg<br \/>\nGarantia: 12 meses<\/p>\n<div class=\"css-cs5a0t\">\n<div class=\"dsvia-flex css-rtcfjm\" data-testid=\"dsvia-base-div\">\n<p class=\"dsvia-text css-bqvivw\">Capacidade (BTU\/h)<\/p>\n<p><span class=\"css-emfmc0\">12000<\/span><\/div>\n<\/div>\n<div class=\"css-cs5a0t\">\n<div class=\"dsvia-flex css-rtcfjm\" data-testid=\"dsvia-base-div\">\n<p class=\"dsvia-text css-bqvivw\">Controle remoto<\/p>\n<p><span class=\"css-emfmc0\">Sim<\/span><\/div>\n<\/div>\n<div class=\"css-cs5a0t\">\n<div class=\"dsvia-flex css-rtcfjm\" data-testid=\"dsvia-base-div\">\n<p class=\"dsvia-text css-bqvivw\">Tecnologia<\/p>\n<p><span class=\"css-emfmc0\">Inverter<\/span><\/div>\n<\/div>\n<div class=\"css-1h51iw\">\n<div class=\"dsvia-flex css-rtcfjm\" data-testid=\"dsvia-base-div\">\n<p class=\"dsvia-text css-bqvivw\">Caracter\u00edsticas Gerais<\/p>\n<p><span class=\"css-emfmc0\">Ar Condicionado Split Inverter LG Hi Wall Dual Voice com AI, 12000 BTUs, Wi-Fi, controle de energia 4 em 1, compressor Dual Inverter, prote\u00e7\u00e3o anticorrosiva GoldFin e prote\u00e7\u00e3o contra picos de energia.<\/span><\/div>\n<div data-testid=\"dsvia-base-div\">\n<div class=\"css-cs5a0t\">\n<div class=\"dsvia-flex css-rtcfjm\" data-testid=\"dsvia-base-div\">\n<p class=\"dsvia-text css-bqvivw\">Tens\u00e3o\/Voltagem<\/p>\n<p><span class=\"css-emfmc0\">220V<\/span><\/div>\n<\/div>\n<div class=\"css-cs5a0t\">\n<div class=\"dsvia-flex css-rtcfjm\" data-testid=\"dsvia-base-div\">\n<p class=\"dsvia-text css-bqvivw\">Cor<\/p>\n<p><span class=\"css-emfmc0\">Branco<\/span><\/div>\n<\/div>\n<div class=\"css-cs5a0t\">\n<div class=\"dsvia-flex css-rtcfjm\" data-testid=\"dsvia-base-div\">\n<p class=\"dsvia-text css-bqvivw\">Pot\u00eancia de Refrigera\u00e7\u00e3o<\/p>\n<p><span class=\"css-emfmc0\">De 10.001 a 12.000 BTUs<\/span><\/div>\n<\/div>\n<div class=\"css-cs5a0t\">\n<div class=\"dsvia-flex css-rtcfjm\" data-testid=\"dsvia-base-div\">\n<p class=\"dsvia-text css-bqvivw\">Ciclo de Refrigera\u00e7\u00e3o<\/p>\n<p><span class=\"css-emfmc0\">Frio<\/span><\/div>\n<\/div>\n<div class=\"css-cs5a0t\">\n<div class=\"dsvia-flex css-rtcfjm\" data-testid=\"dsvia-base-div\">\n<p class=\"dsvia-text css-bqvivw\">Classifica\u00e7\u00e3o Energ\u00e9tica<\/p>\n<p><span class=\"css-emfmc0\">A<\/span><\/div>\n<\/div>\n<\/div>\n<\/div>\n<\/div>\n<\/div>\n<\/div>\n<\/div>\n","protected":false},"excerpt":{"rendered":"<p>Ar Condicionado Split Inverter LG Hi Wall Dual Voice 12000 BTUs Frio S3NQ12JA31K.EB2GAMZ &#8211; 220V AI Intelig\u00eancia Artificial Aprende os h\u00e1bitos de uso e configura automaticamente a temperatura, dire\u00e7\u00e3o e<\/p>\n","protected":false},"featured_media":14898,"comment_status":"open","ping_status":"closed","template":"","meta":[],"product_brand":[],"product_cat":[449],"product_tag":[],"class_list":{"0":"post-14896","1":"product","2":"type-product","3":"status-publish","4":"has-post-thumbnail","6":"product_cat-ar-condicionado-2","7":"product_shipping_class-pac","9":"first","10":"instock","11":"shipping-taxable","12":"purchasable","13":"product-type-simple"},"_links":{"self":[{"href":"https:\/\/ambrosioeletro.com.br\/v20\/wp-json\/wp\/v2\/product\/14896","targetHints":{"allow":["GET"]}}],"collection":[{"href":"https:\/\/ambrosioeletro.com.br\/v20\/wp-json\/wp\/v2\/product"}],"about":[{"href":"https:\/\/ambrosioeletro.com.br\/v20\/wp-json\/wp\/v2\/types\/product"}],"replies":[{"embeddable":true,"href":"https:\/\/ambrosioeletro.com.br\/v20\/wp-json\/wp\/v2\/comments?post=14896"}],"wp:featuredmedia":[{"embeddable":true,"href":"https:\/\/ambrosioeletro.com.br\/v20\/wp-json\/wp\/v2\/media\/14898"}],"wp:attachment":[{"href":"https:\/\/ambrosioeletro.com.br\/v20\/wp-json\/wp\/v2\/media?parent=14896"}],"wp:term":[{"taxonomy":"product_brand","embeddable":true,"href":"https:\/\/ambrosioeletro.com.br\/v20\/wp-json\/wp\/v2\/product_brand?post=14896"},{"taxonomy":"product_cat","embeddable":true,"href":"https:\/\/ambrosioeletro.com.br\/v20\/wp-json\/wp\/v2\/product_cat?post=14896"},{"taxonomy":"product_tag","embeddable":true,"href":"https:\/\/ambrosioeletro.com.br\/v20\/wp-json\/wp\/v2\/product_tag?post=14896"}],"curies":[{"name":"wp","href":"https:\/\/api.w.org\/{rel}","templated":true}]}}