{"id":14905,"date":"2026-02-03T10:32:04","date_gmt":"2026-02-03T13:32:04","guid":{"rendered":"https:\/\/ambrosioeletro.com.br\/v20\/?post_type=product&#038;p=14905"},"modified":"2026-02-05T17:56:05","modified_gmt":"2026-02-05T20:56:05","slug":"relogio-inteligente-tranya-es10-1-83-tela-hd-touch-ip68-a-prova-dagua-bateria-de-7-10-dias-monitoramento-esportivo-chamadas-bluetooth-notificacoes-smartwatch","status":"publish","type":"product","link":"https:\/\/ambrosioeletro.com.br\/v20\/produto\/relogio-inteligente-tranya-es10-1-83-tela-hd-touch-ip68-a-prova-dagua-bateria-de-7-10-dias-monitoramento-esportivo-chamadas-bluetooth-notificacoes-smartwatch\/","title":{"rendered":"Rel\u00f3gio Inteligente Tranya ES10 1.83\u201c Tela HD Touch, IP68 \u00e0 Prova d\u2018\u00c1gua, Bateria de 7-10 Dias, Monitoramento Esportivo, Chamadas Bluetooth, Notifica\u00e7\u00f5es, Smartwatch"},"content":{"rendered":"<table class=\"a-normal a-spacing-micro\" role=\"list\">\n<tbody>\n<tr class=\"a-spacing-small po-operating_system\" role=\"listitem\">\n<td class=\"a-span3\" role=\"presentation\"><span class=\"a-size-base a-text-bold\">Sistema operacional<\/span><\/td>\n<td class=\"a-span9\" role=\"presentation\"><span class=\"a-size-base po-break-word\">Tranya<\/span><\/td>\n<\/tr>\n<tr class=\"a-spacing-small po-memory_storage_capacity\" role=\"listitem\">\n<td class=\"a-span3\" role=\"presentation\"><span class=\"a-size-base a-text-bold\">Capacidade de armazenamento da mem\u00f3ria<\/span><\/td>\n<td class=\"a-span9\" role=\"presentation\"><span class=\"a-size-base po-break-word\">128 MB<\/span><\/td>\n<\/tr>\n<tr class=\"a-spacing-small po-special_feature\" role=\"listitem\">\n<td class=\"a-span3\" role=\"presentation\"><span class=\"a-size-base a-text-bold\">Caracter\u00edsticas especiais<\/span><\/td>\n<td class=\"a-span9\" role=\"presentation\"><span class=\"a-size-base po-break-word\">Rastreador de atividade<\/span><\/td>\n<\/tr>\n<tr class=\"a-spacing-small po-battery.capacity\" role=\"listitem\">\n<td class=\"a-span3\" role=\"presentation\"><span class=\"a-size-base a-text-bold\">Capacidade da bateria<\/span><\/td>\n<td class=\"a-span9\" role=\"presentation\"><span class=\"a-size-base po-break-word\">300 Amperes Horas<\/span><\/td>\n<\/tr>\n<tr class=\"a-spacing-small po-connectivity_technology\" role=\"listitem\">\n<td class=\"a-span3\" role=\"presentation\"><span class=\"a-size-base a-text-bold\">Tecnologia de conectividade<\/span><\/td>\n<td class=\"a-span9\" role=\"presentation\"><span class=\"a-size-base po-break-word\">Bluetooth<\/span><\/p>\n<p>&nbsp;<\/td>\n<\/tr>\n<\/tbody>\n<\/table>\n<h1 class=\"a-size-base-plus a-text-bold\">Sobre este item<\/h1>\n<ul class=\"a-unordered-list a-vertical a-spacing-mini\">\n<li class=\"a-spacing-mini\"><span class=\"a-list-item\">Sobre o Tranya ES10: O Tranya ES10 \u00e9 mais do que um smartwatch, \u00e9 um acess\u00f3rio que combina estilo e tecnologia. Com sua tela HD de 1,8 polegadas, design elegante e fino, ele se adapta perfeitamente ao seu pulso. O design \u00e0 prova d\u2018\u00e1gua IP68, combinado com o monitoramento preciso de atividades, faz dele a escolha perfeita para os amantes de esportes.<\/span><\/li>\n<li class=\"a-spacing-mini\"><span class=\"a-list-item\">Monitoramento de exerc\u00edcios: com sensores avan\u00e7ados, o ES10 pode rastrear com precis\u00e3o as calorias que voc\u00ea queima, os passos dados e a dist\u00e2ncia percorrida. Al\u00e9m disso, com a ajuda do GPS do seu telefone, ele pode mapear com precis\u00e3o seus movimentos em v\u00e1rios modos esportivos, como corrida e ciclismo.<\/span><\/li>\n<li class=\"a-spacing-mini\"><span class=\"a-list-item\">Seu dia a dia sob controle: Com o ES10, voc\u00ea pode acompanhar de perto seu sono, humor, passos e calorias queimadas.<\/span><\/li>\n<li class=\"a-spacing-mini\"><span class=\"a-list-item\">Fique conectado em qualquer lugar: aproveite chamadas cristalinas diretamente do seu pulso e nunca perca uma notifica\u00e7\u00e3o importante. Seja um texto, e-mail ou alerta de m\u00eddia social, nosso rel\u00f3gio mant\u00e9m voc\u00ea informado.<\/span><\/li>\n<li class=\"a-spacing-mini\"><span class=\"a-list-item\">Maior dura\u00e7\u00e3o da bateria: aproveite at\u00e9 7-10 dias de dura\u00e7\u00e3o da bateria com uma \u00fanica carga. Com nosso smartwatch, voc\u00ea pode dizer adeus ao carregamento frequente e se concentrar no que mais importa.<\/span><\/li>\n<li>\n<h2>Especifica\u00e7\u00f5es do produto<\/h2>\n<div class=\"a-row\">\n<div class=\"a-column a-span12 a-span-last\">\n<div class=\"a-row a-spacing-top-base\">\n<div class=\"a-column a-span6\">\n<div class=\"a-row a-spacing-base\">\n<div class=\"a-row a-expander-container a-expander-extend-container\">\n<div class=\"a-row\">\n<div class=\"a-column a-span6\">\n<h1 class=\"a-size-medium a-spacing-small\">Detalhes t\u00e9cnicos<\/h1>\n<\/div>\n<\/div>\n<div class=\"a-expander-content a-expander-extend-content\" data-expanded=\"true\">\n<div class=\"a-row a-expander-container a-expander-inline-container\">\n<div class=\"a-expander-content a-expander-section-content a-section-expander-inner\" data-expanded=\"true\">\n<table id=\"productDetails_techSpec_section_1\" class=\"a-keyvalue prodDetTable\">\n<tbody>\n<tr>\n<th class=\"a-color-secondary a-size-base prodDetSectionEntry\">Marca<\/th>\n<td class=\"a-size-base prodDetAttrValue\">\u200eTRANYA<\/td>\n<\/tr>\n<tr>\n<th class=\"a-color-secondary a-size-base prodDetSectionEntry\">Certifica\u00e7\u00e3o<\/th>\n<td class=\"a-size-base prodDetAttrValue\">\u200eANATEL: 06390-24-15189<\/td>\n<\/tr>\n<tr>\n<th class=\"a-color-secondary a-size-base prodDetSectionEntry\">Capacidade de armazenamento da mem\u00f3ria<\/th>\n<td class=\"a-size-base prodDetAttrValue\">\u200e128 MB<\/td>\n<\/tr>\n<tr>\n<th class=\"a-color-secondary a-size-base prodDetSectionEntry\">Sistema operacional<\/th>\n<td class=\"a-size-base prodDetAttrValue\">\u200eTranya<\/td>\n<\/tr>\n<tr>\n<th class=\"a-color-secondary a-size-base prodDetSectionEntry\">Aparelhos compat\u00edveis<\/th>\n<td class=\"a-size-base prodDetAttrValue\">\u200eSmartphone<\/td>\n<\/tr>\n<tr>\n<th class=\"a-color-secondary a-size-base prodDetSectionEntry\">Caracter\u00edsticas especiais<\/th>\n<td class=\"a-size-base prodDetAttrValue\">\u200eRastreador de atividade<\/td>\n<\/tr>\n<tr>\n<th class=\"a-color-secondary a-size-base prodDetSectionEntry\">Tamanho da tela<\/th>\n<td class=\"a-size-base prodDetAttrValue\">\u200e45 Mil\u00edmetros<\/td>\n<\/tr>\n<tr>\n<th class=\"a-color-secondary a-size-base prodDetSectionEntry\">Tela ou mostrador<\/th>\n<td class=\"a-size-base prodDetAttrValue\">\u200eLCD<\/td>\n<\/tr>\n<tr>\n<th class=\"a-color-secondary a-size-base prodDetSectionEntry\">Tipo de fonte de energia<\/th>\n<td class=\"a-size-base prodDetAttrValue\">\u200eAlimentado por pilha<\/td>\n<\/tr>\n<tr>\n<th class=\"a-color-secondary a-size-base prodDetSectionEntry\">Baterias inclusas<\/th>\n<td class=\"a-size-base prodDetAttrValue\">\u200eSim<\/td>\n<\/tr>\n<tr>\n<th class=\"a-color-secondary a-size-base prodDetSectionEntry\">Funciona com baterias<\/th>\n<td class=\"a-size-base prodDetAttrValue\">\u200eSim<\/td>\n<\/tr>\n<tr>\n<th class=\"a-color-secondary a-size-base prodDetSectionEntry\">Capacidade da pilha ou bateria<\/th>\n<td class=\"a-size-base prodDetAttrValue\">\u200e300 Amperes Horas<\/td>\n<\/tr>\n<tr>\n<th class=\"a-color-secondary a-size-base prodDetSectionEntry\">Composi\u00e7\u00e3o da pilha ou bateria<\/th>\n<td class=\"a-size-base prodDetAttrValue\">\u200e\u00cdon-l\u00edtio<\/td>\n<\/tr>\n<tr>\n<th class=\"a-color-secondary a-size-base prodDetSectionEntry\">Padr\u00e3o de conex\u00e3o sem fio<\/th>\n<td class=\"a-size-base prodDetAttrValue\">\u200eBluetooth<\/td>\n<\/tr>\n<tr>\n<th class=\"a-color-secondary a-size-base prodDetSectionEntry\">Tecnologia de conex\u00e3o<\/th>\n<td class=\"a-size-base prodDetAttrValue\">\u200eBluetooth<\/td>\n<\/tr>\n<tr>\n<th class=\"a-color-secondary a-size-base prodDetSectionEntry\">Entrada de usu\u00e1rio<\/th>\n<td class=\"a-size-base prodDetAttrValue\">\u200eTela t\u00e1til<\/td>\n<\/tr>\n<tr>\n<th class=\"a-color-secondary a-size-base prodDetSectionEntry\">Bateria recarreg\u00e1vel<\/th>\n<td class=\"a-size-base prodDetAttrValue\">\u200eSim<\/td>\n<\/tr>\n<tr>\n<th class=\"a-color-secondary a-size-base prodDetSectionEntry\">Cor<\/th>\n<td class=\"a-size-base prodDetAttrValue\">\u200epreto<\/td>\n<\/tr>\n<tr>\n<th class=\"a-color-secondary a-size-base prodDetSectionEntry\">Cor correspondente<\/th>\n<td class=\"a-size-base prodDetAttrValue\">\u200epreto<\/td>\n<\/tr>\n<tr>\n<th class=\"a-color-secondary a-size-base prodDetSectionEntry\">Conex\u00f5es<\/th>\n<td class=\"a-size-base prodDetAttrValue\">\u200eBluetooth<\/td>\n<\/tr>\n<tr>\n<th class=\"a-color-secondary a-size-base prodDetSectionEntry\">Peso do produto<\/th>\n<td class=\"a-size-base prodDetAttrValue\">\u200e130 g<\/td>\n<\/tr>\n<tr>\n<th class=\"a-color-secondary a-size-base prodDetSectionEntry\">Dimens\u00f5es da embalagem<\/th>\n<td class=\"a-size-base prodDetAttrValue\">\u200e16,1 x 10,1 x 2,9 cm; 130 g<\/td>\n<\/tr>\n<\/tbody>\n<\/table>\n<\/div>\n<\/div>\n<\/div>\n<\/div>\n<\/div>\n<\/div>\n<\/div>\n<\/div>\n<\/div>\n<\/li>\n<\/ul>\n","protected":false},"excerpt":{"rendered":"<p>Sistema operacional Tranya Capacidade de armazenamento da mem\u00f3ria 128 MB Caracter\u00edsticas especiais Rastreador de atividade Capacidade da bateria 300 Amperes Horas Tecnologia de conectividade Bluetooth &nbsp; Sobre este item Sobre<\/p>\n","protected":false},"featured_media":14906,"comment_status":"open","ping_status":"closed","template":"","meta":[],"product_brand":[],"product_cat":[451],"product_tag":[],"class_list":{"0":"post-14905","1":"product","2":"type-product","3":"status-publish","4":"has-post-thumbnail","6":"product_cat-relogio","7":"product_shipping_class-pac","9":"first","10":"instock","11":"shipping-taxable","12":"purchasable","13":"product-type-simple"},"_links":{"self":[{"href":"https:\/\/ambrosioeletro.com.br\/v20\/wp-json\/wp\/v2\/product\/14905","targetHints":{"allow":["GET"]}}],"collection":[{"href":"https:\/\/ambrosioeletro.com.br\/v20\/wp-json\/wp\/v2\/product"}],"about":[{"href":"https:\/\/ambrosioeletro.com.br\/v20\/wp-json\/wp\/v2\/types\/product"}],"replies":[{"embeddable":true,"href":"https:\/\/ambrosioeletro.com.br\/v20\/wp-json\/wp\/v2\/comments?post=14905"}],"wp:featuredmedia":[{"embeddable":true,"href":"https:\/\/ambrosioeletro.com.br\/v20\/wp-json\/wp\/v2\/media\/14906"}],"wp:attachment":[{"href":"https:\/\/ambrosioeletro.com.br\/v20\/wp-json\/wp\/v2\/media?parent=14905"}],"wp:term":[{"taxonomy":"product_brand","embeddable":true,"href":"https:\/\/ambrosioeletro.com.br\/v20\/wp-json\/wp\/v2\/product_brand?post=14905"},{"taxonomy":"product_cat","embeddable":true,"href":"https:\/\/ambrosioeletro.com.br\/v20\/wp-json\/wp\/v2\/product_cat?post=14905"},{"taxonomy":"product_tag","embeddable":true,"href":"https:\/\/ambrosioeletro.com.br\/v20\/wp-json\/wp\/v2\/product_tag?post=14905"}],"curies":[{"name":"wp","href":"https:\/\/api.w.org\/{rel}","templated":true}]}}