{"id":14911,"date":"2026-02-05T11:21:59","date_gmt":"2026-02-05T14:21:59","guid":{"rendered":"https:\/\/ambrosioeletro.com.br\/v20\/?post_type=product&#038;p=14911"},"modified":"2026-02-06T14:24:50","modified_gmt":"2026-02-06T17:24:50","slug":"ar-condicionado-12000-btus-split-hi-wall-inverter-midea-frio-ai-ecomaster-220v","status":"publish","type":"product","link":"https:\/\/ambrosioeletro.com.br\/v20\/produto\/ar-condicionado-12000-btus-split-hi-wall-inverter-midea-frio-ai-ecomaster-220v\/","title":{"rendered":"Ar Condicionado 12000 Btus Split Hi Wall Inverter Midea Frio Ai Ecomaster 220v"},"content":{"rendered":"<div id=\"productDescription_feature_div\" class=\"celwidget pd_rd_w-wARoa pd_rd_r-7P4XJ6XNJKDNSQ8ET4B1 pd_rd_wg-yEoQU\" data-feature-name=\"productDescription-3\" data-csa-c-type=\"widget\" data-csa-c-content-id=\"productDescription-3\" data-csa-c-slot-id=\"productDescription_feature_div\" data-csa-c-asin=\"\" data-csa-c-is-in-initial-active-row=\"false\" data-csa-c-id=\"bmvu7w-dxt6c8-804xe5-vmk4sh\" data-cel-widget=\"productDescription_feature_div\">\n<div>\n<div id=\"productDescription_feature_div\" class=\"a-row feature\" data-feature-name=\"productDescription\" data-template-name=\"productDescription\" data-cel-widget=\"productDescription_feature_div\">\n<h2 class=\"default\">Descri\u00e7\u00e3o do produto<\/h2>\n<div id=\"productDescription\" class=\"a-section a-spacing-small\">\n<p>Ar-Condicionado Split HW Inverter Midea AI Ecomaster<\/p>\n<p>O\u00a0<span class=\"a-text-bold\">AI Ecomaster da Midea<\/span>\u00a0\u00e9 um ar-condicionado inteligente que proporciona\u00a0<span class=\"a-text-bold\">at\u00e9 30% de economia de energia<\/span>\u00a0em compara\u00e7\u00e3o com outros modelos Inverter. A tecnologia\u00a0<span class=\"a-text-bold\">AI<\/span>\u00a0analisa bilh\u00f5es de dados, aprende com o comportamento do usu\u00e1rio e ajusta automaticamente a opera\u00e7\u00e3o, considerando a temperatura interna, as condi\u00e7\u00f5es externas e as prefer\u00eancias do usu\u00e1rio.<\/p>\n<p>Outras Vantagens :<\/p>\n<ul class=\"a-unordered-list a-vertical\">\n<li><span class=\"a-list-item\"><span class=\"a-text-bold\">Economia de Energia:<\/span>\u00a0Acompanhamento em tempo real, relat\u00f3rios de consumo e alertas para evitar desperd\u00edcios.<\/span><\/li>\n<li><span class=\"a-list-item\"><span class=\"a-text-bold\">Durabilidade:<\/span>\u00a0Sistema Prime Guard, com prote\u00e7\u00e3o contra corros\u00e3o, cura UV e autolimpeza, garantindo longa vida \u00fatil.<\/span><\/li>\n<li><span class=\"a-list-item\"><span class=\"a-text-bold\">Conforto:<\/span>\u00a0Funcionalidades como Smart Turbo, Modo Lareira, Geolocaliza\u00e7\u00e3o e AI Curva de Sono, ajustando a temperatura conforme suas necessidades.<\/span><\/li>\n<li><span class=\"a-list-item\"><span class=\"a-text-bold\">Qualidade do Ar:<\/span>\u00a0Tripla filtragem que elimina sujeiras e at\u00e9 99,9% de v\u00edrus e bact\u00e9rias, e AI Controle de Umidade para manter o ambiente confort\u00e1vel.<\/span><\/li>\n<li><span class=\"a-list-item\"><span class=\"a-text-bold\">Instala\u00e7\u00e3o e Manuten\u00e7\u00e3o Facilitadas:<\/span>\u00a0Design inovador que simplifica a instala\u00e7\u00e3o e manuten\u00e7\u00e3o, com maior espa\u00e7o e visibilidade.<\/span><\/li>\n<\/ul>\n<p><span class=\"a-text-bold\">Conectividade:<\/span>\u00a0Compat\u00edvel com Apple Siri, controle remoto e relat\u00f3rios via aplicativo. Ideal para quem busca tecnologia avan\u00e7ada, conforto e efici\u00eancia energ\u00e9tica.<\/p>\n<p>A MarcaA\u00a0<span class=\"a-text-bold\">Midea<\/span>\u00a0\u00e9 uma empresa comprometida com o bem-estar das pessoas. Combinando design inteligente com tecnologia, levamos conforto e praticidade ao dia a dia de milh\u00f5es de consumidores. Uma receita simples que fez da Midea uma das maiores fabricantes de eletrodom\u00e9sticos e condicionadores de ar do mundo.<\/p>\n<p><span class=\"a-text-bold\">&#8211; Instala\u00e7\u00e3o n\u00e3o inclusa!<\/span><\/p>\n<p>&nbsp;<\/p>\n<\/div>\n<\/div>\n<\/div>\n<\/div>\n<div id=\"productDetails_feature_div\" class=\"celwidget pd_rd_w-f4tjv pd_rd_r-7P4XJ6XNJKDNSQ8ET4B1 pd_rd_wg-yEoQU\" data-feature-name=\"productDetailsHomeAndGarden_Updated\" data-csa-c-type=\"widget\" data-csa-c-content-id=\"productDetailsHomeAndGarden_Updated\" data-csa-c-slot-id=\"productDetails_feature_div\" data-csa-c-asin=\"\" data-csa-c-is-in-initial-active-row=\"false\" data-csa-c-id=\"um3cw6-mop0v2-en2uwb-ajthtz\" data-cel-widget=\"productDetails_feature_div\"><a id=\"productDetails\" name=\"productDetails\"><\/a><\/p>\n<hr class=\"a-divider-normal\" aria-hidden=\"true\" \/>\n<div>\n<div id=\"prodDetails\" class=\"a-section a-spacing-none\">\n<h2>Especifica\u00e7\u00f5es do produto<\/h2>\n<div class=\"a-row\">\n<div class=\"a-column a-span12 a-span-last\">\n<div class=\"a-row a-spacing-top-base\">\n<div class=\"a-column a-span6\">\n<div class=\"a-row a-spacing-base\">\n<div class=\"a-row a-expander-container a-expander-extend-container\">\n<div class=\"a-row\">\n<div class=\"a-column a-span6\">\n<h1 class=\"a-size-medium a-spacing-small\">Detalhes t\u00e9cnicos<\/h1>\n<\/div>\n<\/div>\n<div class=\"a-expander-content a-expander-extend-content\" data-expanded=\"true\">\n<div class=\"a-row a-expander-container a-expander-inline-container\">\n<div class=\"a-expander-content a-expander-section-content a-section-expander-inner\" data-expanded=\"true\">\n<table id=\"productDetails_techSpec_section_1\" class=\"a-keyvalue prodDetTable\">\n<tbody>\n<tr>\n<th class=\"a-color-secondary a-size-base prodDetSectionEntry\">Nome da marca<\/th>\n<td class=\"a-size-base prodDetAttrValue\">\u200eMidea<\/td>\n<\/tr>\n<tr>\n<th class=\"a-color-secondary a-size-base prodDetSectionEntry\">Informa\u00e7\u00f5es do modelo<\/th>\n<td class=\"a-size-base prodDetAttrValue\">\u200e38EZVCA12M5 | 42EZVCA12M5<\/td>\n<\/tr>\n<tr>\n<th class=\"a-color-secondary a-size-base prodDetSectionEntry\">Certifica\u00e7\u00e3o<\/th>\n<td class=\"a-size-base prodDetAttrValue\">\u200e162052205648<\/td>\n<\/tr>\n<tr>\n<th class=\"a-color-secondary a-size-base prodDetSectionEntry\">Dimens\u00f5es do produto<\/th>\n<td class=\"a-size-base prodDetAttrValue\">\u200e20 x 72 x 28,6 cm; 7,5 quilogramas<\/td>\n<\/tr>\n<tr>\n<th class=\"a-color-secondary a-size-base prodDetSectionEntry\">Efici\u00eancia<\/th>\n<td class=\"a-size-base prodDetAttrValue\">\u200eA<\/td>\n<\/tr>\n<tr>\n<th class=\"a-color-secondary a-size-base prodDetSectionEntry\">Capacidade<\/th>\n<td class=\"a-size-base prodDetAttrValue\">\u200e39 Kilograms<\/td>\n<\/tr>\n<tr>\n<th class=\"a-color-secondary a-size-base prodDetSectionEntry\">Consumo anual de energia<\/th>\n<td class=\"a-size-base prodDetAttrValue\">\u200e383 Kilowatt Hours Per Year<\/td>\n<\/tr>\n<tr>\n<th class=\"a-color-secondary a-size-base prodDetSectionEntry\">Ru\u00eddo<\/th>\n<td class=\"a-size-base prodDetAttrValue\">\u200e38 Decib\u00e9is<\/td>\n<\/tr>\n<tr>\n<th class=\"a-color-secondary a-size-base prodDetSectionEntry\">Tipo de instala\u00e7\u00e3o<\/th>\n<td class=\"a-size-base prodDetAttrValue\">\u200eSplit<\/td>\n<\/tr>\n<tr>\n<th class=\"a-color-secondary a-size-base prodDetSectionEntry\">N\u00famero da Pe\u00e7a<\/th>\n<td class=\"a-size-base prodDetAttrValue\">\u200e38EZVCA12M5 | 42EZVCA12M5<\/td>\n<\/tr>\n<tr>\n<th class=\"a-color-secondary a-size-base prodDetSectionEntry\">Configura\u00e7\u00e3o b\u00e1sica<\/th>\n<td class=\"a-size-base prodDetAttrValue\">\u200eMinisplit<\/td>\n<\/tr>\n<tr>\n<th class=\"a-color-secondary a-size-base prodDetSectionEntry\">Caracter\u00edsticas especiais<\/th>\n<td class=\"a-size-base prodDetAttrValue\">\u200eCompressor inverter<\/td>\n<\/tr>\n<tr>\n<th class=\"a-color-secondary a-size-base prodDetSectionEntry\">Cor<\/th>\n<td class=\"a-size-base prodDetAttrValue\">\u200eBranco<\/td>\n<\/tr>\n<tr>\n<th class=\"a-color-secondary a-size-base prodDetSectionEntry\">Voltagem<\/th>\n<td class=\"a-size-base prodDetAttrValue\">\u200e220 Volts<\/td>\n<\/tr>\n<tr>\n<th class=\"a-color-secondary a-size-base prodDetSectionEntry\">Pot\u00eancia em watts<\/th>\n<td class=\"a-size-base prodDetAttrValue\">\u200e3.52 watts<\/td>\n<\/tr>\n<tr>\n<th class=\"a-color-secondary a-size-base prodDetSectionEntry\">Componentes inclu\u00eddos<\/th>\n<td class=\"a-size-base prodDetAttrValue\">\u200e38EZVCA12M5 | 42EZVCA12M5<\/td>\n<\/tr>\n<tr>\n<th class=\"a-color-secondary a-size-base prodDetSectionEntry\">Funciona a bateria ou pilha?<\/th>\n<td class=\"a-size-base prodDetAttrValue\">\u200eN\u00e3o<\/td>\n<\/tr>\n<tr>\n<th class=\"a-color-secondary a-size-base prodDetSectionEntry\">Peso<\/th>\n<td class=\"a-size-base prodDetAttrValue\">\u200e7,5 Quilogramas<\/td>\n<\/tr>\n<tr>\n<th class=\"a-color-secondary a-size-base prodDetSectionEntry\">Fabricante<\/th>\n<td class=\"a-size-base prodDetAttrValue\">\u200eMidea<\/td>\n<\/tr>\n<tr>\n<th class=\"a-color-secondary a-size-base prodDetSectionEntry\">N\u00famero do modelo<\/th>\n<td class=\"a-size-base prodDetAttrValue\">\u200e38EZVCA12M5 | 42EZVCA12M5<\/td>\n<\/tr>\n<tr>\n<th class=\"a-color-secondary a-size-base prodDetSectionEntry\">ASIN<\/th>\n<td class=\"a-size-base prodDetAttrValue\">\u200eB0FCSVKFBV<\/td>\n<\/tr>\n<\/tbody>\n<\/table>\n<\/div>\n<\/div>\n<\/div>\n<\/div>\n<\/div>\n<\/div>\n<\/div>\n<\/div>\n<\/div>\n<\/div>\n<\/div>\n<\/div>\n","protected":false},"excerpt":{"rendered":"<p>Descri\u00e7\u00e3o do produto Ar-Condicionado Split HW Inverter Midea AI Ecomaster O\u00a0AI Ecomaster da Midea\u00a0\u00e9 um ar-condicionado inteligente que proporciona\u00a0at\u00e9 30% de economia de energia\u00a0em compara\u00e7\u00e3o com outros modelos Inverter. A<\/p>\n","protected":false},"featured_media":14912,"comment_status":"open","ping_status":"closed","template":"","meta":[],"product_brand":[],"product_cat":[449],"product_tag":[],"class_list":{"0":"post-14911","1":"product","2":"type-product","3":"status-publish","4":"has-post-thumbnail","6":"product_cat-ar-condicionado-2","7":"product_shipping_class-retirar-no-local","9":"first","10":"instock","11":"shipping-taxable","12":"purchasable","13":"product-type-simple"},"_links":{"self":[{"href":"https:\/\/ambrosioeletro.com.br\/v20\/wp-json\/wp\/v2\/product\/14911","targetHints":{"allow":["GET"]}}],"collection":[{"href":"https:\/\/ambrosioeletro.com.br\/v20\/wp-json\/wp\/v2\/product"}],"about":[{"href":"https:\/\/ambrosioeletro.com.br\/v20\/wp-json\/wp\/v2\/types\/product"}],"replies":[{"embeddable":true,"href":"https:\/\/ambrosioeletro.com.br\/v20\/wp-json\/wp\/v2\/comments?post=14911"}],"wp:featuredmedia":[{"embeddable":true,"href":"https:\/\/ambrosioeletro.com.br\/v20\/wp-json\/wp\/v2\/media\/14912"}],"wp:attachment":[{"href":"https:\/\/ambrosioeletro.com.br\/v20\/wp-json\/wp\/v2\/media?parent=14911"}],"wp:term":[{"taxonomy":"product_brand","embeddable":true,"href":"https:\/\/ambrosioeletro.com.br\/v20\/wp-json\/wp\/v2\/product_brand?post=14911"},{"taxonomy":"product_cat","embeddable":true,"href":"https:\/\/ambrosioeletro.com.br\/v20\/wp-json\/wp\/v2\/product_cat?post=14911"},{"taxonomy":"product_tag","embeddable":true,"href":"https:\/\/ambrosioeletro.com.br\/v20\/wp-json\/wp\/v2\/product_tag?post=14911"}],"curies":[{"name":"wp","href":"https:\/\/api.w.org\/{rel}","templated":true}]}}