{"id":14918,"date":"2026-02-05T15:10:38","date_gmt":"2026-02-05T18:10:38","guid":{"rendered":"https:\/\/ambrosioeletro.com.br\/v20\/?post_type=product&#038;p=14918"},"modified":"2026-03-27T08:31:24","modified_gmt":"2026-03-27T11:31:24","slug":"bike-ergometrica-bicicleta-ergometrica-bike-spinning-silenciosa-vertical-modelo-premium","status":"publish","type":"product","link":"https:\/\/ambrosioeletro.com.br\/v20\/produto\/bike-ergometrica-bicicleta-ergometrica-bike-spinning-silenciosa-vertical-modelo-premium\/","title":{"rendered":"Bike Ergometrica Bicicleta Ergometrica Bike Spinning Silenciosa Vertical Modelo Premium"},"content":{"rendered":"<div id=\"productOverview_feature_div\" class=\"celwidget\" data-feature-name=\"productOverview_nonPets\" data-csa-c-type=\"widget\" data-csa-c-content-id=\"productOverview_nonPets\" data-csa-c-slot-id=\"productOverview_feature_div\" data-csa-c-asin=\"B0FTNWV5F9\" data-csa-c-is-in-initial-active-row=\"false\" data-csa-c-id=\"o3yj2m-dxsq83-rfgf79-fh2ocu\" data-cel-widget=\"productOverview_feature_div\">\n<div class=\"a-section a-spacing-small a-spacing-top-small\">\n<table class=\"a-normal a-spacing-micro\" role=\"list\">\n<tbody>\n<tr class=\"a-spacing-small po-brand\" role=\"listitem\">\n<td class=\"a-span3\" role=\"presentation\"><span class=\"a-size-base a-text-bold\">Marca<\/span><\/td>\n<td class=\"a-span9\" role=\"presentation\"><span class=\"a-size-base po-break-word\">MAAT BRAND<\/span><\/td>\n<\/tr>\n<tr class=\"a-spacing-small po-color\" role=\"listitem\">\n<td class=\"a-span3\" role=\"presentation\"><span class=\"a-size-base a-text-bold\">Cor<\/span><\/td>\n<td class=\"a-span9\" role=\"presentation\"><span class=\"a-size-base po-break-word\">Preto com vermelho<\/span><\/td>\n<\/tr>\n<tr class=\"a-spacing-small po-material\" role=\"listitem\">\n<td class=\"a-span3\" role=\"presentation\"><span class=\"a-size-base a-text-bold\">Material<\/span><\/td>\n<td class=\"a-span9\" role=\"presentation\"><span class=\"a-size-base po-break-word\">A\u00e7o inoxid\u00e1vel<\/span><\/td>\n<\/tr>\n<tr class=\"a-spacing-small po-item_depth_width_height\" role=\"listitem\">\n<td class=\"a-span3\" role=\"presentation\"><span class=\"a-size-base a-text-bold\">Dimens\u00f5es do produto<\/span><\/td>\n<td class=\"a-span9\" role=\"presentation\"><span class=\"a-size-base po-break-word\">70P x 70L x 20A cent\u00edmetros<\/span><\/td>\n<\/tr>\n<tr class=\"a-spacing-small po-number_of_resistance_levels\" role=\"listitem\">\n<td class=\"a-span3\" role=\"presentation\"><span class=\"a-size-base a-text-bold\">N\u00famero de n\u00edveis de resist\u00eancia<\/span><\/td>\n<td class=\"a-span9\" role=\"presentation\"><span class=\"a-size-base po-break-word\">7<\/span><\/td>\n<\/tr>\n<\/tbody>\n<\/table>\n<\/div>\n<\/div>\n<div id=\"collectiblesKeyInformation_feature_div\" class=\"celwidget\" data-feature-name=\"collectiblesKeyInformation\" data-csa-c-type=\"widget\" data-csa-c-content-id=\"collectiblesKeyInformation\" data-csa-c-slot-id=\"collectiblesKeyInformation_feature_div\" data-csa-c-asin=\"B0FTNWV5F9\" data-csa-c-is-in-initial-active-row=\"false\" data-csa-c-id=\"ks49mn-tgppnz-2puawf-b9pdau\" data-cel-widget=\"collectiblesKeyInformation_feature_div\"><\/div>\n<div id=\"featurebullets_feature_div\" class=\"celwidget\" data-feature-name=\"featurebullets_nonPets\" data-csa-c-type=\"widget\" data-csa-c-content-id=\"featurebullets_nonPets\" data-csa-c-slot-id=\"featurebullets_feature_div\" data-csa-c-asin=\"B0FTNWV5F9\" data-csa-c-is-in-initial-active-row=\"false\" data-csa-c-id=\"va8z1a-eduujs-wvcyom-lssuzv\" data-cel-widget=\"featurebullets_feature_div\">\n<div id=\"feature-bullets\" class=\"a-section a-spacing-medium a-spacing-top-small\">\n<hr class=\"a-divider-normal\" aria-hidden=\"true\" \/>\n<h1 class=\"a-size-base-plus a-text-bold\">Sobre este item<\/h1>\n<ul class=\"a-unordered-list a-vertical a-spacing-mini\">\n<li class=\"a-spacing-mini\"><span class=\"a-list-item\">\ud83d\udeb4Pedalada suave e silenciosa \u2013 Sistema acionado por correia e volante de in\u00e9rcia de 10 kg garantem estabilidade e fluidez<\/span><\/li>\n<li class=\"a-spacing-mini\"><span class=\"a-list-item\">\ud83d\udeb4Treino sem impacto \u2013 Melhore sa\u00fade cardiovascular e resist\u00eancia sem sobrecarregar articula\u00e7\u00f5es.<\/span><\/li>\n<li class=\"a-spacing-mini\"><span class=\"a-list-item\">\ud83d\udeb4Ajustes completos \u2013 Guid\u00e3o, assento e intensidade regul\u00e1veis para se adaptar a diferentes perfis de usu\u00e1rio.<\/span><\/li>\n<li class=\"a-spacing-mini\"><span class=\"a-list-item\">\ud83d\udeb4Monitor LCD multifuncional \u2013 Acompanha tempo, velocidade, dist\u00e2ncia, RPM, calorias queimadas e od\u00f4metro.<\/span><\/li>\n<li class=\"a-spacing-mini\"><span class=\"a-list-item\">\ud83d\udeb4Compacta e f\u00e1cil de mover \u2013 Rodas de transporte que facilitam deslocar a bike para qualquer espa\u00e7o.<\/span><\/li>\n<li class=\"a-spacing-mini\"><span class=\"a-list-item\">\ud83d\udeb4Seguran\u00e7a refor\u00e7ada \u2013 Pedais com presilhas ajust\u00e1veis e sistema de parada de emerg\u00eancia imediata.<\/span><\/li>\n<li class=\"a-spacing-mini\"><span class=\"a-list-item\">\ud83d\udeb4Experi\u00eancia imersiva \u2013 Suporte para tablet ou celular, permitindo treinar assistindo v\u00eddeos ou ouvindo m\u00fasica.<\/span><\/li>\n<li class=\"a-spacing-mini\"><span class=\"a-list-item\">\ud83d\udeb4Tipo: Bicicleta Ergom\u00e9trica Spinning<\/span><\/li>\n<li>\n<div id=\"productDetails_feature_div\" class=\"celwidget pd_rd_w-7mvhu pd_rd_r-3MTZS7ZAF1V5HFS0VD6G pd_rd_wg-34Kgo\" data-feature-name=\"productDetailsHomeAndGarden_Updated\" data-csa-c-type=\"widget\" data-csa-c-content-id=\"productDetailsHomeAndGarden_Updated\" data-csa-c-slot-id=\"productDetails_feature_div\" data-csa-c-asin=\"\" data-csa-c-is-in-initial-active-row=\"false\" data-csa-c-id=\"d8uwq5-ruwfke-6z9spz-k66oid\" data-cel-widget=\"productDetails_feature_div\">\n<div>\n<div id=\"prodDetails\" class=\"a-section a-spacing-none\">\n<h2>Especifica\u00e7\u00f5es do produto<\/h2>\n<div class=\"a-row\">\n<div class=\"a-column a-span12 a-span-last\">\n<div class=\"a-row a-spacing-top-base\">\n<div class=\"a-column a-span6\">\n<div class=\"a-row a-spacing-base\">\n<div class=\"a-row a-expander-container a-expander-extend-container\">\n<div class=\"a-row\">\n<div class=\"a-column a-span6\">\n<h1 class=\"a-size-medium a-spacing-small\">Detalhes t\u00e9cnicos<\/h1>\n<\/div>\n<\/div>\n<div class=\"a-expander-content a-expander-extend-content\" data-expanded=\"true\">\n<div class=\"a-row a-expander-container a-expander-inline-container\">\n<div class=\"a-expander-content a-expander-section-content a-section-expander-inner\" data-expanded=\"true\">\n<table id=\"productDetails_techSpec_section_1\" class=\"a-keyvalue prodDetTable\">\n<tbody>\n<tr>\n<th class=\"a-color-secondary a-size-base prodDetSectionEntry\">Certifica\u00e7\u00e3o<\/th>\n<td class=\"a-size-base prodDetAttrValue\">\u200eN\u00e3o Aplic\u00e1vel<\/td>\n<\/tr>\n<tr>\n<th class=\"a-color-secondary a-size-base prodDetSectionEntry\">Cor<\/th>\n<td class=\"a-size-base prodDetAttrValue\">\u200ePreto com vermelho<\/td>\n<\/tr>\n<tr>\n<th class=\"a-color-secondary a-size-base prodDetSectionEntry\">Material<\/th>\n<td class=\"a-size-base prodDetAttrValue\">\u200eA\u00e7o inoxid\u00e1vel<\/td>\n<\/tr>\n<tr>\n<th class=\"a-color-secondary a-size-base prodDetSectionEntry\">Altura m\u00e1xima recomendada<\/th>\n<td class=\"a-size-base prodDetAttrValue\">\u200e180 Cent\u00edmetros<\/td>\n<\/tr>\n<tr>\n<th class=\"a-color-secondary a-size-base prodDetSectionEntry\">Funciona com baterias<\/th>\n<td class=\"a-size-base prodDetAttrValue\">\u200eN\u00e3o<\/td>\n<\/tr>\n<tr>\n<th class=\"a-color-secondary a-size-base prodDetSectionEntry\">Marca<\/th>\n<td class=\"a-size-base prodDetAttrValue\">\u200eMAAT BRAND<\/td>\n<\/tr>\n<tr>\n<th class=\"a-color-secondary a-size-base prodDetSectionEntry\">capacidade m\u00e1xima de peso<\/th>\n<td class=\"a-size-base prodDetAttrValue\">\u200e120 Quilogramas<\/td>\n<\/tr>\n<tr>\n<th class=\"a-color-secondary a-size-base prodDetSectionEntry\">Fabricante<\/th>\n<td class=\"a-size-base prodDetAttrValue\">\u200eNAKASAKI<\/td>\n<\/tr>\n<tr>\n<th class=\"a-color-secondary a-size-base prodDetSectionEntry\">Refer\u00eancia do fabricante<\/th>\n<td class=\"a-size-base prodDetAttrValue\">\u200e927<\/td>\n<\/tr>\n<tr>\n<th class=\"a-color-secondary a-size-base prodDetSectionEntry\">Dimens\u00f5es do produto<\/th>\n<td class=\"a-size-base prodDetAttrValue\">\u200e70 x 70 x 20 cm<\/td>\n<\/tr>\n<tr>\n<th class=\"a-color-secondary a-size-base prodDetSectionEntry\">ASIN<\/th>\n<td class=\"a-size-base prodDetAttrValue\">\u200eB0FTNWV5F9<\/td>\n<\/tr>\n<\/tbody>\n<\/table>\n<\/div>\n<\/div>\n<\/div>\n<\/div>\n<\/div>\n<div class=\"a-row a-spacing-base\"><\/div>\n<\/div>\n<div class=\"a-column a-span6 a-span-last\">\n<div class=\"a-row a-spacing-base\">\n<div id=\"productDetails_db_sections\" class=\"a-section\">\n<h1 class=\"a-size-medium a-spacing-small secHeader\">Informa\u00e7\u00f5es adicionais<\/h1>\n<\/div>\n<\/div>\n<\/div>\n<\/div>\n<\/div>\n<\/div>\n<\/div>\n<\/div>\n<\/div>\n<div id=\"btfSubNavDesktopCopy\" class=\"celwidget\" data-feature-name=\"btfSubNavDesktop\" data-csa-c-type=\"widget\" data-csa-c-content-id=\"btfSubNavDesktop\" data-csa-c-slot-id=\"btfSubNavDesktop_feature_div\" data-csa-c-asin=\"\" data-csa-c-is-in-initial-active-row=\"false\" data-csa-c-id=\"i6hxji-lk7hn9-acjhaq-emxzne\" data-cel-widget=\"btfSubNavDesktopCopy\">\n<div class=\"a-row a-size-base btf-sub-nav-desktop-product-info-wrapper persistent-header\" role=\"navigation\" data-csa-c-content-id=\"btf-sub-nav-desktop-desktop-dpx-widget\" data-csa-c-slot-id=\"btf-sub-nav-desktop-dpx-widget\" data-csa-c-type=\"widget\" data-csa-c-id=\"c9vmo4-kugr4n-py8rqu-du5yuq\">\n<nav class=\"btf-sub-nav-desktop-product-info-tabs\" aria-label=\"Navigate within the product detail page\">\n<div class=\"tab-content\">Sobre este produto<\/div>\n<div class=\"tab-content\">Semelhante<\/div>\n<div class=\"tab-content\">Informa\u00e7\u00f5es do produto<\/div>\n<div class=\"tab-content\">Da marca<\/div>\n<div class=\"tab-content\">Avalia\u00e7\u00f5es<\/div>\n<\/nav>\n<p><a class=\"a-link-normal btf-sub-nav-desktop-image-container\" role=\"navigation\" href=\"https:\/\/www.amazon.com.br\/Ergometrica-Bicicleta-Spinning-Silenciosa-Vertical\/dp\/B0FTNWV5F9\/ref=asc_df_B0FTNWV5F9?mcid=b17b00ec0e7e337b820d1e496e8b0680&amp;tag=googleshopp00-20&amp;linkCode=df0&amp;hvadid=709857069984&amp;hvpos=&amp;hvnetw=g&amp;hvrand=2634545562972869542&amp;hvpone=&amp;hvptwo=&amp;hvqmt=&amp;hvdev=c&amp;hvdvcmdl=&amp;hvlocint=&amp;hvlocphy=9217736&amp;hvtargid=pla-2450061429549&amp;psc=1&amp;language=pt_BR&amp;gad_source=1#\" data-csa-c-action=\"navigate:btf-sub-nav-desktop-back-to-top-image\" data-csa-c-element-id=\"btf-sub-nav-desktop-back-to-top-image-jump-link\" data-csa-c-element-type=\"navigational\" data-csa-c-type=\"uxElement\" aria-label=\"Back to top Image jump link\" data-csa-c-id=\"bjpj50-pqt7ho-wzhgqw-3u26jz\"><img decoding=\"async\" class=\"btf-sub-nav-desktop-product-info-image\" src=\"https:\/\/m.media-amazon.com\/images\/I\/41+yFZ6VGsL._AC_.jpg\" alt=\"Bike Ergometrica Bicicleta Ergometrica Bike Spinning Silenciosa Vertical Modelo Premium\" \/><\/a><a class=\"a-link-normal btf-sub-nav-desktop-title-container\" role=\"navigation\" href=\"https:\/\/www.amazon.com.br\/Ergometrica-Bicicleta-Spinning-Silenciosa-Vertical\/dp\/B0FTNWV5F9\/ref=asc_df_B0FTNWV5F9?mcid=b17b00ec0e7e337b820d1e496e8b0680&amp;tag=googleshopp00-20&amp;linkCode=df0&amp;hvadid=709857069984&amp;hvpos=&amp;hvnetw=g&amp;hvrand=2634545562972869542&amp;hvpone=&amp;hvptwo=&amp;hvqmt=&amp;hvdev=c&amp;hvdvcmdl=&amp;hvlocint=&amp;hvlocphy=9217736&amp;hvtargid=pla-2450061429549&amp;psc=1&amp;language=pt_BR&amp;gad_source=1#\" data-csa-c-action=\"navigate:btf-sub-nav-desktop-back-to-top-title\" data-csa-c-element-id=\"btf-sub-nav-desktop-back-to-top-title-jump-link\" data-csa-c-element-type=\"navigational\" data-csa-c-type=\"uxElement\" aria-label=\"Back to top title jump link\" data-csa-c-id=\"p8h7su-1lpt96-ur73q3-rpvk0j\"><span class=\"btf-sub-nav-desktop-title-text\">Bike Ergometrica Bicicleta Ergometrica Bike Spinning Silenciosa Vertical Modelo Premium<\/span><\/a><\/p>\n<\/div>\n<\/div>\n<div id=\"productDescription_feature_div\" class=\"celwidget pd_rd_w-Oi4aI pd_rd_r-3MTZS7ZAF1V5HFS0VD6G pd_rd_wg-34Kgo\" data-feature-name=\"productDescription-3\" data-csa-c-type=\"widget\" data-csa-c-content-id=\"productDescription-3\" data-csa-c-slot-id=\"productDescription_feature_div\" data-csa-c-asin=\"\" data-csa-c-is-in-initial-active-row=\"false\" data-csa-c-id=\"7gksra-vpn0lb-7h1692-dtcr4c\" data-cel-widget=\"productDescription_feature_div\">\n<div>\n<div id=\"productDescription_feature_div\" class=\"a-row feature\" data-feature-name=\"productDescription\" data-template-name=\"productDescription\" data-cel-widget=\"productDescription_feature_div\">\n<div class=\"a-divider a-divider-section\">\n<div class=\"a-divider-inner\"><\/div>\n<\/div>\n<div id=\"productDescription\" class=\"a-section a-spacing-small\">\n<p>&nbsp;<\/p>\n<p><span class=\"a-text-bold\">Bicicleta Ergom\u00e9trica Spinning Compacta \u2013 Treinos em Casa com Conforto e Praticidade<\/span><\/p>\n<p>Transforme sua casa em um verdadeiro est\u00fadio de treinos com a\u00a0<span class=\"a-text-bold\">Bicicleta Ergom\u00e9trica Spinning Compacta<\/span>. Com design robusto, estrutura refor\u00e7ada e f\u00e1cil de usar, ela \u00e9 perfeita para quem busca melhorar o condicionamento f\u00edsico, queimar calorias e ganhar resist\u00eancia sem abrir m\u00e3o do conforto e da praticidade.<\/p>\n<p><span class=\"a-text-bold\">\u2705 Principais Benef\u00edcios<\/span><\/p>\n<ul class=\"a-unordered-list a-vertical\">\n<li><span class=\"a-list-item\">\u2714 Pedalada suave e silenciosa \u2013 Sistema acionado por correia e volante de in\u00e9rcia de 10 kg garantem estabilidade e fluidez.<\/span><\/li>\n<li><span class=\"a-list-item\">\u2714 Treino sem impacto \u2013 Melhore sa\u00fade cardiovascular e resist\u00eancia sem sobrecarregar articula\u00e7\u00f5es.<\/span><\/li>\n<li><span class=\"a-list-item\">\u2714 Ajustes completos \u2013 Guid\u00e3o, assento e intensidade regul\u00e1veis para se adaptar a diferentes perfis de usu\u00e1rio.<\/span><\/li>\n<li><span class=\"a-list-item\">\u2714 Monitor LCD multifuncional \u2013 Acompanha tempo, velocidade, dist\u00e2ncia, RPM, calorias queimadas e od\u00f4metro.<\/span><\/li>\n<li><span class=\"a-list-item\">\u2714 Compacta e f\u00e1cil de mover \u2013 Rodas de transporte que facilitam deslocar a bike para qualquer espa\u00e7o.<\/span><\/li>\n<li><span class=\"a-list-item\">\u2714 Seguran\u00e7a refor\u00e7ada \u2013 Pedais com presilhas ajust\u00e1veis e sistema de parada de emerg\u00eancia imediata.<\/span><\/li>\n<li><span class=\"a-list-item\">\u2714 Experi\u00eancia imersiva \u2013 Suporte para tablet ou celular, permitindo treinar assistindo v\u00eddeos ou ouvindo m\u00fasica.<\/span><\/li>\n<\/ul>\n<p><span class=\"a-text-bold\">\u2705 Especifica\u00e7\u00f5es T\u00e9cnicas<\/span><\/p>\n<ul class=\"a-unordered-list a-vertical\">\n<li><span class=\"a-list-item\"><span class=\"a-text-bold\">Tipo:<\/span>\u00a0Bicicleta Ergom\u00e9trica Spinning<\/span><\/li>\n<li><span class=\"a-list-item\"><span class=\"a-text-bold\">Estrutura dobr\u00e1vel:<\/span>\u00a0N\u00e3o<\/span><\/li>\n<li><span class=\"a-list-item\"><span class=\"a-text-bold\">Cor:<\/span>\u00a0Preto\/Vermelho<\/span><\/li>\n<li><span class=\"a-list-item\"><span class=\"a-text-bold\">Alimenta\u00e7\u00e3o do monitor:<\/span>\u00a01 pilha AAA<\/span><\/li>\n<li><span class=\"a-list-item\"><span class=\"a-text-bold\">Peso m\u00e1ximo suportado:<\/span>\u00a0150 kg<\/span><\/li>\n<li><span class=\"a-list-item\"><span class=\"a-text-bold\">Medidas:<\/span>\u00a095 \u00d7 78 \u00d7 48\u2013109 cm<\/span><\/li>\n<li><span class=\"a-list-item\"><span class=\"a-text-bold\">Altura m\u00e1xima recomendada do usu\u00e1rio:<\/span>\u00a01,80 m<\/span><\/li>\n<li><span class=\"a-list-item\"><span class=\"a-text-bold\">Altura:<\/span>\u00a0120 cm |\u00a0<span class=\"a-text-bold\">Largura:<\/span>\u00a050 cm<\/span><\/li>\n<\/ul>\n<p><span class=\"a-text-bold\">\u2705 Benef\u00edcios do Uso<\/span><\/p>\n<ul class=\"a-unordered-list a-vertical\">\n<li><span class=\"a-list-item\">Melhora o condicionamento f\u00edsico, resist\u00eancia e sa\u00fade cardiovascular.<\/span><\/li>\n<li><span class=\"a-list-item\">Queima cal\u00f3rica eficiente sem impacto nas articula\u00e7\u00f5es.<\/span><\/li>\n<li><span class=\"a-list-item\">Ideal para treinos em casa, ocupando pouco espa\u00e7o.<\/span><\/li>\n<li><span class=\"a-list-item\">Regulagens que permitem personalizar intensidade e posi\u00e7\u00e3o para maior conforto.<\/span><\/li>\n<\/ul>\n<p><span class=\"a-text-bold\">\u2705 Um Investimento na Sua Sa\u00fade<\/span><\/p>\n<p>Com estrutura forte, desempenho silencioso e ajustes personalizados, a\u00a0<span class=\"a-text-bold\">Bicicleta Ergom\u00e9trica Spinning Compacta<\/span> \u00e9 ideal para quem deseja treinar em casa com qualidade de academia. Mais do que um equipamento, \u00e9 um aliado para conquistar mais energia, sa\u00fade e bem-estar no seu dia a di<\/p>\n<\/div>\n<\/div>\n<\/div>\n<\/div>\n<\/li>\n<\/ul>\n<\/div>\n<\/div>\n","protected":false},"excerpt":{"rendered":"<p>Marca MAAT BRAND Cor Preto com vermelho Material A\u00e7o inoxid\u00e1vel Dimens\u00f5es do produto 70P x 70L x 20A cent\u00edmetros N\u00famero de n\u00edveis de resist\u00eancia 7 Sobre este item \ud83d\udeb4Pedalada suave<\/p>\n","protected":false},"featured_media":14919,"comment_status":"open","ping_status":"closed","template":"","meta":[],"product_brand":[],"product_cat":[15],"product_tag":[],"class_list":{"0":"post-14918","1":"product","2":"type-product","3":"status-publish","4":"has-post-thumbnail","6":"product_cat-produtos","7":"product_shipping_class-retirar-no-local","9":"first","10":"instock","11":"shipping-taxable","12":"purchasable","13":"product-type-simple"},"_links":{"self":[{"href":"https:\/\/ambrosioeletro.com.br\/v20\/wp-json\/wp\/v2\/product\/14918","targetHints":{"allow":["GET"]}}],"collection":[{"href":"https:\/\/ambrosioeletro.com.br\/v20\/wp-json\/wp\/v2\/product"}],"about":[{"href":"https:\/\/ambrosioeletro.com.br\/v20\/wp-json\/wp\/v2\/types\/product"}],"replies":[{"embeddable":true,"href":"https:\/\/ambrosioeletro.com.br\/v20\/wp-json\/wp\/v2\/comments?post=14918"}],"wp:featuredmedia":[{"embeddable":true,"href":"https:\/\/ambrosioeletro.com.br\/v20\/wp-json\/wp\/v2\/media\/14919"}],"wp:attachment":[{"href":"https:\/\/ambrosioeletro.com.br\/v20\/wp-json\/wp\/v2\/media?parent=14918"}],"wp:term":[{"taxonomy":"product_brand","embeddable":true,"href":"https:\/\/ambrosioeletro.com.br\/v20\/wp-json\/wp\/v2\/product_brand?post=14918"},{"taxonomy":"product_cat","embeddable":true,"href":"https:\/\/ambrosioeletro.com.br\/v20\/wp-json\/wp\/v2\/product_cat?post=14918"},{"taxonomy":"product_tag","embeddable":true,"href":"https:\/\/ambrosioeletro.com.br\/v20\/wp-json\/wp\/v2\/product_tag?post=14918"}],"curies":[{"name":"wp","href":"https:\/\/api.w.org\/{rel}","templated":true}]}}