{"id":14964,"date":"2026-02-21T09:42:53","date_gmt":"2026-02-21T12:42:53","guid":{"rendered":"https:\/\/ambrosioeletro.com.br\/v20\/?post_type=product&#038;p=14964"},"modified":"2026-04-08T10:45:09","modified_gmt":"2026-04-08T13:45:09","slug":"jbl-boombox-4","status":"publish","type":"product","link":"https:\/\/ambrosioeletro.com.br\/v20\/produto\/jbl-boombox-4\/","title":{"rendered":"JBL Boombox 4"},"content":{"rendered":"<p><label class=\"ds-accordion-label\" tabindex=\"0\" role=\"button\" for=\"pdp-specs--specifications\" aria-controls=\"pdp-specs--specifications-content\">Especifica\u00e7\u00f5es<\/label><\/p>\n<div id=\"pdp-specs--specifications-content\" class=\"ds-accordion-content\">\n<h3>Especifica\u00e7\u00f5es Gerais<\/h3>\n<dl class=\"ds-specs\">\n<dt>Entrada de energia<\/dt>\n<dd>100 &#8211; 240 Vac; 50\/60 Hz<\/dd>\n<dt>Rela\u00e7\u00e3o sinal-ru\u00eddo<\/dt>\n<dd>&gt; 80 Db<\/dd>\n<dt>Pot\u00eancia de Sa\u00edda (W RMS)<\/dt>\n<dd>(AC mode) &#8211; 2 x 65W RMS Woofer, 2 x 40W RMS Tweeter (Battery mode) &#8211; 2 60W RMS Woofer, 2 x 40W RMS Tweeter<\/dd>\n<\/dl>\n<h3>Especifica\u00e7\u00f5es de \u00c1udio<\/h3>\n<dl class=\"ds-specs\">\n<dt>Resposta de frequ\u00eancia<\/dt>\n<dd>37Hz &#8211; 20 kHz<\/dd>\n<dt>Transdutor<\/dt>\n<dd>2 x 5 inch \/ 2 x 123mm woofer, 2 x 0.75 inch \/ 2 x 20mm Tweeter, 2 pcs circle + 1 pc racetrack passive radiator<\/dd>\n<\/dl>\n<h3>Dimens\u00f5es<\/h3>\n<dl class=\"ds-specs\">\n<dt>Dimens\u00f5es (Largura x Altura x Profundidade) (cm)<\/dt>\n<dd>51 x 26 x 21<\/dd>\n<dt>Dimens\u00f5es (Largura x Altura x Profundidade) (in)<\/dt>\n<dd>20 x 10 x 8<\/dd>\n<dt>Peso (kg)<\/dt>\n<dd>5.89<\/dd>\n<dt>Peso (lbs)<\/dt>\n<dd>13<\/dd>\n<\/dl>\n<h3>Especifica\u00e7\u00f5es de Controle e Conex\u00e3o<\/h3>\n<dl class=\"ds-specs\">\n<dt>Portas de conex\u00e3o<\/dt>\n<dd>AC-in, USB-C<\/dd>\n<dt>Faixa de frequ\u00eancia do emissor bluetooth<\/dt>\n<dd>2.4 GHz &#8211; 2.4835 GHz<\/dd>\n<dt>Perfil Bluetooth<\/dt>\n<dd>A2DP 1.4, AVRCP 1.6<\/dd>\n<dt>Perfis bluetooth<\/dt>\n<dd>A2DP 1.4, AVRCP 1.6<\/dd>\n<dt>Bluetooth Faixa de frequ\u00eancia do transmissor (GHz)<\/dt>\n<dd>2.4 &#8211; 2.4835<\/dd>\n<dt>Modula\u00e7\u00e3o do transmissor Bluetooth<\/dt>\n<dd>GFSK, \u03c0\/4 DQPSK, 8DPSK<\/dd>\n<dt>GFSK de modula\u00e7\u00e3o do emissor bluetooth<\/dt>\n<dd>GFSK, \u03c0\/4 DQPSK, 8DPSK<\/dd>\n<dt>Pot\u00eancia do transmissor Bluetooth<\/dt>\n<dd>\u2264 14dBm (EIRP)<\/dd>\n<dt>Pot\u00eancia de emiss\u00e3o de bluetooth<\/dt>\n<dd>\u2264 14dBm (EIRP)<\/dd>\n<dt>Vers\u00e3o do Bluetooth<\/dt>\n<dd>5.4<\/dd>\n<\/dl>\n<h3>Bateria<\/h3>\n<dl class=\"ds-specs\">\n<dt>Tipo de cabo<\/dt>\n<dd>AC Power Cable<\/dd>\n<dt>Comprimento do cabo (ft)<\/dt>\n<dd>6.6<\/dd>\n<dt>Comprimento do cabo (m)<\/dt>\n<dd>2<\/dd>\n<dt>Tipo de Bateria<\/dt>\n<dd>Rechargeable Li-ion Battery Pack 99.02Wh<\/dd>\n<dt>Tempo de carga da bateria (horas)<\/dt>\n<dd>3<\/dd>\n<dt>Tempo m\u00e1ximo de reprodu\u00e7\u00e3o de m\u00fasica (hrs)<\/dt>\n<dd>28<\/dd>\n<\/dl>\n<h3>Caracter\u00edsticas<\/h3>\n<dl class=\"ds-specs\">\n<dt>AC power cable (type varies by regions)<\/dt>\n<dd>Sim<\/dd>\n<dt>\u00c0 Prova de Poeira<\/dt>\n<dd>Sim<\/dd>\n<dt>Classifica\u00e7\u00e3o IPX<\/dt>\n<dd>IP68<\/dd>\n<dt>Power bank<\/dt>\n<dd>Sim<\/dd>\n<dt>Wireless<\/dt>\n<dd>Sim<\/dd>\n<dt>\u00c0 prova de respingos d\u2019\u00e1gua<\/dt>\n<dd>Sim<\/dd>\n<dt>Supports Auracast<\/dt>\n<dd>Sim<\/dd>\n<dt>Bluetooth<\/dt>\n<dd>Sim<\/dd>\n<dt>AI Sound Boost<\/dt>\n<dd>Sim<\/dd>\n<dd>\n<dl class=\"ds-specs\">\n<dt>1 x JBL Boombox 4<\/dt>\n<dt>Cabo de energia AC (o plugue AC e a quantidade variam conforme a regi\u00e3o)<\/dt>\n<dt>1 guia de in\u00edcio r\u00e1pido<\/dt>\n<dt>1 certificado de seguran\u00e7a<\/dt>\n<dt>1 certificado de garantia<\/dt>\n<dt>\n<h3>\u00c0 prova d\u2019\u00e1gua e resistente a poeira<\/h3>\n<p>O JBL Boombox 4 \u00e9 \u00e0 prova d&#8217;\u00e1gua e de poeira com grau de prote\u00e7\u00e3o IP68, portanto, pode suportar qualquer coisa que o clima, ou nossos amigos mais desastrados, joguem nele.<\/p>\n<h3>At\u00e9 34 horas de reprodu\u00e7\u00e3o<\/h3>\n<p>Mantenha a vibra\u00e7\u00e3o viva de uma festa para outra&#8230; para outra, por at\u00e9 28 horas com uma \u00fanica carga. Esqueceu-se de carregar a bateria para a pr\u00f3xima? N\u00e3o tem problema. O JBL Playtime Boost adiciona at\u00e9 6 horas extras para dan\u00e7ar, deslizar ou mandar qualquer outro passo que ainda tiver guardado na manga.<\/p>\n<h3>Som JBL Pro imbat\u00edvel com AI Sound Boost<\/h3>\n<p>Estamos falando de um som poderoso, com graves profundos e impactantes. A JBL Boombox 4 redesenhada vem equipada com dois woofers maiores, dois tweeters e tr\u00eas radiadores passivos, fazendo com que cada faixa soe mais potente e mais n\u00edtida. E com o AI Sound Boost, n\u00e3o precisamos fazer nada \u2014 essa tecnologia inteligente analisa nossa m\u00fasica em tempo real e ajusta o som para oferecer mais pot\u00eancia com menos distor\u00e7\u00e3o, mesmo no volume m\u00e1ximo.<\/dt>\n<\/dl>\n<\/dd>\n<\/dl>\n<\/div>\n","protected":false},"excerpt":{"rendered":"<p>Especifica\u00e7\u00f5es Especifica\u00e7\u00f5es Gerais Entrada de energia 100 &#8211; 240 Vac; 50\/60 Hz Rela\u00e7\u00e3o sinal-ru\u00eddo &gt; 80 Db Pot\u00eancia de Sa\u00edda (W RMS) (AC mode) &#8211; 2 x 65W RMS Woofer,<\/p>\n","protected":false},"featured_media":14965,"comment_status":"open","ping_status":"closed","template":"","meta":[],"product_brand":[],"product_cat":[453],"product_tag":[],"class_list":{"0":"post-14964","1":"product","2":"type-product","3":"status-publish","4":"has-post-thumbnail","6":"product_cat-caixa-de-som","7":"product_shipping_class-pac","9":"first","10":"instock","11":"shipping-taxable","12":"purchasable","13":"product-type-simple"},"_links":{"self":[{"href":"https:\/\/ambrosioeletro.com.br\/v20\/wp-json\/wp\/v2\/product\/14964","targetHints":{"allow":["GET"]}}],"collection":[{"href":"https:\/\/ambrosioeletro.com.br\/v20\/wp-json\/wp\/v2\/product"}],"about":[{"href":"https:\/\/ambrosioeletro.com.br\/v20\/wp-json\/wp\/v2\/types\/product"}],"replies":[{"embeddable":true,"href":"https:\/\/ambrosioeletro.com.br\/v20\/wp-json\/wp\/v2\/comments?post=14964"}],"wp:featuredmedia":[{"embeddable":true,"href":"https:\/\/ambrosioeletro.com.br\/v20\/wp-json\/wp\/v2\/media\/14965"}],"wp:attachment":[{"href":"https:\/\/ambrosioeletro.com.br\/v20\/wp-json\/wp\/v2\/media?parent=14964"}],"wp:term":[{"taxonomy":"product_brand","embeddable":true,"href":"https:\/\/ambrosioeletro.com.br\/v20\/wp-json\/wp\/v2\/product_brand?post=14964"},{"taxonomy":"product_cat","embeddable":true,"href":"https:\/\/ambrosioeletro.com.br\/v20\/wp-json\/wp\/v2\/product_cat?post=14964"},{"taxonomy":"product_tag","embeddable":true,"href":"https:\/\/ambrosioeletro.com.br\/v20\/wp-json\/wp\/v2\/product_tag?post=14964"}],"curies":[{"name":"wp","href":"https:\/\/api.w.org\/{rel}","templated":true}]}}