{"id":14983,"date":"2026-02-25T15:28:46","date_gmt":"2026-02-25T18:28:46","guid":{"rendered":"https:\/\/ambrosioeletro.com.br\/v20\/?post_type=product&#038;p=14983"},"modified":"2026-02-25T15:28:46","modified_gmt":"2026-02-25T18:28:46","slug":"fogao-industrial-4-bocas-preto-com-forno-e-dupla-chama-dako-couracado","status":"publish","type":"product","link":"https:\/\/ambrosioeletro.com.br\/v20\/produto\/fogao-industrial-4-bocas-preto-com-forno-e-dupla-chama-dako-couracado\/","title":{"rendered":"Fog\u00e3o Industrial 4 Bocas Preto com Forno e Dupla Chama Dako Coura\u00e7ado"},"content":{"rendered":"<div class=\"vtex-render__container-id-description\">\n<div class=\"vtex-flex-layout-0-x-flexRow vtex-flex-layout-0-x-flexRow--container__description-pdp\" aria-label=\"Linha de sess\u00e3o\">\n<div class=\"flex mt0 mb0 pt0 pb0    justify-start vtex-flex-layout-0-x-flexRowContent vtex-flex-layout-0-x-flexRowContent--container__description-pdp items-stretch w-100\">\n<div class=\"pr0 items-stretch vtex-flex-layout-0-x-stretchChildrenWidth   flex\">\n<div class=\"vtex-rich-text-0-x-container flex tl items-start justify-start t-body c-on-base\">\n<div class=\"vtex-rich-text-0-x-wrapper\">\n<h3 class=\"vtex-rich-text-0-x-heading t-heading-3 vtex-rich-text-0-x-headingLevel3 vtex-rich-text-0-x-heading-level-3\">Descri\u00e7\u00e3o do produto<\/h3>\n<\/div>\n<\/div>\n<div id=\"id-flh2st\" class=\"vtex-disclosure-layout-1-x-content vtex-disclosure-layout-1-x-content--visible\" data-enter=\"\">\n<div class=\"vtex-store-components-3-x-productDescriptionContainer\">\n<div class=\"vtex-store-components-3-x-productDescriptionText c-muted-1\">\n<div>\n<p><strong>Pot\u00eancia, robustez<\/strong>\u00a0e a\u00a0<strong>confiabilidade da Dako<\/strong>, agora tamb\u00e9m para quem precisa de\u00a0<strong>alto desempenho em qualquer espa\u00e7o<\/strong>. Pensado para\u00a0<strong>preparos em grandes volumes<\/strong>, o Dako Coura\u00e7ado 4 bocas com forno combina\u00a0<strong>desempenho e durabilidade<\/strong>, sendo ideal para quem precisa dar conta de grandes produ\u00e7\u00f5es ou gosta de reunir fam\u00edlia e amigos.<\/p>\n<p>Sua estrutura refor\u00e7ada foi feita para uso intenso. S\u00e3o 4 bocas de alto desempenho:\u00a0<strong>2 frontais Dupla Chama de 6,2 kW \/ 5.331 kcal\/h e consumo de 0,45 kg\/h cada<\/strong>, para cozimentos r\u00e1pidos, e\u00a0<strong>2 traseiros Chama Simples de 5,2 kW \/ 4.471 kcal\/h e consumo de 0,37 kg\/h cada<\/strong>, para coc\u00e7\u00f5es mais delicadas.\u00a0<strong>As grades de ferro fundido com 6 pontos de apoio<\/strong>\u00a0oferecem\u00a0<strong>estabilidade<\/strong>\u00a0at\u00e9 para os maiores caldeir\u00f5es.<\/p>\n<p><strong>O forno de 107 litros<\/strong>\u00a0entrega\u00a0<strong>capacidade e agilidade<\/strong>\u00a0com a\u00a0<strong>pot\u00eancia de 3,3 kW \/ 2.837 kcal\/h e consumo de 0,24 kg\/h.<\/strong>\u00a0Ele conta com\u00a0<strong>2 prateleiras deslizantes<\/strong>\u00a0que\u00a0<strong>otimizam o espa\u00e7o interno para diferentes tamanhos de pratos.<\/strong>\u00a0A\u00a0<strong>mesa em a\u00e7o carbono<\/strong>\u00a0facilita a limpeza di\u00e1ria, mantendo tudo pronto para o pr\u00f3ximo preparo. Tudo isso com a\u00a0<strong>ampla rede de assist\u00eancia t\u00e9cnica Dako, com mais de 520 postos autorizados em todo o Brasil.<\/strong><\/p>\n<\/div>\n<\/div>\n<\/div>\n<\/div>\n<\/div>\n<\/div>\n<\/div>\n<\/div>\n<div class=\"vtex-render__container-id-technical-sheet\">\n<div class=\"vtex-flex-layout-0-x-flexRow vtex-flex-layout-0-x-flexRow--container__technical-sheet\" aria-label=\"Linha de sess\u00e3o\">\n<div class=\"flex mt0 mb0 pt0 pb0    justify-start vtex-flex-layout-0-x-flexRowContent vtex-flex-layout-0-x-flexRowContent--container__technical-sheet items-stretch w-100\">\n<div class=\"pr0 items-stretch vtex-flex-layout-0-x-stretchChildrenWidth   flex\">\n<div class=\"vtex-rich-text-0-x-container flex tl items-start justify-start t-body c-on-base\">\n<div class=\"vtex-rich-text-0-x-wrapper\">\n<h3 class=\"vtex-rich-text-0-x-heading t-heading-3 vtex-rich-text-0-x-headingLevel3 vtex-rich-text-0-x-heading-level-3\">Ficha t\u00e9cnica<\/h3>\n<\/div>\n<\/div>\n<div id=\"id-3f8j47\" class=\"vtex-disclosure-layout-1-x-content vtex-disclosure-layout-1-x-content--visible\" data-enter=\"\">\n<div class=\"dako-product-apps-0-x-wrapperTechnicalSheet\">\n<div class=\"dako-product-apps-0-x-wrapperItems\">\n<p class=\"dako-product-apps-0-x-itemLabel\">Cor<\/p>\n<p class=\"dako-product-apps-0-x-itemValue\">Preto<\/p>\n<\/div>\n<div class=\"dako-product-apps-0-x-wrapperItems\">\n<p class=\"dako-product-apps-0-x-itemLabel\">Linha<\/p>\n<p class=\"dako-product-apps-0-x-itemValue\">Coura\u00e7ado<\/p>\n<\/div>\n<div class=\"dako-product-apps-0-x-wrapperItems\">\n<p class=\"dako-product-apps-0-x-itemLabel\">Quantidade de Bocas<\/p>\n<p class=\"dako-product-apps-0-x-itemValue\">4 Bocas<\/p>\n<\/div>\n<div class=\"dako-product-apps-0-x-wrapperItems\">\n<p class=\"dako-product-apps-0-x-itemLabel\">Tipo de Acendimento<\/p>\n<p class=\"dako-product-apps-0-x-itemValue\">Manual<\/p>\n<\/div>\n<div class=\"dako-product-apps-0-x-wrapperItems\">\n<p class=\"dako-product-apps-0-x-itemLabel\">Garantia<\/p>\n<p class=\"dako-product-apps-0-x-itemValue\">12 Meses<\/p>\n<\/div>\n<div class=\"dako-product-apps-0-x-wrapperItems\">\n<p class=\"dako-product-apps-0-x-itemLabel\">Instala\u00e7\u00e3o<\/p>\n<p class=\"dako-product-apps-0-x-itemValue\">Fog\u00e3o Industrial<\/p>\n<\/div>\n<div class=\"dako-product-apps-0-x-wrapperItems\">\n<p class=\"dako-product-apps-0-x-itemLabel\">Convec\u00e7\u00e3o<\/p>\n<p class=\"dako-product-apps-0-x-itemValue\">N\u00e3o<\/p>\n<\/div>\n<div class=\"dako-product-apps-0-x-wrapperItems\">\n<p class=\"dako-product-apps-0-x-itemLabel\">Dimens\u00f5es do Produto (largura x altura x profundidade)<\/p>\n<p class=\"dako-product-apps-0-x-itemValue\">84 x 79,3x 85 cm<\/p>\n<\/div>\n<div class=\"dako-product-apps-0-x-wrapperItems\">\n<p class=\"dako-product-apps-0-x-itemLabel\">Grill<\/p>\n<p class=\"dako-product-apps-0-x-itemValue\">N\u00e3o<\/p>\n<\/div>\n<div class=\"dako-product-apps-0-x-wrapperItems\">\n<p class=\"dako-product-apps-0-x-itemLabel\">Funcionamento<\/p>\n<p class=\"dako-product-apps-0-x-itemValue\">Manual<\/p>\n<\/div>\n<div class=\"dako-product-apps-0-x-wrapperItems\">\n<p class=\"dako-product-apps-0-x-itemLabel\">Capacidade do Forno<\/p>\n<p class=\"dako-product-apps-0-x-itemValue\">107 Litros<\/p>\n<\/div>\n<div class=\"dako-product-apps-0-x-wrapperItems\">\n<p class=\"dako-product-apps-0-x-itemLabel\">Acabamento do Forno<\/p>\n<p class=\"dako-product-apps-0-x-itemValue\">Limpa F\u00e1cil<\/p>\n<\/div>\n<div class=\"dako-product-apps-0-x-wrapperItems\">\n<p class=\"dako-product-apps-0-x-itemLabel\">Vidro do Forno<\/p>\n<p class=\"dako-product-apps-0-x-itemValue\">Vidro Duplo<\/p>\n<\/div>\n<div class=\"dako-product-apps-0-x-wrapperItems\">\n<p class=\"dako-product-apps-0-x-itemLabel\">Tampa<\/p>\n<p class=\"dako-product-apps-0-x-itemValue\">N\u00e3o<\/p>\n<\/div>\n<div class=\"dako-product-apps-0-x-wrapperItems\">\n<p class=\"dako-product-apps-0-x-itemLabel\">Trempes<\/p>\n<p class=\"dako-product-apps-0-x-itemValue\">Individual de ferro fundido com 6 pontos de apoio<\/p>\n<\/div>\n<div class=\"dako-product-apps-0-x-wrapperItems\">\n<p class=\"dako-product-apps-0-x-itemLabel\">Grades do Forno<\/p>\n<p class=\"dako-product-apps-0-x-itemValue\">2 Grades deslizantes<\/p>\n<\/div>\n<div class=\"dako-product-apps-0-x-wrapperItems\">\n<p class=\"dako-product-apps-0-x-itemLabel\">Bot\u00f5es Remov\u00edveis<\/p>\n<p class=\"dako-product-apps-0-x-itemValue\">Sim<\/p>\n<\/div>\n<div class=\"dako-product-apps-0-x-wrapperItems\">\n<p class=\"dako-product-apps-0-x-itemLabel\">Fabrica\u00e7\u00e3o<\/p>\n<p class=\"dako-product-apps-0-x-itemValue\">Nacional<\/p>\n<\/div>\n<div class=\"dako-product-apps-0-x-wrapperItems\">\n<p class=\"dako-product-apps-0-x-itemLabel\">Pot\u00eancia dos Queimadores<\/p>\n<p class=\"dako-product-apps-0-x-itemValue\">2 queimadores frontais Dupla Chama de 6,2kW\/ 5.331 kcal\/h e 2 queimadores traseiros Mega Chama de 5,2kW \/ 4.471 kcal\/h<\/p>\n<\/div>\n<div class=\"dako-product-apps-0-x-wrapperItems\">\n<p class=\"dako-product-apps-0-x-itemLabel\">Sistema Corta\/Bloqueia G\u00e1s<\/p>\n<p class=\"dako-product-apps-0-x-itemValue\">Sim<\/p>\n<\/div>\n<div class=\"dako-product-apps-0-x-wrapperItems\"><\/div>\n<div class=\"dako-product-apps-0-x-wrapperItems\">\n<p class=\"dako-product-apps-0-x-itemValue\">\n<\/div>\n<\/div>\n<\/div>\n<\/div>\n<\/div>\n<\/div>\n<\/div>\n","protected":false},"excerpt":{"rendered":"<p>Descri\u00e7\u00e3o do produto Pot\u00eancia, robustez\u00a0e a\u00a0confiabilidade da Dako, agora tamb\u00e9m para quem precisa de\u00a0alto desempenho em qualquer espa\u00e7o. Pensado para\u00a0preparos em grandes volumes, o Dako Coura\u00e7ado 4 bocas com forno<\/p>\n","protected":false},"featured_media":14987,"comment_status":"open","ping_status":"closed","template":"","meta":[],"product_brand":[],"product_cat":[15],"product_tag":[],"class_list":{"0":"post-14983","1":"product","2":"type-product","3":"status-publish","4":"has-post-thumbnail","6":"product_cat-produtos","7":"product_shipping_class-pac","9":"first","10":"instock","11":"shipping-taxable","12":"purchasable","13":"product-type-simple"},"_links":{"self":[{"href":"https:\/\/ambrosioeletro.com.br\/v20\/wp-json\/wp\/v2\/product\/14983","targetHints":{"allow":["GET"]}}],"collection":[{"href":"https:\/\/ambrosioeletro.com.br\/v20\/wp-json\/wp\/v2\/product"}],"about":[{"href":"https:\/\/ambrosioeletro.com.br\/v20\/wp-json\/wp\/v2\/types\/product"}],"replies":[{"embeddable":true,"href":"https:\/\/ambrosioeletro.com.br\/v20\/wp-json\/wp\/v2\/comments?post=14983"}],"wp:featuredmedia":[{"embeddable":true,"href":"https:\/\/ambrosioeletro.com.br\/v20\/wp-json\/wp\/v2\/media\/14987"}],"wp:attachment":[{"href":"https:\/\/ambrosioeletro.com.br\/v20\/wp-json\/wp\/v2\/media?parent=14983"}],"wp:term":[{"taxonomy":"product_brand","embeddable":true,"href":"https:\/\/ambrosioeletro.com.br\/v20\/wp-json\/wp\/v2\/product_brand?post=14983"},{"taxonomy":"product_cat","embeddable":true,"href":"https:\/\/ambrosioeletro.com.br\/v20\/wp-json\/wp\/v2\/product_cat?post=14983"},{"taxonomy":"product_tag","embeddable":true,"href":"https:\/\/ambrosioeletro.com.br\/v20\/wp-json\/wp\/v2\/product_tag?post=14983"}],"curies":[{"name":"wp","href":"https:\/\/api.w.org\/{rel}","templated":true}]}}