{"id":15016,"date":"2026-03-02T13:20:32","date_gmt":"2026-03-02T16:20:32","guid":{"rendered":"https:\/\/ambrosioeletro.com.br\/v20\/?post_type=product&#038;p=15016"},"modified":"2026-03-02T13:20:32","modified_gmt":"2026-03-02T16:20:32","slug":"paneleiro-4-portas-70cm-espaco-para-forno-100-mdf-dobradica-slow-motion-new-porto-itatiaia-freijo-grafite","status":"publish","type":"product","link":"https:\/\/ambrosioeletro.com.br\/v20\/produto\/paneleiro-4-portas-70cm-espaco-para-forno-100-mdf-dobradica-slow-motion-new-porto-itatiaia-freijo-grafite\/","title":{"rendered":"Paneleiro 4 Portas 70cm Espa\u00e7o para Forno 100% MDF Dobradi\u00e7a Slow Motion New Porto Itatiaia Freij\u00f3\/Grafite"},"content":{"rendered":"<div class=\"cav--c-eNhzRw cav--c-eNhzRw-fiXSPN-sm-12\">\n<div class=\"cav--c-lesPJm cav--c-lesPJm-ijxRAPk-css\"><span class=\"cav--c-gNPphv cav--c-dFndkt\">Descri\u00e7\u00e3o<\/span><\/div>\n<div class=\"cav--c-lesPJm cav--c-lesPJm-ijxRAPk-css\"><span class=\"cav--c-gNPphv cav--c-gNPphv-hyvuql-weight-bold\">Paneleiro 4 Portas 70cm Espa\u00e7o para Forno 100% MDF Dobradi\u00e7a Slow Motion New Porto Itatiaia<\/span><\/div>\n<div class=\"cav--c-lesPJm cav--c-lesPJm-ijxRAPk-css\">\n<div class=\"cav--c-gNPphv cav--c-gNPphv-fekvRC-textStyle-bodyMediumRegular cav--c-gNPphv-igBCBxe-css\">Paneleiro Itatiaia New Porto 1 Forno com 4 portas e nicho, corpo em MDF 15mm pintado com filete de papel, portas em MDF 15mm com filete PVC, caixas em papel\u00e3o revestidas com pl\u00e1stico termo retr\u00e1til, corpo em chapa MDF pintado padr\u00e3o madeirado e portas em chapa MDF . A cozinha Inova NG da Itatiaia d\u00e1 um toque de eleg\u00e2ncia e modernidade \u00e0 decora\u00e7\u00e3o da sua casa com seu refino e rubustes, produto em MDF. Dobradi\u00e7as de 35mm, com tecnologia slow motion, aprovadas em rigorosos test\u00edculos de qualidade que proporcionam mais resist\u00eancia, e suavidade ao abrir fechar e a porta.<\/div>\n<\/div>\n<\/div>\n<div class=\"cav--c-eNhzRw cav--c-eNhzRw-fiXSPN-sm-12 cav--c-eNhzRw-ilRjaj-lg-6\">\n<div class=\"cav--c-lesPJm\">\n<div class=\"cav--c-lesPJm\"><span class=\"cav--c-gNPphv cav--c-dFndkt\">Pesos e Dimens\u00f5es<\/span><\/p>\n<table class=\"cav--c-gusfms cav--c-gusfms-gjkaP-striped-odd cav--c-gusfms-cmVlgk-textAlign-left\">\n<tbody class=\"cav--c-dKpJQB\">\n<tr class=\"cav--c-PJLV\">\n<td class=\"cav--c-difWUU\"><span class=\"cav--c-gNPphv cav--c-gNPphv-hyvuql-weight-bold\">Altura dos P\u00e9s<\/span><\/td>\n<td class=\"cav--c-difWUU\">16 cm<\/td>\n<\/tr>\n<tr class=\"cav--c-PJLV\">\n<td class=\"cav--c-difWUU\"><span class=\"cav--c-gNPphv cav--c-gNPphv-hyvuql-weight-bold\">Altura (cm)<\/span><\/td>\n<td class=\"cav--c-difWUU\">220,1 cm<\/td>\n<\/tr>\n<tr class=\"cav--c-PJLV\">\n<td class=\"cav--c-difWUU\"><span class=\"cav--c-gNPphv cav--c-gNPphv-hyvuql-weight-bold\">Largura (cm)<\/span><\/td>\n<td class=\"cav--c-difWUU\">70,09 cm<\/td>\n<\/tr>\n<tr class=\"cav--c-PJLV\">\n<td class=\"cav--c-difWUU\"><span class=\"cav--c-gNPphv cav--c-gNPphv-hyvuql-weight-bold\">Profundidade (cm)<\/span><\/td>\n<td class=\"cav--c-difWUU\">53,3 cm<\/td>\n<\/tr>\n<tr class=\"cav--c-PJLV\">\n<td class=\"cav--c-difWUU\"><span class=\"cav--c-gNPphv cav--c-gNPphv-hyvuql-weight-bold\">Peso (kg)<\/span><\/td>\n<td class=\"cav--c-difWUU\">61 kg<\/td>\n<\/tr>\n<\/tbody>\n<\/table>\n<\/div>\n<div class=\"cav--c-lesPJm\"><span class=\"cav--c-gNPphv cav--c-dFndkt\">Garantia<\/span><\/p>\n<table class=\"cav--c-gusfms cav--c-gusfms-gjkaP-striped-odd cav--c-gusfms-cmVlgk-textAlign-left\">\n<tbody class=\"cav--c-dKpJQB\">\n<tr class=\"cav--c-PJLV\">\n<td class=\"cav--c-difWUU\"><span class=\"cav--c-gNPphv cav--c-gNPphv-hyvuql-weight-bold\">Garantia<\/span><\/td>\n<td class=\"cav--c-difWUU\">06 Meses<\/td>\n<\/tr>\n<\/tbody>\n<\/table>\n<\/div>\n<div class=\"cav--c-lesPJm\"><span class=\"cav--c-gNPphv cav--c-dFndkt\">Materiais e Acabamentos<\/span><\/p>\n<table class=\"cav--c-gusfms cav--c-gusfms-gjkaP-striped-odd cav--c-gusfms-cmVlgk-textAlign-left\">\n<tbody class=\"cav--c-dKpJQB\">\n<tr class=\"cav--c-PJLV\">\n<td class=\"cav--c-difWUU\"><span class=\"cav--c-gNPphv cav--c-gNPphv-hyvuql-weight-bold\">Material Principal<\/span><\/td>\n<td class=\"cav--c-difWUU\">MDF<\/td>\n<\/tr>\n<tr class=\"cav--c-PJLV\">\n<td class=\"cav--c-difWUU\"><span class=\"cav--c-gNPphv cav--c-gNPphv-hyvuql-weight-bold\">Material da Dobradi\u00e7a\/Corredi\u00e7a da Porta<\/span><\/td>\n<td class=\"cav--c-difWUU\">Met\u00e1lica<\/td>\n<\/tr>\n<tr class=\"cav--c-PJLV\">\n<td class=\"cav--c-difWUU\"><span class=\"cav--c-gNPphv cav--c-gNPphv-hyvuql-weight-bold\">Material da Porta<\/span><\/td>\n<td class=\"cav--c-difWUU\">MDF<\/td>\n<\/tr>\n<tr class=\"cav--c-PJLV\">\n<td class=\"cav--c-difWUU\"><span class=\"cav--c-gNPphv cav--c-gNPphv-hyvuql-weight-bold\">Acabamento<\/span><\/td>\n<td class=\"cav--c-difWUU\">Pintura<\/td>\n<\/tr>\n<tr class=\"cav--c-PJLV\">\n<td class=\"cav--c-difWUU\"><span class=\"cav--c-gNPphv cav--c-gNPphv-hyvuql-weight-bold\">Escala de Brilho<\/span><\/td>\n<td class=\"cav--c-difWUU\">Semi-Brilho<\/td>\n<\/tr>\n<tr class=\"cav--c-PJLV\">\n<td class=\"cav--c-difWUU\"><span class=\"cav--c-gNPphv cav--c-gNPphv-hyvuql-weight-bold\">Material dos P\u00e9s<\/span><\/td>\n<td class=\"cav--c-difWUU\">Polipropileno<\/td>\n<\/tr>\n<tr class=\"cav--c-PJLV\">\n<td class=\"cav--c-difWUU\"><span class=\"cav--c-gNPphv cav--c-gNPphv-hyvuql-weight-bold\">Acabamento da Porta<\/span><\/td>\n<td class=\"cav--c-difWUU\">Pintura<\/td>\n<\/tr>\n<tr class=\"cav--c-PJLV\">\n<td class=\"cav--c-difWUU\"><span class=\"cav--c-gNPphv cav--c-gNPphv-hyvuql-weight-bold\">Material do Puxador da Gaveta<\/span><\/td>\n<td class=\"cav--c-difWUU\">ABS<\/td>\n<\/tr>\n<tr class=\"cav--c-PJLV\">\n<td class=\"cav--c-difWUU\"><span class=\"cav--c-gNPphv cav--c-gNPphv-hyvuql-weight-bold\">Acabamento dos P\u00e9s<\/span><\/td>\n<td class=\"cav--c-difWUU\">Polipropileno<\/td>\n<\/tr>\n<tr class=\"cav--c-PJLV\">\n<td class=\"cav--c-difWUU\"><span class=\"cav--c-gNPphv cav--c-gNPphv-hyvuql-weight-bold\">Escala de Brilho da Porta<\/span><\/td>\n<td class=\"cav--c-difWUU\">Semi-Brilho<\/td>\n<\/tr>\n<tr class=\"cav--c-PJLV\">\n<td class=\"cav--c-difWUU\"><span class=\"cav--c-gNPphv cav--c-gNPphv-hyvuql-weight-bold\">Material do Puxador da Porta<\/span><\/td>\n<td class=\"cav--c-difWUU\">ABS<\/td>\n<\/tr>\n<tr class=\"cav--c-PJLV\">\n<td class=\"cav--c-difWUU\"><span class=\"cav--c-gNPphv cav--c-gNPphv-hyvuql-weight-bold\">Tipo de Dobradi\u00e7a\/Corredi\u00e7a da Porta<\/span><\/td>\n<td class=\"cav--c-difWUU\">35 mm<\/td>\n<\/tr>\n<tr class=\"cav--c-PJLV\">\n<td class=\"cav--c-difWUU\"><span class=\"cav--c-gNPphv cav--c-gNPphv-hyvuql-weight-bold\">Acabamento da Prateleira<\/span><\/td>\n<td class=\"cav--c-difWUU\">Pintura<\/td>\n<\/tr>\n<tr class=\"cav--c-PJLV\">\n<td class=\"cav--c-difWUU\"><span class=\"cav--c-gNPphv cav--c-gNPphv-hyvuql-weight-bold\">Escala de Brilho da Prateleira<\/span><\/td>\n<td class=\"cav--c-difWUU\">Fosco<\/td>\n<\/tr>\n<tr class=\"cav--c-PJLV\">\n<td class=\"cav--c-difWUU\"><span class=\"cav--c-gNPphv cav--c-gNPphv-hyvuql-weight-bold\">Material da Prateleira<\/span><\/td>\n<td class=\"cav--c-difWUU\">MDF<\/td>\n<\/tr>\n<tr class=\"cav--c-PJLV\">\n<td class=\"cav--c-difWUU\"><span class=\"cav--c-gNPphv cav--c-gNPphv-hyvuql-weight-bold\">Material do Puxador<\/span><\/td>\n<td class=\"cav--c-difWUU\">ABS<\/td>\n<\/tr>\n<\/tbody>\n<\/table>\n<\/div>\n<div class=\"cav--c-lesPJm\"><span class=\"cav--c-gNPphv cav--c-dFndkt\">Montagem<\/span><\/p>\n<table class=\"cav--c-gusfms cav--c-gusfms-gjkaP-striped-odd cav--c-gusfms-cmVlgk-textAlign-left\">\n<tbody class=\"cav--c-dKpJQB\">\n<tr class=\"cav--c-PJLV\">\n<td class=\"cav--c-difWUU\"><span class=\"cav--c-gNPphv cav--c-gNPphv-hyvuql-weight-bold\">Necessita Montagem<\/span><\/td>\n<td class=\"cav--c-difWUU\">Sim<\/td>\n<\/tr>\n<tr class=\"cav--c-PJLV\">\n<td class=\"cav--c-difWUU\"><span class=\"cav--c-gNPphv cav--c-gNPphv-hyvuql-weight-bold\">Complexidade da Montagem<\/span><\/td>\n<td class=\"cav--c-difWUU\">Alta: deve ser montado por um montador especializado<\/td>\n<\/tr>\n<tr class=\"cav--c-PJLV\">\n<td class=\"cav--c-difWUU\"><span class=\"cav--c-gNPphv cav--c-gNPphv-hyvuql-weight-bold\">Sistema de Montagem<\/span><\/td>\n<td class=\"cav--c-difWUU\">Parafusos e Cavilhas<\/td>\n<\/tr>\n<tr class=\"cav--c-PJLV\">\n<td class=\"cav--c-difWUU\"><span class=\"cav--c-gNPphv cav--c-gNPphv-hyvuql-weight-bold\">Recomenda\u00e7\u00f5es de Uso, Manuten\u00e7\u00e3o e Limpeza<\/span><\/td>\n<td class=\"cav--c-difWUU\">Limpeza com pano umedecido.<\/td>\n<\/tr>\n<\/tbody>\n<\/table>\n<\/div>\n<div class=\"cav--c-lesPJm\"><span class=\"cav--c-gNPphv cav--c-dFndkt\">Documentos Adicionais<\/span><\/p>\n<table class=\"cav--c-gusfms cav--c-gusfms-gjkaP-striped-odd cav--c-gusfms-cmVlgk-textAlign-left\">\n<tbody class=\"cav--c-dKpJQB\">\n<tr class=\"cav--c-PJLV\">\n<td class=\"cav--c-difWUU\"><span class=\"cav--c-gNPphv cav--c-gNPphv-hyvuql-weight-bold\">Manual de Montagem e Instala\u00e7\u00e3o<\/span><\/td>\n<td class=\"cav--c-difWUU\"><a class=\"cav--c-gNPphv cav--c-gNPphv-ihfUNLs-css\" href=\"https:\/\/product-hub-prd.madeiramadeira.com.br\/879098\/documents\/00789364-c649-4f44-b094-d2c27c361faaalmontpan704pt1fnonewporto.pdf\" target=\"_blank\" rel=\"noopener\">Clique aqui para acessar<\/a><\/td>\n<\/tr>\n<\/tbody>\n<\/table>\n<\/div>\n<p><span class=\"cav--c-gNPphv cav--c-dFndkt\">Outras caracter\u00edsticas<\/span><\/p>\n<table class=\"cav--c-gusfms cav--c-gusfms-gjkaP-striped-odd cav--c-gusfms-cmVlgk-textAlign-left\">\n<tbody class=\"cav--c-dKpJQB\">\n<tr class=\"cav--c-PJLV\">\n<td class=\"cav--c-difWUU\"><span class=\"cav--c-gNPphv cav--c-gNPphv-hyvuql-weight-bold\">Possui Prateleiras<\/span><\/td>\n<td class=\"cav--c-difWUU\">03<\/td>\n<\/tr>\n<tr class=\"cav--c-PJLV\">\n<td class=\"cav--c-difWUU\"><span class=\"cav--c-gNPphv cav--c-gNPphv-hyvuql-weight-bold\">Possui Portas<\/span><\/td>\n<td class=\"cav--c-difWUU\">04<\/td>\n<\/tr>\n<\/tbody>\n<\/table>\n<\/div>\n<\/div>\n<div class=\"cav--c-eNhzRw cav--c-eNhzRw-fiXSPN-sm-12 cav--c-eNhzRw-ilRjaj-lg-6\">\n<div class=\"cav--c-lesPJm\">\n<div class=\"cav--c-lesPJm\"><span class=\"cav--c-gNPphv cav--c-dFndkt\">Caracter\u00edsticas<\/span><\/p>\n<table class=\"cav--c-gusfms cav--c-gusfms-gjkaP-striped-odd cav--c-gusfms-cmVlgk-textAlign-left\">\n<tbody class=\"cav--c-dKpJQB\">\n<tr class=\"cav--c-PJLV\">\n<td class=\"cav--c-difWUU\"><span class=\"cav--c-gNPphv cav--c-gNPphv-hyvuql-weight-bold\">Tipo de Porta<\/span><\/td>\n<td class=\"cav--c-difWUU\">Bater<\/td>\n<\/tr>\n<tr class=\"cav--c-PJLV\">\n<td class=\"cav--c-difWUU\"><span class=\"cav--c-gNPphv cav--c-gNPphv-hyvuql-weight-bold\">Tipo de Paneleiro<\/span><\/td>\n<td class=\"cav--c-difWUU\">Paneleiro Forno<\/td>\n<\/tr>\n<tr class=\"cav--c-PJLV\">\n<td class=\"cav--c-difWUU\"><span class=\"cav--c-gNPphv cav--c-gNPphv-hyvuql-weight-bold\">Marca<\/span><\/td>\n<td class=\"cav--c-difWUU\">Itatiaia<\/td>\n<\/tr>\n<tr class=\"cav--c-PJLV\">\n<td class=\"cav--c-difWUU\"><span class=\"cav--c-gNPphv cav--c-gNPphv-hyvuql-weight-bold\">Suporta At\u00e9 (kg)<\/span><\/td>\n<td class=\"cav--c-difWUU\">90 kg<\/td>\n<\/tr>\n<tr class=\"cav--c-PJLV\">\n<td class=\"cav--c-difWUU\"><span class=\"cav--c-gNPphv cav--c-gNPphv-hyvuql-weight-bold\">Possui Rod\u00edzio<\/span><\/td>\n<td class=\"cav--c-difWUU\">N\u00e3o<\/td>\n<\/tr>\n<tr class=\"cav--c-PJLV\">\n<td class=\"cav--c-difWUU\"><span class=\"cav--c-gNPphv cav--c-gNPphv-hyvuql-weight-bold\">Possui P\u00e9s<\/span><\/td>\n<td class=\"cav--c-difWUU\">Sim<\/td>\n<\/tr>\n<tr class=\"cav--c-PJLV\">\n<td class=\"cav--c-difWUU\"><span class=\"cav--c-gNPphv cav--c-gNPphv-hyvuql-weight-bold\">Possui Gavetas<\/span><\/td>\n<td class=\"cav--c-difWUU\">N\u00e3o<\/td>\n<\/tr>\n<tr class=\"cav--c-PJLV\">\n<td class=\"cav--c-difWUU\"><span class=\"cav--c-gNPphv cav--c-gNPphv-hyvuql-weight-bold\">Peso M\u00e1ximo por Prateleira<\/span><\/td>\n<td class=\"cav--c-difWUU\">15 kg<\/td>\n<\/tr>\n<tr class=\"cav--c-PJLV\">\n<td class=\"cav--c-difWUU\"><span class=\"cav--c-gNPphv cav--c-gNPphv-hyvuql-weight-bold\">Linha ou Cole\u00e7\u00e3o<\/span><\/td>\n<td class=\"cav--c-difWUU\">New Porto<\/td>\n<\/tr>\n<tr class=\"cav--c-PJLV\">\n<td class=\"cav--c-difWUU\"><span class=\"cav--c-gNPphv cav--c-gNPphv-hyvuql-weight-bold\">Estilo<\/span><\/td>\n<td class=\"cav--c-difWUU\">Moderno<\/td>\n<\/tr>\n<tr class=\"cav--c-PJLV\">\n<td class=\"cav--c-difWUU\"><span class=\"cav--c-gNPphv cav--c-gNPphv-hyvuql-weight-bold\">P\u00e9s Regul\u00e1veis<\/span><\/td>\n<td class=\"cav--c-difWUU\">Sim<\/td>\n<\/tr>\n<tr class=\"cav--c-PJLV\">\n<td class=\"cav--c-difWUU\"><span class=\"cav--c-gNPphv cav--c-gNPphv-hyvuql-weight-bold\">Sapatas Niveladoras<\/span><\/td>\n<td class=\"cav--c-difWUU\">Sim<\/td>\n<\/tr>\n<tr class=\"cav--c-PJLV\">\n<td class=\"cav--c-difWUU\"><span class=\"cav--c-gNPphv cav--c-gNPphv-hyvuql-weight-bold\">Cor do Produto<\/span><\/td>\n<td class=\"cav--c-difWUU\">Freij\u00f3\/Grafite<\/td>\n<\/tr>\n<tr class=\"cav--c-PJLV\">\n<td class=\"cav--c-difWUU\"><span class=\"cav--c-gNPphv cav--c-gNPphv-hyvuql-weight-bold\">Cor Interna<\/span><\/td>\n<td class=\"cav--c-difWUU\">Freijo<\/td>\n<\/tr>\n<tr class=\"cav--c-PJLV\">\n<td class=\"cav--c-difWUU\"><span class=\"cav--c-gNPphv cav--c-gNPphv-hyvuql-weight-bold\">Tipo de Puxador da Porta<\/span><\/td>\n<td class=\"cav--c-difWUU\">Externo<\/td>\n<\/tr>\n<tr class=\"cav--c-PJLV\">\n<td class=\"cav--c-difWUU\"><span class=\"cav--c-gNPphv cav--c-gNPphv-hyvuql-weight-bold\">Tipo de Arm\u00e1rio de Cozinha<\/span><\/td>\n<td class=\"cav--c-difWUU\">Paneleiro<\/td>\n<\/tr>\n<tr class=\"cav--c-PJLV\">\n<td class=\"cav--c-difWUU\"><span class=\"cav--c-gNPphv cav--c-gNPphv-hyvuql-weight-bold\">Possui Espelhos<\/span><\/td>\n<td class=\"cav--c-difWUU\">N\u00e3o<\/td>\n<\/tr>\n<tr class=\"cav--c-PJLV\">\n<td class=\"cav--c-difWUU\"><span class=\"cav--c-gNPphv cav--c-gNPphv-hyvuql-weight-bold\">Origem do Produto<\/span><\/td>\n<td class=\"cav--c-difWUU\">Nacional<\/td>\n<\/tr>\n<tr class=\"cav--c-PJLV\">\n<td class=\"cav--c-difWUU\"><span class=\"cav--c-gNPphv cav--c-gNPphv-hyvuql-weight-bold\">Ambiente Principal<\/span><\/td>\n<td class=\"cav--c-difWUU\">Cozinha<\/td>\n<\/tr>\n<tr class=\"cav--c-PJLV\">\n<td class=\"cav--c-difWUU\"><span class=\"cav--c-gNPphv cav--c-gNPphv-hyvuql-weight-bold\">Cor Predominante<\/span><\/td>\n<td class=\"cav--c-difWUU\">Cinza<\/td>\n<\/tr>\n<\/tbody>\n<\/table>\n<\/div>\n<div class=\"cav--c-lesPJm\"><span class=\"cav--c-gNPphv cav--c-dFndkt\">Itens Inclusos<\/span><\/div>\n<\/div>\n<\/div>\n","protected":false},"excerpt":{"rendered":"<p>Descri\u00e7\u00e3o Paneleiro 4 Portas 70cm Espa\u00e7o para Forno 100% MDF Dobradi\u00e7a Slow Motion New Porto Itatiaia Paneleiro Itatiaia New Porto 1 Forno com 4 portas e nicho, corpo em MDF<\/p>\n","protected":false},"featured_media":15017,"comment_status":"open","ping_status":"closed","template":"","meta":[],"product_brand":[],"product_cat":[15],"product_tag":[],"class_list":{"0":"post-15016","1":"product","2":"type-product","3":"status-publish","4":"has-post-thumbnail","6":"product_cat-produtos","7":"product_shipping_class-retirar-no-local","9":"first","10":"instock","11":"shipping-taxable","12":"purchasable","13":"product-type-simple"},"_links":{"self":[{"href":"https:\/\/ambrosioeletro.com.br\/v20\/wp-json\/wp\/v2\/product\/15016","targetHints":{"allow":["GET"]}}],"collection":[{"href":"https:\/\/ambrosioeletro.com.br\/v20\/wp-json\/wp\/v2\/product"}],"about":[{"href":"https:\/\/ambrosioeletro.com.br\/v20\/wp-json\/wp\/v2\/types\/product"}],"replies":[{"embeddable":true,"href":"https:\/\/ambrosioeletro.com.br\/v20\/wp-json\/wp\/v2\/comments?post=15016"}],"wp:featuredmedia":[{"embeddable":true,"href":"https:\/\/ambrosioeletro.com.br\/v20\/wp-json\/wp\/v2\/media\/15017"}],"wp:attachment":[{"href":"https:\/\/ambrosioeletro.com.br\/v20\/wp-json\/wp\/v2\/media?parent=15016"}],"wp:term":[{"taxonomy":"product_brand","embeddable":true,"href":"https:\/\/ambrosioeletro.com.br\/v20\/wp-json\/wp\/v2\/product_brand?post=15016"},{"taxonomy":"product_cat","embeddable":true,"href":"https:\/\/ambrosioeletro.com.br\/v20\/wp-json\/wp\/v2\/product_cat?post=15016"},{"taxonomy":"product_tag","embeddable":true,"href":"https:\/\/ambrosioeletro.com.br\/v20\/wp-json\/wp\/v2\/product_tag?post=15016"}],"curies":[{"name":"wp","href":"https:\/\/api.w.org\/{rel}","templated":true}]}}