{"id":15027,"date":"2026-03-02T15:35:28","date_gmt":"2026-03-02T18:35:28","guid":{"rendered":"https:\/\/ambrosioeletro.com.br\/v20\/?post_type=product&#038;p=15027"},"modified":"2026-04-20T14:45:03","modified_gmt":"2026-04-20T17:45:03","slug":"armario-de-cozinha-aereo-itatiaia-new-porto-120-cinamomo-off-white","status":"publish","type":"product","link":"https:\/\/ambrosioeletro.com.br\/v20\/produto\/armario-de-cozinha-aereo-itatiaia-new-porto-120-cinamomo-off-white\/","title":{"rendered":"Armario de Cozinha Aereo Itatiaia New Porto 120 Cinamomo\/Off White"},"content":{"rendered":"<div class=\"relative px-md overflow-hidden border-on-surface-8 after:pointer-events-none after:absolute after:bottom-[0] after:left-[0] after:h-[72px] after:w-full after:bg-gradient-to-b after:from-[#FFFFFF00] after:to-[#FFFFFF] md:after:content-none md:px-lg max-md:border-b-thin\" data-testid=\"tab-product-detail\">\n<h2 class=\"text-on-surface-2 font-md-bold md:font-title-large-highlight md:mb-md\" data-testid=\"product-details-title\">Descri\u00e7\u00e3o e ficha t\u00e9cnica<\/h2>\n<div data-testid=\"product-detail\">\n<p class=\"mt-2xsm text-on-surface-4 font-xsm-regular\" data-testid=\"product-detail-code\">C\u00f3digo\u00a0gd7781b678<\/p>\n<div class=\"mt-md font-xsm-regular\" data-testid=\"product-detail-description\">O Arm\u00e1rio A\u00e9reo da Linha New Porto \u00e9 uma excelente op\u00e7\u00e3o para quem busca por uma op\u00e7\u00e3o moderna e que se adapte ao ambiente da cozinha. Seu material em MDF garante durabilidade e resist\u00eancia, enquanto os puxadores em ABS proporcionam um toque de eleg\u00e2ncia ao m\u00f3vel. Com pist\u00e3o a g\u00e1s para facilitar a abertura e fechamento da porta, este arm\u00e1rio oferece conforto e suavidade no dia a dia. Ele possui: Qtde volumes: 1. Profundidade montado: 31cm. Largura montado: 120cm. Altura montado: 67,5cm. Peso(Kg): 33,7. corpo em mdf 15mm pintado com filete de papel; portas em mdf pintado 15mm com filete pvc; caixas em papelao revestidas com plastico termoretratil. estrutura geral prod: madeira mdf. qtde portas: 1. qtd. prateleiras\/base: 4. estrutura prateleiras: mdp pintado. dobradica 35mm metalica. puxador em abs pintado. acabamentos: porta pintado em offwithe corpo pintado. prod necessita montagem: sim.<\/div>\n<\/div>\n<\/div>\n<div class=\"hidden border-on-surface-8 md:px-lg md:block md:py-md\" data-testid=\"tab-product-factsheet\">\n<h2 class=\"text-on-surface-2 font-md-bold md:font-title-large-highlight md:mb-md\" data-testid=\"product-factsheet-title\">Ficha T\u00e9cnica<\/h2>\n<div class=\"pt-2xsm\">\n<table class=\"w-full list-none\" data-testid=\"table-factsheet\">\n<tbody>\n<tr class=\"text-on-surface-3 even:bg-surface-container-lower\">\n<td class=\"px-md py-sm font-xsm-bold align-top table-cell w-1\/2\" data-testid=\"table-factsheet-key\">Materiais do corpo<\/td>\n<td class=\"px-md py-sm font-xsm-regular list-item w-full align-top\">madeira<\/td>\n<\/tr>\n<tr class=\"text-on-surface-3 even:bg-surface-container-lower\">\n<td class=\"px-md py-sm font-xsm-bold align-top table-cell w-1\/2\" data-testid=\"table-factsheet-key\">Tipo de m\u00f3veis de cozinha<\/td>\n<td class=\"px-md py-sm font-xsm-regular list-item w-full align-top\">Arm\u00e1rio<\/td>\n<\/tr>\n<tr class=\"text-on-surface-3 even:bg-surface-container-lower\">\n<td class=\"px-md py-sm font-xsm-bold align-top table-cell w-1\/2\" data-testid=\"table-factsheet-key\">Requer montagem<\/td>\n<td class=\"px-md py-sm font-xsm-regular list-item w-full align-top\">sim<\/td>\n<\/tr>\n<tr class=\"text-on-surface-3 even:bg-surface-container-lower\">\n<td class=\"px-md py-sm font-xsm-bold align-top table-cell w-1\/2\" data-testid=\"table-factsheet-key\">Inclui manual de montagem<\/td>\n<td class=\"px-md py-sm font-xsm-regular list-item w-full align-top\">sim<\/td>\n<\/tr>\n<tr class=\"text-on-surface-3 even:bg-surface-container-lower\">\n<td class=\"px-md py-sm font-xsm-bold align-top table-cell w-1\/2\" data-testid=\"table-factsheet-key\">Conte\u00fado da Embalagem<\/td>\n<td class=\"px-md py-sm font-xsm-regular list-item w-full align-top\">caixas em papelao revestidas com plastico termoretratil<\/td>\n<\/tr>\n<tr class=\"text-on-surface-3 even:bg-surface-container-lower\">\n<td class=\"px-md py-sm font-xsm-bold align-top table-cell w-1\/2\" data-testid=\"table-factsheet-key\">Cor<\/td>\n<td class=\"px-md py-sm font-xsm-regular list-item w-full align-top\">Cinamomo\/Off-White<\/td>\n<\/tr>\n<tr class=\"text-on-surface-3 even:bg-surface-container-lower\">\n<td class=\"px-md py-sm font-xsm-bold align-top table-cell w-1\/2\" data-testid=\"table-factsheet-key\">Dimens\u00f5es do Produto<\/td>\n<td class=\"px-md py-sm font-xsm-regular list-item w-full align-top\">Profundidade montado: 31cm. Largura montado: 120cm. Altura montado: 67,5cm<\/td>\n<\/tr>\n<tr class=\"text-on-surface-3 even:bg-surface-container-lower\">\n<td class=\"px-md py-sm font-xsm-bold align-top table-cell w-1\/2\" data-testid=\"table-factsheet-key\">Linha<\/td>\n<td class=\"px-md py-sm font-xsm-regular list-item w-full align-top\">New Porto<\/td>\n<\/tr>\n<tr class=\"text-on-surface-3 even:bg-surface-container-lower\">\n<td class=\"px-md py-sm font-xsm-bold align-top table-cell w-1\/2\" data-testid=\"table-factsheet-key\">Marca<\/td>\n<td class=\"px-md py-sm font-xsm-regular list-item w-full align-top\"><a class=\"hover:text-interaction-default underline\" href=\"https:\/\/www.magazineluiza.com.br\/marcas\/itatiaia\/\">Itatiaia<\/a><\/td>\n<\/tr>\n<tr class=\"text-on-surface-3 even:bg-surface-container-lower\">\n<td class=\"px-md py-sm font-xsm-bold align-top table-cell w-1\/2\" data-testid=\"table-factsheet-key\">Material<\/td>\n<td class=\"px-md py-sm font-xsm-regular list-item w-full align-top\">MDF<\/td>\n<\/tr>\n<tr class=\"text-on-surface-3 even:bg-surface-container-lower\">\n<td class=\"px-md py-sm font-xsm-bold align-top table-cell w-1\/2\" data-testid=\"table-factsheet-key\">Peso do Produto<\/td>\n<td class=\"px-md py-sm font-xsm-regular list-item w-full align-top\">33,7<\/td>\n<\/tr>\n<tr class=\"text-on-surface-3 even:bg-surface-container-lower\">\n<td class=\"px-md py-sm font-xsm-bold align-top table-cell w-1\/2\" data-testid=\"table-factsheet-key\">Quantidade de Pe\u00e7as<\/td>\n<td class=\"px-md py-sm font-xsm-regular list-item w-full align-top\">1<\/td>\n<\/tr>\n<tr class=\"text-on-surface-3 even:bg-surface-container-lower\">\n<td class=\"px-md py-sm font-xsm-bold align-top table-cell w-1\/2\" data-testid=\"table-factsheet-key\">Tipo de Organizador<\/td>\n<td class=\"px-md py-sm font-xsm-regular list-item w-full align-top\">Arm\u00e1rio<\/td>\n<\/tr>\n<\/tbody>\n<\/table>\n<\/div>\n<\/div>\n","protected":false},"excerpt":{"rendered":"<p>Descri\u00e7\u00e3o e ficha t\u00e9cnica C\u00f3digo\u00a0gd7781b678 O Arm\u00e1rio A\u00e9reo da Linha New Porto \u00e9 uma excelente op\u00e7\u00e3o para quem busca por uma op\u00e7\u00e3o moderna e que se adapte ao ambiente da<\/p>\n","protected":false},"featured_media":15029,"comment_status":"open","ping_status":"closed","template":"","meta":[],"product_brand":[],"product_cat":[15],"product_tag":[],"class_list":{"0":"post-15027","1":"product","2":"type-product","3":"status-publish","4":"has-post-thumbnail","6":"product_cat-produtos","7":"product_shipping_class-retirar-no-local","9":"first","10":"instock","11":"shipping-taxable","12":"purchasable","13":"product-type-simple"},"_links":{"self":[{"href":"https:\/\/ambrosioeletro.com.br\/v20\/wp-json\/wp\/v2\/product\/15027","targetHints":{"allow":["GET"]}}],"collection":[{"href":"https:\/\/ambrosioeletro.com.br\/v20\/wp-json\/wp\/v2\/product"}],"about":[{"href":"https:\/\/ambrosioeletro.com.br\/v20\/wp-json\/wp\/v2\/types\/product"}],"replies":[{"embeddable":true,"href":"https:\/\/ambrosioeletro.com.br\/v20\/wp-json\/wp\/v2\/comments?post=15027"}],"wp:featuredmedia":[{"embeddable":true,"href":"https:\/\/ambrosioeletro.com.br\/v20\/wp-json\/wp\/v2\/media\/15029"}],"wp:attachment":[{"href":"https:\/\/ambrosioeletro.com.br\/v20\/wp-json\/wp\/v2\/media?parent=15027"}],"wp:term":[{"taxonomy":"product_brand","embeddable":true,"href":"https:\/\/ambrosioeletro.com.br\/v20\/wp-json\/wp\/v2\/product_brand?post=15027"},{"taxonomy":"product_cat","embeddable":true,"href":"https:\/\/ambrosioeletro.com.br\/v20\/wp-json\/wp\/v2\/product_cat?post=15027"},{"taxonomy":"product_tag","embeddable":true,"href":"https:\/\/ambrosioeletro.com.br\/v20\/wp-json\/wp\/v2\/product_tag?post=15027"}],"curies":[{"name":"wp","href":"https:\/\/api.w.org\/{rel}","templated":true}]}}