{"id":15030,"date":"2026-03-02T15:38:54","date_gmt":"2026-03-02T18:38:54","guid":{"rendered":"https:\/\/ambrosioeletro.com.br\/v20\/?post_type=product&#038;p=15030"},"modified":"2026-04-17T16:13:05","modified_gmt":"2026-04-17T19:13:05","slug":"armario-aereo-de-cozinha-itatiaia-1-porta-1-nicho-grafite-new-porto","status":"publish","type":"product","link":"https:\/\/ambrosioeletro.com.br\/v20\/produto\/armario-aereo-de-cozinha-itatiaia-1-porta-1-nicho-grafite-new-porto\/","title":{"rendered":"Arm\u00e1rio A\u00e9reo de Cozinha Itatiaia 1 Porta 1 Nicho Grafite New Porto"},"content":{"rendered":"<p>O\u00a0<strong>Arm\u00e1rio A\u00e9reo Itatiaia New Porto<\/strong>\u00a0\u00e9 a escolha ideal para quem busca um arm\u00e1rio a\u00e9reo de cozinha moderno, funcional e com excelente durabilidade. Desenvolvido para otimizar o espa\u00e7o e manter o ambiente organizado, ele combina design contempor\u00e2neo com materiais de alta qualidade, tornando sua cozinha mais pr\u00e1tica e elegante.<br \/>\nVers\u00e1til, adapta-se facilmente a diferentes estilos de decora\u00e7\u00e3o e \u00e9 perfeito para composi\u00e7\u00f5es moduladas, contribuindo para um ambiente mais harmonioso.<\/p>\n<h3>\n<strong>Destaques que fazem a diferen\u00e7a<\/strong><\/h3>\n<p><strong>Estrutura 100% em MDF<\/strong><br \/>\nMaterial resistente que oferece maior durabilidade e estabilidade, ideal para o uso di\u00e1rio na cozinha.<br \/>\n<strong>Puxadores em ABS com design anat\u00f4mico<\/strong><br \/>\nLeves, confort\u00e1veis no manuseio e resistentes ao uso cont\u00ednuo, agregando funcionalidade ao m\u00f3vel.<br \/>\n<strong>Sistema com pist\u00e3o a g\u00e1s<\/strong><br \/>\nProporciona abertura suave e segura, al\u00e9m de mais praticidade no dia a dia. Tamb\u00e9m facilita a instala\u00e7\u00e3o e melhora a experi\u00eancia de uso.<br \/>\n<strong>Design moderno e vers\u00e1til<\/strong><br \/>\nPensado para se adaptar ao ambiente da cozinha, ajudando a criar uma composi\u00e7\u00e3o elegante e funcional.<br \/>\n<strong>Aproveitamento inteligente do espa\u00e7o a\u00e9reo<\/strong><br \/>\nIdeal para armazenar utens\u00edlios, mantimentos e objetos do dia a dia, mantendo tudo organizado e ao alcance das m\u00e3os.<\/p>\n<p>O\u00a0<strong>Arm\u00e1rio A\u00e9reo Itatiaia New Porto<\/strong>\u00a0une resist\u00eancia, praticidade e um visual atual para transformar sua cozinha em um ambiente mais eficiente e organizado, com a qualidade reconhecida da Itatiaia.<br \/>\n<strong>Aten\u00e7\u00e3o: as cores do produto podem variar conforme as configura\u00e7\u00f5es do monitor ou dispositivo.<\/strong><\/p>\n<div class=\"itatiaia-store-theme-7-x-measureItem flex items-center flex-column flex-row-l\"><img decoding=\"async\" src=\"https:\/\/itatiaia.vtexassets.com\/_v\/public\/assets\/v1\/published\/itatiaia.store-theme@7.2.1\/public\/react\/db6949944c7b12dec292d2e8bff99402.svg\" alt=\"\u00cdcone de Altura \" crossorigin=\"anonymous\" \/><\/p>\n<div class=\"itatiaia-store-theme-7-x-measureColumn flex flex-column items-center\"><span class=\"itatiaia-store-theme-7-x-measure nowrap\">Altura<\/span><span class=\"itatiaia-store-theme-7-x-measureValue nowrap\">67.5 cm<\/span><\/div>\n<\/div>\n<div class=\"itatiaia-store-theme-7-x-measureItem flex items-center flex-column flex-row-l\"><img decoding=\"async\" src=\"https:\/\/itatiaia.vtexassets.com\/_v\/public\/assets\/v1\/published\/itatiaia.store-theme@7.2.1\/public\/react\/2bdb2ea315717824bf6b6808678507d3.svg\" alt=\"\u00cdcone de Largura \" crossorigin=\"anonymous\" \/><\/p>\n<div class=\"itatiaia-store-theme-7-x-measureColumn flex flex-column items-center\"><span class=\"itatiaia-store-theme-7-x-measure nowrap\">Largura<\/span><span class=\"itatiaia-store-theme-7-x-measureValue nowrap\">120 cm<\/span><\/div>\n<\/div>\n<div class=\"itatiaia-store-theme-7-x-measureItem flex items-center flex-column flex-row-l\"><img decoding=\"async\" src=\"https:\/\/itatiaia.vtexassets.com\/_v\/public\/assets\/v1\/published\/itatiaia.store-theme@7.2.1\/public\/react\/9dbee786857690e61162607591a1ca94.svg\" alt=\"\u00cdcone de Profundidade \" crossorigin=\"anonymous\" \/><\/p>\n<div class=\"itatiaia-store-theme-7-x-measureColumn flex flex-column items-center\"><span class=\"itatiaia-store-theme-7-x-measure nowrap\">Profundidade<\/span><span class=\"itatiaia-store-theme-7-x-measureValue nowrap\">31 cm<\/span><\/div>\n<\/div>\n<div class=\"itatiaia-store-theme-7-x-measureItem flex items-center flex-column flex-row-l\"><img decoding=\"async\" src=\"https:\/\/itatiaia.vtexassets.com\/_v\/public\/assets\/v1\/published\/itatiaia.store-theme@7.2.1\/public\/react\/bfcc0cb5a664df67062281fafb900309.svg\" alt=\"\u00cdcone de Peso \" crossorigin=\"anonymous\" \/><\/p>\n<div class=\"itatiaia-store-theme-7-x-measureColumn flex flex-column items-center\"><span class=\"itatiaia-store-theme-7-x-measure nowrap\">Peso<\/span><span class=\"itatiaia-store-theme-7-x-measureValue nowrap\">33.2 kg<\/span><\/div>\n<\/div>\n","protected":false},"excerpt":{"rendered":"<p>O\u00a0Arm\u00e1rio A\u00e9reo Itatiaia New Porto\u00a0\u00e9 a escolha ideal para quem busca um arm\u00e1rio a\u00e9reo de cozinha moderno, funcional e com excelente durabilidade. Desenvolvido para otimizar o espa\u00e7o e manter o<\/p>\n","protected":false},"featured_media":15032,"comment_status":"open","ping_status":"closed","template":"","meta":[],"product_brand":[],"product_cat":[15],"product_tag":[],"class_list":{"0":"post-15030","1":"product","2":"type-product","3":"status-publish","4":"has-post-thumbnail","6":"product_cat-produtos","7":"product_shipping_class-retirar-no-local","9":"first","10":"instock","11":"shipping-taxable","12":"purchasable","13":"product-type-simple"},"_links":{"self":[{"href":"https:\/\/ambrosioeletro.com.br\/v20\/wp-json\/wp\/v2\/product\/15030","targetHints":{"allow":["GET"]}}],"collection":[{"href":"https:\/\/ambrosioeletro.com.br\/v20\/wp-json\/wp\/v2\/product"}],"about":[{"href":"https:\/\/ambrosioeletro.com.br\/v20\/wp-json\/wp\/v2\/types\/product"}],"replies":[{"embeddable":true,"href":"https:\/\/ambrosioeletro.com.br\/v20\/wp-json\/wp\/v2\/comments?post=15030"}],"wp:featuredmedia":[{"embeddable":true,"href":"https:\/\/ambrosioeletro.com.br\/v20\/wp-json\/wp\/v2\/media\/15032"}],"wp:attachment":[{"href":"https:\/\/ambrosioeletro.com.br\/v20\/wp-json\/wp\/v2\/media?parent=15030"}],"wp:term":[{"taxonomy":"product_brand","embeddable":true,"href":"https:\/\/ambrosioeletro.com.br\/v20\/wp-json\/wp\/v2\/product_brand?post=15030"},{"taxonomy":"product_cat","embeddable":true,"href":"https:\/\/ambrosioeletro.com.br\/v20\/wp-json\/wp\/v2\/product_cat?post=15030"},{"taxonomy":"product_tag","embeddable":true,"href":"https:\/\/ambrosioeletro.com.br\/v20\/wp-json\/wp\/v2\/product_tag?post=15030"}],"curies":[{"name":"wp","href":"https:\/\/api.w.org\/{rel}","templated":true}]}}