{"id":15033,"date":"2026-03-02T15:42:30","date_gmt":"2026-03-02T18:42:30","guid":{"rendered":"https:\/\/ambrosioeletro.com.br\/v20\/?post_type=product&#038;p=15033"},"modified":"2026-03-02T16:51:09","modified_gmt":"2026-03-02T19:51:09","slug":"balcao-com-tampo-3-portas-2-gavetas-120cm-mdf-new-porto-itatiaia-grafite","status":"publish","type":"product","link":"https:\/\/ambrosioeletro.com.br\/v20\/produto\/balcao-com-tampo-3-portas-2-gavetas-120cm-mdf-new-porto-itatiaia-grafite\/","title":{"rendered":"Balc\u00e3o com Tampo 3 Portas 2 Gavetas 120cm MDF New Porto Itatiaia &#8211; Grafite"},"content":{"rendered":"<h4><b>BALC\u00c3O COM TAMPO 3 PORTAS 2 GAVETAS 120CM MDF NEW PORTO ITATIAIA<\/b><\/h4>\n<p>Deixe sua cozinha mais moderna e organizada sem ocupar muito espa\u00e7o! O<b>\u00a0balc\u00e3o com tampo New Porto Itatiaia<\/b>, combina um design compacto com<b>\u00a0<\/b>estrutura de qualidade em\u00a0<b>MDF\u00a0<\/b>para completar sua cozinha. Confira:<\/p>\n<p>&nbsp;<\/p>\n<h4><b>Praticidade<\/b><\/h4>\n<p>Ele possui\u00a0<b>3\u00a0portas<\/b>,\u00a0<b>2 gavetas\u00a0<\/b>de espa\u00e7o interno,\u00a0<b>p\u00e9s regul\u00e1veis<\/b>\u00a0e\u00a0<b>tampo\u00a0<\/b>para voc\u00ea aproveitar! Sejam artigos de lou\u00e7a, utens\u00edlios. n\u00e3o importa! Voc\u00ea escolhe o que guardar e como se organizar!<\/p>\n<p>&nbsp;<\/p>\n<h4><b>Sobre a marca: Itatiaia, sofistica\u00e7\u00e3o e qualidade!<\/b><\/h4>\n<p>Em um pequeno galp\u00e3o, na cidade de Ub\u00e1, em Minas Gerais, nascia, em 1964, a Itatiaia. Com apenas oito\u00a0 colaboradores e a ess\u00eancia vision\u00e1ria de seu fundador. Uma empresa que vislumbra o alto, dialoga com seu tempo e com o DNA da inova\u00e7\u00e3o, supera expectativas. Sua hist\u00f3ria de sucesso \u00e9 edificada diariamente, com a dedica\u00e7\u00e3o, talento, admira\u00e7\u00e3o e confian\u00e7a de seus colaboradores e clientes, partes essenciais da sua trajet\u00f3ria. Hoje, com mais de 50 anos de mercado, a empresa tornou-se refer\u00eancia no seu setor. \u00c9 a maior fabricante de cozinhas do Brasil, com aproximadamente 1200 colaboradores diretos, e exporta seus produtos para a Am\u00e9rica do Sul, Am\u00e9rica Central e \u00c1frica.<\/p>\n<p>&nbsp;<\/p>\n<h4><b>Detalhes sobre a compra:\u00a0<\/b><\/h4>\n<ul>\n<li>Fique de olho: siga sempre as\u00a0<b>orienta\u00e7\u00f5es do fabricante<\/b>\u00a0e utilize seu produto de acordo com o manual. A empresa n\u00e3o se responsabiliza pelo mau uso do produto, o que pode causar perda da garantia.<\/li>\n<li>N\u00e3o nos encarregamos, no ato da entrega, po<b>r montagens e desmontagens<\/b>, subir escadas\/elevadores ou transporte por guincho para apartamentos. Eventuais despesas s\u00e3o de responsabilidade do cliente.<\/li>\n<li>O valor divulgado \u00e9 unit\u00e1rio e a imagem \u00e9 meramente ilustrativa. Precisou trocar ou devolver? O\u00a0<b>prazo \u00e9 de 7 dias<\/b>\u00a0a partir do recebimento do produto &#8211; Lei n\u00ba 8.078 \u2013 Sempre confira no ato da entrega.<\/li>\n<li>\n<table class=\"chakra-table css-10mqv7g\">\n<tbody class=\"css-0\">\n<tr class=\"sc-14b0540b-4 ePsWJl css-z41xqw\">\n<td class=\"sc-14b0540b-0 izWBiG css-1l724ns\">Marca<\/td>\n<td class=\"sc-14b0540b-1 kCVXWu css-1l44453\">Itatiaia<\/td>\n<\/tr>\n<tr class=\"sc-14b0540b-4 ePsWJl css-z41xqw\">\n<td class=\"sc-14b0540b-0 izWBiG css-1l724ns\">Modelo<\/td>\n<td class=\"sc-14b0540b-1 kCVXWu css-1l44453\">New Porto<\/td>\n<\/tr>\n<tr class=\"sc-14b0540b-4 ePsWJl css-z41xqw\">\n<td class=\"sc-14b0540b-0 izWBiG css-1l724ns\">Tipo<\/td>\n<td class=\"sc-14b0540b-1 kCVXWu css-1l44453\">Balc\u00e3o<\/td>\n<\/tr>\n<tr class=\"sc-14b0540b-4 ePsWJl css-z41xqw\">\n<td class=\"sc-14b0540b-0 izWBiG css-1l724ns\">Quantidade de portas<\/td>\n<td class=\"sc-14b0540b-1 kCVXWu css-1l44453\">3 portas<\/td>\n<\/tr>\n<tr class=\"sc-14b0540b-4 ePsWJl css-z41xqw\">\n<td class=\"sc-14b0540b-0 izWBiG css-1l724ns\">Quantidade de gavetas<\/td>\n<td class=\"sc-14b0540b-1 kCVXWu css-1l44453\">2 gavetas<\/td>\n<\/tr>\n<tr class=\"sc-14b0540b-4 ePsWJl css-z41xqw\">\n<td class=\"sc-14b0540b-0 izWBiG css-1l724ns\">Material da estrutura<\/td>\n<td class=\"sc-14b0540b-1 kCVXWu css-1l44453\">MDF<\/td>\n<\/tr>\n<tr class=\"sc-14b0540b-4 ePsWJl css-z41xqw\">\n<td class=\"sc-14b0540b-0 izWBiG css-1l724ns\">Tampo<\/td>\n<td class=\"sc-14b0540b-1 kCVXWu css-1l44453\">Sim<\/td>\n<\/tr>\n<tr class=\"sc-14b0540b-4 ePsWJl css-z41xqw\">\n<td class=\"sc-14b0540b-0 izWBiG css-1l724ns\">Nichos<\/td>\n<td class=\"sc-14b0540b-1 kCVXWu css-1l44453\">N\u00e3o<\/td>\n<\/tr>\n<tr class=\"sc-14b0540b-4 ePsWJl css-z41xqw\">\n<td class=\"sc-14b0540b-0 izWBiG css-1l724ns\">Altura<\/td>\n<td class=\"sc-14b0540b-1 kCVXWu css-1l44453\">88 cm<\/td>\n<\/tr>\n<tr class=\"sc-14b0540b-4 ePsWJl css-z41xqw\">\n<td class=\"sc-14b0540b-0 izWBiG css-1l724ns\">Largura<\/td>\n<td class=\"sc-14b0540b-1 kCVXWu css-1l44453\">120 cm<\/td>\n<\/tr>\n<tr class=\"sc-14b0540b-4 ePsWJl css-z41xqw\">\n<td class=\"sc-14b0540b-0 izWBiG css-1l724ns\">Profundidade<\/td>\n<td class=\"sc-14b0540b-1 kCVXWu css-1l44453\">53 cm<\/td>\n<\/tr>\n<tr class=\"sc-14b0540b-4 ePsWJl css-z41xqw\">\n<td class=\"sc-14b0540b-0 izWBiG css-1l724ns\">Peso<\/td>\n<td class=\"sc-14b0540b-1 kCVXWu css-1l44453\">48,8 kg<\/td>\n<\/tr>\n<tr class=\"sc-14b0540b-4 ePsWJl css-z41xqw\">\n<td class=\"sc-14b0540b-0 izWBiG css-1l724ns\">C\u00f3digo de barras<\/td>\n<td class=\"sc-14b0540b-1 kCVXWu css-1l44453\">7892946446768<\/td>\n<\/tr>\n<tr class=\"sc-14b0540b-4 ePsWJl css-z41xqw\">\n<td class=\"sc-14b0540b-0 izWBiG css-1l724ns\">Origem<\/td>\n<td class=\"sc-14b0540b-1 kCVXWu css-1l44453\">Nacional<\/td>\n<\/tr>\n<tr class=\"sc-14b0540b-4 ePsWJl css-z41xqw\">\n<td class=\"sc-14b0540b-0 izWBiG css-1l724ns\">Garantia<\/td>\n<td class=\"sc-14b0540b-1 kCVXWu css-1l44453\">6 meses<\/td>\n<\/tr>\n<tr class=\"sc-14b0540b-4 ePsWJl css-z41xqw\">\n<td class=\"sc-14b0540b-0 izWBiG css-1l724ns\">Conte\u00fado da embalagem<\/td>\n<td class=\"sc-14b0540b-1 kCVXWu css-1l44453\">01 balc\u00e3o com tampo, acess\u00f3rios para montagem e manual de instru\u00e7\u00f5es<\/td>\n<\/tr>\n<\/tbody>\n<\/table>\n<\/li>\n<\/ul>\n","protected":false},"excerpt":{"rendered":"<p>BALC\u00c3O COM TAMPO 3 PORTAS 2 GAVETAS 120CM MDF NEW PORTO ITATIAIA Deixe sua cozinha mais moderna e organizada sem ocupar muito espa\u00e7o! O\u00a0balc\u00e3o com tampo New Porto Itatiaia, combina<\/p>\n","protected":false},"featured_media":15036,"comment_status":"open","ping_status":"closed","template":"","meta":[],"product_brand":[],"product_cat":[15],"product_tag":[],"class_list":{"0":"post-15033","1":"product","2":"type-product","3":"status-publish","4":"has-post-thumbnail","6":"product_cat-produtos","7":"product_shipping_class-retirar-no-local","9":"first","10":"outofstock","11":"shipping-taxable","12":"purchasable","13":"product-type-simple"},"_links":{"self":[{"href":"https:\/\/ambrosioeletro.com.br\/v20\/wp-json\/wp\/v2\/product\/15033","targetHints":{"allow":["GET"]}}],"collection":[{"href":"https:\/\/ambrosioeletro.com.br\/v20\/wp-json\/wp\/v2\/product"}],"about":[{"href":"https:\/\/ambrosioeletro.com.br\/v20\/wp-json\/wp\/v2\/types\/product"}],"replies":[{"embeddable":true,"href":"https:\/\/ambrosioeletro.com.br\/v20\/wp-json\/wp\/v2\/comments?post=15033"}],"wp:featuredmedia":[{"embeddable":true,"href":"https:\/\/ambrosioeletro.com.br\/v20\/wp-json\/wp\/v2\/media\/15036"}],"wp:attachment":[{"href":"https:\/\/ambrosioeletro.com.br\/v20\/wp-json\/wp\/v2\/media?parent=15033"}],"wp:term":[{"taxonomy":"product_brand","embeddable":true,"href":"https:\/\/ambrosioeletro.com.br\/v20\/wp-json\/wp\/v2\/product_brand?post=15033"},{"taxonomy":"product_cat","embeddable":true,"href":"https:\/\/ambrosioeletro.com.br\/v20\/wp-json\/wp\/v2\/product_cat?post=15033"},{"taxonomy":"product_tag","embeddable":true,"href":"https:\/\/ambrosioeletro.com.br\/v20\/wp-json\/wp\/v2\/product_tag?post=15033"}],"curies":[{"name":"wp","href":"https:\/\/api.w.org\/{rel}","templated":true}]}}