{"id":15045,"date":"2026-03-02T15:56:39","date_gmt":"2026-03-02T18:56:39","guid":{"rendered":"https:\/\/ambrosioeletro.com.br\/v20\/?post_type=product&#038;p=15045"},"modified":"2026-04-17T15:51:08","modified_gmt":"2026-04-17T18:51:08","slug":"balcao-de-cozinha-itaiaia-2-portas-grafite-new-porto","status":"publish","type":"product","link":"https:\/\/ambrosioeletro.com.br\/v20\/produto\/balcao-de-cozinha-itaiaia-2-portas-grafite-new-porto\/","title":{"rendered":"Balc\u00e3o de Cozinha Itaiaia 2 Portas Grafite New Porto"},"content":{"rendered":"<h2 class=\"vtex-store-components-3-x-productDescriptionTitle vtex-store-components-3-x-productDescriptionTitle--product-description t-heading-5 mb5 mt0\">Descri\u00e7\u00e3o do produto<\/h2>\n<div class=\"vtex-store-components-3-x-productDescriptionText vtex-store-components-3-x-productDescriptionText--product-description c-muted-1\">\n<div>O\u00a0<strong>Balc\u00e3o de Cozinha Itatiaia New Porto<\/strong>\u00a0\u00e9 ideal para quem procura um balc\u00e3o de cozinha moderno, robusto e vers\u00e1til. Produzido 100% em MDF, ele foi desenvolvido para oferecer maior durabilidade e excelente capacidade de armazenamento, ajudando a manter sua cozinha organizada e preparada para o uso di\u00e1rio.<br \/>\nCom dimens\u00f5es bem planejadas e estrutura refor\u00e7ada, o m\u00f3vel suporta utens\u00edlios e mantimentos com seguran\u00e7a, sendo uma solu\u00e7\u00e3o pr\u00e1tica para diferentes tamanhos de cozinha.<\/p>\n<h3>\n<strong>Destaques que fazem a diferen\u00e7a<\/strong><\/h3>\n<p><strong>Estrutura 100% em MDF<\/strong><br \/>\nMaterial resistente que garante estabilidade e longa vida \u00fatil, ideal para acompanhar a rotina da cozinha.<br \/>\n<strong>Tampo em MDF de 25 mm impermeabilizado<\/strong><br \/>\nResistente \u00e0 umidade da limpeza di\u00e1ria e com acabamento especial que suporta temperaturas de at\u00e9\u00a0<strong>120\u00b0C<\/strong>, oferecendo mais seguran\u00e7a e funcionalidade.<br \/>\n<strong>Versatilidade para diferentes configura\u00e7\u00f5es<\/strong><br \/>\nPode ser utilizado como bancada para ampliar a \u00e1rea de preparo ou ter o tampo recortado para instala\u00e7\u00e3o de cooktop, adaptando-se \u00e0s suas necessidades.<br \/>\n<strong>P\u00e9s injetados em polipropileno<\/strong><br \/>\nAltamente resistentes \u00e0 \u00e1gua e a produtos de limpeza, contribuem para a conserva\u00e7\u00e3o do m\u00f3vel.<br \/>\n<strong>Sapatas regul\u00e1veis de 15 mm<\/strong><br \/>\nPermitem nivelamento preciso, garantindo estabilidade mesmo em pisos irregulares.<br \/>\n<strong>Puxadores em ABS com design leve e anat\u00f4mico<\/strong><br \/>\nResistentes e confort\u00e1veis no manuseio, facilitam a abertura das portas no dia a dia.<br \/>\n<strong>Amplo espa\u00e7o interno<\/strong><br \/>\nPerfeito para organizar utens\u00edlios, mantimentos e outros itens essenciais, otimizando o ambiente com praticidade.<br \/>\nO\u00a0<strong>Balc\u00e3o Itatiaia New Porto<\/strong>\u00a0combina resist\u00eancia estrutural, versatilidade e um design funcional para tornar sua cozinha mais organizada e eficiente, com a qualidade reconhecida da Itatiaia.<\/p>\n<p><strong>Aten\u00e7\u00e3o: as cores do produto podem variar conforme as configura\u00e7\u00f5es do monitor ou dispositivo.<\/strong><\/div>\n<\/div>\n","protected":false},"excerpt":{"rendered":"<p>Descri\u00e7\u00e3o do produto O\u00a0Balc\u00e3o de Cozinha Itatiaia New Porto\u00a0\u00e9 ideal para quem procura um balc\u00e3o de cozinha moderno, robusto e vers\u00e1til. Produzido 100% em MDF, ele foi desenvolvido para oferecer<\/p>\n","protected":false},"featured_media":15047,"comment_status":"open","ping_status":"closed","template":"","meta":[],"product_brand":[],"product_cat":[15],"product_tag":[],"class_list":{"0":"post-15045","1":"product","2":"type-product","3":"status-publish","4":"has-post-thumbnail","6":"product_cat-produtos","7":"product_shipping_class-retirar-no-local","9":"first","10":"instock","11":"shipping-taxable","12":"purchasable","13":"product-type-simple"},"_links":{"self":[{"href":"https:\/\/ambrosioeletro.com.br\/v20\/wp-json\/wp\/v2\/product\/15045","targetHints":{"allow":["GET"]}}],"collection":[{"href":"https:\/\/ambrosioeletro.com.br\/v20\/wp-json\/wp\/v2\/product"}],"about":[{"href":"https:\/\/ambrosioeletro.com.br\/v20\/wp-json\/wp\/v2\/types\/product"}],"replies":[{"embeddable":true,"href":"https:\/\/ambrosioeletro.com.br\/v20\/wp-json\/wp\/v2\/comments?post=15045"}],"wp:featuredmedia":[{"embeddable":true,"href":"https:\/\/ambrosioeletro.com.br\/v20\/wp-json\/wp\/v2\/media\/15047"}],"wp:attachment":[{"href":"https:\/\/ambrosioeletro.com.br\/v20\/wp-json\/wp\/v2\/media?parent=15045"}],"wp:term":[{"taxonomy":"product_brand","embeddable":true,"href":"https:\/\/ambrosioeletro.com.br\/v20\/wp-json\/wp\/v2\/product_brand?post=15045"},{"taxonomy":"product_cat","embeddable":true,"href":"https:\/\/ambrosioeletro.com.br\/v20\/wp-json\/wp\/v2\/product_cat?post=15045"},{"taxonomy":"product_tag","embeddable":true,"href":"https:\/\/ambrosioeletro.com.br\/v20\/wp-json\/wp\/v2\/product_tag?post=15045"}],"curies":[{"name":"wp","href":"https:\/\/api.w.org\/{rel}","templated":true}]}}