{"id":15050,"date":"2026-03-02T17:34:01","date_gmt":"2026-03-02T20:34:01","guid":{"rendered":"https:\/\/ambrosioeletro.com.br\/v20\/?post_type=product&#038;p=15050"},"modified":"2026-04-16T17:48:47","modified_gmt":"2026-04-16T20:48:47","slug":"paneleiro-itatiaia-em-aco-grafite-6-portas-new-premium","status":"publish","type":"product","link":"https:\/\/ambrosioeletro.com.br\/v20\/produto\/paneleiro-itatiaia-em-aco-grafite-6-portas-new-premium\/","title":{"rendered":"Paneleiro Itatiaia em A\u00e7o Grafite 6 Portas New Premium"},"content":{"rendered":"<h2 class=\"vtex-store-components-3-x-productDescriptionTitle vtex-store-components-3-x-productDescriptionTitle--product-description t-heading-5 mb5 mt0\">Descri\u00e7\u00e3o do produto<\/h2>\n<div class=\"vtex-store-components-3-x-productDescriptionText vtex-store-components-3-x-productDescriptionText--product-description c-muted-1\">\n<div>O\u00a0<strong>Paneleiro da linha New Premium<\/strong>\u00a0foi desenvolvido para quem busca qualidade, praticidade e um visual atemporal na cozinha. Com design moderno e estrutura funcional, ele oferece excelente aproveitamento de espa\u00e7o e facilidade no uso di\u00e1rio.<\/p>\n<p><strong>Diferenciais do produto<\/strong><br \/>\n<strong>Estrutura espa\u00e7osa e funcional<\/strong><br \/>\nProjetado para acomodar eletrodom\u00e9sticos com mais liberdade, o paneleiro permite ajustar a altura do eletro conforme a necessidade, facilitando a organiza\u00e7\u00e3o e o acesso no dia a dia.<br \/>\n<strong>Dobradi\u00e7as de 26 mm<\/strong><br \/>\nProduzidas em material resistente, garantem maior durabilidade e abertura suave das portas, mesmo com uso frequente.<br \/>\n<strong>F\u00e1cil de limpar e manter<\/strong><br \/>\nSuperf\u00edcies pensadas para a rotina da cozinha, tornando a limpeza simples e pr\u00e1tica.<br \/>\n<strong>Design vers\u00e1til<\/strong><br \/>\nCombina perfeitamente com cozinhas de estilo cl\u00e1ssico ou contempor\u00e2neo, sendo ideal para armazenar utens\u00edlios, panelas e mantimentos de forma organizada.<\/p>\n<p><strong>Informa\u00e7\u00f5es importantes<\/strong><br \/>\n\u2022 A montagem \u00e9 de responsabilidade do consumidor.<br \/>\n\u2022 A Itatiaia n\u00e3o se responsabiliza pela montagem ou instala\u00e7\u00e3o dos produtos.<br \/>\nA montagem deve ser realizada por um profissional, conforme o manual do fabricante.<\/p>\n<p><strong>Aten\u00e7\u00e3o:<\/strong>\u00a0as cores do produto podem variar conforme as configura\u00e7\u00f5es do monitor ou dispositivo.<\/div>\n<div>\n<div class=\"itatiaia-store-theme-7-x-measureItem flex items-center flex-column flex-row-l\"><img decoding=\"async\" src=\"https:\/\/itatiaia.vtexassets.com\/_v\/public\/assets\/v1\/published\/itatiaia.store-theme@7.2.1\/public\/react\/db6949944c7b12dec292d2e8bff99402.svg\" alt=\"\u00cdcone de Altura \" crossorigin=\"anonymous\" \/><\/p>\n<div class=\"itatiaia-store-theme-7-x-measureColumn flex flex-column items-center\"><span class=\"itatiaia-store-theme-7-x-measure nowrap\">Altura<\/span><span class=\"itatiaia-store-theme-7-x-measureValue nowrap\">195 cm<\/span><\/div>\n<\/div>\n<div class=\"itatiaia-store-theme-7-x-measureItem flex items-center flex-column flex-row-l\"><img decoding=\"async\" src=\"https:\/\/itatiaia.vtexassets.com\/_v\/public\/assets\/v1\/published\/itatiaia.store-theme@7.2.1\/public\/react\/2bdb2ea315717824bf6b6808678507d3.svg\" alt=\"\u00cdcone de Largura \" crossorigin=\"anonymous\" \/><\/p>\n<div class=\"itatiaia-store-theme-7-x-measureColumn flex flex-column items-center\"><span class=\"itatiaia-store-theme-7-x-measure nowrap\">Largura<\/span><span class=\"itatiaia-store-theme-7-x-measureValue nowrap\">80 cm<\/span><\/div>\n<\/div>\n<div class=\"itatiaia-store-theme-7-x-measureItem flex items-center flex-column flex-row-l\"><img decoding=\"async\" src=\"https:\/\/itatiaia.vtexassets.com\/_v\/public\/assets\/v1\/published\/itatiaia.store-theme@7.2.1\/public\/react\/9dbee786857690e61162607591a1ca94.svg\" alt=\"\u00cdcone de Profundidade \" crossorigin=\"anonymous\" \/><\/p>\n<div class=\"itatiaia-store-theme-7-x-measureColumn flex flex-column items-center\"><span class=\"itatiaia-store-theme-7-x-measure nowrap\">Profundidade<\/span><span class=\"itatiaia-store-theme-7-x-measureValue nowrap\">30 cm<\/span><\/div>\n<\/div>\n<div class=\"itatiaia-store-theme-7-x-measureItem flex items-center flex-column flex-row-l\"><img decoding=\"async\" src=\"https:\/\/itatiaia.vtexassets.com\/_v\/public\/assets\/v1\/published\/itatiaia.store-theme@7.2.1\/public\/react\/bfcc0cb5a664df67062281fafb900309.svg\" alt=\"\u00cdcone de Peso \" crossorigin=\"anonymous\" \/><\/p>\n<div class=\"itatiaia-store-theme-7-x-measureColumn flex flex-column items-center\"><span class=\"itatiaia-store-theme-7-x-measure nowrap\">Peso<\/span><span class=\"itatiaia-store-theme-7-x-measureValue nowrap\">26.98 kg<\/span><\/div>\n<\/div>\n<\/div>\n<\/div>\n","protected":false},"excerpt":{"rendered":"<p>Descri\u00e7\u00e3o do produto O\u00a0Paneleiro da linha New Premium\u00a0foi desenvolvido para quem busca qualidade, praticidade e um visual atemporal na cozinha. Com design moderno e estrutura funcional, ele oferece excelente aproveitamento<\/p>\n","protected":false},"featured_media":15052,"comment_status":"open","ping_status":"closed","template":"","meta":[],"product_brand":[],"product_cat":[15],"product_tag":[],"class_list":{"0":"post-15050","1":"product","2":"type-product","3":"status-publish","4":"has-post-thumbnail","6":"product_cat-produtos","7":"product_shipping_class-retirar-no-local","9":"first","10":"instock","11":"shipping-taxable","12":"purchasable","13":"product-type-simple"},"_links":{"self":[{"href":"https:\/\/ambrosioeletro.com.br\/v20\/wp-json\/wp\/v2\/product\/15050","targetHints":{"allow":["GET"]}}],"collection":[{"href":"https:\/\/ambrosioeletro.com.br\/v20\/wp-json\/wp\/v2\/product"}],"about":[{"href":"https:\/\/ambrosioeletro.com.br\/v20\/wp-json\/wp\/v2\/types\/product"}],"replies":[{"embeddable":true,"href":"https:\/\/ambrosioeletro.com.br\/v20\/wp-json\/wp\/v2\/comments?post=15050"}],"wp:featuredmedia":[{"embeddable":true,"href":"https:\/\/ambrosioeletro.com.br\/v20\/wp-json\/wp\/v2\/media\/15052"}],"wp:attachment":[{"href":"https:\/\/ambrosioeletro.com.br\/v20\/wp-json\/wp\/v2\/media?parent=15050"}],"wp:term":[{"taxonomy":"product_brand","embeddable":true,"href":"https:\/\/ambrosioeletro.com.br\/v20\/wp-json\/wp\/v2\/product_brand?post=15050"},{"taxonomy":"product_cat","embeddable":true,"href":"https:\/\/ambrosioeletro.com.br\/v20\/wp-json\/wp\/v2\/product_cat?post=15050"},{"taxonomy":"product_tag","embeddable":true,"href":"https:\/\/ambrosioeletro.com.br\/v20\/wp-json\/wp\/v2\/product_tag?post=15050"}],"curies":[{"name":"wp","href":"https:\/\/api.w.org\/{rel}","templated":true}]}}