{"id":15053,"date":"2026-03-02T17:36:40","date_gmt":"2026-03-02T20:36:40","guid":{"rendered":"https:\/\/ambrosioeletro.com.br\/v20\/?post_type=product&#038;p=15053"},"modified":"2026-04-20T15:18:54","modified_gmt":"2026-04-20T18:18:54","slug":"paneleiro-itatiaia-em-aco-branco-6-portas-new-premium-2","status":"publish","type":"product","link":"https:\/\/ambrosioeletro.com.br\/v20\/produto\/paneleiro-itatiaia-em-aco-branco-6-portas-new-premium-2\/","title":{"rendered":"Paneleiro Itatiaia em A\u00e7o Branco 6 Portas New Premium"},"content":{"rendered":"<p>O\u00a0<a href=\"https:\/\/www.minhaitatiaia.com.br\/paneleiro-itatiaia-em-aco-branco-6-portas-new-premium\/p?idsku=1419&amp;gad_source=1&amp;gad_campaignid=22873648978&amp;gbraid=0AAAAAC2g6tw1prxDwx98j55XBsD5BLpcV&amp;gclid=CjwKCAiAh5XNBhAAEiwA_Bu8FYyyEfwO4T3zvAOBfC1jA9bNM5p1VU6mqt6TZ7J0Yic19fP6rnB8ExoC0KsQAvD_BwE\">Paneleiro<\/a>\u00a0da linha New Premium, \u00e9 a escolha perfeita para quem busca um produto de\u00a0<b>alta qualidade<\/b>, espa\u00e7oso, f\u00e1cil de montar e de limpar. Al\u00e9m de\u00a0<b>moderno<\/b>, ele conta com:<\/p>\n<ul>\n<li>Dobradi\u00e7as resistentes de 26 mm, trazendo mais durabilidade ao abrir e fechar as portas.<\/li>\n<li>Novo paneleiro com mais espa\u00e7o para comportar o eletro, permitindo a escolha da altura ideal do arm\u00e1rio, facilitando a organiza\u00e7\u00e3o da cozinha.<br \/>\nAl\u00e9m de ser um\u00a0<b>excelente m\u00f3vel<\/b>\u00a0para armazenar utens\u00edlios de cozinha e panelas, ele \u00e9 ideal para quem gosta de m\u00f3veis cl\u00e1ssicos.<br \/>\nAs cores podem sofrer altera\u00e7\u00f5es dependendo do seu monitor.<br \/>\nO consumidor tem total responsabilidade pela montagem.<\/li>\n<li>\n<div class=\"itatiaia-store-theme-7-x-measureItem flex items-center flex-column flex-row-l\"><img decoding=\"async\" src=\"https:\/\/itatiaia.vtexassets.com\/_v\/public\/assets\/v1\/published\/itatiaia.store-theme@7.2.1\/public\/react\/db6949944c7b12dec292d2e8bff99402.svg\" alt=\"\u00cdcone de Altura \" crossorigin=\"anonymous\" \/><\/p>\n<div class=\"itatiaia-store-theme-7-x-measureColumn flex flex-column items-center\"><span class=\"itatiaia-store-theme-7-x-measure nowrap\">Altura<\/span><span class=\"itatiaia-store-theme-7-x-measureValue nowrap\">195 cm<\/span><\/div>\n<\/div>\n<div class=\"itatiaia-store-theme-7-x-measureItem flex items-center flex-column flex-row-l\"><img decoding=\"async\" src=\"https:\/\/itatiaia.vtexassets.com\/_v\/public\/assets\/v1\/published\/itatiaia.store-theme@7.2.1\/public\/react\/2bdb2ea315717824bf6b6808678507d3.svg\" alt=\"\u00cdcone de Largura \" crossorigin=\"anonymous\" \/><\/p>\n<div class=\"itatiaia-store-theme-7-x-measureColumn flex flex-column items-center\"><span class=\"itatiaia-store-theme-7-x-measure nowrap\">Largura<\/span><span class=\"itatiaia-store-theme-7-x-measureValue nowrap\">80 cm<\/span><\/div>\n<\/div>\n<div class=\"itatiaia-store-theme-7-x-measureItem flex items-center flex-column flex-row-l\"><img decoding=\"async\" src=\"https:\/\/itatiaia.vtexassets.com\/_v\/public\/assets\/v1\/published\/itatiaia.store-theme@7.2.1\/public\/react\/9dbee786857690e61162607591a1ca94.svg\" alt=\"\u00cdcone de Profundidade \" crossorigin=\"anonymous\" \/><\/p>\n<div class=\"itatiaia-store-theme-7-x-measureColumn flex flex-column items-center\"><span class=\"itatiaia-store-theme-7-x-measure nowrap\">Profundidade<\/span><span class=\"itatiaia-store-theme-7-x-measureValue nowrap\">30 cm<\/span><\/div>\n<\/div>\n<div class=\"itatiaia-store-theme-7-x-measureItem flex items-center flex-column flex-row-l\"><img decoding=\"async\" src=\"https:\/\/itatiaia.vtexassets.com\/_v\/public\/assets\/v1\/published\/itatiaia.store-theme@7.2.1\/public\/react\/bfcc0cb5a664df67062281fafb900309.svg\" alt=\"\u00cdcone de Peso \" crossorigin=\"anonymous\" \/><\/p>\n<div class=\"itatiaia-store-theme-7-x-measureColumn flex flex-column items-center\"><span class=\"itatiaia-store-theme-7-x-measure nowrap\">Peso<\/span><span class=\"itatiaia-store-theme-7-x-measureValue nowrap\">31.06 kg<\/span><\/div>\n<\/div>\n<\/li>\n<\/ul>\n","protected":false},"excerpt":{"rendered":"<p>O\u00a0Paneleiro\u00a0da linha New Premium, \u00e9 a escolha perfeita para quem busca um produto de\u00a0alta qualidade, espa\u00e7oso, f\u00e1cil de montar e de limpar. Al\u00e9m de\u00a0moderno, ele conta com: Dobradi\u00e7as resistentes de<\/p>\n","protected":false},"featured_media":15055,"comment_status":"open","ping_status":"closed","template":"","meta":[],"product_brand":[],"product_cat":[15],"product_tag":[],"class_list":{"0":"post-15053","1":"product","2":"type-product","3":"status-publish","4":"has-post-thumbnail","6":"product_cat-produtos","7":"product_shipping_class-retirar-no-local","9":"first","10":"instock","11":"shipping-taxable","12":"purchasable","13":"product-type-simple"},"_links":{"self":[{"href":"https:\/\/ambrosioeletro.com.br\/v20\/wp-json\/wp\/v2\/product\/15053","targetHints":{"allow":["GET"]}}],"collection":[{"href":"https:\/\/ambrosioeletro.com.br\/v20\/wp-json\/wp\/v2\/product"}],"about":[{"href":"https:\/\/ambrosioeletro.com.br\/v20\/wp-json\/wp\/v2\/types\/product"}],"replies":[{"embeddable":true,"href":"https:\/\/ambrosioeletro.com.br\/v20\/wp-json\/wp\/v2\/comments?post=15053"}],"wp:featuredmedia":[{"embeddable":true,"href":"https:\/\/ambrosioeletro.com.br\/v20\/wp-json\/wp\/v2\/media\/15055"}],"wp:attachment":[{"href":"https:\/\/ambrosioeletro.com.br\/v20\/wp-json\/wp\/v2\/media?parent=15053"}],"wp:term":[{"taxonomy":"product_brand","embeddable":true,"href":"https:\/\/ambrosioeletro.com.br\/v20\/wp-json\/wp\/v2\/product_brand?post=15053"},{"taxonomy":"product_cat","embeddable":true,"href":"https:\/\/ambrosioeletro.com.br\/v20\/wp-json\/wp\/v2\/product_cat?post=15053"},{"taxonomy":"product_tag","embeddable":true,"href":"https:\/\/ambrosioeletro.com.br\/v20\/wp-json\/wp\/v2\/product_tag?post=15053"}],"curies":[{"name":"wp","href":"https:\/\/api.w.org\/{rel}","templated":true}]}}