{"id":15056,"date":"2026-03-02T17:38:59","date_gmt":"2026-03-02T20:38:59","guid":{"rendered":"https:\/\/ambrosioeletro.com.br\/v20\/?post_type=product&#038;p=15056"},"modified":"2026-04-16T17:49:12","modified_gmt":"2026-04-16T20:49:12","slug":"balcao-de-cozinha-itatiaia-em-aco-3-portas-2-gavetas-grafite-new-premium","status":"publish","type":"product","link":"https:\/\/ambrosioeletro.com.br\/v20\/produto\/balcao-de-cozinha-itatiaia-em-aco-3-portas-2-gavetas-grafite-new-premium\/","title":{"rendered":"Balc\u00e3o de Cozinha Itatiaia em A\u00e7o 3 Portas 2 Gavetas Grafite New Premium"},"content":{"rendered":"<p>O Balc\u00e3o de Cozinha da linha New Premium \u00e9 a escolha ideal para quem busca funcionalidade, organiza\u00e7\u00e3o e um visual moderno para completar a cozinha. Com acabamento na cor grafite e design sofisticado, ele se adapta facilmente a diferentes ambientes e projetos.<\/p>\n<p><strong>Diferenciais do produto<\/strong><br \/>\n<strong>Tampo em BP resistente ao calor<\/strong><br \/>\nProduzido em BP, suporta temperaturas de at\u00e9 120 \u00b0C, garantindo mais praticidade e seguran\u00e7a no preparo das receitas.<br \/>\n<strong>Prateleiras bem distribu\u00eddas<\/strong><br \/>\nFacilitam a organiza\u00e7\u00e3o de utens\u00edlios, mantimentos e itens de uso di\u00e1rio.<br \/>\n<strong>Gavetas com corredi\u00e7as telesc\u00f3picas<\/strong><br \/>\nAbertura suave, est\u00e1vel e segura, proporcionando melhor aproveitamento interno.<br \/>\n<strong>Amplo espa\u00e7o interno<\/strong><br \/>\nIdeal para manter a cozinha organizada e funcional.<br \/>\n<strong>Puxadores em ABS com acabamento metalizado \u00f4nix<\/strong><br \/>\nModernos, resistentes e de f\u00e1cil manuseio, agregam sofistica\u00e7\u00e3o ao m\u00f3vel.<br \/>\nAl\u00e9m de pr\u00e1tico, o balc\u00e3o faz parte da linha New Premium, que oferece solu\u00e7\u00f5es inteligentes para cozinhas bem planejadas, combinando durabilidade, eleg\u00e2ncia e versatilidade.<br \/>\n<strong>Informa\u00e7\u00f5es importantes<\/strong><\/p>\n<p><strong>N\u00e3o faturamos para CNPJ, apenas para CPF.<\/strong><br \/>\n\u2022 A Itatiaia n\u00e3o se responsabiliza pela montagem e instala\u00e7\u00e3o dos produtos.<br \/>\nA montagem deve ser realizada por um profissional, conforme o manual do fabricante.<br \/>\n\u2022 Os objetos que ambientam as imagens n\u00e3o acompanham o produto.<\/p>\n<p>Aten\u00e7\u00e3o: as cores do produto podem variar conforme as configura\u00e7\u00f5es do monitor ou dispositivo.<\/p>\n<div class=\"itatiaia-store-theme-7-x-measureItem flex items-center flex-column flex-row-l\"><img decoding=\"async\" src=\"https:\/\/itatiaia.vtexassets.com\/_v\/public\/assets\/v1\/published\/itatiaia.store-theme@7.2.1\/public\/react\/db6949944c7b12dec292d2e8bff99402.svg\" alt=\"\u00cdcone de Altura \" crossorigin=\"anonymous\" \/><\/p>\n<div class=\"itatiaia-store-theme-7-x-measureColumn flex flex-column items-center\"><span class=\"itatiaia-store-theme-7-x-measure nowrap\">Altura<\/span><span class=\"itatiaia-store-theme-7-x-measureValue nowrap\">88 cm<\/span><\/div>\n<\/div>\n<div class=\"itatiaia-store-theme-7-x-measureItem flex items-center flex-column flex-row-l\"><img decoding=\"async\" src=\"https:\/\/itatiaia.vtexassets.com\/_v\/public\/assets\/v1\/published\/itatiaia.store-theme@7.2.1\/public\/react\/2bdb2ea315717824bf6b6808678507d3.svg\" alt=\"\u00cdcone de Largura \" crossorigin=\"anonymous\" \/><\/p>\n<div class=\"itatiaia-store-theme-7-x-measureColumn flex flex-column items-center\"><span class=\"itatiaia-store-theme-7-x-measure nowrap\">Largura<\/span><span class=\"itatiaia-store-theme-7-x-measureValue nowrap\">120 cm<\/span><\/div>\n<\/div>\n<div class=\"itatiaia-store-theme-7-x-measureItem flex items-center flex-column flex-row-l\"><img decoding=\"async\" src=\"https:\/\/itatiaia.vtexassets.com\/_v\/public\/assets\/v1\/published\/itatiaia.store-theme@7.2.1\/public\/react\/9dbee786857690e61162607591a1ca94.svg\" alt=\"\u00cdcone de Profundidade \" crossorigin=\"anonymous\" \/><\/p>\n<div class=\"itatiaia-store-theme-7-x-measureColumn flex flex-column items-center\"><span class=\"itatiaia-store-theme-7-x-measure nowrap\">Profundidade<\/span><span class=\"itatiaia-store-theme-7-x-measureValue nowrap\">52 cm<\/span><\/div>\n<\/div>\n<div class=\"itatiaia-store-theme-7-x-measureItem flex items-center flex-column flex-row-l\"><img decoding=\"async\" src=\"https:\/\/itatiaia.vtexassets.com\/_v\/public\/assets\/v1\/published\/itatiaia.store-theme@7.2.1\/public\/react\/bfcc0cb5a664df67062281fafb900309.svg\" alt=\"\u00cdcone de Peso \" crossorigin=\"anonymous\" \/><\/p>\n<div class=\"itatiaia-store-theme-7-x-measureColumn flex flex-column items-center\"><span class=\"itatiaia-store-theme-7-x-measure nowrap\">Peso<\/span><span class=\"itatiaia-store-theme-7-x-measureValue nowrap\">34.02 kg<\/span><\/div>\n<\/div>\n","protected":false},"excerpt":{"rendered":"<p>O Balc\u00e3o de Cozinha da linha New Premium \u00e9 a escolha ideal para quem busca funcionalidade, organiza\u00e7\u00e3o e um visual moderno para completar a cozinha. Com acabamento na cor grafite<\/p>\n","protected":false},"featured_media":15058,"comment_status":"open","ping_status":"closed","template":"","meta":[],"product_brand":[],"product_cat":[15],"product_tag":[],"class_list":{"0":"post-15056","1":"product","2":"type-product","3":"status-publish","4":"has-post-thumbnail","6":"product_cat-produtos","7":"product_shipping_class-retirar-no-local","9":"first","10":"instock","11":"shipping-taxable","12":"purchasable","13":"product-type-simple"},"_links":{"self":[{"href":"https:\/\/ambrosioeletro.com.br\/v20\/wp-json\/wp\/v2\/product\/15056","targetHints":{"allow":["GET"]}}],"collection":[{"href":"https:\/\/ambrosioeletro.com.br\/v20\/wp-json\/wp\/v2\/product"}],"about":[{"href":"https:\/\/ambrosioeletro.com.br\/v20\/wp-json\/wp\/v2\/types\/product"}],"replies":[{"embeddable":true,"href":"https:\/\/ambrosioeletro.com.br\/v20\/wp-json\/wp\/v2\/comments?post=15056"}],"wp:featuredmedia":[{"embeddable":true,"href":"https:\/\/ambrosioeletro.com.br\/v20\/wp-json\/wp\/v2\/media\/15058"}],"wp:attachment":[{"href":"https:\/\/ambrosioeletro.com.br\/v20\/wp-json\/wp\/v2\/media?parent=15056"}],"wp:term":[{"taxonomy":"product_brand","embeddable":true,"href":"https:\/\/ambrosioeletro.com.br\/v20\/wp-json\/wp\/v2\/product_brand?post=15056"},{"taxonomy":"product_cat","embeddable":true,"href":"https:\/\/ambrosioeletro.com.br\/v20\/wp-json\/wp\/v2\/product_cat?post=15056"},{"taxonomy":"product_tag","embeddable":true,"href":"https:\/\/ambrosioeletro.com.br\/v20\/wp-json\/wp\/v2\/product_tag?post=15056"}],"curies":[{"name":"wp","href":"https:\/\/api.w.org\/{rel}","templated":true}]}}