{"id":15059,"date":"2026-03-02T17:50:44","date_gmt":"2026-03-02T20:50:44","guid":{"rendered":"https:\/\/ambrosioeletro.com.br\/v20\/?post_type=product&#038;p=15059"},"modified":"2026-04-16T17:49:21","modified_gmt":"2026-04-16T20:49:21","slug":"balcao-de-cozinha-itatiaia-em-aco-3-portas-2-gavetas-branco-new-premium","status":"publish","type":"product","link":"https:\/\/ambrosioeletro.com.br\/v20\/produto\/balcao-de-cozinha-itatiaia-em-aco-3-portas-2-gavetas-branco-new-premium\/","title":{"rendered":"Balc\u00e3o de Cozinha Itatiaia em A\u00e7o 3 Portas 2 Gavetas Branco New Premium"},"content":{"rendered":"<p>O\u00a0<a href=\"https:\/\/www.minhaitatiaia.com.br\/balcao-de-cozinha-itatiaia-em-aco-3-portas-2-gavetas-branco-new-premium\/p?idsku=1517&amp;gad_source=1&amp;gad_campaignid=22873648978&amp;gbraid=0AAAAAC2g6tw1prxDwx98j55XBsD5BLpcV&amp;gclid=CjwKCAiAh5XNBhAAEiwA_Bu8FYazlAQlSlaQWaMfbKVAp7PQzwyMNxFuSExE4cSQD2Lhv6YmjD_v0hoCJ3IQAvD_BwE\">Balc\u00e3o<\/a>\u00a0<b>de Cozinha\u00a0<\/b>da linha New Premium \u00e9 o m\u00f3dulo ideal para completar a sua cozinha. Ele possui tamb\u00e9m:<\/p>\n<ul>\n<li>Tampo em BP resistente a altas temperaturas (at\u00e9120\u00b0), mais funcionalidade e conforto no preparo dassuas receitas..<\/li>\n<li>Prateleiras bem distribu\u00eddas.<\/li>\n<li>Gavetas com corredi\u00e7as telesc\u00f3picas (<b>fechamento suave<\/b>).<\/li>\n<li>Amplo espa\u00e7o interno.<\/li>\n<li>Puxadores em ABS com acabamento metalizado \u00f4nix. Al\u00e9m de modernos,s\u00e3o f\u00e1ceis de manusear, resistentes e bonitos..\n<p>Al\u00e9m disso, o produto faz parte de uma linha de m\u00f3veis que proporcionam solu\u00e7\u00f5es inteligentes para sua\u00a0<b>cozinha<\/b>, podendo se adaptar a qualquer espa\u00e7o da sua casa.<br \/>\nObserva\u00e7\u00f5es:<\/li>\n<li>Itatiaia n\u00e3o se responsabiliza pela montagem e instala\u00e7\u00e3o dos produtos.<\/li>\n<li>A montagem deve ser realizada por um profissional, conforme as instru\u00e7\u00f5es do manual do produto.<\/li>\n<li>A responsabilidade da montagem \u00e9 do consumidor.<\/li>\n<li>As cores dos produtos podem sofrer altera\u00e7\u00f5es dependendo do seu monitor.<\/li>\n<li>\n<div class=\"itatiaia-store-theme-7-x-measureItem flex items-center flex-column flex-row-l\"><img decoding=\"async\" src=\"https:\/\/itatiaia.vtexassets.com\/_v\/public\/assets\/v1\/published\/itatiaia.store-theme@7.2.1\/public\/react\/db6949944c7b12dec292d2e8bff99402.svg\" alt=\"\u00cdcone de Altura \" crossorigin=\"anonymous\" \/><\/p>\n<div class=\"itatiaia-store-theme-7-x-measureColumn flex flex-column items-center\"><span class=\"itatiaia-store-theme-7-x-measure nowrap\">Altura<\/span><span class=\"itatiaia-store-theme-7-x-measureValue nowrap\">88 cm<\/span><\/div>\n<\/div>\n<div class=\"itatiaia-store-theme-7-x-measureItem flex items-center flex-column flex-row-l\"><img decoding=\"async\" src=\"https:\/\/itatiaia.vtexassets.com\/_v\/public\/assets\/v1\/published\/itatiaia.store-theme@7.2.1\/public\/react\/2bdb2ea315717824bf6b6808678507d3.svg\" alt=\"\u00cdcone de Largura \" crossorigin=\"anonymous\" \/><\/p>\n<div class=\"itatiaia-store-theme-7-x-measureColumn flex flex-column items-center\"><span class=\"itatiaia-store-theme-7-x-measure nowrap\">Largura<\/span><span class=\"itatiaia-store-theme-7-x-measureValue nowrap\">120 cm<\/span><\/div>\n<\/div>\n<div class=\"itatiaia-store-theme-7-x-measureItem flex items-center flex-column flex-row-l\"><img decoding=\"async\" src=\"https:\/\/itatiaia.vtexassets.com\/_v\/public\/assets\/v1\/published\/itatiaia.store-theme@7.2.1\/public\/react\/9dbee786857690e61162607591a1ca94.svg\" alt=\"\u00cdcone de Profundidade \" crossorigin=\"anonymous\" \/><\/p>\n<div class=\"itatiaia-store-theme-7-x-measureColumn flex flex-column items-center\"><span class=\"itatiaia-store-theme-7-x-measure nowrap\">Profundidade<\/span><span class=\"itatiaia-store-theme-7-x-measureValue nowrap\">52 cm<\/span><\/div>\n<\/div>\n<div class=\"itatiaia-store-theme-7-x-measureItem flex items-center flex-column flex-row-l\"><img decoding=\"async\" src=\"https:\/\/itatiaia.vtexassets.com\/_v\/public\/assets\/v1\/published\/itatiaia.store-theme@7.2.1\/public\/react\/bfcc0cb5a664df67062281fafb900309.svg\" alt=\"\u00cdcone de Peso \" crossorigin=\"anonymous\" \/><\/p>\n<div class=\"itatiaia-store-theme-7-x-measureColumn flex flex-column items-center\"><span class=\"itatiaia-store-theme-7-x-measure nowrap\">Peso<\/span><span class=\"itatiaia-store-theme-7-x-measureValue nowrap\">30.72 kg<\/span><\/div>\n<\/div>\n<\/li>\n<\/ul>\n","protected":false},"excerpt":{"rendered":"<p>O\u00a0Balc\u00e3o\u00a0de Cozinha\u00a0da linha New Premium \u00e9 o m\u00f3dulo ideal para completar a sua cozinha. Ele possui tamb\u00e9m: Tampo em BP resistente a altas temperaturas (at\u00e9120\u00b0), mais funcionalidade e conforto no<\/p>\n","protected":false},"featured_media":15061,"comment_status":"open","ping_status":"closed","template":"","meta":[],"product_brand":[],"product_cat":[15],"product_tag":[],"class_list":{"0":"post-15059","1":"product","2":"type-product","3":"status-publish","4":"has-post-thumbnail","6":"product_cat-produtos","7":"product_shipping_class-retirar-no-local","9":"first","10":"instock","11":"shipping-taxable","12":"purchasable","13":"product-type-simple"},"_links":{"self":[{"href":"https:\/\/ambrosioeletro.com.br\/v20\/wp-json\/wp\/v2\/product\/15059","targetHints":{"allow":["GET"]}}],"collection":[{"href":"https:\/\/ambrosioeletro.com.br\/v20\/wp-json\/wp\/v2\/product"}],"about":[{"href":"https:\/\/ambrosioeletro.com.br\/v20\/wp-json\/wp\/v2\/types\/product"}],"replies":[{"embeddable":true,"href":"https:\/\/ambrosioeletro.com.br\/v20\/wp-json\/wp\/v2\/comments?post=15059"}],"wp:featuredmedia":[{"embeddable":true,"href":"https:\/\/ambrosioeletro.com.br\/v20\/wp-json\/wp\/v2\/media\/15061"}],"wp:attachment":[{"href":"https:\/\/ambrosioeletro.com.br\/v20\/wp-json\/wp\/v2\/media?parent=15059"}],"wp:term":[{"taxonomy":"product_brand","embeddable":true,"href":"https:\/\/ambrosioeletro.com.br\/v20\/wp-json\/wp\/v2\/product_brand?post=15059"},{"taxonomy":"product_cat","embeddable":true,"href":"https:\/\/ambrosioeletro.com.br\/v20\/wp-json\/wp\/v2\/product_cat?post=15059"},{"taxonomy":"product_tag","embeddable":true,"href":"https:\/\/ambrosioeletro.com.br\/v20\/wp-json\/wp\/v2\/product_tag?post=15059"}],"curies":[{"name":"wp","href":"https:\/\/api.w.org\/{rel}","templated":true}]}}