{"id":15068,"date":"2026-03-02T18:02:29","date_gmt":"2026-03-02T21:02:29","guid":{"rendered":"https:\/\/ambrosioeletro.com.br\/v20\/?post_type=product&#038;p=15068"},"modified":"2026-04-16T17:49:42","modified_gmt":"2026-04-16T20:49:42","slug":"armario-aereo-de-cozinha-branco-grafite-3-portas-new-premium-2","status":"publish","type":"product","link":"https:\/\/ambrosioeletro.com.br\/v20\/produto\/armario-aereo-de-cozinha-branco-grafite-3-portas-new-premium-2\/","title":{"rendered":"Arm\u00e1rio A\u00e9reo de Cozinha 80cm Branco 2 Portas New Premium"},"content":{"rendered":"<p>O\u00a0<strong>Arm\u00e1rio A\u00e9reo Itatiaia da linha New Premium<\/strong>\u00a0\u00e9 a escolha ideal para quem busca funcionalidade, organiza\u00e7\u00e3o e um visual cl\u00e1ssico que valoriza a cozinha. Com design atemporal, ele otimiza o espa\u00e7o e facilita o dia a dia, mantendo utens\u00edlios e mantimentos sempre bem acomodados.<br \/>\nProduzido com materiais de qualidade e acabamento cuidadoso, o arm\u00e1rio a\u00e9reo alia durabilidade, praticidade e eleg\u00e2ncia, sendo perfeito para compor cozinhas tradicionais ou contempor\u00e2neas.<\/p>\n<p><strong>Diferenciais do produto<\/strong><br \/>\n\u2022\u00a0<strong>Puxadores metalizados<\/strong><br \/>\nResistentes e f\u00e1ceis de manusear, oferecem mais conforto no uso di\u00e1rio e um acabamento sofisticado.<br \/>\n\u2022\u00a0<strong>Pintura eletrost\u00e1tica a p\u00f3<\/strong><br \/>\nGarante brilho uniforme e maior prote\u00e7\u00e3o contra ferrugem e arranh\u00f5es, aumentando a vida \u00fatil do m\u00f3vel.<br \/>\n\u2022\u00a0<strong>Prateleira interna bem distribu\u00edda<\/strong><br \/>\nPermite melhor organiza\u00e7\u00e3o dos utens\u00edlios e mantimentos, aproveitando o espa\u00e7o interno de forma eficiente.<br \/>\n\u2022\u00a0<strong>Design cl\u00e1ssico e atemporal<\/strong><br \/>\nIdeal para quem aprecia m\u00f3veis tradicionais, que nunca saem de moda e combinam com diferentes estilos de cozinha.<\/p>\n<p>Um arm\u00e1rio funcional e elegante, perfeito para completar a sua cozinha e deix\u00e1-la ainda mais pr\u00e1tica e aconchegante.<\/p>\n<p><strong>Informa\u00e7\u00f5es importantes<\/strong><br \/>\n\u2022 N\u00e3o faturamos para CNPJ, apenas para CPF.<br \/>\n\u2022 A Itatiaia n\u00e3o se responsabiliza pela montagem ou instala\u00e7\u00e3o dos produtos.<br \/>\n\u2022 A montagem deve ser realizada por um profissional, conforme o manual do fabricante.<\/p>\n<p><strong>Aten\u00e7\u00e3o:<\/strong>\u00a0as cores do produto podem variar conforme as configura\u00e7\u00f5es do monitor ou dispositivo.<\/p>\n<div class=\"itatiaia-store-theme-7-x-measureItem flex items-center flex-column flex-row-l\"><img decoding=\"async\" src=\"https:\/\/itatiaia.vtexassets.com\/_v\/public\/assets\/v1\/published\/itatiaia.store-theme@7.2.1\/public\/react\/db6949944c7b12dec292d2e8bff99402.svg\" alt=\"\u00cdcone de Altura \" crossorigin=\"anonymous\" \/><\/p>\n<div class=\"itatiaia-store-theme-7-x-measureColumn flex flex-column items-center\"><span class=\"itatiaia-store-theme-7-x-measure nowrap\">Altura<\/span><span class=\"itatiaia-store-theme-7-x-measureValue nowrap\">55 cm<\/span><\/div>\n<\/div>\n<div class=\"itatiaia-store-theme-7-x-measureItem flex items-center flex-column flex-row-l\"><img decoding=\"async\" src=\"https:\/\/itatiaia.vtexassets.com\/_v\/public\/assets\/v1\/published\/itatiaia.store-theme@7.2.1\/public\/react\/2bdb2ea315717824bf6b6808678507d3.svg\" alt=\"\u00cdcone de Largura \" crossorigin=\"anonymous\" \/><\/p>\n<div class=\"itatiaia-store-theme-7-x-measureColumn flex flex-column items-center\"><span class=\"itatiaia-store-theme-7-x-measure nowrap\">Largura<\/span><span class=\"itatiaia-store-theme-7-x-measureValue nowrap\">80 cm<\/span><\/div>\n<\/div>\n<div class=\"itatiaia-store-theme-7-x-measureItem flex items-center flex-column flex-row-l\"><img decoding=\"async\" src=\"https:\/\/itatiaia.vtexassets.com\/_v\/public\/assets\/v1\/published\/itatiaia.store-theme@7.2.1\/public\/react\/9dbee786857690e61162607591a1ca94.svg\" alt=\"\u00cdcone de Profundidade \" crossorigin=\"anonymous\" \/><\/p>\n<div class=\"itatiaia-store-theme-7-x-measureColumn flex flex-column items-center\"><span class=\"itatiaia-store-theme-7-x-measure nowrap\">Profundidade<\/span><span class=\"itatiaia-store-theme-7-x-measureValue nowrap\">30 cm<\/span><\/div>\n<\/div>\n<div class=\"itatiaia-store-theme-7-x-measureItem flex items-center flex-column flex-row-l\"><img decoding=\"async\" src=\"https:\/\/itatiaia.vtexassets.com\/_v\/public\/assets\/v1\/published\/itatiaia.store-theme@7.2.1\/public\/react\/bfcc0cb5a664df67062281fafb900309.svg\" alt=\"\u00cdcone de Peso \" crossorigin=\"anonymous\" \/><\/p>\n<div class=\"itatiaia-store-theme-7-x-measureColumn flex flex-column items-center\"><span class=\"itatiaia-store-theme-7-x-measure nowrap\">Peso<\/span><span class=\"itatiaia-store-theme-7-x-measureValue nowrap\">8.3 kg<\/span><\/div>\n<\/div>\n","protected":false},"excerpt":{"rendered":"<p>O\u00a0Arm\u00e1rio A\u00e9reo Itatiaia da linha New Premium\u00a0\u00e9 a escolha ideal para quem busca funcionalidade, organiza\u00e7\u00e3o e um visual cl\u00e1ssico que valoriza a cozinha. Com design atemporal, ele otimiza o espa\u00e7o<\/p>\n","protected":false},"featured_media":15072,"comment_status":"open","ping_status":"closed","template":"","meta":[],"product_brand":[],"product_cat":[15],"product_tag":[],"class_list":{"0":"post-15068","1":"product","2":"type-product","3":"status-publish","4":"has-post-thumbnail","6":"product_cat-produtos","7":"product_shipping_class-retirar-no-local","9":"first","10":"instock","11":"shipping-taxable","12":"purchasable","13":"product-type-simple"},"_links":{"self":[{"href":"https:\/\/ambrosioeletro.com.br\/v20\/wp-json\/wp\/v2\/product\/15068","targetHints":{"allow":["GET"]}}],"collection":[{"href":"https:\/\/ambrosioeletro.com.br\/v20\/wp-json\/wp\/v2\/product"}],"about":[{"href":"https:\/\/ambrosioeletro.com.br\/v20\/wp-json\/wp\/v2\/types\/product"}],"replies":[{"embeddable":true,"href":"https:\/\/ambrosioeletro.com.br\/v20\/wp-json\/wp\/v2\/comments?post=15068"}],"wp:featuredmedia":[{"embeddable":true,"href":"https:\/\/ambrosioeletro.com.br\/v20\/wp-json\/wp\/v2\/media\/15072"}],"wp:attachment":[{"href":"https:\/\/ambrosioeletro.com.br\/v20\/wp-json\/wp\/v2\/media?parent=15068"}],"wp:term":[{"taxonomy":"product_brand","embeddable":true,"href":"https:\/\/ambrosioeletro.com.br\/v20\/wp-json\/wp\/v2\/product_brand?post=15068"},{"taxonomy":"product_cat","embeddable":true,"href":"https:\/\/ambrosioeletro.com.br\/v20\/wp-json\/wp\/v2\/product_cat?post=15068"},{"taxonomy":"product_tag","embeddable":true,"href":"https:\/\/ambrosioeletro.com.br\/v20\/wp-json\/wp\/v2\/product_tag?post=15068"}],"curies":[{"name":"wp","href":"https:\/\/api.w.org\/{rel}","templated":true}]}}