{"id":15074,"date":"2026-03-03T17:51:30","date_gmt":"2026-03-03T20:51:30","guid":{"rendered":"https:\/\/ambrosioeletro.com.br\/v20\/?post_type=product&#038;p=15074"},"modified":"2026-04-16T17:49:47","modified_gmt":"2026-04-16T20:49:47","slug":"armario-aereo-de-cozinha-grafite-2-portas-new-premium","status":"publish","type":"product","link":"https:\/\/ambrosioeletro.com.br\/v20\/produto\/armario-aereo-de-cozinha-grafite-2-portas-new-premium\/","title":{"rendered":"Arm\u00e1rio A\u00e9reo de Cozinha Grafite 2 Portas New Premium"},"content":{"rendered":"<p>O\u00a0<a href=\"https:\/\/www.minhaitatiaia.com.br\/armario-aereo-de-cozinha-grafite-2-portas-new-premium\/p?idsku=1433&amp;gad_source=1&amp;gad_campaignid=22659537335&amp;gbraid=0AAAAAC2g6tx8vGOwOlJZf-SVGkvYB2LEI&amp;gclid=CjwKCAiAqprNBhB6EiwAMe3yhg_jM41YqvtS5rzaGqOYxBu_3Tya0afX8wY470YJdD1pKWzpo6zToxoCQiQQAvD_BwE\">Arm\u00e1rio A\u00e9reo<\/a>\u00a02 Portas Grafite da linha New Premium tem um design cl\u00e1ssico\u00a0<b>que nunca sai de moda e \u00e9 a solu\u00e7\u00e3o para deixar sua cozinha ainda mais pr\u00e1tica e organizada.<\/b>\u00a0O Arm\u00e1rio conta com:<\/p>\n<ul>\n<li>Puxadores metalizados que, al\u00e9m de bonitos, s\u00e3o f\u00e1ceis de manusear e muito resistentes.<\/li>\n<li>Pintura eletrost\u00e1tica a p\u00f3, que d\u00e1 brilho e protege o produto contra ferrugem e arranh\u00f5es.<\/li>\n<li>Prateleira bem-distribu\u00edda para caber todos os utens\u00edlios e mantimentos.<br \/>\nSe voc\u00ea \u00e9 apaixonado por\u00a0<b>m\u00f3veis cl\u00e1ssicos<\/b>, esse \u00e9 o arm\u00e1rio perfeito para completar a sua cozinha e torn\u00e1-la ainda mais bonita e aconchegante.<\/li>\n<li>\n<div class=\"itatiaia-store-theme-7-x-measureItem flex items-center flex-column flex-row-l\">\n<p><img decoding=\"async\" src=\"https:\/\/itatiaia.vtexassets.com\/_v\/public\/assets\/v1\/published\/itatiaia.store-theme@7.2.1\/public\/react\/db6949944c7b12dec292d2e8bff99402.svg\" alt=\"\u00cdcone de Altura \" crossorigin=\"anonymous\" \/><\/p>\n<div class=\"itatiaia-store-theme-7-x-measureColumn flex flex-column items-center\"><span class=\"itatiaia-store-theme-7-x-measure nowrap\">Altura<\/span><span class=\"itatiaia-store-theme-7-x-measureValue nowrap\">55 cm<\/span><\/div>\n<\/div>\n<div class=\"itatiaia-store-theme-7-x-measureItem flex items-center flex-column flex-row-l\">\n<p><img decoding=\"async\" src=\"https:\/\/itatiaia.vtexassets.com\/_v\/public\/assets\/v1\/published\/itatiaia.store-theme@7.2.1\/public\/react\/2bdb2ea315717824bf6b6808678507d3.svg\" alt=\"\u00cdcone de Largura \" crossorigin=\"anonymous\" \/><\/p>\n<div class=\"itatiaia-store-theme-7-x-measureColumn flex flex-column items-center\"><span class=\"itatiaia-store-theme-7-x-measure nowrap\">Largura<\/span><span class=\"itatiaia-store-theme-7-x-measureValue nowrap\">80 cm<\/span><\/div>\n<\/div>\n<div class=\"itatiaia-store-theme-7-x-measureItem flex items-center flex-column flex-row-l\">\n<p><img decoding=\"async\" src=\"https:\/\/itatiaia.vtexassets.com\/_v\/public\/assets\/v1\/published\/itatiaia.store-theme@7.2.1\/public\/react\/9dbee786857690e61162607591a1ca94.svg\" alt=\"\u00cdcone de Profundidade \" crossorigin=\"anonymous\" \/><\/p>\n<div class=\"itatiaia-store-theme-7-x-measureColumn flex flex-column items-center\"><span class=\"itatiaia-store-theme-7-x-measure nowrap\">Profundidade<\/span><span class=\"itatiaia-store-theme-7-x-measureValue nowrap\">30 cm<\/span><\/div>\n<\/div>\n<div class=\"itatiaia-store-theme-7-x-measureItem flex items-center flex-column flex-row-l\">\n<p><img decoding=\"async\" src=\"https:\/\/itatiaia.vtexassets.com\/_v\/public\/assets\/v1\/published\/itatiaia.store-theme@7.2.1\/public\/react\/bfcc0cb5a664df67062281fafb900309.svg\" alt=\"\u00cdcone de Peso \" crossorigin=\"anonymous\" \/><\/p>\n<div class=\"itatiaia-store-theme-7-x-measureColumn flex flex-column items-center\"><span class=\"itatiaia-store-theme-7-x-measure nowrap\">Peso<\/span><span class=\"itatiaia-store-theme-7-x-measureValue nowrap\">10.8 kg<\/span><\/div>\n<\/div>\n<\/li>\n<\/ul>\n","protected":false},"excerpt":{"rendered":"<p>O\u00a0Arm\u00e1rio A\u00e9reo\u00a02 Portas Grafite da linha New Premium tem um design cl\u00e1ssico\u00a0que nunca sai de moda e \u00e9 a solu\u00e7\u00e3o para deixar sua cozinha ainda mais pr\u00e1tica e organizada.\u00a0O Arm\u00e1rio<\/p>\n","protected":false},"featured_media":15076,"comment_status":"open","ping_status":"closed","template":"","meta":[],"product_brand":[],"product_cat":[15],"product_tag":[],"class_list":{"0":"post-15074","1":"product","2":"type-product","3":"status-publish","4":"has-post-thumbnail","6":"product_cat-produtos","7":"product_shipping_class-retirar-no-local","9":"first","10":"instock","11":"shipping-taxable","12":"purchasable","13":"product-type-simple"},"_links":{"self":[{"href":"https:\/\/ambrosioeletro.com.br\/v20\/wp-json\/wp\/v2\/product\/15074","targetHints":{"allow":["GET"]}}],"collection":[{"href":"https:\/\/ambrosioeletro.com.br\/v20\/wp-json\/wp\/v2\/product"}],"about":[{"href":"https:\/\/ambrosioeletro.com.br\/v20\/wp-json\/wp\/v2\/types\/product"}],"replies":[{"embeddable":true,"href":"https:\/\/ambrosioeletro.com.br\/v20\/wp-json\/wp\/v2\/comments?post=15074"}],"wp:featuredmedia":[{"embeddable":true,"href":"https:\/\/ambrosioeletro.com.br\/v20\/wp-json\/wp\/v2\/media\/15076"}],"wp:attachment":[{"href":"https:\/\/ambrosioeletro.com.br\/v20\/wp-json\/wp\/v2\/media?parent=15074"}],"wp:term":[{"taxonomy":"product_brand","embeddable":true,"href":"https:\/\/ambrosioeletro.com.br\/v20\/wp-json\/wp\/v2\/product_brand?post=15074"},{"taxonomy":"product_cat","embeddable":true,"href":"https:\/\/ambrosioeletro.com.br\/v20\/wp-json\/wp\/v2\/product_cat?post=15074"},{"taxonomy":"product_tag","embeddable":true,"href":"https:\/\/ambrosioeletro.com.br\/v20\/wp-json\/wp\/v2\/product_tag?post=15074"}],"curies":[{"name":"wp","href":"https:\/\/api.w.org\/{rel}","templated":true}]}}