{"id":15077,"date":"2026-03-12T10:02:31","date_gmt":"2026-03-12T13:02:31","guid":{"rendered":"https:\/\/ambrosioeletro.com.br\/v20\/?post_type=product&#038;p=15077"},"modified":"2026-04-08T10:56:52","modified_gmt":"2026-04-08T13:56:52","slug":"maquina-de-lavar-electrolux-145kg-efficient-jetclean-lee15","status":"publish","type":"product","link":"https:\/\/ambrosioeletro.com.br\/v20\/produto\/maquina-de-lavar-electrolux-145kg-efficient-jetclean-lee15\/","title":{"rendered":"M\u00e1quina de Lavar Electrolux 14,5kg Efficient JetClean LEE15"},"content":{"rendered":"<div class=\"flex mt-xsm pt-md flex flex-col bg-surface-container-lowest md:rounded-lg\" data-testid=\"row\">\n<div class=\"relative max-h-[445px] overflow-hidden md:max-h-none md:pb-md\" data-testid=\"tab-product-detail-view-container\">\n<div data-testid=\"tab-product-active-section-container\">\n<div class=\"relative px-md overflow-hidden border-on-surface-8 after:pointer-events-none after:absolute after:bottom-[0] after:left-[0] after:h-[72px] after:w-full after:bg-gradient-to-b after:from-[#FFFFFF00] after:to-[#FFFFFF] md:after:content-none md:px-lg max-md:border-b-thin\" data-testid=\"tab-product-detail\">\n<h2 class=\"text-on-surface-2 font-md-bold md:font-title-large-highlight md:mb-md\" data-testid=\"product-details-title\">Descri\u00e7\u00e3o e ficha t\u00e9cnica<\/h2>\n<div data-testid=\"product-detail\">\n<p class=\"mt-2xsm text-on-surface-4 font-xsm-regular\" data-testid=\"product-detail-code\">C\u00f3digo\u00a0ahak47ee2j<\/p>\n<div class=\"mt-md font-xsm-regular\" data-testid=\"product-detail-description\">A lavadora de roupas Electrolux Efficient LEE15 Branca possui capacidade de lavagem de 14,5kg, cesto em inox e 11 programas de lavagem. Alta performance e alta capacidade em uma m\u00e1quina compacta que faz as roupas durarem mais. Perfeita para a sua fam\u00edlia, ela proporciona cuidado e a efici\u00eancia ideal para cada lavagem. Sua \u00fanica e exclusiva Tecnologia Jet&amp;Clean dilui at\u00e9 100% do sab\u00e3o e do amaciante, evitando manchas e relavagens. O sistema de dilui\u00e7\u00e3o tamb\u00e9m mant\u00e9m o dispenser sempre limpo e sem res\u00edduos de sab\u00e3o e amaciante. A Tecnologia Ultra Filter Pega-Fiapos ret\u00e9m at\u00e9 8x mais fiapos que ficam nas roupas ap\u00f3s a lavagem. Outro benef\u00edcio incr\u00edvel \u00e9 o seu tamanho. Compacta por fora e espa\u00e7osa por dentro, a lavadora possui 14,5kg de capacidade, com o tamanho de uma m\u00e1quina de 12kg. Ou seja, voc\u00ea lava mais roupas por vez, ocupando menos espa\u00e7o na lavanderia. Um produto que \u00e9 sin\u00f4nimo de efici\u00eancia precisa oferecer um Sistema de Lavagem Inteligente, que traz vida longa \u00e0s suas roupas. Ele otimiza o tempo dos programas de forma autom\u00e1tica, deixando-os mais r\u00e1pidos quando necess\u00e1rio, mas mantendo a mesma performance. Isso aumenta o cuidado e causa menos desgaste nas cores e tecidos. Lave roupas a qualquer hora sem preocupa\u00e7\u00f5es com o Programa Super Silencioso, que reduz o n\u00edvel de ru\u00eddo durante a lavagem para se ajustar \u00e0s necessidades da sua rotina. O cesto inox oferece design moderno e mais cuidado para suas roupas. E, com a Fun\u00e7\u00e3o Limpeza de Cesto, voc\u00ea garante ainda mais efici\u00eancia e bons resultados, j\u00e1 que ela evita o ac\u00famulo de res\u00edduos vindos de outras lavagens.<\/div>\n<\/div>\n<\/div>\n<div class=\"hidden border-on-surface-8 md:px-lg md:block md:py-md\" data-testid=\"tab-product-factsheet\">\n<h2 class=\"text-on-surface-2 font-md-bold md:font-title-large-highlight md:mb-md\" data-testid=\"product-factsheet-title\">Ficha T\u00e9cnica<\/h2>\n<div class=\"pt-2xsm\">\n<table class=\"w-full list-none\" data-testid=\"table-factsheet\">\n<tbody>\n<tr class=\"text-on-surface-3 even:bg-surface-container-lower\">\n<td class=\"px-md py-sm font-xsm-bold align-top table-cell w-1\/2\" data-testid=\"table-factsheet-key\">Marca<\/td>\n<td class=\"px-md py-sm font-xsm-regular list-item w-full align-top\"><a class=\"hover:text-interaction-default underline\" href=\"https:\/\/www.magazineluiza.com.br\/marcas\/electrolux\/\">Electrolux<\/a><\/td>\n<\/tr>\n<tr class=\"text-on-surface-3 even:bg-surface-container-lower\">\n<td class=\"px-md py-sm font-xsm-bold align-top table-cell w-1\/2\" data-testid=\"table-factsheet-key\">Refer\u00eancia<\/td>\n<td class=\"px-md py-sm font-xsm-regular list-item w-full align-top\">LEE15<\/td>\n<\/tr>\n<tr class=\"text-on-surface-3 even:bg-surface-container-lower\">\n<td class=\"px-md py-sm font-xsm-bold align-top table-cell w-1\/2\" data-testid=\"table-factsheet-key\">Modelo<\/td>\n<td class=\"px-md py-sm font-xsm-regular list-item w-full align-top\">LEE15<\/td>\n<\/tr>\n<tr class=\"text-on-surface-3 even:bg-surface-container-lower\">\n<td class=\"px-md py-sm font-xsm-bold align-top table-cell w-1\/2\" data-testid=\"table-factsheet-key\">Linha<\/td>\n<td class=\"px-md py-sm font-xsm-regular list-item w-full align-top\">Efficient<\/td>\n<\/tr>\n<tr class=\"text-on-surface-3 even:bg-surface-container-lower\">\n<td class=\"px-md py-sm font-xsm-bold align-top table-cell w-1\/2\" data-testid=\"table-factsheet-key\">Tipo de Lavadora<\/td>\n<td class=\"px-md py-sm font-xsm-regular list-item w-full align-top\">Autom\u00e1tica<\/td>\n<\/tr>\n<tr class=\"text-on-surface-3 even:bg-surface-container-lower\">\n<td class=\"px-md py-sm font-xsm-bold align-top table-cell w-1\/2\" data-testid=\"table-factsheet-key\">Capacidade de Lavagem<\/td>\n<td class=\"px-md py-sm font-xsm-regular list-item w-full align-top\">14,5kg<\/td>\n<\/tr>\n<tr class=\"text-on-surface-3 even:bg-surface-container-lower\">\n<td class=\"px-md py-sm font-xsm-bold align-top table-cell w-1\/2\" data-testid=\"table-factsheet-key\">Quantidade de Programas de Lavagem<\/td>\n<td class=\"px-md py-sm font-xsm-regular list-item w-full align-top\">11 programas<\/td>\n<\/tr>\n<tr class=\"text-on-surface-3 even:bg-surface-container-lower\">\n<td class=\"px-md py-sm font-xsm-bold align-top table-cell w-1\/2\" data-testid=\"table-factsheet-key\">Material do Cesto<\/td>\n<td class=\"px-md py-sm font-xsm-regular list-item w-full align-top\">Inox<\/td>\n<\/tr>\n<tr class=\"text-on-surface-3 even:bg-surface-container-lower\">\n<td class=\"px-md py-sm font-xsm-bold align-top table-cell w-1\/2\" data-testid=\"table-factsheet-key\">Di\u00e2metro do Cesto<\/td>\n<td class=\"px-md py-sm font-xsm-regular list-item w-full align-top\">47,6cm<\/td>\n<\/tr>\n<tr class=\"text-on-surface-3 even:bg-surface-container-lower\">\n<td class=\"px-md py-sm font-xsm-bold align-top table-cell w-1\/2\" data-testid=\"table-factsheet-key\">Tipo de Abertura<\/td>\n<td class=\"px-md py-sm font-xsm-regular list-item w-full align-top\">Superior<\/td>\n<\/tr>\n<tr class=\"text-on-surface-3 even:bg-surface-container-lower\">\n<td class=\"px-md py-sm font-xsm-bold align-top table-cell w-1\/2\" data-testid=\"table-factsheet-key\">Tipo de \u00c1gua<\/td>\n<td class=\"px-md py-sm font-xsm-regular list-item w-full align-top\">Fria<\/td>\n<\/tr>\n<tr class=\"text-on-surface-3 even:bg-surface-container-lower\">\n<td class=\"px-md py-sm font-xsm-bold align-top table-cell w-1\/2\" data-testid=\"table-factsheet-key\">N\u00edveis de \u00c1gua<\/td>\n<td class=\"px-md py-sm font-xsm-regular list-item w-full align-top\">5 n\u00edveis<\/td>\n<\/tr>\n<tr class=\"text-on-surface-3 even:bg-surface-container-lower\">\n<td class=\"px-md py-sm font-xsm-bold align-top table-cell w-1\/2\" data-testid=\"table-factsheet-key\">Painel de Controle<\/td>\n<td class=\"px-md py-sm font-xsm-regular list-item w-full align-top\">Digital<\/td>\n<\/tr>\n<tr class=\"text-on-surface-3 even:bg-surface-container-lower\">\n<td class=\"px-md py-sm font-xsm-bold align-top table-cell w-1\/2\" data-testid=\"table-factsheet-key\">Sistema de Lavagem<\/td>\n<td class=\"px-md py-sm font-xsm-regular list-item w-full align-top\">Agita\u00e7\u00e3o<\/td>\n<\/tr>\n<tr class=\"text-on-surface-3 even:bg-surface-container-lower\">\n<td class=\"px-md py-sm font-xsm-bold align-top table-cell w-1\/2\" data-testid=\"table-factsheet-key\">Dispenser<\/td>\n<td class=\"px-md py-sm font-xsm-regular list-item w-full align-top\">Sab\u00e3o (em p\u00f3 e l\u00edquido) e amaciante<\/td>\n<\/tr>\n<tr class=\"text-on-surface-3 even:bg-surface-container-lower\">\n<td class=\"px-md py-sm font-xsm-bold align-top table-cell w-1\/2\" data-testid=\"table-factsheet-key\">Quantidade de Entradas de \u00c1gua<\/td>\n<td class=\"px-md py-sm font-xsm-regular list-item w-full align-top\">1 entrada<\/td>\n<\/tr>\n<tr class=\"text-on-surface-3 even:bg-surface-container-lower\">\n<td class=\"px-md py-sm font-xsm-bold align-top table-cell w-1\/2\" data-testid=\"table-factsheet-key\">Sa\u00edda de \u00c1gua<\/td>\n<td class=\"px-md py-sm font-xsm-regular list-item w-full align-top\">Autom\u00e1tico<\/td>\n<\/tr>\n<tr class=\"text-on-surface-3 even:bg-surface-container-lower\">\n<td class=\"px-md py-sm font-xsm-bold align-top table-cell w-1\/2\" data-testid=\"table-factsheet-key\">Motor<\/td>\n<td class=\"px-md py-sm font-xsm-regular list-item w-full align-top\">Com protetor t\u00e9rmico<\/td>\n<\/tr>\n<tr class=\"text-on-surface-3 even:bg-surface-container-lower\">\n<td class=\"px-md py-sm font-xsm-bold align-top table-cell w-1\/2\" data-testid=\"table-factsheet-key\">P\u00e9s<\/td>\n<td class=\"px-md py-sm font-xsm-regular list-item w-full align-top\">4 p\u00e9s regul\u00e1veis<\/td>\n<\/tr>\n<tr class=\"text-on-surface-3 even:bg-surface-container-lower\">\n<td class=\"px-md py-sm font-xsm-bold align-top table-cell w-1\/2\" data-testid=\"table-factsheet-key\">Consumo Aproximado de \u00c1gua<\/td>\n<td class=\"px-md py-sm font-xsm-regular list-item w-full align-top\">140L\/ciclo<\/td>\n<\/tr>\n<tr class=\"text-on-surface-3 even:bg-surface-container-lower\">\n<td class=\"px-md py-sm font-xsm-bold align-top table-cell w-1\/2\" data-testid=\"table-factsheet-key\">Consumo Aproximado de Energia<\/td>\n<td class=\"px-md py-sm font-xsm-regular list-item w-full align-top\">0.45kw\/ciclo<\/td>\n<\/tr>\n<tr class=\"text-on-surface-3 even:bg-surface-container-lower\">\n<td class=\"px-md py-sm font-xsm-bold align-top table-cell w-1\/2\" data-testid=\"table-factsheet-key\">Pot\u00eancia<\/td>\n<td class=\"px-md py-sm font-xsm-regular list-item w-full align-top\">675W<\/td>\n<\/tr>\n<tr class=\"text-on-surface-3 even:bg-surface-container-lower\">\n<td class=\"px-md py-sm font-xsm-bold align-top table-cell w-1\/2\" data-testid=\"table-factsheet-key\">Efici\u00eancia Energ\u00e9tica<\/td>\n<td class=\"px-md py-sm font-xsm-regular list-item w-full align-top\">A<\/td>\n<\/tr>\n<tr class=\"text-on-surface-3 even:bg-surface-container-lower\">\n<td class=\"px-md py-sm font-xsm-bold align-top table-cell w-1\/2\" data-testid=\"table-factsheet-key\">Efici\u00eancia de Centrifuga\u00e7\u00e3o<\/td>\n<td class=\"px-md py-sm font-xsm-regular list-item w-full align-top\">A<\/td>\n<\/tr>\n<tr class=\"text-on-surface-3 even:bg-surface-container-lower\">\n<td class=\"px-md py-sm font-xsm-bold align-top table-cell w-1\/2\" data-testid=\"table-factsheet-key\">Voltagem<\/td>\n<td class=\"px-md py-sm font-xsm-regular list-item w-full align-top\">220V<\/td>\n<\/tr>\n<tr class=\"text-on-surface-3 even:bg-surface-container-lower\">\n<td class=\"px-md py-sm font-xsm-bold align-top table-cell w-1\/2\" data-testid=\"table-factsheet-key\">Tipo de Tomada<\/td>\n<td class=\"px-md py-sm font-xsm-regular list-item w-full align-top\">10A<\/td>\n<\/tr>\n<tr class=\"text-on-surface-3 even:bg-surface-container-lower\">\n<td class=\"px-md py-sm font-xsm-bold align-top table-cell w-1\/2\" data-testid=\"table-factsheet-key\">Material<\/td>\n<td class=\"px-md py-sm font-xsm-regular list-item w-full align-top\">A\u00e7o e Pol\u00edmero<\/td>\n<\/tr>\n<tr class=\"text-on-surface-3 even:bg-surface-container-lower\">\n<td class=\"px-md py-sm font-xsm-bold align-top table-cell w-1\/2\" data-testid=\"table-factsheet-key\">Cor<\/td>\n<td class=\"px-md py-sm font-xsm-regular list-item w-full align-top\">Branco<\/td>\n<\/tr>\n<tr class=\"text-on-surface-3 even:bg-surface-container-lower\">\n<td class=\"px-md py-sm font-xsm-bold align-top table-cell w-1\/2\" data-testid=\"table-factsheet-key\">Certificado Homologado pelo Inmetro N\u00famero<\/td>\n<td class=\"px-md py-sm font-xsm-regular list-item w-full align-top\">011083\/2022<\/td>\n<\/tr>\n<tr class=\"text-on-surface-3 even:bg-surface-container-lower\">\n<td class=\"px-md py-sm font-xsm-bold align-top table-cell w-1\/2\" data-testid=\"table-factsheet-key\">Aviso Importante para Lavadora de Roupas<\/td>\n<td class=\"px-md py-sm font-xsm-regular list-item w-full align-top\">\u00c9 necess\u00e1rio remover os parafusos de transporte antes de utilizar sua lavadora<\/td>\n<\/tr>\n<tr class=\"text-on-surface-3 even:bg-surface-container-lower\">\n<td class=\"px-md py-sm font-xsm-bold align-top table-cell w-1\/2\" data-testid=\"table-factsheet-key\">Peso do Produto<\/td>\n<td class=\"px-md py-sm font-xsm-regular list-item w-full align-top\">40kg<\/td>\n<\/tr>\n<tr class=\"text-on-surface-3 even:bg-surface-container-lower\">\n<td class=\"px-md py-sm font-xsm-bold align-top table-cell w-1\/2\" data-testid=\"table-factsheet-key\">Peso do Produto com Embalagem<\/td>\n<td class=\"px-md py-sm font-xsm-regular list-item w-full align-top\">42kg<\/td>\n<\/tr>\n<tr class=\"text-on-surface-3 even:bg-surface-container-lower\">\n<td class=\"px-md py-sm font-xsm-bold align-top table-cell w-1\/2\" data-testid=\"table-factsheet-key\">Dimens\u00f5es do Produto<\/td>\n<td class=\"px-md py-sm font-xsm-regular list-item w-full align-top\">Largura 59,1cm Altura 105,2cm Profundidade 66,5cm<\/td>\n<\/tr>\n<tr class=\"text-on-surface-3 even:bg-surface-container-lower\">\n<td class=\"px-md py-sm font-xsm-bold align-top table-cell w-1\/2\" data-testid=\"table-factsheet-key\">Dimens\u00f5es do Produto com Embalagem<\/td>\n<td class=\"px-md py-sm font-xsm-regular list-item w-full align-top\">Largura 62,8cm Altura 105,8cm Profundidade 77,5cm<\/td>\n<\/tr>\n<tr class=\"text-on-surface-3 even:bg-surface-container-lower\">\n<td class=\"px-md py-sm font-xsm-bold align-top table-cell w-1\/2\" data-testid=\"table-factsheet-key\">Prazo de Garantia<\/td>\n<td class=\"px-md py-sm font-xsm-regular list-item w-full align-top\">01 ano (3 meses de garantia legal e mais 9 meses de garantia especial concedida pelo fabricante)<\/td>\n<\/tr>\n<tr class=\"text-on-surface-3 even:bg-surface-container-lower\">\n<td class=\"px-md py-sm font-xsm-bold align-top table-cell w-1\/2\" data-testid=\"table-factsheet-key\">Conte\u00fado da Embalagem<\/td>\n<td class=\"px-md py-sm font-xsm-regular list-item w-full align-top\">1 Lavadora de Roupas<\/td>\n<\/tr>\n<tr class=\"text-on-surface-3 even:bg-surface-container-lower\">\n<td class=\"px-md py-sm font-xsm-bold align-top table-cell w-1\/2\" data-testid=\"table-factsheet-key\">Caracter\u00edsticas<\/td>\n<td class=\"px-md py-sm font-xsm-regular list-item w-full align-top\">Tecnologia Jet&amp;Clean: tecnologia que dilui at\u00e9 100% do sab\u00e3o e do amaciante, evitando manchas e relavagem, al\u00e9m de manter o dispenser sempre limpo e sem res\u00edduos. \u00danica com sistema Jet&amp;Clean. Ultra Filter Pega-Fiapos: ret\u00e9m at\u00e9 8x mais fiapos que podem ficar nas roupas ap\u00f3s a lavagem. Sistema de Lavagem inteligente: vida longa \u00e0s roupas. Possui um sistema de lavagem, que otimiza o tempo dos programas de forma autom\u00e1tica, deixando-os mais r\u00e1pidos quando necess\u00e1rio e mantendo a mesma performance. Isso promove mais cuidado e menos desgaste das roupas. Programa Super Silencioso: lavadora com sistema de lavagem de tecnologia silenciosa que, atrav\u00e9s do programa \u201cSuper Silencioso\u201d, reduz o n\u00edvel de ru\u00eddo durante a lavagem, o que permite lavar as roupas a qualquer hor\u00e1rio, de acordo com a sua rotina. Fun\u00e7\u00e3o Avan\u00e7a Etapas: fun\u00e7\u00e3o que permite avan\u00e7ar a programa\u00e7\u00e3o da m\u00e1quina atrav\u00e9s de uma \u00fanica tecla. Promovendo mais agilidade no dia a dia. Programa R\u00e1pido: maior praticidade e mais tempo livre pra voc\u00ea. Programa de lavagem r\u00e1pida, ideal para roupas pouco sujas. Fun\u00e7\u00e3o Reutiliza\u00e7\u00e3o de \u00c1gua: fun\u00e7\u00e3o que permite utilizar a \u00e1gua do p\u00f3s-lavagem para outros fins, como, por exemplo, lavar o ch\u00e3o<\/td>\n<\/tr>\n<tr class=\"text-on-surface-3 even:bg-surface-container-lower\">\n<td class=\"px-md py-sm font-xsm-bold align-top table-cell w-1\/2\" data-testid=\"table-factsheet-key\">Velocidade de centrifuga\u00e7\u00e3o<\/td>\n<td class=\"px-md py-sm font-xsm-regular list-item w-full align-top\">630RPM<\/td>\n<\/tr>\n<\/tbody>\n<\/table>\n<\/div>\n<\/div>\n<\/div>\n<\/div>\n<\/div>\n<div data-testid=\"lazyload-container\"><\/div>\n<div data-testid=\"lazyload-container\"><\/div>\n<div data-testid=\"lazyload-container\"><\/div>\n<div data-testid=\"lazyload-container\">\n<div class=\"mt-xsm flex flex-col bg-surface-container-lowest pb-md pt-md lg:rounded-lg\">\n<div class=\"overflow-hidden max-lg:border-on-surface-8 max-lg:max-h-[400px] max-lg:border-b lg:rounded-lg max-lg:pointer-events-none\">\n<div class=\"transition delay-150 ease-in-out invisible fixed h-full bg-surface-container-lowest w-[100%] block z-30 right-[0] translate-x-[100%] top-[0] overflow-y-auto overflow-x-hidden !visible relative !z-0 translate-none\" data-testid=\"sidebar\">\n<div class=\"w-full overflow-hidden px-lg\"><iframe loading=\"lazy\" class=\"block border-none max-lg:h-full max-lg:w-full md:rounded-lg\" title=\"Conte\u00fado incorporado de https:\/\/conteudoproduto.magazineluiza.com.br\/24\/240098900\/index.html\" src=\"https:\/\/conteudoproduto.magazineluiza.com.br\/24\/240098900\/index.html\" width=\"1110\" height=\"8400\" frameborder=\"0\" scrolling=\"auto\" data-testid=\"product-rich-content\" data-mce-fragment=\"1\"><\/iframe><\/div>\n<\/div>\n<\/div>\n<\/div>\n<\/div>\n","protected":false},"excerpt":{"rendered":"<p>Descri\u00e7\u00e3o e ficha t\u00e9cnica C\u00f3digo\u00a0ahak47ee2j A lavadora de roupas Electrolux Efficient LEE15 Branca possui capacidade de lavagem de 14,5kg, cesto em inox e 11 programas de lavagem. Alta performance e<\/p>\n","protected":false},"featured_media":15080,"comment_status":"open","ping_status":"closed","template":"","meta":[],"product_brand":[],"product_cat":[15],"product_tag":[],"class_list":{"0":"post-15077","1":"product","2":"type-product","3":"status-publish","4":"has-post-thumbnail","6":"product_cat-produtos","7":"product_shipping_class-pac","9":"first","10":"instock","11":"shipping-taxable","12":"purchasable","13":"product-type-simple"},"_links":{"self":[{"href":"https:\/\/ambrosioeletro.com.br\/v20\/wp-json\/wp\/v2\/product\/15077","targetHints":{"allow":["GET"]}}],"collection":[{"href":"https:\/\/ambrosioeletro.com.br\/v20\/wp-json\/wp\/v2\/product"}],"about":[{"href":"https:\/\/ambrosioeletro.com.br\/v20\/wp-json\/wp\/v2\/types\/product"}],"replies":[{"embeddable":true,"href":"https:\/\/ambrosioeletro.com.br\/v20\/wp-json\/wp\/v2\/comments?post=15077"}],"wp:featuredmedia":[{"embeddable":true,"href":"https:\/\/ambrosioeletro.com.br\/v20\/wp-json\/wp\/v2\/media\/15080"}],"wp:attachment":[{"href":"https:\/\/ambrosioeletro.com.br\/v20\/wp-json\/wp\/v2\/media?parent=15077"}],"wp:term":[{"taxonomy":"product_brand","embeddable":true,"href":"https:\/\/ambrosioeletro.com.br\/v20\/wp-json\/wp\/v2\/product_brand?post=15077"},{"taxonomy":"product_cat","embeddable":true,"href":"https:\/\/ambrosioeletro.com.br\/v20\/wp-json\/wp\/v2\/product_cat?post=15077"},{"taxonomy":"product_tag","embeddable":true,"href":"https:\/\/ambrosioeletro.com.br\/v20\/wp-json\/wp\/v2\/product_tag?post=15077"}],"curies":[{"name":"wp","href":"https:\/\/api.w.org\/{rel}","templated":true}]}}