{"id":15081,"date":"2026-03-12T10:50:53","date_gmt":"2026-03-12T13:50:53","guid":{"rendered":"https:\/\/ambrosioeletro.com.br\/v20\/?post_type=product&#038;p=15081"},"modified":"2026-04-08T10:57:35","modified_gmt":"2026-04-08T13:57:35","slug":"panela-de-pressao-eletrica-itatiaia-midi-5l-inox-900w-127v-cozinha-rapida-e-pratica","status":"publish","type":"product","link":"https:\/\/ambrosioeletro.com.br\/v20\/produto\/panela-de-pressao-eletrica-itatiaia-midi-5l-inox-900w-127v-cozinha-rapida-e-pratica\/","title":{"rendered":"Panela de Press\u00e3o El\u00e9trica Itatiaia Midi 5L Inox 900W 127V Cozinha R\u00e1pida e Pr\u00e1tica"},"content":{"rendered":"<div class=\"relative px-md overflow-hidden border-on-surface-8 after:pointer-events-none after:absolute after:bottom-[0] after:left-[0] after:h-[72px] after:w-full after:bg-gradient-to-b after:from-[#FFFFFF00] after:to-[#FFFFFF] md:after:content-none md:px-lg max-md:border-b-thin\" data-testid=\"tab-product-detail\">\n<h2 class=\"text-on-surface-2 font-md-bold md:font-title-large-highlight md:mb-md\" data-testid=\"product-details-title\">Descri\u00e7\u00e3o e ficha t\u00e9cnica<\/h2>\n<div data-testid=\"product-detail\">\n<p class=\"mt-2xsm text-on-surface-4 font-xsm-regular\" data-testid=\"product-detail-code\">C\u00f3digo\u00a0df76e492f8<\/p>\n<div class=\"mt-md font-xsm-regular\" data-testid=\"product-detail-description\">\n<p>Transforme sua cozinha com praticidade e efici\u00eancia! A Panela de Press\u00e3o El\u00e9trica Itatiaia Midi 5L \u00e9 a parceira ideal para quem quer preparar refei\u00e7\u00f5es deliciosas com rapidez e seguran\u00e7a. Seu design elegante em inox combina com qualquer cozinha \u2014 e o desempenho dela vai fazer voc\u00ea redescobrir o prazer de cozinhar.<\/p>\n<p>Principais vantagens:<\/p>\n<p>Capacidade ideal (5 L): Perfeita para preparar refei\u00e7\u00f5es para toda a fam\u00edlia \u2014 desde arroz, feij\u00e3o e legumes at\u00e9 carnes e sopas.<\/p>\n<p>Pot\u00eancia de 900 W: Cozimento r\u00e1pido e uniforme, economizando tempo e energia.<\/p>\n<p>6 fun\u00e7\u00f5es pr\u00e9-programadas: Facilita o preparo de diversos pratos com apenas um toque \u2014 arroz, carnes, feij\u00e3o, legumes, sopas e muito mais.<\/p>\n<p>Painel digital + timer (at\u00e9 90 min): Controle o tempo com precis\u00e3o e deixe a panela fazer todo o trabalho.<\/p>\n<p>Fun\u00e7\u00e3o \u201cmanter aquecido\u201d por at\u00e9 24 h: Alimente-se com tranquilidade \u2014 a panela mant\u00e9m o alimento na temperatura ideal at\u00e9 a hora de servir.<\/p>\n<p>Desligamento autom\u00e1tico + aviso sonoro: Seguran\u00e7a e praticidade mesmo se voc\u00ea for fazer outra coisa enquanto cozinha.<\/p>\n<p>Panela interna remov\u00edvel com revestimento antiaderente: Facilita a limpeza e evita que os alimentos grudem.<\/p>\n<p>P\u00e9s antiderrapantes e acabamento em inox: Estabilidade, estilo e durabilidade para sua cozinha.<\/p>\n<p>Itens que acompanham:<\/p>\n<p>Panela el\u00e9trica Itatiaia Midi 5L Inox<\/p>\n<p>Copo medidor, esp\u00e1tula e coletor de \u00e1gua<\/p>\n<p>Manual de instru\u00e7\u00f5es.<\/p>\n<\/div>\n<\/div>\n<\/div>\n<div class=\"hidden border-on-surface-8 md:px-lg md:block md:py-md\" data-testid=\"tab-product-factsheet\">\n<h2 class=\"text-on-surface-2 font-md-bold md:font-title-large-highlight md:mb-md\" data-testid=\"product-factsheet-title\">Ficha T\u00e9cnica<\/h2>\n<div class=\"pt-2xsm\">\n<table class=\"w-full list-none\" data-testid=\"table-factsheet\">\n<tbody>\n<tr class=\"text-on-surface-3 even:bg-surface-container-lower\">\n<td class=\"px-md py-sm font-xsm-bold align-top table-cell w-1\/2\" data-testid=\"table-factsheet-key\">Capacidade<\/td>\n<td class=\"px-md py-sm font-xsm-regular list-item w-full align-top\">5L<\/td>\n<\/tr>\n<tr class=\"text-on-surface-3 even:bg-surface-container-lower\">\n<td class=\"px-md py-sm font-xsm-bold align-top table-cell w-1\/2\" data-testid=\"table-factsheet-key\">Voltagem<\/td>\n<td class=\"px-md py-sm font-xsm-regular list-item w-full align-top\">127V<\/td>\n<\/tr>\n<tr class=\"text-on-surface-3 even:bg-surface-container-lower\">\n<td class=\"px-md py-sm font-xsm-bold align-top table-cell w-1\/2\" data-testid=\"table-factsheet-key\">Peso<\/td>\n<td class=\"px-md py-sm font-xsm-regular list-item w-full align-top\">3,90KG<\/td>\n<\/tr>\n<tr class=\"text-on-surface-3 even:bg-surface-container-lower\">\n<td class=\"px-md py-sm font-xsm-bold align-top table-cell w-1\/2\" data-testid=\"table-factsheet-key\">Registro do produto ANVISA<\/td>\n<td class=\"px-md py-sm font-xsm-regular list-item w-full align-top\">N\u00e3o se aplica<\/td>\n<\/tr>\n<tr class=\"text-on-surface-3 even:bg-surface-container-lower\">\n<td class=\"px-md py-sm font-xsm-bold align-top table-cell w-1\/2\" data-testid=\"table-factsheet-key\">Registro do produto Minist\u00e9rio da Agricultura (MAPA)<\/td>\n<td class=\"px-md py-sm font-xsm-regular list-item w-full align-top\">N\u00e3o se aplica<\/td>\n<\/tr>\n<tr class=\"text-on-surface-3 even:bg-surface-container-lower\">\n<td class=\"px-md py-sm font-xsm-bold align-top table-cell w-1\/2\" data-testid=\"table-factsheet-key\">Modelo<\/td>\n<td class=\"px-md py-sm font-xsm-regular list-item w-full align-top\">Midi 5L<\/td>\n<\/tr>\n<tr class=\"text-on-surface-3 even:bg-surface-container-lower\">\n<td class=\"px-md py-sm font-xsm-bold align-top table-cell w-1\/2\" data-testid=\"table-factsheet-key\">Garantia<\/td>\n<td class=\"px-md py-sm font-xsm-regular list-item w-full align-top\">1 m\u00eas<\/td>\n<\/tr>\n<tr class=\"text-on-surface-3 even:bg-surface-container-lower\">\n<td class=\"px-md py-sm font-xsm-bold align-top table-cell w-1\/2\" data-testid=\"table-factsheet-key\">Acess\u00f3rios<\/td>\n<td class=\"px-md py-sm font-xsm-regular list-item w-full align-top\">Copo medidor, esp\u00e1tula e coletor de \u00e1gua<\/td>\n<\/tr>\n<tr class=\"text-on-surface-3 even:bg-surface-container-lower\">\n<td class=\"px-md py-sm font-xsm-bold align-top table-cell w-1\/2\" data-testid=\"table-factsheet-key\">Capacidade<\/td>\n<td class=\"px-md py-sm font-xsm-regular list-item w-full align-top\">5L<\/td>\n<\/tr>\n<tr class=\"text-on-surface-3 even:bg-surface-container-lower\">\n<td class=\"px-md py-sm font-xsm-bold align-top table-cell w-1\/2\" data-testid=\"table-factsheet-key\">Conte\u00fado da Embalagem<\/td>\n<td class=\"px-md py-sm font-xsm-regular list-item w-full align-top\">Panela el\u00e9trica Itatiaia Midi 5L Inox, copo medidor, esp\u00e1tula e coletor de \u00e1gua, manual de instru\u00e7\u00f5es<\/td>\n<\/tr>\n<tr class=\"text-on-surface-3 even:bg-surface-container-lower\">\n<td class=\"px-md py-sm font-xsm-bold align-top table-cell w-1\/2\" data-testid=\"table-factsheet-key\">Cor<\/td>\n<td class=\"px-md py-sm font-xsm-regular list-item w-full align-top\">Inox<\/td>\n<\/tr>\n<tr class=\"text-on-surface-3 even:bg-surface-container-lower\">\n<td class=\"px-md py-sm font-xsm-bold align-top table-cell w-1\/2\" data-testid=\"table-factsheet-key\">Funcionalidades<\/td>\n<td class=\"px-md py-sm font-xsm-regular list-item w-full align-top\">6 fun\u00e7\u00f5es pr\u00e9-programadas (arroz, carnes, feij\u00e3o, legumes, sopas), manter aquecido (at\u00e9 24h), desligamento autom\u00e1tico, timer (at\u00e9 90 min)<\/td>\n<\/tr>\n<tr class=\"text-on-surface-3 even:bg-surface-container-lower\">\n<td class=\"px-md py-sm font-xsm-bold align-top table-cell w-1\/2\" data-testid=\"table-factsheet-key\">Linha<\/td>\n<td class=\"px-md py-sm font-xsm-regular list-item w-full align-top\">Midi<\/td>\n<\/tr>\n<tr class=\"text-on-surface-3 even:bg-surface-container-lower\">\n<td class=\"px-md py-sm font-xsm-bold align-top table-cell w-1\/2\" data-testid=\"table-factsheet-key\">Marca<\/td>\n<td class=\"px-md py-sm font-xsm-regular list-item w-full align-top\"><a class=\"hover:text-interaction-default underline\" href=\"https:\/\/www.magazineluiza.com.br\/marcas\/itatiaia\/\">Itatiaia<\/a><\/td>\n<\/tr>\n<tr class=\"text-on-surface-3 even:bg-surface-container-lower\">\n<td class=\"px-md py-sm font-xsm-bold align-top table-cell w-1\/2\" data-testid=\"table-factsheet-key\">Material<\/td>\n<td class=\"px-md py-sm font-xsm-regular list-item w-full align-top\">Inox<\/td>\n<\/tr>\n<tr class=\"text-on-surface-3 even:bg-surface-container-lower\">\n<td class=\"px-md py-sm font-xsm-bold align-top table-cell w-1\/2\" data-testid=\"table-factsheet-key\">Modelo<\/td>\n<td class=\"px-md py-sm font-xsm-regular list-item w-full align-top\">Midi 5L<\/td>\n<\/tr>\n<tr class=\"text-on-surface-3 even:bg-surface-container-lower\">\n<td class=\"px-md py-sm font-xsm-bold align-top table-cell w-1\/2\" data-testid=\"table-factsheet-key\">Painel<\/td>\n<td class=\"px-md py-sm font-xsm-regular list-item w-full align-top\">Digital<\/td>\n<\/tr>\n<tr class=\"text-on-surface-3 even:bg-surface-container-lower\">\n<td class=\"px-md py-sm font-xsm-bold align-top table-cell w-1\/2\" data-testid=\"table-factsheet-key\">Peso do Produto<\/td>\n<td class=\"px-md py-sm font-xsm-regular list-item w-full align-top\">3,90kg<\/td>\n<\/tr>\n<tr class=\"text-on-surface-3 even:bg-surface-container-lower\">\n<td class=\"px-md py-sm font-xsm-bold align-top table-cell w-1\/2\" data-testid=\"table-factsheet-key\">Pot\u00eancia<\/td>\n<td class=\"px-md py-sm font-xsm-regular list-item w-full align-top\">900W<\/td>\n<\/tr>\n<tr class=\"text-on-surface-3 even:bg-surface-container-lower\">\n<td class=\"px-md py-sm font-xsm-bold align-top table-cell w-1\/2\" data-testid=\"table-factsheet-key\">Prazo de Garantia<\/td>\n<td class=\"px-md py-sm font-xsm-regular list-item w-full align-top\">1 m\u00eas<\/td>\n<\/tr>\n<tr class=\"text-on-surface-3 even:bg-surface-container-lower\">\n<td class=\"px-md py-sm font-xsm-bold align-top table-cell w-1\/2\" data-testid=\"table-factsheet-key\">Revestimento<\/td>\n<td class=\"px-md py-sm font-xsm-regular list-item w-full align-top\">Antiaderente<\/td>\n<\/tr>\n<tr class=\"text-on-surface-3 even:bg-surface-container-lower\">\n<td class=\"px-md py-sm font-xsm-bold align-top table-cell w-1\/2\" data-testid=\"table-factsheet-key\">Voltagem<\/td>\n<td class=\"px-md py-sm font-xsm-regular list-item w-full align-top\">110V<\/td>\n<\/tr>\n<\/tbody>\n<\/table>\n<\/div>\n<\/div>\n","protected":false},"excerpt":{"rendered":"<p>Descri\u00e7\u00e3o e ficha t\u00e9cnica C\u00f3digo\u00a0df76e492f8 Transforme sua cozinha com praticidade e efici\u00eancia! A Panela de Press\u00e3o El\u00e9trica Itatiaia Midi 5L \u00e9 a parceira ideal para quem quer preparar refei\u00e7\u00f5es deliciosas<\/p>\n","protected":false},"featured_media":15084,"comment_status":"open","ping_status":"closed","template":"","meta":[],"product_brand":[],"product_cat":[15],"product_tag":[],"class_list":{"0":"post-15081","1":"product","2":"type-product","3":"status-publish","4":"has-post-thumbnail","6":"product_cat-produtos","7":"product_shipping_class-retirar-no-local","9":"first","10":"instock","11":"shipping-taxable","12":"purchasable","13":"product-type-simple"},"_links":{"self":[{"href":"https:\/\/ambrosioeletro.com.br\/v20\/wp-json\/wp\/v2\/product\/15081","targetHints":{"allow":["GET"]}}],"collection":[{"href":"https:\/\/ambrosioeletro.com.br\/v20\/wp-json\/wp\/v2\/product"}],"about":[{"href":"https:\/\/ambrosioeletro.com.br\/v20\/wp-json\/wp\/v2\/types\/product"}],"replies":[{"embeddable":true,"href":"https:\/\/ambrosioeletro.com.br\/v20\/wp-json\/wp\/v2\/comments?post=15081"}],"wp:featuredmedia":[{"embeddable":true,"href":"https:\/\/ambrosioeletro.com.br\/v20\/wp-json\/wp\/v2\/media\/15084"}],"wp:attachment":[{"href":"https:\/\/ambrosioeletro.com.br\/v20\/wp-json\/wp\/v2\/media?parent=15081"}],"wp:term":[{"taxonomy":"product_brand","embeddable":true,"href":"https:\/\/ambrosioeletro.com.br\/v20\/wp-json\/wp\/v2\/product_brand?post=15081"},{"taxonomy":"product_cat","embeddable":true,"href":"https:\/\/ambrosioeletro.com.br\/v20\/wp-json\/wp\/v2\/product_cat?post=15081"},{"taxonomy":"product_tag","embeddable":true,"href":"https:\/\/ambrosioeletro.com.br\/v20\/wp-json\/wp\/v2\/product_tag?post=15081"}],"curies":[{"name":"wp","href":"https:\/\/api.w.org\/{rel}","templated":true}]}}