{"id":15086,"date":"2026-03-12T15:49:24","date_gmt":"2026-03-12T18:49:24","guid":{"rendered":"https:\/\/ambrosioeletro.com.br\/v20\/?post_type=product&#038;p=15086"},"modified":"2026-03-21T08:34:42","modified_gmt":"2026-03-21T11:34:42","slug":"lavadora-de-roupas-brastemp-bwf14ab-14kg-smart-sensor-ciclo-tira-mancha-cesto-inox-branca-220v","status":"publish","type":"product","link":"https:\/\/ambrosioeletro.com.br\/v20\/produto\/lavadora-de-roupas-brastemp-bwf14ab-14kg-smart-sensor-ciclo-tira-mancha-cesto-inox-branca-220v\/","title":{"rendered":"Lavadora de Roupas Brastemp BWF14AB 14kg Smart Sensor Ciclo Tira Mancha Cesto Inox Branca"},"content":{"rendered":"<p><strong><span dir=\"auto\">M\u00e1quina de Lavar Brastemp BWF14AB 14kg &#8211; Efici\u00eancia e cuidado com as roupas em um s\u00f3 produto.<\/span><\/strong><\/p>\n<p><strong><span dir=\"auto\">Capacidade de 14kg<\/span><\/strong><span dir=\"auto\">\u00a0:<\/span><br \/>\n<span dir=\"auto\">Com capacidade de\u00a0<\/span><strong><span dir=\"auto\">14kg<\/span><\/strong><span dir=\"auto\">\u00a0: a Lavadora Brastemp BWF14AB, permite que voc\u00ea coloque at\u00e9 14kg de roupas secas de uma s\u00f3 vez, garantindo mais praticidade e menos ciclos de lavagem. Isso significa que voc\u00ea pode lavar um edredom de casal pesado ou at\u00e9 oito toalhas de banho grandes, al\u00e9m de roupas do dia a dia.<\/span><br \/>\n<span dir=\"auto\">A m\u00e1quina mais adequada para fam\u00edlias grandes ou para quem acumula roupas e prefere lavar tudo de uma vez, economizando tempo, \u00e1gua e energia.<\/span><\/p>\n<p><strong><span dir=\"auto\">Smart Sensor<\/span><\/strong><br \/>\n<span dir=\"auto\">O\u00a0<\/span><strong><span dir=\"auto\">Smart Sensor<\/span><\/strong><span dir=\"auto\">\u00a0: identifica automaticamente o peso das roupas, ajustando n\u00edvel de \u00e1gua e perfil de melhoria para garantir um desempenho ideal. Com isso, voc\u00ea economiza at\u00e9 25% de \u00e1gua e reduz o tempo de lavagem.<\/span><\/p>\n<p><strong><span dir=\"auto\">Ciclo Tira Manchas Advanced<\/span><\/strong><br \/>\n<strong><span dir=\"auto\">Ciclo Tira Manchas Advanced<\/span><\/strong><span dir=\"auto\">\u00a0: desenvolvido com sistema exclusivo de molho e refrescante que remove mais de 50 tipos de manchas, at\u00e9 as mais resistentes e antigas.<\/span><\/p>\n<p><strong><span dir=\"auto\">Ciclos Especiais<\/span><\/strong><br \/>\n<strong><span dir=\"auto\">Ciclos Especiais<\/span><\/strong><span dir=\"auto\">\u00a0: Silencioso, Antial\u00e9rgico, Antibolinhas e Edredom, oferecendo cuidados espec\u00edficos para cada tipo de tecido e necessidade. At\u00e9 roupas de beb\u00ea e edredom casal podem ser lavadas sem preocupa\u00e7\u00f5es.<\/span><\/p>\n<p><strong><span dir=\"auto\">Design Compacto<\/span><\/strong><br \/>\n<strong><span dir=\"auto\">Design Compacto<\/span><\/strong><span dir=\"auto\">\u00a0: lave mais ocupando menos espa\u00e7o. A Brastemp 14kg \u00e9 a lavadora de maior capacidade com o menor tamanho da categoria, com dimens\u00f5es (AxLxP):104,5&#215;57,4&#215;63,5cm, serve em qualquer canto.<\/span><\/p>\n<p><strong><span dir=\"auto\">Cesto de Inox<\/span><\/strong><br \/>\n<strong><span dir=\"auto\">Cesto de Inox<\/span><\/strong><span dir=\"auto\">\u00a0: resistente\u00a0<\/span><strong><span dir=\"auto\">com a qualidade Brastemp<\/span><\/strong><span dir=\"auto\">\u00a0, painel digital \u00e0 prova d&#8217;\u00e1gua e mais de 100 testes de durabilidade. Uma lavagem feita para durar muitos ciclos.<\/span><\/p>\n<p><strong><span dir=\"auto\">Silenciosa<\/span><\/strong><br \/>\n<strong><span dir=\"auto\">Ciclo Silencioso<\/span><\/strong><span dir=\"auto\">\u00a0: permite lavar suas roupas a qualquer hora do dia ou da noite, causando pouco ru\u00eddo, com o m\u00e1ximo de conveni\u00eancia.<\/span><\/p>\n<p><span dir=\"auto\">Conhe\u00e7a mais produtos com a qualidade e tecnologia\u00a0<\/span><a href=\"https:\/\/www.casasbahia.com.br\/brastemp\/b\"><span dir=\"auto\">Brastemp<\/span><\/a><span dir=\"auto\">\u00a0e simplifique o seu dia a dia!<\/span><\/p>\n","protected":false},"excerpt":{"rendered":"<p>M\u00e1quina de Lavar Brastemp BWF14AB 14kg &#8211; Efici\u00eancia e cuidado com as roupas em um s\u00f3 produto. Capacidade de 14kg\u00a0: Com capacidade de\u00a014kg\u00a0: a Lavadora Brastemp BWF14AB, permite que voc\u00ea<\/p>\n","protected":false},"featured_media":15091,"comment_status":"open","ping_status":"closed","template":"","meta":[],"product_brand":[],"product_cat":[15],"product_tag":[],"class_list":{"0":"post-15086","1":"product","2":"type-product","3":"status-publish","4":"has-post-thumbnail","6":"product_cat-produtos","7":"product_shipping_class-retirar-no-local","9":"first","10":"instock","11":"shipping-taxable","12":"purchasable","13":"product-type-simple"},"_links":{"self":[{"href":"https:\/\/ambrosioeletro.com.br\/v20\/wp-json\/wp\/v2\/product\/15086","targetHints":{"allow":["GET"]}}],"collection":[{"href":"https:\/\/ambrosioeletro.com.br\/v20\/wp-json\/wp\/v2\/product"}],"about":[{"href":"https:\/\/ambrosioeletro.com.br\/v20\/wp-json\/wp\/v2\/types\/product"}],"replies":[{"embeddable":true,"href":"https:\/\/ambrosioeletro.com.br\/v20\/wp-json\/wp\/v2\/comments?post=15086"}],"wp:featuredmedia":[{"embeddable":true,"href":"https:\/\/ambrosioeletro.com.br\/v20\/wp-json\/wp\/v2\/media\/15091"}],"wp:attachment":[{"href":"https:\/\/ambrosioeletro.com.br\/v20\/wp-json\/wp\/v2\/media?parent=15086"}],"wp:term":[{"taxonomy":"product_brand","embeddable":true,"href":"https:\/\/ambrosioeletro.com.br\/v20\/wp-json\/wp\/v2\/product_brand?post=15086"},{"taxonomy":"product_cat","embeddable":true,"href":"https:\/\/ambrosioeletro.com.br\/v20\/wp-json\/wp\/v2\/product_cat?post=15086"},{"taxonomy":"product_tag","embeddable":true,"href":"https:\/\/ambrosioeletro.com.br\/v20\/wp-json\/wp\/v2\/product_tag?post=15086"}],"curies":[{"name":"wp","href":"https:\/\/api.w.org\/{rel}","templated":true}]}}