{"id":15092,"date":"2026-03-12T15:51:41","date_gmt":"2026-03-12T18:51:41","guid":{"rendered":"https:\/\/ambrosioeletro.com.br\/v20\/?post_type=product&#038;p=15092"},"modified":"2026-03-12T15:51:41","modified_gmt":"2026-03-12T18:51:41","slug":"geladeira-refrigerador-hq-defrost-290-litros-hq-290rdf","status":"publish","type":"product","link":"https:\/\/ambrosioeletro.com.br\/v20\/produto\/geladeira-refrigerador-hq-defrost-290-litros-hq-290rdf\/","title":{"rendered":"Geladeira Refrigerador HQ Defrost 290 Litros HQ-290RDF"},"content":{"rendered":"<div class=\"relative px-md overflow-hidden border-on-surface-8 after:pointer-events-none after:absolute after:bottom-[0] after:left-[0] after:h-[72px] after:w-full after:bg-gradient-to-b after:from-[#FFFFFF00] after:to-[#FFFFFF] md:after:content-none md:px-lg max-md:border-b-thin\" data-testid=\"tab-product-detail\">\n<h2 class=\"text-on-surface-2 font-md-bold md:font-title-large-highlight md:mb-md\" data-testid=\"product-details-title\">Descri\u00e7\u00e3o e ficha t\u00e9cnica<\/h2>\n<div data-testid=\"product-detail\">\n<p class=\"mt-2xsm text-on-surface-4 font-xsm-regular\" data-testid=\"product-detail-code\">C\u00f3digo\u00a0dhk7101fjk<\/p>\n<div class=\"mt-md font-xsm-regular\" data-testid=\"product-detail-description\">A Geladeira Refrigerador HQ \u00e9 a escolha perfeita para quem busca efici\u00eancia e estilo na cozinha. O modelo oferece uma refrigera\u00e7\u00e3o uniforme que garante frescor por mais tempo. Com selo Procel A+++, \u00e9 ideal para quem deseja economia de energia sem abrir m\u00e3o da performance. Seu design moderno e prateleiras ajust\u00e1veis permitem um armazenamento otimizado para cada tipo de alimento.<\/p>\n<p>Defrost: Descongele a sua geladeira apenas 2 vezes ao ano.<br \/>\nPrateleiras de vidro ajust\u00e1veis: Muito mais f\u00e1cil de limpar e organizar.<br \/>\nGavet\u00e3o para frutas e verduras: seus alimentos sempre fresquinhos e organizados.<br \/>\nEconomia de energia garantida: Efici\u00eancia Classe A para um consumo consciente.<\/p>\n<p>Caracter\u00edsticas:<br \/>\nCapacidade Total: 290L<br \/>\nTipo: Defrost<br \/>\nFrequ\u00eancia: 60Hz<br \/>\nG\u00e1s refrigerante: R600a<br \/>\nCondensador: Inside<br \/>\nFechadura: N\u00e3o<br \/>\nEfici\u00eancia Classe: A+++<br \/>\nTampa superior: N\u00e3o<br \/>\nControle de temperatura: Mec\u00e2nico<br \/>\nTemp. N\u00famero da posi\u00e7\u00e3o de controle: 0, 1, 2, 3, 4, 5<br \/>\nEstilo de forro de porta: Europeu<br \/>\nPorta revers\u00edvel: Sim<br \/>\nFaixa de Temperatura do Refrigerador: 0 a 10 graus C<br \/>\nFaixa de Temperatura do Congelador: -18 a -24 graus C<br \/>\nL\u00e2mpada interior: N\u00e3o<br \/>\nPrateleira Refrigerador (Material\/Qtd.): Vidro\/2<br \/>\nBandeja de ovos: Sim<br \/>\nBandeja de gelo: Sim<br \/>\nPrateleira Congelador (Material\/Qtd.): vidro\/1<\/p>\n<p>Dimens\u00f5es:<br \/>\nAltura: 170 cm<br \/>\nLargura: 55 cm<br \/>\nProfundidade: 55 cm<br \/>\nPeso: 45 kg<\/p>\n<p>Garantia do Fabricante: 12 meses (Sendo 03 meses de garantia legal e mais 09 meses de garantia para defeito de fabrica\u00e7\u00e3o).<\/p><\/div>\n<\/div>\n<\/div>\n<div class=\"hidden border-on-surface-8 md:px-lg md:block md:py-md\" data-testid=\"tab-product-factsheet\">\n<h2 class=\"text-on-surface-2 font-md-bold md:font-title-large-highlight md:mb-md\" data-testid=\"product-factsheet-title\">Ficha T\u00e9cnica<\/h2>\n<div class=\"pt-2xsm\">\n<table class=\"w-full list-none\" data-testid=\"table-factsheet\">\n<tbody>\n<tr class=\"text-on-surface-3 even:bg-surface-container-lower\">\n<td class=\"px-md py-sm font-xsm-bold align-top table-cell w-1\/2\" data-testid=\"table-factsheet-key\">Modelo<\/td>\n<td class=\"px-md py-sm font-xsm-regular list-item w-full align-top\">HQ-290RDF<\/td>\n<\/tr>\n<tr class=\"text-on-surface-3 even:bg-surface-container-lower\">\n<td class=\"px-md py-sm font-xsm-bold align-top table-cell w-1\/2\" data-testid=\"table-factsheet-key\">Garantia<\/td>\n<td class=\"px-md py-sm font-xsm-regular list-item w-full align-top\">12 meses<\/td>\n<\/tr>\n<tr class=\"text-on-surface-3 even:bg-surface-container-lower\">\n<td class=\"px-md py-sm font-xsm-bold align-top table-cell w-1\/2\" data-testid=\"table-factsheet-key\">Cor<\/td>\n<td class=\"px-md py-sm font-xsm-regular list-item w-full align-top\">Cinza<\/td>\n<\/tr>\n<tr class=\"text-on-surface-3 even:bg-surface-container-lower\">\n<td class=\"px-md py-sm font-xsm-bold align-top table-cell w-1\/2\" data-testid=\"table-factsheet-key\">Capacidade (L)<\/td>\n<td class=\"px-md py-sm font-xsm-regular list-item w-full align-top\">290L<\/td>\n<\/tr>\n<tr class=\"text-on-surface-3 even:bg-surface-container-lower\">\n<td class=\"px-md py-sm font-xsm-bold align-top table-cell w-1\/2\" data-testid=\"table-factsheet-key\">Altura sem Embalagem (cm)<\/td>\n<td class=\"px-md py-sm font-xsm-regular list-item w-full align-top\">170 cm<\/td>\n<\/tr>\n<tr class=\"text-on-surface-3 even:bg-surface-container-lower\">\n<td class=\"px-md py-sm font-xsm-bold align-top table-cell w-1\/2\" data-testid=\"table-factsheet-key\">Profundidade sem Embalagem (cm)<\/td>\n<td class=\"px-md py-sm font-xsm-regular list-item w-full align-top\">55 cm<\/td>\n<\/tr>\n<tr class=\"text-on-surface-3 even:bg-surface-container-lower\">\n<td class=\"px-md py-sm font-xsm-bold align-top table-cell w-1\/2\" data-testid=\"table-factsheet-key\">Largura sem embalagem (cm)<\/td>\n<td class=\"px-md py-sm font-xsm-regular list-item w-full align-top\">55 cm<\/td>\n<\/tr>\n<tr class=\"text-on-surface-3 even:bg-surface-container-lower\">\n<td class=\"px-md py-sm font-xsm-bold align-top table-cell w-1\/2\" data-testid=\"table-factsheet-key\">Voltagem<\/td>\n<td class=\"px-md py-sm font-xsm-regular list-item w-full align-top\">110V<\/td>\n<\/tr>\n<tr class=\"text-on-surface-3 even:bg-surface-container-lower\">\n<td class=\"px-md py-sm font-xsm-bold align-top table-cell w-1\/2\" data-testid=\"table-factsheet-key\">Capacidade L\u00edquida Total<\/td>\n<td class=\"px-md py-sm font-xsm-regular list-item w-full align-top\">290L<\/td>\n<\/tr>\n<tr class=\"text-on-surface-3 even:bg-surface-container-lower\">\n<td class=\"px-md py-sm font-xsm-bold align-top table-cell w-1\/2\" data-testid=\"table-factsheet-key\">Certifica\u00e7\u00f5es<\/td>\n<td class=\"px-md py-sm font-xsm-regular list-item w-full align-top\">Selo Procel A+++<\/td>\n<\/tr>\n<tr class=\"text-on-surface-3 even:bg-surface-container-lower\">\n<td class=\"px-md py-sm font-xsm-bold align-top table-cell w-1\/2\" data-testid=\"table-factsheet-key\">Compartimentos Internos<\/td>\n<td class=\"px-md py-sm font-xsm-regular list-item w-full align-top\">Gavet\u00e3o para frutas e verduras, Prateleiras de vidro ajust\u00e1veis, Bandeja de ovos, Bandeja de gelo<\/td>\n<\/tr>\n<tr class=\"text-on-surface-3 even:bg-surface-container-lower\">\n<td class=\"px-md py-sm font-xsm-bold align-top table-cell w-1\/2\" data-testid=\"table-factsheet-key\">Cor<\/td>\n<td class=\"px-md py-sm font-xsm-regular list-item w-full align-top\">Cinza<\/td>\n<\/tr>\n<tr class=\"text-on-surface-3 even:bg-surface-container-lower\">\n<td class=\"px-md py-sm font-xsm-bold align-top table-cell w-1\/2\" data-testid=\"table-factsheet-key\">Dimens\u00f5es do Produto<\/td>\n<td class=\"px-md py-sm font-xsm-regular list-item w-full align-top\">Altura: 170 cm, Largura: 55 cm, Profundidade: 55 cm<\/td>\n<\/tr>\n<tr class=\"text-on-surface-3 even:bg-surface-container-lower\">\n<td class=\"px-md py-sm font-xsm-bold align-top table-cell w-1\/2\" data-testid=\"table-factsheet-key\">Efici\u00eancia Energ\u00e9tica<\/td>\n<td class=\"px-md py-sm font-xsm-regular list-item w-full align-top\">A+++<\/td>\n<\/tr>\n<tr class=\"text-on-surface-3 even:bg-surface-container-lower\">\n<td class=\"px-md py-sm font-xsm-bold align-top table-cell w-1\/2\" data-testid=\"table-factsheet-key\">Funcionalidades do Refrigerador<\/td>\n<td class=\"px-md py-sm font-xsm-regular list-item w-full align-top\">Refrigera\u00e7\u00e3o uniforme, Prateleiras ajust\u00e1veis, Gavet\u00e3o para frutas e verduras<\/td>\n<\/tr>\n<tr class=\"text-on-surface-3 even:bg-surface-container-lower\">\n<td class=\"px-md py-sm font-xsm-bold align-top table-cell w-1\/2\" data-testid=\"table-factsheet-key\">Marca<\/td>\n<td class=\"px-md py-sm font-xsm-regular list-item w-full align-top\"><a class=\"hover:text-interaction-default underline\" href=\"https:\/\/www.magazineluiza.com.br\/marcas\/hq\/\">HQ<\/a><\/td>\n<\/tr>\n<tr class=\"text-on-surface-3 even:bg-surface-container-lower\">\n<td class=\"px-md py-sm font-xsm-bold align-top table-cell w-1\/2\" data-testid=\"table-factsheet-key\">Modelo<\/td>\n<td class=\"px-md py-sm font-xsm-regular list-item w-full align-top\">HQ-290RDF<\/td>\n<\/tr>\n<tr class=\"text-on-surface-3 even:bg-surface-container-lower\">\n<td class=\"px-md py-sm font-xsm-bold align-top table-cell w-1\/2\" data-testid=\"table-factsheet-key\">N\u00edveis de Temperatura<\/td>\n<td class=\"px-md py-sm font-xsm-regular list-item w-full align-top\">0, 1, 2, 3, 4, 5<\/td>\n<\/tr>\n<tr class=\"text-on-surface-3 even:bg-surface-container-lower\">\n<td class=\"px-md py-sm font-xsm-bold align-top table-cell w-1\/2\" data-testid=\"table-factsheet-key\">Peso do Produto<\/td>\n<td class=\"px-md py-sm font-xsm-regular list-item w-full align-top\">45 kg<\/td>\n<\/tr>\n<tr class=\"text-on-surface-3 even:bg-surface-container-lower\">\n<td class=\"px-md py-sm font-xsm-bold align-top table-cell w-1\/2\" data-testid=\"table-factsheet-key\">Prazo de Garantia<\/td>\n<td class=\"px-md py-sm font-xsm-regular list-item w-full align-top\">12 meses<\/td>\n<\/tr>\n<tr class=\"text-on-surface-3 even:bg-surface-container-lower\">\n<td class=\"px-md py-sm font-xsm-bold align-top table-cell w-1\/2\" data-testid=\"table-factsheet-key\">Temperatura<\/td>\n<td class=\"px-md py-sm font-xsm-regular list-item w-full align-top\">Refrigerador: 0 a 10 graus C, Congelador: -18 a -24 graus C<\/td>\n<\/tr>\n<tr class=\"text-on-surface-3 even:bg-surface-container-lower\">\n<td class=\"px-md py-sm font-xsm-bold align-top table-cell w-1\/2\" data-testid=\"table-factsheet-key\">Tipo de Degelo<\/td>\n<td class=\"px-md py-sm font-xsm-regular list-item w-full align-top\">Defrost<\/td>\n<\/tr>\n<tr class=\"text-on-surface-3 even:bg-surface-container-lower\">\n<td class=\"px-md py-sm font-xsm-bold align-top table-cell w-1\/2\" data-testid=\"table-factsheet-key\">Tipo de Geladeira<\/td>\n<td class=\"px-md py-sm font-xsm-regular list-item w-full align-top\">Refrigerador<\/td>\n<\/tr>\n<tr class=\"text-on-surface-3 even:bg-surface-container-lower\">\n<td class=\"px-md py-sm font-xsm-bold align-top table-cell w-1\/2\" data-testid=\"table-factsheet-key\">Voltagem<\/td>\n<td class=\"px-md py-sm font-xsm-regular list-item w-full align-top\">110V<\/td>\n<\/tr>\n<\/tbody>\n<\/table>\n<\/div>\n<\/div>\n","protected":false},"excerpt":{"rendered":"<p>Descri\u00e7\u00e3o e ficha t\u00e9cnica C\u00f3digo\u00a0dhk7101fjk A Geladeira Refrigerador HQ \u00e9 a escolha perfeita para quem busca efici\u00eancia e estilo na cozinha. O modelo oferece uma refrigera\u00e7\u00e3o uniforme que garante frescor<\/p>\n","protected":false},"featured_media":15094,"comment_status":"open","ping_status":"closed","template":"","meta":[],"product_brand":[],"product_cat":[15],"product_tag":[],"class_list":{"0":"post-15092","1":"product","2":"type-product","3":"status-publish","4":"has-post-thumbnail","6":"product_cat-produtos","7":"product_shipping_class-retirar-no-local","9":"first","10":"instock","11":"shipping-taxable","12":"purchasable","13":"product-type-simple"},"_links":{"self":[{"href":"https:\/\/ambrosioeletro.com.br\/v20\/wp-json\/wp\/v2\/product\/15092","targetHints":{"allow":["GET"]}}],"collection":[{"href":"https:\/\/ambrosioeletro.com.br\/v20\/wp-json\/wp\/v2\/product"}],"about":[{"href":"https:\/\/ambrosioeletro.com.br\/v20\/wp-json\/wp\/v2\/types\/product"}],"replies":[{"embeddable":true,"href":"https:\/\/ambrosioeletro.com.br\/v20\/wp-json\/wp\/v2\/comments?post=15092"}],"wp:featuredmedia":[{"embeddable":true,"href":"https:\/\/ambrosioeletro.com.br\/v20\/wp-json\/wp\/v2\/media\/15094"}],"wp:attachment":[{"href":"https:\/\/ambrosioeletro.com.br\/v20\/wp-json\/wp\/v2\/media?parent=15092"}],"wp:term":[{"taxonomy":"product_brand","embeddable":true,"href":"https:\/\/ambrosioeletro.com.br\/v20\/wp-json\/wp\/v2\/product_brand?post=15092"},{"taxonomy":"product_cat","embeddable":true,"href":"https:\/\/ambrosioeletro.com.br\/v20\/wp-json\/wp\/v2\/product_cat?post=15092"},{"taxonomy":"product_tag","embeddable":true,"href":"https:\/\/ambrosioeletro.com.br\/v20\/wp-json\/wp\/v2\/product_tag?post=15092"}],"curies":[{"name":"wp","href":"https:\/\/api.w.org\/{rel}","templated":true}]}}