{"id":15100,"date":"2026-03-12T16:00:16","date_gmt":"2026-03-12T19:00:16","guid":{"rendered":"https:\/\/ambrosioeletro.com.br\/v20\/?post_type=product&#038;p=15100"},"modified":"2026-03-12T16:00:16","modified_gmt":"2026-03-12T19:00:16","slug":"maquina-de-lavar-roupas-12-kg-colomarq-lca-sistema-antimanchas-filtro-duplo-de-fiapos-branca-110v","status":"publish","type":"product","link":"https:\/\/ambrosioeletro.com.br\/v20\/produto\/maquina-de-lavar-roupas-12-kg-colomarq-lca-sistema-antimanchas-filtro-duplo-de-fiapos-branca-110v\/","title":{"rendered":"M\u00e1quina de Lavar Roupas 12 Kg Colomarq LCA, Sistema Antimanchas, Filtro Duplo de Fiapos, Branca &#8211; 110V"},"content":{"rendered":"<p>Caracter\u00edsticas do produto:<br \/>\nMarca:Colomarq<br \/>\nModelo:LCA<br \/>\nCor: Branca<br \/>\nAltura da m\u00e1quina: 103 cm<br \/>\nLargura da m\u00e1quina: 60 cm<br \/>\nProfundidade da m\u00e1quina: 66 cm<br \/>\nPeso da m\u00e1quina: 36 Kg<br \/>\nAlimenta\u00e7\u00e3o:Dispon\u00edvel em 110V e 220V<\/p>\n<p>Informa\u00e7\u00f5es Gerais:<br \/>\nCapacidade de Lavar: 12 kg<br \/>\nCapacidade de Secar: N\u00e3o<br \/>\nCapacidade de \u00c1gua: 154 L<br \/>\nN\u00famero de Programas de lavagem: 7<br \/>\nTipo de tomada:10A<br \/>\nEfici\u00eancia energ\u00e9tica: A<br \/>\nEnergia: 0,36kWh<br \/>\nPot\u00eancia: 0,83W<br \/>\nAl\u00e7as laterais<br \/>\nP\u00e9s regul\u00e1veis<br \/>\nTrava de seguran\u00e7a<br \/>\nPossui Display<br \/>\nTipo de Painel: Digital e Anal\u00f3gico<br \/>\nDesligamento autom\u00e1tico<\/p>\n<p>Acabamento:<br \/>\nTipo de motor: WEG<br \/>\nMotor com protetor t\u00e9rmico<br \/>\nPorta\/tampa: Tampa<br \/>\nComprimento da mangueira: 1m<br \/>\nTipo de abertura:Superior<br \/>\nGabinete (Material):A\u00e7o<br \/>\nMaterial do Cesto: Polipropileno<br \/>\nMaterial Predominantemente: A\u00e7o e Polipropileno<\/p>\n<p>Especifica\u00e7\u00f5es do Dispenser:<br \/>\nSistema Operacional: Agita\u00e7\u00e3o<br \/>\nDispenser para sab\u00e3o l\u00edquido<br \/>\nDispenser para amaciante<\/p>\n<p>Funcionalidades:<br \/>\nSilenciosa<br \/>\nElimina fiapos<br \/>\nLavagem econ\u00f4mica<br \/>\nLava edredon<br \/>\nEnx\u00e1gue<br \/>\nCiclo r\u00e1pido<br \/>\nMolho<br \/>\nPausa<br \/>\nDrenagem<br \/>\nDispenser<br \/>\nReaproveitamento de \u00e1gua<br \/>\nDilui\u00e7\u00e3o antimanchas<br \/>\nSistema de suspens\u00e3o<br \/>\nVisualizador das etapas de lavagens<\/p>\n<p>Sistema de Lavagem:<br \/>\nAvan\u00e7a etapas<br \/>\nCentrifuga\u00e7\u00e3o<br \/>\nAdiar in\u00edcio<br \/>\nLimpeza do cesto<br \/>\nAdicionar roupas<br \/>\nFun\u00e7\u00e3o turbo lavagem<br \/>\nDigital (Tact)<br \/>\nFrequ\u00eancia:60Hz<br \/>\nN\u00edveis de \u00e1gua: 4<br \/>\nCapacidade Roupa seca: 12K<br \/>\nTipo de \u00e1gua: Fria<br \/>\nN\u00famero de enx\u00e1gues: 3<br \/>\nFun\u00e7\u00e3o agita\u00e7\u00e3o delicada<br \/>\nEntrada de \u00e1gua: Autom\u00e1tica<br \/>\nSa\u00edda de \u00e1gua: Autom\u00e1tica<br \/>\nEfici\u00eancia de lavagem: 0,90<br \/>\nEfici\u00eancia de centrifuga\u00e7\u00e3o: A<br \/>\nConsumo de \u00c1gua:154,4L\/ciclo<br \/>\nVelocidades de centr\u00edfiga\u00e7\u00e3o: 730RPM<br \/>\nPainel de controle: Digital e Anal\u00f3gico<br \/>\nQuantidade de programas de lavagens: 7<br \/>\nVelocidade de centrifuga\u00e7\u00e3o:730rpm<br \/>\nVisualizador das etapas de lavagem<\/p>\n<p>Programas de lavagem:<br \/>\nR\u00e1pido<br \/>\nDia a Dia<br \/>\nDelicado<br \/>\nCama e Banho<br \/>\nMuito Sujo<br \/>\nTira Manchas<br \/>\nEnxaguar<br \/>\nCentrifugar<\/p>\n<p>Dimens\u00f5es e peso (sem embalagem):<br \/>\nAltura da m\u00e1quina: 103 cm<br \/>\nLargura da m\u00e1quina: 60 cm<br \/>\nProfundidade da m\u00e1quina: 66 cm<br \/>\nPeso da m\u00e1quina: 36 Kg<\/p>\n<p>Dimens\u00f5es e peso (com embalagem):<br \/>\nAltura: 104 cm<br \/>\nLargura: 62 cm<br \/>\nProfundidade: 74 cm<br \/>\nPeso: 37 Kg<\/p>\n<p>Conte\u00fado da Embalagem:<br \/>\n1 Lavadora<br \/>\n1 Manual de Instru\u00e7\u00f5es<br \/>\n1 Certificado de Garantia<\/p>\n<p>Garantia: 1 Ano (Ofertada pelo Fabricante)<\/p>\n<p>*Confira as dimens\u00f5es do produto e certifique -se de que est\u00e3o adequadas aos elevadores, portas e corredores do local de entrega, pois n\u00e3o fazemos a montagem<\/p>\n<p>e desmontagem do produto ou de portas e janelas para entrega de produtos, bem como i\u00e7amento por fora de pr\u00e9dio ou transporte por escada quando oferecer risco para o produto e entregadores.*<\/p>\n<p>Fabricante: Colormarq<\/p>\n","protected":false},"excerpt":{"rendered":"<p>Caracter\u00edsticas do produto: Marca:Colomarq Modelo:LCA Cor: Branca Altura da m\u00e1quina: 103 cm Largura da m\u00e1quina: 60 cm Profundidade da m\u00e1quina: 66 cm Peso da m\u00e1quina: 36 Kg Alimenta\u00e7\u00e3o:Dispon\u00edvel em 110V<\/p>\n","protected":false},"featured_media":15103,"comment_status":"open","ping_status":"closed","template":"","meta":[],"product_brand":[],"product_cat":[15],"product_tag":[],"class_list":{"0":"post-15100","1":"product","2":"type-product","3":"status-publish","4":"has-post-thumbnail","6":"product_cat-produtos","7":"product_shipping_class-pac","9":"first","10":"instock","11":"shipping-taxable","12":"purchasable","13":"product-type-simple"},"_links":{"self":[{"href":"https:\/\/ambrosioeletro.com.br\/v20\/wp-json\/wp\/v2\/product\/15100","targetHints":{"allow":["GET"]}}],"collection":[{"href":"https:\/\/ambrosioeletro.com.br\/v20\/wp-json\/wp\/v2\/product"}],"about":[{"href":"https:\/\/ambrosioeletro.com.br\/v20\/wp-json\/wp\/v2\/types\/product"}],"replies":[{"embeddable":true,"href":"https:\/\/ambrosioeletro.com.br\/v20\/wp-json\/wp\/v2\/comments?post=15100"}],"wp:featuredmedia":[{"embeddable":true,"href":"https:\/\/ambrosioeletro.com.br\/v20\/wp-json\/wp\/v2\/media\/15103"}],"wp:attachment":[{"href":"https:\/\/ambrosioeletro.com.br\/v20\/wp-json\/wp\/v2\/media?parent=15100"}],"wp:term":[{"taxonomy":"product_brand","embeddable":true,"href":"https:\/\/ambrosioeletro.com.br\/v20\/wp-json\/wp\/v2\/product_brand?post=15100"},{"taxonomy":"product_cat","embeddable":true,"href":"https:\/\/ambrosioeletro.com.br\/v20\/wp-json\/wp\/v2\/product_cat?post=15100"},{"taxonomy":"product_tag","embeddable":true,"href":"https:\/\/ambrosioeletro.com.br\/v20\/wp-json\/wp\/v2\/product_tag?post=15100"}],"curies":[{"name":"wp","href":"https:\/\/api.w.org\/{rel}","templated":true}]}}