{"id":15104,"date":"2026-03-12T16:10:28","date_gmt":"2026-03-12T19:10:28","guid":{"rendered":"https:\/\/ambrosioeletro.com.br\/v20\/?post_type=product&#038;p=15104"},"modified":"2026-04-08T11:13:23","modified_gmt":"2026-04-08T14:13:23","slug":"tanquinho-de-roupas-colormaq-lcs10m-semiautomatica-branca-10kg-110v","status":"publish","type":"product","link":"https:\/\/ambrosioeletro.com.br\/v20\/produto\/tanquinho-de-roupas-colormaq-lcs10m-semiautomatica-branca-10kg-110v\/","title":{"rendered":"Tanquinho de Roupas Colormaq LCS10M Semiautom\u00e1tica Branca &#8211; 10kg &#8211; 110V"},"content":{"rendered":"<p>A Colormaq LCS10M conta com super capacidade de 10 kg, lava mais roupa em menos tempo e espa\u00e7o. Para ajudar na tarefa de deixar tudo limpo, sua lavadora possui um filtro impedindo a passagem de fiapos e objetos esquecidos nas roupas.<\/p>\n<p>Ela conta com 4 programas de lavagem que atendem todas suas necessidades, com intervalos para molho e enx\u00e1gue.<\/p>\n<p>Excelente para facilitar o seu dia a dia, aproveite!<\/p>\n<div class=\"css-cs5a0t\">\n<div class=\"dsvia-flex css-rtcfjm\" data-testid=\"dsvia-base-div\">\n<p class=\"dsvia-text css-bqvivw\">Caracter\u00edsticas<\/p>\n<p><span class=\"css-emfmc0\">Dispenser para sab\u00e3o-Elimina fiapos<\/span><\/div>\n<\/div>\n<div class=\"css-cs5a0t\">\n<div class=\"dsvia-flex css-rtcfjm\" data-testid=\"dsvia-base-div\">\n<p class=\"dsvia-text css-bqvivw\">Capacidade (kg de roupas)<\/p>\n<p><span class=\"css-emfmc0\">10<\/span><\/div>\n<\/div>\n<div class=\"css-cs5a0t\">\n<div class=\"dsvia-flex css-rtcfjm\" data-testid=\"dsvia-base-div\">\n<p class=\"dsvia-text css-bqvivw\">N\u00edveis de \u00e1gua<\/p>\n<p><span class=\"css-emfmc0\">Baixo-M\u00e9dio-Alto<\/span><\/div>\n<\/div>\n<div class=\"css-cs5a0t\">\n<div class=\"dsvia-flex css-rtcfjm\" data-testid=\"dsvia-base-div\">\n<p class=\"dsvia-text css-bqvivw\">Programas de Lavagem<\/p>\n<p><span class=\"css-emfmc0\">At\u00e9 6 movimentos de lavagem<\/span><\/div>\n<\/div>\n<div class=\"css-1h51iw\">\n<div class=\"dsvia-flex css-rtcfjm\" data-testid=\"dsvia-base-div\">\n<p class=\"dsvia-text css-bqvivw\">Caracter\u00edsticas Gerais<\/p>\n<p><span class=\"css-emfmc0\">&#8211; Semiautom\u00e1tica;<br \/>\n&#8211; Acesso ao cesto superior;<br \/>\n&#8211; 5 Programas de lavagem: delicado, dia a dia, jeans, muito sujo, molho \/ enxague;<br \/>\n&#8211; Filtro de fiapos;<br \/>\n&#8211; Possui batedor gigante no fundo;<br \/>\n&#8211; Entrada e sa\u00edda de \u00e1gua s\u00e3o manuais, sendo assim \u00e9 preciso desencaixar a mangueira e esperar a \u00e1gua escoar;<br \/>\n&#8211; Material da lavadora: pl\u00e1stico;<br \/>\n&#8211; Tampa transl\u00facida;<br \/>\n&#8211; Acabamento do cesto: polipropileno;<br \/>\n&#8211; Rota\u00e7\u00e3o: 1520pm;<br \/>\n&#8211; Pot\u00eancia: 370 W;<br \/>\n&#8211; Efici\u00eancia energ\u00e9tica: 0,11kWh;<br \/>\n&#8211; Dimens\u00f5es do produto (com embalagem) A x L x P: 98 x 49 x 56,5 cm;<br \/>\n&#8211; Peso do produto com embalagem: 10,9 kg.<\/span><\/div>\n<div data-testid=\"dsvia-base-div\">\n<div class=\"css-cs5a0t\">\n<div class=\"dsvia-flex css-rtcfjm\" data-testid=\"dsvia-base-div\">\n<p class=\"dsvia-text css-bqvivw\">Caracter\u00edsticas<\/p>\n<p><span class=\"css-emfmc0\">Dispenser para sab\u00e3o-Elimina fiapos<\/span><\/div>\n<\/div>\n<div class=\"css-cs5a0t\">\n<div class=\"dsvia-flex css-rtcfjm\" data-testid=\"dsvia-base-div\">\n<p class=\"dsvia-text css-bqvivw\">Capacidade (kg de roupas)<\/p>\n<p><span class=\"css-emfmc0\">10<\/span><\/div>\n<\/div>\n<div class=\"css-cs5a0t\">\n<div class=\"dsvia-flex css-rtcfjm\" data-testid=\"dsvia-base-div\">\n<p class=\"dsvia-text css-bqvivw\">N\u00edveis de \u00e1gua<\/p>\n<p><span class=\"css-emfmc0\">Baixo-M\u00e9dio-Alto<\/span><\/div>\n<\/div>\n<div class=\"css-cs5a0t\">\n<div class=\"dsvia-flex css-rtcfjm\" data-testid=\"dsvia-base-div\">\n<p class=\"dsvia-text css-bqvivw\">Programas de Lavagem<\/p>\n<p><span class=\"css-emfmc0\">At\u00e9 6 movimentos de lavagem<\/span><\/div>\n<\/div>\n<div class=\"css-1h51iw\">\n<div class=\"dsvia-flex css-rtcfjm\" data-testid=\"dsvia-base-div\">\n<p class=\"dsvia-text css-bqvivw\">Caracter\u00edsticas Gerais<\/p>\n<p><span class=\"css-emfmc0\">&#8211; Semiautom\u00e1tica;<br \/>\n&#8211; Acesso ao cesto superior;<br \/>\n&#8211; 5 Programas de lavagem: delicado, dia a dia, jeans, muito sujo, molho \/ enxague;<br \/>\n&#8211; Filtro de fiapos;<br \/>\n&#8211; Possui batedor gigante no fundo;<br \/>\n&#8211; Entrada e sa\u00edda de \u00e1gua s\u00e3o manuais, sendo assim \u00e9 preciso desencaixar a mangueira e esperar a \u00e1gua escoar;<br \/>\n&#8211; Material da lavadora: pl\u00e1stico;<br \/>\n&#8211; Tampa transl\u00facida;<br \/>\n&#8211; Acabamento do cesto: polipropileno;<br \/>\n&#8211; Rota\u00e7\u00e3o: 1520pm;<br \/>\n&#8211; Pot\u00eancia: 370 W;<br \/>\n&#8211; Efici\u00eancia energ\u00e9tica: 0,11kWh;<br \/>\n&#8211; Dimens\u00f5es do produto (com embalagem) A x L x P: 98 x 49 x 56,5 cm;<br \/>\n&#8211; Peso do produto com embalagem: 10,9 kg.<\/span><\/div>\n<div data-testid=\"dsvia-base-div\">\n<div class=\"css-cs5a0t\">\n<div class=\"dsvia-flex css-rtcfjm\" data-testid=\"dsvia-base-div\">\n<p class=\"dsvia-text css-bqvivw\">Consumo (kWh)<\/p>\n<p><span class=\"css-emfmc0\">0,009 (kWh\/ciclo\/kg)<\/span><\/div>\n<\/div>\n<div class=\"css-cs5a0t\">\n<div class=\"dsvia-flex css-rtcfjm\" data-testid=\"dsvia-base-div\">\n<p class=\"dsvia-text css-bqvivw\">Controles<\/p>\n<p><span class=\"css-emfmc0\">Mec\u00e2nicos<\/span><\/div>\n<\/div>\n<div class=\"css-cs5a0t\">\n<div class=\"dsvia-flex css-rtcfjm\" data-testid=\"dsvia-base-div\">\n<p class=\"dsvia-text css-bqvivw\">Tens\u00e3o\/Voltagem<\/p>\n<p><span class=\"css-emfmc0\">110V-220V<\/span><\/div>\n<\/div>\n<div class=\"css-cs5a0t\">\n<div class=\"dsvia-flex css-rtcfjm\" data-testid=\"dsvia-base-div\">\n<p class=\"dsvia-text css-bqvivw\">Acabamento do cesto<\/p>\n<p><span class=\"css-emfmc0\">Polipropileno<\/span><\/div>\n<\/div>\n<div class=\"css-cs5a0t\">\n<div class=\"dsvia-flex css-rtcfjm\" data-testid=\"dsvia-base-div\">\n<p class=\"dsvia-text css-bqvivw\">Consumo de Energia<\/p>\n<p><span class=\"css-emfmc0\">A<\/span><\/div>\n<\/div>\n<div class=\"css-cs5a0t\">\n<div class=\"dsvia-flex css-rtcfjm\" data-testid=\"dsvia-base-div\">\n<p class=\"dsvia-text css-bqvivw\">Consumo de \u00e1gua<\/p>\n<p><span class=\"css-emfmc0\">160 (L\/C)<\/span><\/div>\n<\/div>\n<div class=\"css-cs5a0t\">\n<div class=\"dsvia-flex css-rtcfjm\" data-testid=\"dsvia-base-div\">\n<p class=\"dsvia-text css-bqvivw\">Efici\u00eancia Energ\u00e9tica<\/p>\n<p><span class=\"css-emfmc0\">A<\/span><\/div>\n<\/div>\n<div class=\"css-cs5a0t\">\n<div class=\"dsvia-flex css-rtcfjm\" data-testid=\"dsvia-base-div\">\n<p class=\"dsvia-text css-bqvivw\">Garantia<\/p>\n<p><span class=\"css-emfmc0\">12 meses<\/span><\/div>\n<\/div>\n<div class=\"css-cs5a0t\">\n<div class=\"dsvia-flex css-rtcfjm\" data-testid=\"dsvia-base-div\">\n<p class=\"dsvia-text css-bqvivw\">Cor<\/p>\n<p><span class=\"css-emfmc0\">Branco<\/span><\/div>\n<\/div>\n<div class=\"css-cs5a0t\">\n<div class=\"dsvia-flex css-rtcfjm\" data-testid=\"dsvia-base-div\">\n<p class=\"dsvia-text css-bqvivw\">Conte\u00fado da embalagem<\/p>\n<p><span class=\"css-emfmc0\">&#8211; 1 Tanquinho de Roupas Colormaq LCS10M Semiautom\u00e1tica Branca &#8211; 10kg;<br \/>\n&#8211; Manual de instru\u00e7\u00f5es;<br \/>\n&#8211; Certificado de garantia.<br \/>\n<\/span><\/div>\n<\/div>\n<div class=\"css-1h51iw\">\n<div class=\"dsvia-flex css-rtcfjm\" data-testid=\"dsvia-base-div\">\n<p class=\"dsvia-text css-bqvivw\">Entrega do Produto<\/p>\n<p><span class=\"css-emfmc0\">N\u00e3o nos responsabilizamos pelo transporte por escadas\/elevadores, guincho ou i\u00e7amento deste produto.-n\u00e3o nos responsabilizamos pela instala\u00e7\u00e3o\/montagem<\/span><\/div>\n<\/div>\n<\/div>\n<\/div>\n<\/div>\n<\/div>\n","protected":false},"excerpt":{"rendered":"<p>A Colormaq LCS10M conta com super capacidade de 10 kg, lava mais roupa em menos tempo e espa\u00e7o. Para ajudar na tarefa de deixar tudo limpo, sua lavadora possui um<\/p>\n","protected":false},"featured_media":15106,"comment_status":"open","ping_status":"closed","template":"","meta":[],"product_brand":[],"product_cat":[15],"product_tag":[],"class_list":{"0":"post-15104","1":"product","2":"type-product","3":"status-publish","4":"has-post-thumbnail","6":"product_cat-produtos","7":"product_shipping_class-pac","9":"first","10":"instock","11":"shipping-taxable","12":"purchasable","13":"product-type-simple"},"_links":{"self":[{"href":"https:\/\/ambrosioeletro.com.br\/v20\/wp-json\/wp\/v2\/product\/15104","targetHints":{"allow":["GET"]}}],"collection":[{"href":"https:\/\/ambrosioeletro.com.br\/v20\/wp-json\/wp\/v2\/product"}],"about":[{"href":"https:\/\/ambrosioeletro.com.br\/v20\/wp-json\/wp\/v2\/types\/product"}],"replies":[{"embeddable":true,"href":"https:\/\/ambrosioeletro.com.br\/v20\/wp-json\/wp\/v2\/comments?post=15104"}],"wp:featuredmedia":[{"embeddable":true,"href":"https:\/\/ambrosioeletro.com.br\/v20\/wp-json\/wp\/v2\/media\/15106"}],"wp:attachment":[{"href":"https:\/\/ambrosioeletro.com.br\/v20\/wp-json\/wp\/v2\/media?parent=15104"}],"wp:term":[{"taxonomy":"product_brand","embeddable":true,"href":"https:\/\/ambrosioeletro.com.br\/v20\/wp-json\/wp\/v2\/product_brand?post=15104"},{"taxonomy":"product_cat","embeddable":true,"href":"https:\/\/ambrosioeletro.com.br\/v20\/wp-json\/wp\/v2\/product_cat?post=15104"},{"taxonomy":"product_tag","embeddable":true,"href":"https:\/\/ambrosioeletro.com.br\/v20\/wp-json\/wp\/v2\/product_tag?post=15104"}],"curies":[{"name":"wp","href":"https:\/\/api.w.org\/{rel}","templated":true}]}}